{"id":12,"date":"2024-04-04T03:04:44","date_gmt":"2024-04-04T00:04:44","guid":{"rendered":"https:\/\/sisu.ut.ee\/elektroonika\/41-schmitti-trigeri-toopohimote\/"},"modified":"2024-04-04T03:05:54","modified_gmt":"2024-04-04T00:05:54","slug":"41-schmitti-trigeri-toopohimote","status":"publish","type":"page","link":"https:\/\/sisu.ut.ee\/elektroonika\/41-schmitti-trigeri-toopohimote\/","title":{"rendered":"4.1. Schmitti trigeri t\u00f6\u00f6p\u00f5him\u00f5te"},"content":{"rendered":"<p><span data-mce-mark=\"1\">Schmitti triger on elektroonikal\u00fclitus, mis l\u00fclitub \u00fcmber tema ainsasse sisendisse antava pinge v\u00e4\u00e4rtuse muutumisel. Teda saab kasutada t\u00e4isnurksete impulsside moodustamiseks. Selles loengus selgitatakse Schmitti trigeri t\u00f6\u00f6p\u00f5him\u00f5tet ja demonstreeritakse selle \u00fcmberl\u00fclitumist kahe voltmeetri abil.<\/span><\/p>\n<p style=\"text-align: center\"><\/p><div class=\"ratio ratio-16x9 mb-3\"><div class=\"video-placeholder-wrapper video-placeholder-wrapper--16x9\">\n\t\t\t    <div class=\"video-placeholder d-flex justify-content-center align-items-center\">\n\t\t\t        <div class=\"overlay text-white p-2 w-100 text-center d-block justify-content-center align-items-center\">\n\t\t\t            <div>Kolmandate osapoolte sisu n\u00e4gemiseks palun n\u00f5ustu k\u00fcpsistega.<\/div>\n\t\t\t            <button class=\"btn btn-secondary btn-sm mt-1 consent-change\">Muuda n\u00f5usolekut<\/button>\n\t\t\t        <\/div>\n\t\t\t    <\/div>\n\t\t\t<\/div>\n<\/div>\n<p style=\"text-align: center\"><a href=\"https:\/\/youtu.be\/zJ2hTVlcbQY\" target=\"_blank\" rel=\"noopener\"><span data-mce-mark=\"1\">https:\/\/youtu.be\/zJ2hTVlcbQY<\/span><\/a><\/p>\n\n<h5><span id=\"docs-internal-guid-c89b93f7-174f-35e5-4474-4b6ebac31f4f\" style=\"color: #ff0000\" data-mce-mark=\"1\"><img loading=\"lazy\" decoding=\"async\" width=\"40\" height=\"40\" class=\"alignnone wp-image-78\" style=\"margin-left: 10px;margin-right: 10px\" src=\"https:\/\/sisu.ut.ee\/wp-content\/uploads\/sites\/189\/tahtis.png\" title=\"tahtis.png\" alt=\"tahtis.png\"><\/span><span id=\"docs-internal-guid-c89b93f7-174f-35e5-4474-4b6ebac31f4f\" data-mce-mark=\"1\">J\u00e4ta meelde!\u00a0<\/span><\/h5>\n<p><strong>Meie kursusel kasutatakse inverteeritud Schmitti trigereid.<\/strong><\/p>\n\n<h5><img loading=\"lazy\" decoding=\"async\" width=\"40\" height=\"40\" class=\"alignnone wp-image-77\" style=\"margin-left: 10px;margin-right: 10px\" src=\"https:\/\/sisu.ut.ee\/wp-content\/uploads\/sites\/189\/motle.png\" title=\"motle.png\" alt=\"motle.png\">\u00a0M\u00f5tle kaasa!<\/h5>\n<p>Kas allj\u00e4rgnevad v\u00e4ited on \u00f5iged v\u00f5i valed?<\/p>\n<ol>\n<li>Schmitti trigeri v\u00e4ljundis tekib kolmnurkpinge.<\/li>\n<li>Elektroonilise l\u00fcliti v\u00e4ljundis tekib siinuspinge.<\/li>\n<li>Pinge inverteeritud Schmitti trigeri v\u00e4ljundis v\u00f5ib omada kahte v\u00e4\u00e4rtust.<\/li>\n<li>Pinge Schmitti trigeri v\u00e4ljundis on t\u00e4pselt pool toitepinget.<\/li>\n<li>Madal pinge Schmitti trigeri v\u00e4ljundis n\u00e4itab seda, et tema sisendpinge on muutunud teatud v\u00e4\u00e4rtusest k\u00f5rgemaks.<\/li>\n<li>Madal pinge inverteeritud Schmitti trigeri v\u00e4ljundis n\u00e4itab seda, et tema sisendpinge on muutunud teatud v\u00e4\u00e4rtusest k\u00f5rgemaks.<\/li>\n<li>Kui inverteeritud Schmitti trigeri sisendis on ristk\u00fcliksignaal, siis tema v\u00e4ljundis on ristk\u00fcliksignaal.<\/li>\n<li>Kui inverteeritud Schmitti trigeri sisendis on konstantse perioodiga ristk\u00fcliksignaal, siis tema v\u00e4ljundis on kaks korda l\u00fchema perioodiga ristk\u00fcliksignaal.<\/li>\n<li>Kui Schmitti trigeri toide v\u00e4lja l\u00fclitada, siis tema v\u00e4ljundis on pinge 9V.<\/li>\n<li>Schmitti trigeri toite sissel\u00fclitamisel on tema v\u00e4ljundis emb-kumb \u2013 kas madal pinge v\u00f5i k\u00f5rge pinge.<\/li>\n<\/ol>\n<p><\/p><div class=\"accordion mb-3\">\n        <div class=\"accordion-item accordion-item--white\">\n        <h2 class=\"accordion-header\" id=\"accordion-69dbfe4fd8092-heading\">\n            <button class=\"accordion-button collapsed\" type=\"button\" data-bs-toggle=\"collapse\" data-bs-target=\"#accordion-69dbfe4fd8092-collapse\" aria-expanded=\"true\" aria-controls=\"accordion-69dbfe4fd8092-collapse\">Vastus<\/button>\n        <\/h2>\n        <div id=\"accordion-69dbfe4fd8092-collapse\" class=\"accordion-collapse collapse\" aria-labelledby=\"accordion-69dbfe4fd8092-heading\">\n            <div class=\"accordion-body\">\n<ol>\n<li>Schmitti trigeri v\u00e4ljundis tekib kolmnurkpinge. <span style=\"color: #ff0000\"><strong>VALE<\/strong><\/span><\/li>\n<li>Elektroonilise l\u00fcliti v\u00e4ljundis tekib siinuspinge.\u00a0<strong><span style=\"color: #ff0000\">VALE<\/span><\/strong><\/li>\n<li>Pinge inverteeritud Schmitti trigeri v\u00e4ljundis v\u00f5ib omada kahte v\u00e4\u00e4rtust. <strong><span style=\"color: #008000\">\u00d5IGE<\/span><\/strong><\/li>\n<li>Pinge Schmitti trigeri v\u00e4ljundis on t\u00e4pselt pool toitepinget.\u00a0<strong><span style=\"color: #ff0000\">VALE<\/span><\/strong><\/li>\n<li>Madal pinge Schmitti trigeri v\u00e4ljundis n\u00e4itab seda, et tema sisendpinge on muutunud teatud v\u00e4\u00e4rtusest k\u00f5rgemaks.\u00a0<span style=\"color: #ff0000\"><strong>VALE<\/strong><\/span><\/li>\n<li>Madal pinge inverteeritud Schmitti trigeri v\u00e4ljundis n\u00e4itab seda, et tema sisendpinge on muutunud teatud v\u00e4\u00e4rtusest k\u00f5rgemaks.\u00a0<strong><span style=\"color: #008000\">\u00d5IGE<\/span><\/strong><\/li>\n<li>Kui inverteeritud Schmitti trigeri sisendis on ristk\u00fcliksignaal, siis tema v\u00e4ljundis on ristk\u00fcliksignaal.\u00a0<strong><span style=\"color: #008000\">\u00d5IGE<\/span><\/strong><\/li>\n<li>Kui inverteeritud Schmitti trigeri sisendis on konstantse perioodiga ristk\u00fcliksignaal, siis tema v\u00e4ljundis on kaks korda l\u00fchema perioodiga ristk\u00fcliksignaal.\u00a0<strong><span style=\"color: #ff0000\">VALE<\/span><\/strong><\/li>\n<li>Kui Schmitti trigeri toide v\u00e4lja l\u00fclitada, siis tema v\u00e4ljundis on pinge 9V.\u00a0<strong><span style=\"color: #ff0000\">VALE<\/span><\/strong><\/li>\n<li>Schmitti trigeri toite sissel\u00fclitamisel on tema v\u00e4ljundis emb-kumb \u2013 kas madal pinge v\u00f5i k\u00f5rge pinge.\u00a0<strong><span style=\"color: #008000\">\u00d5IGE<\/span><\/strong><\/li>\n<\/ol>\n<p><\/p><\/div>\n        <\/div>\n        <\/div>\n    <\/div>\n","protected":false},"excerpt":{"rendered":"<p>Schmitti triger on elektroonikal\u00fclitus, mis l\u00fclitub \u00fcmber tema ainsasse sisendisse antava pinge v\u00e4\u00e4rtuse muutumisel. Teda saab kasutada t\u00e4isnurksete impulsside moodustamiseks. Selles loengus selgitatakse Schmitti trigeri t\u00f6\u00f6p\u00f5him\u00f5tet ja demonstreeritakse selle \u00fcmberl\u00fclitumist kahe voltmeetri abil. Kolmandate osapoolte sisu n\u00e4gemiseks palun n\u00f5ustu k\u00fcpsistega. &#8230;<\/p>\n","protected":false},"author":93,"featured_media":0,"parent":0,"menu_order":0,"comment_status":"closed","ping_status":"closed","template":"","meta":{"_acf_changed":false,"inline_featured_image":false,"footnotes":""},"class_list":["post-12","page","type-page","status-publish","hentry"],"acf":[],"_links":{"self":[{"href":"https:\/\/sisu.ut.ee\/elektroonika\/wp-json\/wp\/v2\/pages\/12","targetHints":{"allow":["GET"]}}],"collection":[{"href":"https:\/\/sisu.ut.ee\/elektroonika\/wp-json\/wp\/v2\/pages"}],"about":[{"href":"https:\/\/sisu.ut.ee\/elektroonika\/wp-json\/wp\/v2\/types\/page"}],"author":[{"embeddable":true,"href":"https:\/\/sisu.ut.ee\/elektroonika\/wp-json\/wp\/v2\/users\/93"}],"replies":[{"embeddable":true,"href":"https:\/\/sisu.ut.ee\/elektroonika\/wp-json\/wp\/v2\/comments?post=12"}],"version-history":[{"count":1,"href":"https:\/\/sisu.ut.ee\/elektroonika\/wp-json\/wp\/v2\/pages\/12\/revisions"}],"predecessor-version":[{"id":267,"href":"https:\/\/sisu.ut.ee\/elektroonika\/wp-json\/wp\/v2\/pages\/12\/revisions\/267"}],"wp:attachment":[{"href":"https:\/\/sisu.ut.ee\/elektroonika\/wp-json\/wp\/v2\/media?parent=12"}],"curies":[{"name":"wp","href":"https:\/\/api.w.org\/{rel}","templated":true}]}}