{"id":9,"date":"2024-04-04T07:15:21","date_gmt":"2024-04-04T04:15:21","guid":{"rendered":"https:\/\/sisu.ut.ee\/efak\/efak-20202021\/"},"modified":"2024-05-13T11:02:52","modified_gmt":"2024-05-13T08:02:52","slug":"efak-20202021","status":"publish","type":"page","link":"https:\/\/sisu.ut.ee\/efak\/efak-20202021\/","title":{"rendered":"EFAK XVI (2020\/2021)"},"content":{"rendered":"<p style=\"text-align:center\">\n\t\u00a0\n<\/p>\n<p style=\"text-align:center\">\n\t\u00a0\n<\/p>\n<p style=\"text-align:center\">\n\t\u00a0\n<\/p>\n<p style=\"text-align:center\">\n\tEESTI FILOSOOFIA AASTAKONVERENTS\n<\/p>\n<p style=\"margin-top:0px;margin-bottom:0px;text-align:center\" align=\"center\">\n\t23-24 SEPTEMBER 2021\n<\/p>\n<p style=\"margin-top:0px;margin-bottom:0px;text-align:center\" align=\"center\">\n\tTARTU \u00dcLIKOOL\n<\/p>\n<p style=\"margin-top:0px;margin-bottom:0px;text-align:center\" align=\"center\">\n\t\u00a0\n<\/p>\n<p style=\"margin-top:0px;margin-bottom:0px\">\n\tPeaesineja:\u00a0\n<\/p>\n<ul>\n<li style=\"margin-top:0px;margin-bottom:0px\">\n\t\tPeter Singer (Princetoni \u00dclikool, <i>via <\/i>Zoom)\n\t<\/li>\n<\/ul>\n<p style=\"margin-top:0px;margin-bottom:0px\">\n\tTartu \u00dclikooli filosoofia osakond korraldab 23-24. septembril Tartus j\u00e4rjekorras kuueteistk\u00fcmnenda Eesti filosoofia aastakonverentsi.\n<\/p>\n<p style=\"margin-top:0px;margin-bottom:0px\">\n\tKonverentsi\u00a0peaesineja on\u00a0 Princetoni \u00fclikooli filosoofiaprofessor Peter Singer. Seoses Singeri m\u00f5juka raamatu \u201cLoomade vabastamine\u201d ilmumisega eesti keeles on \u00fchel konverentsi p\u00e4eval kavas Singeri tunniajane esinemine formaadis \u201cIn Conversation with Peter Singer\u201d, mille raames ta vastab ka kuulajate k\u00fcsimustele.\n<\/p>\n<p style=\"margin-top:0px;margin-bottom:0px\">\n\t\u00a0\n<\/p>\n<p style=\"margin-top:0px;margin-bottom:0px\">\n\tKonverentsile ootame abstrakte erinevatel filosoofia teemadel (nii eesti kui inglise keeles) ja ettepanekuid s\u00fcmpoosioniteks filosoofia p\u00e4evakajalistel teemadel. Abstraktide pikkuseks on 200-300 s\u00f5na, juurde tuleb m\u00e4rkida ka autori nimi ja seotud organisatsioon. S\u00fcmpoosioni ettepanekute juurde palume lisada osalejate nimed. T\u00e4htaeg on <strong>15.august (k.a.) 2021<\/strong> ning esitada tuleks need elektrooniliselt<strong> <a href=\"mailto:efak@ut.ee\">efak@ut.ee<\/a><\/strong>.\n<\/p>\n<p style=\"margin-top:0px;margin-bottom:0px\">\n\t\u00a0\n<\/p>\n<p style=\"margin-top:0px;margin-bottom:0px\">\n\tLoodame konverentsi korraldada koha peal, vajadusel v\u00f5imalik ka ettekanded distantsilt.\n<\/p>\n<p style=\"margin-top:0px;margin-bottom:0px\">\n\t\u00a0\n<\/p>\n<p style=\"margin-top:0px;margin-bottom:0px\">\n\tKonverentsi korraldab: <a href=\"https:\/\/www.flfi.ut.ee\/et\/filosoofia-osakond\" target=\"_blank\" title=\"\" rel=\"noopener\">Tartu \u00dclikooli filosoofia osakond<\/a>\n<\/p>\n<p style=\"margin-top:0px;margin-bottom:0px\">\n\t\u00a0\n<\/p>\n<hr>\n<p style=\"text-align:center\" align=\"center\">\n\tESTONIAN ANNUAL PHILOSOPHY CONFERENCE 2021\n<\/p>\n<p style=\"text-align:center\" align=\"center\">\n\t23-24 SEPTEMBER 2021\n<\/p>\n<p style=\"text-align:center\" align=\"center\">\n\tUNIVERSITY OF TARTU\n<\/p>\n<p>\n\tKeynote speaker:\n<\/p>\n<ul>\n<li>\n\t\tPeter Singer (Princeton University, <em>via Zoom<\/em>)\n\t<\/li>\n<\/ul>\n<p>\n\tThe Philosophy Department of the University of Tartu organizes the 16th edition of the Estonian Annual Philosophy Conference. Our keynote guest is Peter Singer to mark the imminent publication of the Estonian translation of <i>Animal Liberation<\/i> (1975) \u2013 the book that placed animal ethics at the center of professional philosophy as well as proving immensely influential outside academia. Kadri Simm (Associate Professor of Practical Philosophy, University of Tartu) will join Peter Singer in a conversation<span>, during which he will also answer the audience\u2019s questions. \u00a0<\/span>\n<\/p>\n<p>\n\tWe invite the submission of abstracts on any topic in philosophy (whether or not related to Singer\u2019s work), in Estonian or in English. We also welcome proposals for symposia on a common theme or on a recently published book. Please send an abstract or a symposium proposal of 200 to 300 words to: <strong><a href=\"mailto:efak@ut.ee\">efak@ut.ee<\/a>.<\/strong> The abstract must include author\u2019s name and affiliation. A symposium proposal must also include names of participants. <b>Submission deadline: August 15th, 2021<\/b>\n<\/p>\n<p>\n\tThe conference will be held physically on the premises of the University of Tartu, but we will be able to accommodate contributors who prefer to present remotely.\n<\/p>\n<p>\n\tConference organizer: <a href=\"https:\/\/efak.ut.ee\/efak\/\" target=\"_blank\" title=\"https:\/\/www.flfi.ut.ee\/en\/department-philosophy\" rel=\"noopener\">Department of Philosophy, University of Tartu<\/a><\/p>\n","protected":false},"excerpt":{"rendered":"<p>\u00a0 \u00a0 \u00a0 EESTI FILOSOOFIA AASTAKONVERENTS 23-24 SEPTEMBER 2021 TARTU \u00dcLIKOOL \u00a0 Peaesineja:\u00a0 Peter Singer (Princetoni \u00dclikool, via Zoom) Tartu \u00dclikooli filosoofia osakond korraldab 23-24. septembril Tartus j\u00e4rjekorras kuueteistk\u00fcmnenda Eesti filosoofia aastakonverentsi. Konverentsi\u00a0peaesineja on\u00a0 Princetoni \u00fclikooli filosoofiaprofessor Peter Singer. Seoses &#8230;<\/p>\n","protected":false},"author":352,"featured_media":0,"parent":0,"menu_order":0,"comment_status":"closed","ping_status":"closed","template":"","meta":{"_acf_changed":false,"inline_featured_image":false,"footnotes":""},"class_list":["post-9","page","type-page","status-publish","hentry"],"acf":[],"_links":{"self":[{"href":"https:\/\/sisu.ut.ee\/efak\/wp-json\/wp\/v2\/pages\/9","targetHints":{"allow":["GET"]}}],"collection":[{"href":"https:\/\/sisu.ut.ee\/efak\/wp-json\/wp\/v2\/pages"}],"about":[{"href":"https:\/\/sisu.ut.ee\/efak\/wp-json\/wp\/v2\/types\/page"}],"author":[{"embeddable":true,"href":"https:\/\/sisu.ut.ee\/efak\/wp-json\/wp\/v2\/users\/352"}],"replies":[{"embeddable":true,"href":"https:\/\/sisu.ut.ee\/efak\/wp-json\/wp\/v2\/comments?post=9"}],"version-history":[{"count":1,"href":"https:\/\/sisu.ut.ee\/efak\/wp-json\/wp\/v2\/pages\/9\/revisions"}],"predecessor-version":[{"id":35,"href":"https:\/\/sisu.ut.ee\/efak\/wp-json\/wp\/v2\/pages\/9\/revisions\/35"}],"wp:attachment":[{"href":"https:\/\/sisu.ut.ee\/efak\/wp-json\/wp\/v2\/media?parent=9"}],"curies":[{"name":"wp","href":"https:\/\/api.w.org\/{rel}","templated":true}]}}