{"id":7,"date":"2024-04-04T07:15:21","date_gmt":"2024-04-04T04:15:21","guid":{"rendered":"https:\/\/sisu.ut.ee\/efak\/efak-iv-2008\/"},"modified":"2024-05-13T11:01:42","modified_gmt":"2024-05-13T08:01:42","slug":"efak-iv-2008","status":"publish","type":"page","link":"https:\/\/sisu.ut.ee\/efak\/efak-iv-2008\/","title":{"rendered":"EFAK IV (2008)"},"content":{"rendered":"<p>\n\tTartu \u00dclikooli filosoofia ja semiootika instituut\/eetikakeskus \u2013 \u201cEesti filosoofia juured, v\u00f5rsed ja \u00f5ied\u201d (5.\u20137. juuni, Tartu)\n<\/p>\n<hr>\n<p>\n\tEesti filosoofia aastakonverents 2008 toimus 5.-7. juuni Tartus. Konverentsi seekordne korraldaja oli Tartu \u00dclikooli Filosoofia ja semiootika instituut ning eetikakeskus. Kolmep\u00e4evase konverentsi teemaks oli \u201eEesti filosoofia juured, v\u00f5rsed ja \u00f5ied\u201d. Konverentsi k\u00e4igus heideti pilk nii kaugemasse kui l\u00e4hemasse ajalukku. Selleks et osataks minna edasi peab esmalt teadma kust tullakse ning neid filosoofilisi l\u00e4tteid antud konverents l\u00e4hemalt uuriski.\n<\/p>\n<p>\n\tEsmakordselt oli Eesti filosoofia aastakonverents kolmep\u00e4evane, millest esimene p\u00e4ev oli rahvusvaheline ning inglisekeelne ning kus esinesid mitmed v\u00e4lisk\u00fclalised. Aastakonverentsi korraldajad: T\u00dc filosoofia ja semiootika instituut, T\u00dc eetikakeskus. Konverentsi toetajad: T\u00dc keeleteaduse- ja tehnoloogia doktorikool, Tartu \u00dclikool\n<\/p>\n<p>\n\tEttekanded avaldati eelretsenseeritult ajakirja <em>Studia Philosophica Estonica<\/em> numbrites <a href=\"http:\/\/www.spe.ut.ee\/ojs-2.2.2\/index.php\/spe\/issue\/view\/4\" target=\"_blank\" rel=\"noopener\">1.3<\/a> ja <a href=\"http:\/\/www.spe.ut.ee\/ojs-2.2.2\/index.php\/spe\/issue\/view\/6\" target=\"_blank\" rel=\"noopener\">2.1<\/a>.\n<\/p>\n<hr>\n<p>Ettekannete abstraktid on saadavad filosoofia ja semiootika instituudi kodulehel https:\/\/www.flfi.ut.ee\/et\/2008<\/p>\n","protected":false},"excerpt":{"rendered":"<p>Tartu \u00dclikooli filosoofia ja semiootika instituut\/eetikakeskus \u2013 \u201cEesti filosoofia juured, v\u00f5rsed ja \u00f5ied\u201d (5.\u20137. juuni, Tartu) Eesti filosoofia aastakonverents 2008 toimus 5.-7. juuni Tartus. Konverentsi seekordne korraldaja oli Tartu \u00dclikooli Filosoofia ja semiootika instituut ning eetikakeskus. Kolmep\u00e4evase konverentsi teemaks oli &#8230;<\/p>\n","protected":false},"author":352,"featured_media":0,"parent":0,"menu_order":0,"comment_status":"closed","ping_status":"closed","template":"","meta":{"_acf_changed":false,"inline_featured_image":false,"footnotes":""},"class_list":["post-7","page","type-page","status-publish","hentry"],"acf":[],"_links":{"self":[{"href":"https:\/\/sisu.ut.ee\/efak\/wp-json\/wp\/v2\/pages\/7","targetHints":{"allow":["GET"]}}],"collection":[{"href":"https:\/\/sisu.ut.ee\/efak\/wp-json\/wp\/v2\/pages"}],"about":[{"href":"https:\/\/sisu.ut.ee\/efak\/wp-json\/wp\/v2\/types\/page"}],"author":[{"embeddable":true,"href":"https:\/\/sisu.ut.ee\/efak\/wp-json\/wp\/v2\/users\/352"}],"replies":[{"embeddable":true,"href":"https:\/\/sisu.ut.ee\/efak\/wp-json\/wp\/v2\/comments?post=7"}],"version-history":[{"count":1,"href":"https:\/\/sisu.ut.ee\/efak\/wp-json\/wp\/v2\/pages\/7\/revisions"}],"predecessor-version":[{"id":37,"href":"https:\/\/sisu.ut.ee\/efak\/wp-json\/wp\/v2\/pages\/7\/revisions\/37"}],"wp:attachment":[{"href":"https:\/\/sisu.ut.ee\/efak\/wp-json\/wp\/v2\/media?parent=7"}],"curies":[{"name":"wp","href":"https:\/\/api.w.org\/{rel}","templated":true}]}}