{"id":5,"date":"2024-04-04T07:15:21","date_gmt":"2024-04-04T04:15:21","guid":{"rendered":"https:\/\/sisu.ut.ee\/efak\/efak-x-2014\/"},"modified":"2024-05-13T11:02:03","modified_gmt":"2024-05-13T08:02:03","slug":"efak-x-2014","status":"publish","type":"page","link":"https:\/\/sisu.ut.ee\/efak\/efak-x-2014\/","title":{"rendered":"EFAK X (2014)"},"content":{"rendered":"<p>\n\t\u201cLahkarvamused\u201d (25.\u201327. september 2014, Tartu)\n<\/p>\n<div class=\"grid-9 region region-content equal-height-element\" id=\"region-content\">\n<div class=\"region-inner region-content-inner\">\n<div class=\"block block-system block-main block-system-main odd block-without-title\" id=\"block-system-main\">\n<div class=\"block-inner clearfix\">\n<div class=\"content clearfix\">\n<div class=\"ds-1col node node-page view-mode-full clearfix \">\n<div class=\"field field-name-body field-type-text-with-summary field-label-hidden\">\n<div class=\"field-items\">\n<div class=\"field-item even\">\n<p>\n\t\t\t\t\t\t\t\t\t\t<strong>K\u00fcmnes Eesti filosoofia aastakonverents (EFAK X) toimub 25-27 septembril 2014 Tartus. Konverentsi korraldab Tartu \u00dclikooli Filosoofia ja semiootika instituut. Selle aasta teemaks on \u201cLahkarvamused\u201d.<\/strong>\n\t\t\t\t\t\t\t\t\t<\/p>\n<p>\t\t\t\t\t\t\t\t\tInimeste arvamused \u00fchtivad ja lahknevad paljudes k\u00fcsimustes: mis meie \u00fcmber toimub, mida tuleks teha, maitse-eelistustes, ja \u00fcldisemates k\u00fcsimustes nagu maailmavaade, v\u00e4\u00e4rtused, poliitika, teooriad jne. Lahkarvamused v\u00f5ivad arengule kaasa aidata, n\u00e4iteks kui advokaadid vaidlevad kohtus kuriteo koosseisu \u00fcle, v\u00f5i kui teadlased arutavad p\u00f5hjalikult l\u00e4bi uurimistulemuste v\u00f5imalikud t\u00f5lgendused. Lahkarvamused teiste inimestega v\u00f5imaldavad meil selgemalt n\u00e4ha, mida me peaksime uskuma. Kuid lahkarvamused v\u00f5ivad ka segadust tekitada. M\u00f5ned t\u00f5elised lahkarvamused v\u00f5ivad olla p\u00f5him\u00f5tteliselt lahendamatud \u2013 nii arvatakse vahel religioossete ja moraalsete vaidluste kohta. Lahkarvamus v\u00f5ib osutuda ka pelgalt verbaalseks vaidluseks, mis kuhugi ei vii ega olegi t\u00f5eline lahkarvamus. Lahkarvamusi saab lahendada \u00f5iglaselt v\u00f5i eba\u00f5iglaselt (n\u00e4iteks vandekohtu kallutatuse korral). K\u00fcsimused lahkarvamuste loomusest, j\u00e4reldused nende v\u00f5imalikust objektiivsusest ja sellest, kuidas tuleks lahkarvamustele ratsionaalselt reageerida on parajasti semantikas, metaf\u00fc\u00fcsikas, epistemoloogias, ja eetikas kesksed teemad, mis tekitavad tuliseid vaidlusi. Nendele k\u00fcsimustele keskendub ka t\u00e4navune EFAK.<\/p>\n<p>\n\t\t\t\t\t\t\t\t\t\tKutsutud esinejad:<br>prof. <strong>Esa Diaz Leon<\/strong> (Manitoba \u00fclikool \/ Barcelona \u00fclikool);<br>prof. <strong>Christopher Gauker<\/strong> (Salzburgi \u00fclikool).\n\t\t\t\t\t\t\t\t\t<\/p>\n<p>\n\t\t\t\t\t\t\t\t\t\tAkadeemiline Komisjon:<br>Vivian Bohl<br>Alex Davies<br>Toomas Lott<br>Francesco Orsi<br>Edit Talpsepp<br>Kristi L\u00f5uk<br>Ave Mets\n\t\t\t\t\t\t\t\t\t<\/p>\n<p>\n\t\t\t\t\t\t\t\t\t\tKorraldajad:<br>Daniel Cohnitz<br>Triin Paaver\n\t\t\t\t\t\t\t\t\t<\/p>\n<\/div>\n<\/div>\n<\/div>\n<\/div>\n<\/div>\n<\/div>\n<\/div>\n<\/div>\n<\/div>\n<hr>\n<p>\n\tKonverentsiinfo: https:\/\/www.flfi.ut.ee\/et\/efak-x-lahkarvamused<\/p>\n","protected":false},"excerpt":{"rendered":"<p>\u201cLahkarvamused\u201d (25.\u201327. september 2014, Tartu) K\u00fcmnes Eesti filosoofia aastakonverents (EFAK X) toimub 25-27 septembril 2014 Tartus. Konverentsi korraldab Tartu \u00dclikooli Filosoofia ja semiootika instituut. Selle aasta teemaks on \u201cLahkarvamused\u201d. Inimeste arvamused \u00fchtivad ja lahknevad paljudes k\u00fcsimustes: mis meie \u00fcmber toimub, &#8230;<\/p>\n","protected":false},"author":352,"featured_media":0,"parent":0,"menu_order":0,"comment_status":"closed","ping_status":"closed","template":"","meta":{"_acf_changed":false,"inline_featured_image":false,"footnotes":""},"class_list":["post-5","page","type-page","status-publish","hentry"],"acf":[],"_links":{"self":[{"href":"https:\/\/sisu.ut.ee\/efak\/wp-json\/wp\/v2\/pages\/5","targetHints":{"allow":["GET"]}}],"collection":[{"href":"https:\/\/sisu.ut.ee\/efak\/wp-json\/wp\/v2\/pages"}],"about":[{"href":"https:\/\/sisu.ut.ee\/efak\/wp-json\/wp\/v2\/types\/page"}],"author":[{"embeddable":true,"href":"https:\/\/sisu.ut.ee\/efak\/wp-json\/wp\/v2\/users\/352"}],"replies":[{"embeddable":true,"href":"https:\/\/sisu.ut.ee\/efak\/wp-json\/wp\/v2\/comments?post=5"}],"version-history":[{"count":1,"href":"https:\/\/sisu.ut.ee\/efak\/wp-json\/wp\/v2\/pages\/5\/revisions"}],"predecessor-version":[{"id":39,"href":"https:\/\/sisu.ut.ee\/efak\/wp-json\/wp\/v2\/pages\/5\/revisions\/39"}],"wp:attachment":[{"href":"https:\/\/sisu.ut.ee\/efak\/wp-json\/wp\/v2\/media?parent=5"}],"curies":[{"name":"wp","href":"https:\/\/api.w.org\/{rel}","templated":true}]}}