{"id":47,"date":"2024-05-13T10:25:56","date_gmt":"2024-05-13T07:25:56","guid":{"rendered":"https:\/\/sisu.ut.ee\/efak\/?page_id=47"},"modified":"2024-08-29T08:47:15","modified_gmt":"2024-08-29T05:47:15","slug":"efak-xix-2024","status":"publish","type":"page","link":"https:\/\/sisu.ut.ee\/efak\/efak-xix-2024\/","title":{"rendered":"EFAK XIX (2024)"},"content":{"rendered":"<p><\/p>\n\n\n\n<h2 class=\"wp-block-heading\"><\/h2>\n\n\n\n<p><strong>EFAK XIX, Eesti filosoofia aastakonverents \u2013 Tartu (Jakobi 2)<\/strong><\/p>\n\n\n\n<p><a href=\"https:\/\/forms.office.com\/e\/YWPPSBnX8S\" data-type=\"link\" data-id=\"https:\/\/forms.office.com\/e\/YWPPSBnX8S\">Registreerimine konverentsile \/ Registration<\/a><\/p>\n\n\n\n<p>Programm (EST)<\/p>\n\n\n\n<div data-wp-interactive=\"core\/file\" class=\"wp-block-file\"><object data-wp-bind--hidden=\"!state.hasPdfPreview\" hidden class=\"wp-block-file__embed\" data=\"https:\/\/sisu.ut.ee\/wp-content\/uploads\/sites\/496\/EFAK-XIX-2024_EST-1-1.pdf\" type=\"application\/pdf\" style=\"width:100%;height:600px\" aria-label=\"Lisa EFAK XIX 2024_EST (1).\"><\/object><a id=\"wp-block-file--media-4b0856cb-4c9e-4521-9c11-b747cd58d519\" href=\"https:\/\/sisu.ut.ee\/wp-content\/uploads\/sites\/496\/EFAK-XIX-2024_EST-1-1.pdf\">EFAK XIX 2024_EST (1)<\/a><a href=\"https:\/\/sisu.ut.ee\/wp-content\/uploads\/sites\/496\/EFAK-XIX-2024_EST-1-1.pdf\" class=\"wp-block-file__button wp-element-button\" download aria-describedby=\"wp-block-file--media-4b0856cb-4c9e-4521-9c11-b747cd58d519\">Laadi alla<\/a><\/div>\n\n\n\n<hr class=\"wp-block-separator has-alpha-channel-opacity\">\n\n\n\n<p>Program (ENG)<\/p>\n\n\n\n<div data-wp-interactive=\"core\/file\" class=\"wp-block-file\"><object data-wp-bind--hidden=\"!state.hasPdfPreview\" hidden class=\"wp-block-file__embed\" data=\"https:\/\/sisu.ut.ee\/wp-content\/uploads\/sites\/496\/EFAK-XIX-2024_ENG-1-1.pdf\" type=\"application\/pdf\" style=\"width:100%;height:600px\" aria-label=\"Lisa EFAK XIX 2024_ENG (1).\"><\/object><a id=\"wp-block-file--media-4a362909-a9fc-4091-8956-056decb018cb\" href=\"https:\/\/sisu.ut.ee\/wp-content\/uploads\/sites\/496\/EFAK-XIX-2024_ENG-1-1.pdf\">EFAK XIX 2024_ENG (1)<\/a><a href=\"https:\/\/sisu.ut.ee\/wp-content\/uploads\/sites\/496\/EFAK-XIX-2024_ENG-1-1.pdf\" class=\"wp-block-file__button wp-element-button\" download aria-describedby=\"wp-block-file--media-4a362909-a9fc-4091-8956-056decb018cb\">Laadi alla<\/a><\/div>\n\n\n\n<hr class=\"wp-block-separator has-alpha-channel-opacity\">\n\n\n\n<p>Teeside kogu\/Book of Abstracts\u00a0<\/p>\n\n\n\n<div data-wp-interactive=\"core\/file\" class=\"wp-block-file\"><object data-wp-bind--hidden=\"!state.hasPdfPreview\" hidden class=\"wp-block-file__embed\" data=\"https:\/\/sisu.ut.ee\/wp-content\/uploads\/sites\/496\/EFAK-Teeside-kogu_Book-of-Abstracts-2024.pdf\" type=\"application\/pdf\" style=\"width:100%;height:600px\" aria-label=\"Lisa EFAK Teeside kogu_Book of Abstracts 2024.\"><\/object><a id=\"wp-block-file--media-cd4aa755-5ebf-4393-a8d2-ef03728f8fab\" href=\"https:\/\/sisu.ut.ee\/wp-content\/uploads\/sites\/496\/EFAK-Teeside-kogu_Book-of-Abstracts-2024.pdf\">EFAK Teeside kogu_Book of Abstracts 2024<\/a><a href=\"https:\/\/sisu.ut.ee\/wp-content\/uploads\/sites\/496\/EFAK-Teeside-kogu_Book-of-Abstracts-2024.pdf\" class=\"wp-block-file__button wp-element-button\" download aria-describedby=\"wp-block-file--media-cd4aa755-5ebf-4393-a8d2-ef03728f8fab\">Laadi alla<\/a><\/div>\n\n\n\n<hr class=\"wp-block-separator has-alpha-channel-opacity\">\n\n\n\n<p>Tartu \u00dclikooli filosoofia osakond korraldab 29.-30. augustil Tartus j\u00e4rjekorras \u00fcheksateistk\u00fcmnenda Eesti filosoofia aastakonverentsi.<\/p>\n\n\n\n<p>Konverentsi peaesinejad on <a href=\"https:\/\/www.uu.se\/en\/contact-and-organisation\/staff?query=N7-1000\">Pauliina Remes<\/a> (Uppsala \u00dclikool) ja <a href=\"http:\/\/www.dranseika.lt\/\">Vilius Dranseika<\/a> (Jagie\u0142\u0142o \u00dclikool).<\/p>\n\n\n\n<p>Konverentsile on oodatud ettekannete res\u00fcmeed erinevatel filosoofia teemadel (nii eesti kui inglise keeles) ja ettepanekuid s\u00fcmpoosionideks filosoofia p\u00e4evakajalistel teemadel. Res\u00fcmeede pikkuseks on kuni 250 s\u00f5na, juurde tuleb m\u00e4rkida ka autori nimi ja seotud asutus. S\u00fcmpoosioni ettepanekute (500 s\u00f5na) juurde palume lisada osalejate nimed. T\u00e4htaeg on <strong>10. juuni 2024<\/strong> ja need tuleks saata aadressil <a href=\"mailto:efak@ut.ee\"><strong>efak@ut.ee<\/strong><\/a>.<\/p>\n\n\n\n<p>Konverentsi koduleht: <a href=\"https:\/\/efak.ut.ee\/\">https:\/\/efak.ut.ee\/<\/a><\/p>\n\n\n\n<p><strong><em>19th Estonian Annual Philosophy Conference \u2013 Tartu (Jakobi Street 2)<\/em><\/strong><\/p>\n\n\n\n<p><em>The Philosophy Department of the University of Tartu organizes the 19th Estonian Annual Philosophy Conference.<\/em><\/p>\n\n\n\n<p><em>Our keynote speakers are <a href=\"https:\/\/www.uu.se\/en\/contact-and-organisation\/staff?query=N7-1000\">Pauliina Remes<\/a> (Uppsala University) and <a href=\"http:\/\/www.dranseika.lt\/\">Vilius Dranseika<\/a> (Jagiellonian University).<\/em><\/p>\n\n\n\n<p><em>We invite the submission of abstracts on any topic in philosophy, in Estonian or in English. We also welcome proposals for symposia on currently actual topics. Please send an abstract (up to 250 words) or a symposium proposal (up to 500 words) to: <a href=\"mailto:efak@ut.ee\"><strong>efak@ut.ee<\/strong><\/a><strong>.<\/strong> The abstract must include author\u2019s name and affiliation. A symposium proposal must also include names of participants. <strong>Submission deadline: June 10, 2024<\/strong><\/em><\/p>\n","protected":false},"excerpt":{"rendered":"<p>EFAK XIX, Eesti filosoofia aastakonverents \u2013 Tartu (Jakobi 2) Registreerimine konverentsile \/ Registration Programm (EST) Program (ENG) Teeside kogu\/Book of Abstracts\u00a0 Tartu \u00dclikooli filosoofia osakond korraldab 29.-30. augustil Tartus j\u00e4rjekorras \u00fcheksateistk\u00fcmnenda Eesti filosoofia aastakonverentsi. Konverentsi peaesinejad on Pauliina Remes (Uppsala &#8230;<\/p>\n","protected":false},"author":352,"featured_media":0,"parent":0,"menu_order":0,"comment_status":"closed","ping_status":"closed","template":"","meta":{"_acf_changed":false,"inline_featured_image":false,"footnotes":""},"class_list":["post-47","page","type-page","status-publish","hentry"],"acf":[],"_links":{"self":[{"href":"https:\/\/sisu.ut.ee\/efak\/wp-json\/wp\/v2\/pages\/47","targetHints":{"allow":["GET"]}}],"collection":[{"href":"https:\/\/sisu.ut.ee\/efak\/wp-json\/wp\/v2\/pages"}],"about":[{"href":"https:\/\/sisu.ut.ee\/efak\/wp-json\/wp\/v2\/types\/page"}],"author":[{"embeddable":true,"href":"https:\/\/sisu.ut.ee\/efak\/wp-json\/wp\/v2\/users\/352"}],"replies":[{"embeddable":true,"href":"https:\/\/sisu.ut.ee\/efak\/wp-json\/wp\/v2\/comments?post=47"}],"version-history":[{"count":14,"href":"https:\/\/sisu.ut.ee\/efak\/wp-json\/wp\/v2\/pages\/47\/revisions"}],"predecessor-version":[{"id":103,"href":"https:\/\/sisu.ut.ee\/efak\/wp-json\/wp\/v2\/pages\/47\/revisions\/103"}],"wp:attachment":[{"href":"https:\/\/sisu.ut.ee\/efak\/wp-json\/wp\/v2\/media?parent=47"}],"curies":[{"name":"wp","href":"https:\/\/api.w.org\/{rel}","templated":true}]}}