{"id":4,"date":"2024-04-04T07:15:20","date_gmt":"2024-04-04T04:15:20","guid":{"rendered":"https:\/\/sisu.ut.ee\/efak\/efak-xiii-2017\/"},"modified":"2024-05-13T11:02:10","modified_gmt":"2024-05-13T08:02:10","slug":"efak-xiii-2017","status":"publish","type":"page","link":"https:\/\/sisu.ut.ee\/efak\/efak-xiii-2017\/","title":{"rendered":"EFAK XIII (2017)"},"content":{"rendered":"<div class=\"block block-delta-blocks block-page-title block-delta-blocks-page-title even block-without-title\" id=\"block-delta-blocks-page-title\">\n<div class=\"block-inner clearfix\">\n<div class=\"content clearfix\">\n<p class=\"title\" id=\"page-title\">\n\t\t\t\tEesti filosoofia aastakonverents 2017\n\t\t\t<\/p>\n<\/div>\n<\/div>\n<\/div>\n<div class=\"block block-system block-main block-system-main odd block-without-title\" id=\"block-system-main\">\n<div class=\"block-inner clearfix\">\n<div class=\"content clearfix\">\n<div class=\"ds-1col node node-page view-mode-full clearfix \">\n<div class=\"field field-name-body field-type-text-with-summary field-label-hidden\">\n<div class=\"field-items\">\n<div class=\"field-item even\">\n<p>\n\t\t\t\t\t\t\t\tEFAK XIII<br>Faktid, vaidlused ja argumendid \u201et\u00f5ej\u00e4rgsuse\u201d ajastul<br>11.-13. mail 2017 K\u00e4\u00e4rikul\n\t\t\t\t\t\t\t<\/p>\n<p>\n\t\t\t\t\t\t\t\t\u201ePost-truth\u201d (ee \u201et\u00f5ej\u00e4rgne\u201d, \u201et\u00f5ej\u00e4rgsus\u201d) on s\u00f5na, mille Oxfordi \u00fclikooli kirjastuse alla kuuluv veebileht Oxford Dictionaries kuulutas 2016. aasta s\u00f5naks. M\u00f5nede autorite arvates on t\u00f5ej\u00e4rgsuse m\u00f5iste kasulik ja vajalik, et m\u00f5ista mitmeid \u00e4sjaseid poliitilisi s\u00fcndmusi. Ent mida t\u00e4hendab t\u00f5ej\u00e4rgsus? On see t\u00f5esti nii kasulik m\u00f5iste, nagu paljud v\u00e4idavad? Kas t\u00f5ej\u00e4rgsus on n\u00e4htus, mis kuulub vaid poliitikasse v\u00f5i l\u00e4bistab see meie kultuuri tervikuna? Kas t\u00f5ej\u00e4rgsuse ajastul on veel \u00fcldse v\u00f5imalik t\u00f5sine ja m\u00f5istusp\u00e4rane arutelu faktide ja v\u00e4\u00e4rtuste \u00fcle? Vaadates filosoofia minevikku ja t\u00e4nap\u00e4eva, v\u00f5ib k\u00fcsida, kuidas seostub t\u00f5ej\u00e4rgsus aruteludega t\u00f5e olemuse, t\u00f5e genealoogia ja dekonstruktsiooni ning t\u00f5ega seotud v\u00e4\u00e4rtuste nagu nt teadmise ja t\u00f5ep\u00e4rasuse \u00fcle. Ja viimaks, kas v\u00f5i mil moel me peaksime t\u00f5ej\u00e4rgsusega leppima? Kui ei, siis kuidas peaksime sellele n\u00e4htusele vastu seisma?\n\t\t\t\t\t\t\t<\/p>\n<\/div>\n<\/div>\n<\/div>\n<\/div>\n<\/div>\n<\/div>\n<\/div>\n","protected":false},"excerpt":{"rendered":"<p>Eesti filosoofia aastakonverents 2017 EFAK XIIIFaktid, vaidlused ja argumendid \u201et\u00f5ej\u00e4rgsuse\u201d ajastul11.-13. mail 2017 K\u00e4\u00e4rikul \u201ePost-truth\u201d (ee \u201et\u00f5ej\u00e4rgne\u201d, \u201et\u00f5ej\u00e4rgsus\u201d) on s\u00f5na, mille Oxfordi \u00fclikooli kirjastuse alla kuuluv veebileht Oxford Dictionaries kuulutas 2016. aasta s\u00f5naks. M\u00f5nede autorite arvates on t\u00f5ej\u00e4rgsuse m\u00f5iste kasulik &#8230;<\/p>\n","protected":false},"author":352,"featured_media":0,"parent":0,"menu_order":0,"comment_status":"closed","ping_status":"closed","template":"","meta":{"_acf_changed":false,"inline_featured_image":false,"footnotes":""},"class_list":["post-4","page","type-page","status-publish","hentry"],"acf":[],"_links":{"self":[{"href":"https:\/\/sisu.ut.ee\/efak\/wp-json\/wp\/v2\/pages\/4","targetHints":{"allow":["GET"]}}],"collection":[{"href":"https:\/\/sisu.ut.ee\/efak\/wp-json\/wp\/v2\/pages"}],"about":[{"href":"https:\/\/sisu.ut.ee\/efak\/wp-json\/wp\/v2\/types\/page"}],"author":[{"embeddable":true,"href":"https:\/\/sisu.ut.ee\/efak\/wp-json\/wp\/v2\/users\/352"}],"replies":[{"embeddable":true,"href":"https:\/\/sisu.ut.ee\/efak\/wp-json\/wp\/v2\/comments?post=4"}],"version-history":[{"count":1,"href":"https:\/\/sisu.ut.ee\/efak\/wp-json\/wp\/v2\/pages\/4\/revisions"}],"predecessor-version":[{"id":40,"href":"https:\/\/sisu.ut.ee\/efak\/wp-json\/wp\/v2\/pages\/4\/revisions\/40"}],"wp:attachment":[{"href":"https:\/\/sisu.ut.ee\/efak\/wp-json\/wp\/v2\/media?parent=4"}],"curies":[{"name":"wp","href":"https:\/\/api.w.org\/{rel}","templated":true}]}}