{"id":75,"date":"2026-03-03T12:02:03","date_gmt":"2026-03-03T10:02:03","guid":{"rendered":"https:\/\/sisu.ut.ee\/eestivill\/?page_id=75"},"modified":"2026-03-31T10:46:07","modified_gmt":"2026-03-31T07:46:07","slug":"artiklid","status":"publish","type":"page","link":"https:\/\/sisu.ut.ee\/eestivill\/artiklid\/","title":{"rendered":"Artiklid"},"content":{"rendered":"<p><strong>Artiklid teadusajakirjades<\/strong><\/p>\n\n\n\n<p>Torsus, L., Plamus, T., Kabun, K., Kallavus, U. (2026). <a href=\"https:\/\/kirj.ee\/wp-content\/plugins\/kirj\/pub\/proc-1-2026-15-33_20260219172958.pdf?v=a57b8491d1d8\" target=\"_blank\" rel=\"noreferrer noopener\">Revaluation of Estonian local sheep wool \u2013 impact of different wool types on textile material properties.<\/a> <em>Proceedings of the<br>Estonian Academy of Sciences<\/em>, 75 (1), 15-33.<\/p>\n\n\n\n<p>Matsin, A., Beilmann, M., Espelien Blomli, M., Kaljus, A., Lehis, L., Svorkmo Espelien, I., Tuulik, D., Wendelbo, E. (2023). <a href=\"https:\/\/journals.oslomet.no\/formakademisk\/article\/view\/5450\/4687\" target=\"_blank\" rel=\"noreferrer noopener\">Estonian and Norwegian Sheep Wool as a Textile Material. Properties and Possibilities for Use Based on the Example of the Wool of Six Sheep Breeds.<\/a> <em>FormAkademisk<\/em>, 16(4).<\/p>\n\n\n\n<p>Tuulik, D., Beilmann, M., Matsin, A., Espelien, I., Kaljus, A., Wendelbo, E., Espelien Blomli, M., Lehis, L. (2023). <a href=\"https:\/\/austinpublishinggroup.com\/textile-engineering\/fulltext\/arte-v8-id1085.php\" target=\"_blank\" rel=\"noreferrer noopener\">Wool Yarn Characteristics Made from Wool of Six Different Estonian and Norwegian Sheep Breeds.<\/a> <em>Advance Research in Textile Engineering, <\/em>8(2).<\/p>\n\n\n\n<p>Matsin, A. (2023). <a href=\"https:\/\/ojs.utlib.ee\/index.php\/SV\/article\/view\/23507\/17878\" target=\"_blank\" rel=\"noreferrer noopener\">Eesti-Norra villaprojekt innustab kohalikku toorainet paremini v\u00e4\u00e4rindama.<\/a> <em>\u00dcmber telje. Studia Vernacula, 15,<\/em> 242\u2013250.<\/p>\n\n\n\n<p>Matsin, A., Tali, K., Kabun, K., Kool, L. (2022). <a href=\"https:\/\/ojs.utlib.ee\/index.php\/SV\/article\/view\/21326\/16024\" target=\"_blank\" rel=\"noreferrer noopener\">\u00dclevaade Eesti villamajandusest 2022.<\/a> <em>Kelle p\u00e4rand? Studia Vernacula, 14,<\/em> 206\u2013223.<\/p>\n\n\n\n<p>V\u00e4strik, V., Kool, L. (2019). <a href=\"https:\/\/ojs.utlib.ee\/index.php\/SV\/article\/view\/17014\/11890\" target=\"_blank\" rel=\"noreferrer noopener\">Villa sorteerimise ja t\u00f6\u00f6tlemise m\u00f5ju l\u00f5nga ja kangaste omadustele Muhu saarel kasvanud maalammaste n\u00e4itel.<\/a> <em>Asja uuritakse. Studia Vernacula 10<\/em>, 122\u2013145.<\/p>\n\n\n\n<p><strong>Konverentsiettekanded<\/strong><\/p>\n\n\n\n<p>Tuulik, D., Matsin, A., Kaljus, A. (2025, October 22-24). <a href=\"https:\/\/biccs.dh.gu.se\/api\/uploads\/14_Tuulik_Matsin_Kaljus_Functional_Sustainability_Raising_Awareness_of_the_Properties_of_Local_Sheep_Wool_in_Estonia_8c4faab7e7.pdf\" target=\"_blank\" rel=\"noreferrer noopener\">Functional Sustainability: Raising Awareness of the Properties of Local Sheep Wool in Estonia.<\/a> [Conference presentation]. Biennial International Conference for the Craft Sciences \u2013 Mariestad. <\/p>\n","protected":false},"excerpt":{"rendered":"<p>Artiklid teadusajakirjades Torsus, L., Plamus, T., Kabun, K., Kallavus, U. (2026). Revaluation of Estonian local sheep wool \u2013 impact of different wool types on textile material properties. Proceedings of theEstonian Academy of Sciences, 75 (1), 15-33. Matsin, A., Beilmann, M., &#8230;<\/p>\n","protected":false},"author":274,"featured_media":0,"parent":0,"menu_order":0,"comment_status":"closed","ping_status":"closed","template":"","meta":{"_acf_changed":false,"inline_featured_image":false,"footnotes":""},"class_list":["post-75","page","type-page","status-publish","hentry"],"acf":[],"_links":{"self":[{"href":"https:\/\/sisu.ut.ee\/eestivill\/wp-json\/wp\/v2\/pages\/75","targetHints":{"allow":["GET"]}}],"collection":[{"href":"https:\/\/sisu.ut.ee\/eestivill\/wp-json\/wp\/v2\/pages"}],"about":[{"href":"https:\/\/sisu.ut.ee\/eestivill\/wp-json\/wp\/v2\/types\/page"}],"author":[{"embeddable":true,"href":"https:\/\/sisu.ut.ee\/eestivill\/wp-json\/wp\/v2\/users\/274"}],"replies":[{"embeddable":true,"href":"https:\/\/sisu.ut.ee\/eestivill\/wp-json\/wp\/v2\/comments?post=75"}],"version-history":[{"count":12,"href":"https:\/\/sisu.ut.ee\/eestivill\/wp-json\/wp\/v2\/pages\/75\/revisions"}],"predecessor-version":[{"id":202,"href":"https:\/\/sisu.ut.ee\/eestivill\/wp-json\/wp\/v2\/pages\/75\/revisions\/202"}],"wp:attachment":[{"href":"https:\/\/sisu.ut.ee\/eestivill\/wp-json\/wp\/v2\/media?parent=75"}],"curies":[{"name":"wp","href":"https:\/\/api.w.org\/{rel}","templated":true}]}}