{"id":69,"date":"2026-03-03T11:52:26","date_gmt":"2026-03-03T09:52:26","guid":{"rendered":"https:\/\/sisu.ut.ee\/eestivill\/?page_id=69"},"modified":"2026-03-14T12:51:03","modified_gmt":"2026-03-14T10:51:03","slug":"syndmused","status":"publish","type":"page","link":"https:\/\/sisu.ut.ee\/eestivill\/syndmused\/","title":{"rendered":"S\u00fcndmused"},"content":{"rendered":"<p>T\u00dc Viljandi kultuuriakadeemia p\u00e4randtehnoloogia eriala eestvedamisel on toimunud mitmeid villale p\u00fchendatud seminare ja konverentse. Neist suurejoonelisim oli novembris 2022 toimunud eesti villa n\u00e4dal, mis kulmineerus rahvusvahelise villa konverentsiga. Villale ja teistele loomsetele k\u00e4sit\u00f6\u00f6materjalidele keskendus ka kultuurip\u00e4randi loovrakenduste magistantide korraldatud KULO s\u00fcgiskool aastal 2022. K\u00f5igi nende s\u00fcndmuste kohta on t\u00e4psema \u00fclevaade vastava s\u00fcndmuse alamlehel. <\/p>\n\n\n\n<figure class=\"wp-block-image size-full is-resized\"><img loading=\"lazy\" decoding=\"async\" width=\"799\" height=\"533\" src=\"https:\/\/sisu.ut.ee\/wp-content\/uploads\/sites\/591\/villakonverents.jpg\" alt=\"Inimesed laval ketramas ja publik lava ees seismas.\" class=\"wp-image-176\" style=\"width:799px;height:auto\" srcset=\"https:\/\/sisu.ut.ee\/wp-content\/uploads\/sites\/591\/villakonverents.jpg 799w, https:\/\/sisu.ut.ee\/wp-content\/uploads\/sites\/591\/villakonverents-300x200.jpg 300w, https:\/\/sisu.ut.ee\/wp-content\/uploads\/sites\/591\/villakonverents-768x512.jpg 768w\" sizes=\"auto, (max-width: 799px) 100vw, 799px\"><figcaption class=\"wp-element-caption\">Hetk villakonverentsilt P\u00e4rimusmuusika Keskuses. Foto autor Maritta Anton.<\/figcaption><\/figure>\n","protected":false},"excerpt":{"rendered":"<p>T\u00dc Viljandi kultuuriakadeemia p\u00e4randtehnoloogia eriala eestvedamisel on toimunud mitmeid villale p\u00fchendatud seminare ja konverentse. Neist suurejoonelisim oli novembris 2022 toimunud eesti villa n\u00e4dal, mis kulmineerus rahvusvahelise villa konverentsiga. Villale ja teistele loomsetele k\u00e4sit\u00f6\u00f6materjalidele keskendus ka kultuurip\u00e4randi loovrakenduste magistantide korraldatud KULO &#8230;<\/p>\n","protected":false},"author":274,"featured_media":0,"parent":0,"menu_order":0,"comment_status":"closed","ping_status":"closed","template":"","meta":{"_acf_changed":false,"inline_featured_image":false,"footnotes":""},"class_list":["post-69","page","type-page","status-publish","hentry"],"acf":[],"_links":{"self":[{"href":"https:\/\/sisu.ut.ee\/eestivill\/wp-json\/wp\/v2\/pages\/69","targetHints":{"allow":["GET"]}}],"collection":[{"href":"https:\/\/sisu.ut.ee\/eestivill\/wp-json\/wp\/v2\/pages"}],"about":[{"href":"https:\/\/sisu.ut.ee\/eestivill\/wp-json\/wp\/v2\/types\/page"}],"author":[{"embeddable":true,"href":"https:\/\/sisu.ut.ee\/eestivill\/wp-json\/wp\/v2\/users\/274"}],"replies":[{"embeddable":true,"href":"https:\/\/sisu.ut.ee\/eestivill\/wp-json\/wp\/v2\/comments?post=69"}],"version-history":[{"count":6,"href":"https:\/\/sisu.ut.ee\/eestivill\/wp-json\/wp\/v2\/pages\/69\/revisions"}],"predecessor-version":[{"id":178,"href":"https:\/\/sisu.ut.ee\/eestivill\/wp-json\/wp\/v2\/pages\/69\/revisions\/178"}],"wp:attachment":[{"href":"https:\/\/sisu.ut.ee\/eestivill\/wp-json\/wp\/v2\/media?parent=69"}],"curies":[{"name":"wp","href":"https:\/\/api.w.org\/{rel}","templated":true}]}}