{"id":3,"date":"2024-04-04T08:16:07","date_gmt":"2024-04-04T05:16:07","guid":{"rendered":"https:\/\/sisu.ut.ee\/eestivill\/eesti-villa-nadal\/"},"modified":"2026-03-13T09:05:22","modified_gmt":"2026-03-13T07:05:22","slug":"eesti-villa-nadal","status":"publish","type":"page","link":"https:\/\/sisu.ut.ee\/eestivill\/eesti-villa-nadal\/","title":{"rendered":"Eesti villa n\u00e4dal"},"content":{"rendered":"<p>T\u00dc Viljandi kultuuriakadeemia p\u00e4randtehnoloogia \u00f5ppekava eestvedamisel toimus 12.-18.11.2022 Eesti villa n\u00e4dal. Selle eesm\u00e4rgiks oli tutvustada kohaliku villa omadusi ja kasutusv\u00f5imalusi ning innustada erinevaid sihtgruppe laiemalt villa j\u00e4tkusuutliku rakendamisega tegelema. N\u00e4dala jooksul toimusid Eesti erinevais paigus kohalikule villale p\u00fchendatud sundmused.<\/p>\n<h4>Eesti villa n\u00e4dala raames toimunud s\u00fcndmused aastal 2022<\/h4>\n<p><strong>Vaata s\u00fcndmuste toimumiskohti kaardilt.<\/strong> Klikkides lambukestele Eesti kaardil, avanevad pikemad s\u00fcndmuste kirjeldused: <a id=\"LPlnk682191\" href=\"https:\/\/www.google.com\/maps\/d\/edit?mid=1oQXT7fOKJVstYHjbHSZUjbi0IfZlxtc&amp;usp=sharing\" target=\"_blank\" rel=\"noopener noreferrer\" data-auth=\"NotApplicable\" data-linkindex=\"0\" data-safelink=\"true\">https:\/\/www.google.com\/maps\/d\/edit?mid=1oQXT7fOKJVstYHjbHSZUjbi0IfZlxtc&amp;usp=sharing<\/a><\/p>\n<p><strong>Lambap\u00e4ev M\u00f5niste Talurahvamuuseumis <\/strong><br>\nToimumisaeg: 12. november kell 11-13.<br>\nToimumiskoht: M\u00f5niste Talurahvamuuseum, Kuutsi k\u00fcla, V\u00f5rumaa.<br>\nTutvustame l\u00e4bi praktiliste tegevuste villa teekonda l\u00f5ngani. K\u00f5igepealt saavad osalejad n\u00e4ha ja katsuda lambaid. R\u00e4\u00e4gime, mida lammas s\u00f6\u00f6b, kui vanaks elab ja hea villa kasvatamiseks vajab. Proovime k\u00e4tt lambap\u00fcgamisel. Seda k\u00fcll mitte p\u00e4ris lambal, vaid lambanahal. Kraasime, tallame vokki, kerime l\u00f5nga ja proovida saab kangastelgedel kudumist. Tutvustame muuseumikogus olevaid erinevaid villaseid esemeid.<br>\nLisainfo: <a href=\"https:\/\/www.facebook.com\/monistemuuseum\" target=\"_blank\" rel=\"nofollow noopener\">https:\/\/www.facebook.com\/monistemuuseum<\/a>, Mare Tamtik,\u00a0<a href=\"mailto:mare.tamtik@wi.ee\" target=\"_blank\" rel=\"nofollow noopener\">mare.tamtik@wi.ee<\/a>.<\/p>\n<p><strong>Villap\u00e4ev M\u00e4ehansu talus <\/strong><br>\nToimumisaeg: 13. november, programmi algus kell 11, 13 ja 15 (\u00fche sessiooni kestvus ca 1,5 tundi).<br>\nToimumiskoht: M\u00e4ehansu talu, Varangu k\u00fcla, L\u00e4\u00e4ne-Virumaa<br>\nM\u00e4ehansu talu kasvatab lambaid ja angoora kitsi, kes annavad moh\u00e4\u00e4ri. Villast teeme l\u00f5nga ja l\u00f5ngast kangaid. Vaatame loomi, perenaine tutvustab Eestis haruldasi angoora kitsi ja nende imep\u00e4rast moh\u00e4\u00e4rvilla. N\u00e4pime villa: sorteerimata, pesemata, pestud ja kraasitud vill ja moh\u00e4\u00e4r. Erinevate villavabrikute ja erineva villa-moh\u00e4\u00e4ri seguga l\u00f5ngad. Kangatuba ja villase kanga kudumine.<br>\nLisainfo: Marge Salum\u00e4e, <a href=\"mailto:msalumae@gmail.com\" target=\"_blank\" rel=\"nofollow noopener\">msalumae@gmail.com<\/a>.<\/p>\n<p><strong>Kohtumine Kihnu maalambaga J\u00f5gevamaal <\/strong><br>\nToimumisaeg: 13. november, algus kell 11.<br>\nToimumiskoht: Aasa talu, Vaimastvere k\u00fcla, J\u00f5gevamaa<br>\nTutvustame Eesti p\u00f5list lambat\u00f5ugu \u201csabast sarvedeni\u201d. T\u00f5estame, et meie karjamaadel kasvatatud lammastelt saab head ja v\u00e4\u00e4rtuslikku villa beebim\u00fctsist saapasokini ja k\u00f5ike muud, mida v\u00f5ib \u00fchelt v\u00e4ikeselt v\u00e4\u00e4rikalt lambalt saada.<br>\nSihtgrupp: meistrid-k\u00e4sit\u00f6\u00f6lised, disainerid-kunstnikud, lemmiklooma pidajad, lambakasvatajad \u2013 k\u00f5ik, kellel on tekkinud k\u00fcsimus, kas ja mida saab Eesti p\u00f5liselt lambalt \u201clemmikloomast elustiilini\u201d.<br>\nLisainfo: korraldajad Murueit O\u00dc ja Hallivilla O\u00dc, kontakt Katti Muru, <a href=\"mailto:katti@murueit.ee\" target=\"_blank\" rel=\"nofollow noopener\">katti@murueit.ee<\/a>.<\/p>\n<p><strong>Avatud uste tund Muru Villavabrikus<\/strong><br>\nToimumisaeg: 14., 15. ja 16. november kell 13-14.<br>\nToimumiskoht: Muru talu, Lapetukme k\u00fcla, Tartumaa.<br>\nHuvilistel on v\u00f5imalik n\u00e4ha, kuidas v\u00e4ikeses kaasaegsete kammt\u00fc\u00fcbilise ketruse seadmetega villavabrikus valmib kvaliteetne naturaalne l\u00f5ng. Vajalik on <u>registreerumine<\/u> telefoni teel, sest ruum on piiratud!<br>\nLisainfo: <a href=\"https:\/\/www.facebook.com\/muruvillavabrik\" target=\"_blank\" rel=\"nofollow noopener\">https:\/\/www.facebook.com\/muruvillavabrik<\/a>, Liina Lehis, <a href=\"mailto:liina.lehis@gmail.com\" target=\"_blank\" rel=\"nofollow noopener\">liina.lehis@gmail.com<\/a>.<\/p>\n<p><strong>Pallase tekstiiliosakonna villauuringud: Kuidas kanda villast?<\/strong><br>\nToimumisaeg: 15. november kell 12-16.<br>\nToimusmikoht: T\u00e4he 38B, Tartu. K\u00f5rgem Kunstikool Pallas, tekstiiliosakond, T\u00e4he \u00f5ppehoone II korrus.<br>\nPallase tekstiiliosakond kutsub vaatama ekspositsiooni, mis tutvustab villa rakendusuuringu tulemusi l\u00e4bi mitme aasta. V\u00e4ljapanek annab v\u00f5imaluse saada \u00fclevaade uuringu erinevatest etappidest ning eesti villa kasutamise v\u00f5imalustest silmuskoeliste disaintoodete loomisel. Kohapeal on v\u00f5imalik testida erinevaid villaseid kangaid ning hinnata nende pehmust ja sobivust erinevate toodete valmistamiseks. Tegevust juhendavad Pallase tekstiiliosakonna \u00f5ppej\u00f5ud ja tudengid. Oodatud on kestliku disaini huvilised.<br>\nLisainfo: <a title=\"\" href=\"https:\/\/www.facebook.com\/tekstiilpallas\" target=\"_blank\" rel=\"noopener\" data-url=\"https:\/\/www.facebook.com\/tekstiilpallas\">https:\/\/www.facebook.com\/tekstiilpallas<\/a> ja kodulehelt <a title=\"\" href=\"https:\/\/pallasart.ee\/\" target=\"_blank\" rel=\"noopener\" data-url=\"https:\/\/pallasart.ee\/\">https:\/\/pallasart.ee\/<\/a>, kontakt Liina Kool, liina.kool@pallasart.ee.<\/p>\n<p><strong>Milline milleks? Eesti lamba villa t\u00f6\u00f6tlemise kogemus \u00fche v\u00e4ikeettev\u00f5tte n\u00e4itel<\/strong><br>\nToimumisaeg: 16. november, algus kell 14.<br>\nToimumiskoht: Kesk tee 6, Ardu alevik, Harjumaa.<br>\nJagame oma kogemust villa t\u00f6\u00f6tlemisel ja valikul looma pidamisest tooteni. Proovime leida vastuseid k\u00fcsimustele: Miks peaks lambakasvataja teadma oma loomade villa v\u00e4\u00e4rtust ning miks k\u00e4sit\u00f6\u00f6line\/meister\/disainer peaks valima Eestis kasvatatud lamba saaduse.<br>\nSihtgrupp: lambakasvatajad, meistrid, k\u00e4sit\u00f6\u00f6lised, keskkonnahoidjad.<br>\nLisainfo: <a href=\"https:\/\/www.facebook.com\/profile.php?id=100057281896494\" target=\"_blank\" rel=\"nofollow noopener\">https:\/\/www.facebook.com\/profile.php?id=100057281896494<\/a>, kontakt Murueit O\u00dc, Katti Muru, <a href=\"mailto:katti@murueit.ee\" target=\"_blank\" rel=\"nofollow noopener\">katti@murueit.ee<\/a>.<\/p>\n<p><strong>Vilma villakoja tuurid<\/strong><br>\nToimumisaeg: 18. november, algus kell 14 ja 15.<br>\nToimumiskoht: Turu 7, Viljandi (T\u00dc Viljandi Kultuuriakadeemia Vilma maja)<br>\nT\u00dc Viljandi Kultuuriakadeemia Vilma maja villakoja k\u00fclastused villakonverentsil osalejatele. \u00dche tuuri kestvus maksimaalselt tund aega. Tuuri alustatakse P\u00e4rimusmuusika aidast. Perenaine Astri n\u00e4itab villakoja masinaid ja r\u00e4\u00e4gib sealsetest tegevustest.<br>\nLisainfo: Astri Kaljus, astri.kaljus@ut.ee.<\/p>\n<p><strong>MuhuMaaLamba Villap\u00e4ev <\/strong><br>\nToimumisaeg: 20. november kell 12-16.<br>\nToimumiskoht: Vanaelu talu, Kallaste k\u00fcla, Muhu.<br>\nVillan\u00e4dala l\u00f5petab Muhu maalamba p\u00e4ev. Vaatame veel erinevaid maalambavillu, l\u00f5ngu ja loomi, kuulame arengutest kohaliku supermaterjali v\u00e4\u00e4rindamisel. Andke oma tulekust teada telefonitsi, sest korraga liiga paljud tuppa ei mahu.<br>\n\u00dcritus Facebookis: <a href=\"https:\/\/www.facebook.com\/events\/2068370306707034\" target=\"_blank\" rel=\"nofollow noopener\">https:\/\/www.facebook.com\/events\/2068370306707034<\/a><br>\nKontakt ja registreerumine: Kadri Tali,\u00a0<!--td {border: 1px solid #cccccc;}br {mso-data-placement:same-cell;}--><span data-sheets-userformat='{\"2\":769,\"3\":{\"1\":0},\"11\":4,\"12\":0}' data-sheets-value='{\"1\":2,\"2\":\"ktali@emu.ee 5019543\"}'>ktali@emu.ee.<\/span><\/p>\n<p><strong>Lisaks kutsume Kuressaare Raegaleriisse n\u00e4itusele \u201cP\u00f5hjala siid\u201d!<\/strong><br>\nToimumisaeg: kuni 3. detsembrini T-R kl 10-17 ja L kl 10-15.<br>\nToimumiskoht: Tallinna 2, Kuressaare.<br>\nKuressaare Raegaleriis on avatud villan\u00e4dalaga haakuv n\u00e4itus \u2013 Erika Pedaku ja Tambet Pedaku \u201cP\u00f5hjala siid\u201d. Erika ja Tambet n\u00e4itusest: \u201cSiid on olnud maailmas l\u00e4bi aegade \u00fcheks luksuskauba materjaliks. T\u00e4na saab soovitu kiiresti k\u00e4tte kust iganes. V\u00e4ikeseks muutunud maailm lisab meie toimetamistesse kiirust. Nii, et v\u00f5ib j\u00e4\u00e4da m\u00e4rkamata ja tegemata nii m\u00f5nigi kohalik v\u00e4\u00e4rt v\u00f5imalus koduhoovis.<br>\nP\u00f5hjamaade \u00fcrglambad on karmides oludes kohanedes saanud endale kahekihilise pehme alus- ja karmima pealiskihiga kaitsva kasuka. Sarnase villaga on ka meie kihnu maalammas.<br>\nSelline vill l\u00e4heb meile korda. Naturaalsed n\u00fcansirikkad toonid mustast valgeni ja taimedega v\u00e4rvitud vill annavad m\u00e4rgviltides rustikaalse tulemuse. Siidiselt l\u00e4ikiv ja pehme aluskiht, segunedes karmima kihiga on \u00fcldm\u00f5jult karge ning ilmselt toetab meie p\u00f5hjamaist loomust. Pole patt nimetada p\u00f5list\u00f5ugu kihnu maalamba villa hellitavalt P\u00f5hjala siidiks. Sellest on tehtud meie n\u00e4ituse tekstiilid.\u201d<br>\nKihnu maalammaste vill tuleb Tambeti pere talust Saaremaal.<br>\nSissevaade n\u00e4itusesse: <a href=\"https:\/\/www.facebook.com\/Raegalerii\/\" target=\"_blank\" rel=\"nofollow noopener\">https:\/\/www.facebook.com\/Raegalerii\/<\/a><\/p>\n<p><img loading=\"lazy\" decoding=\"async\" width=\"800\" height=\"600\" class=\"alignnone wp-image-15\" style=\"width: 800px; height: 600px;\" title=\"Eesti tumedapealised lambad. Foto T\u00dc VKA pildipangast.\" src=\"https:\/\/sisu.ut.ee\/wp-content\/uploads\/sites\/591\/eesti_tumedapealine_2.jpg\" alt=\"Eesti tumedapealised\" srcset=\"https:\/\/sisu.ut.ee\/wp-content\/uploads\/sites\/591\/eesti_tumedapealine_2.jpg 800w, https:\/\/sisu.ut.ee\/wp-content\/uploads\/sites\/591\/eesti_tumedapealine_2-300x225.jpg 300w, https:\/\/sisu.ut.ee\/wp-content\/uploads\/sites\/591\/eesti_tumedapealine_2-768x576.jpg 768w\" sizes=\"auto, (max-width: 800px) 100vw, 800px\"><\/p>\n","protected":false},"excerpt":{"rendered":"<p>T\u00dc Viljandi kultuuriakadeemia p\u00e4randtehnoloogia \u00f5ppekava eestvedamisel toimus 12.-18.11.2022 Eesti villa n\u00e4dal. Selle eesm\u00e4rgiks oli tutvustada kohaliku villa omadusi ja kasutusv\u00f5imalusi ning innustada erinevaid sihtgruppe laiemalt villa j\u00e4tkusuutliku rakendamisega tegelema. N\u00e4dala jooksul toimusid Eesti erinevais paigus kohalikule villale p\u00fchendatud sundmused. Eesti &#8230;<\/p>\n","protected":false},"author":28,"featured_media":0,"parent":0,"menu_order":0,"comment_status":"closed","ping_status":"closed","template":"","meta":{"_acf_changed":false,"inline_featured_image":false,"footnotes":""},"class_list":["post-3","page","type-page","status-publish","hentry"],"acf":[],"_links":{"self":[{"href":"https:\/\/sisu.ut.ee\/eestivill\/wp-json\/wp\/v2\/pages\/3","targetHints":{"allow":["GET"]}}],"collection":[{"href":"https:\/\/sisu.ut.ee\/eestivill\/wp-json\/wp\/v2\/pages"}],"about":[{"href":"https:\/\/sisu.ut.ee\/eestivill\/wp-json\/wp\/v2\/types\/page"}],"author":[{"embeddable":true,"href":"https:\/\/sisu.ut.ee\/eestivill\/wp-json\/wp\/v2\/users\/28"}],"replies":[{"embeddable":true,"href":"https:\/\/sisu.ut.ee\/eestivill\/wp-json\/wp\/v2\/comments?post=3"}],"version-history":[{"count":2,"href":"https:\/\/sisu.ut.ee\/eestivill\/wp-json\/wp\/v2\/pages\/3\/revisions"}],"predecessor-version":[{"id":140,"href":"https:\/\/sisu.ut.ee\/eestivill\/wp-json\/wp\/v2\/pages\/3\/revisions\/140"}],"wp:attachment":[{"href":"https:\/\/sisu.ut.ee\/eestivill\/wp-json\/wp\/v2\/media?parent=3"}],"curies":[{"name":"wp","href":"https:\/\/api.w.org\/{rel}","templated":true}]}}