{"id":169,"date":"2026-03-14T12:33:43","date_gmt":"2026-03-14T10:33:43","guid":{"rendered":"https:\/\/sisu.ut.ee\/eestivill\/?page_id=169"},"modified":"2026-03-31T10:35:07","modified_gmt":"2026-03-31T07:35:07","slug":"villa-seminar","status":"publish","type":"page","link":"https:\/\/sisu.ut.ee\/eestivill\/villa-seminar\/","title":{"rendered":"Villa seminar"},"content":{"rendered":"<p><strong>18. m\u00e4rtsil 2026 toimus Viljandi kultuuriakadeemia Vilma \u00f5ppehoones villakoja k\u00fcmnendale aastap\u00e4evale p\u00fchendatud seminar \u201eKohalik lambavill kestlikkuse teenistuses\u201c, kus keskenduti lambavilla uurimisele ja v\u00e4\u00e4rtustavale kasutamisele<\/strong>.<\/p>\n\n\n\n<p>Kestlikkuse vaates on oluline taastumatute loodusressursside k\u00f5rval p\u00f6\u00f6rata senisest rohkem t\u00e4helepanu taastuvate ressursside v\u00e4\u00e4rindavale kasutamisele. \u00dcheks selliseks materjaliks on kohalik lambavill. Veel k\u00fcmme aastat tagasi h\u00e4vis pea 90% villast eesm\u00e4rgip\u00e4rast rakendust leidmata. T\u00e4naseks on olukord m\u00e4rkimisv\u00e4\u00e4rselt paranenud, kuid arenguruumi on endiselt.<\/p>\n\n\n\n<p>Seminaril anti \u00fclevaade viimase k\u00fcmne aasta jooksul Eestis ellu viidud lambavillaga seotud \u00f5ppe- ja teadusprojektidest ning arendustegevustest. Ettekannetega esinesid doktorandid Katrin Kabun ja Diana Tuulik, lambakasvataja Katti Muru ning rahvusliku tekstiili lektorid Astri Kaljus ja Ave Matsin. Tutvustati Vilma villakoja kujunemislugu ja viimase k\u00fcmne aasta tegevusi, Eesti-Norra villaprojekti, teisi teemakohaseid rakendusuuringuid ning lambavilla rolli kaasaegses disainis. Seminari v\u00f5ttis kokku aruteluring, kus k\u00e4sitleti Eesti villanduse minevikku, olevikku ja tulevikku ja otsiti v\u00f5imalusi materjali t\u00f5husamaks v\u00e4\u00e4rindamiseks. S\u00fcndmuse l\u00f5petas Vilma villakoja tegevust ja tootearendust tutvustava n\u00e4ituse k\u00fclastus ning \u00fchine koosviibimine.<\/p>\n\n\n\n<p>\u00dcritus t\u00f5i kokku \u00fcli\u00f5pilased, p\u00e4randtehnoloogid, disainerid, lambavilla tootjad ja t\u00f6\u00f6tlejad ning teised kohaliku lambavilla kestliku v\u00e4\u00e4rindamise huvilised. Seminar kuulus \u00fclikoolide rohen\u00e4dala programmi.<\/p>\n\n\n\n<p>Vaata s\u00fcndmuse galeriid <a href=\"https:\/\/www.flickr.com\/photos\/184756568@N05\/albums\/72177720332667025\/with\/55163831739\" data-type=\"link\" data-id=\"https:\/\/www.flickr.com\/photos\/184756568@N05\/albums\/72177720332667025\/with\/55163831739\" target=\"_blank\" rel=\"noreferrer noopener\">siit<\/a>. <\/p>\n\n\n\n<figure class=\"wp-block-image size-full\"><img loading=\"lazy\" decoding=\"async\" width=\"799\" height=\"533\" src=\"https:\/\/sisu.ut.ee\/wp-content\/uploads\/sites\/591\/55163831819_740e7c75f2_c.jpg\" alt=\"Villase l\u00f5nga vihid laual reas.\" class=\"wp-image-195\" srcset=\"https:\/\/sisu.ut.ee\/wp-content\/uploads\/sites\/591\/55163831819_740e7c75f2_c.jpg 799w, https:\/\/sisu.ut.ee\/wp-content\/uploads\/sites\/591\/55163831819_740e7c75f2_c-300x200.jpg 300w, https:\/\/sisu.ut.ee\/wp-content\/uploads\/sites\/591\/55163831819_740e7c75f2_c-768x512.jpg 768w\" sizes=\"auto, (max-width: 799px) 100vw, 799px\"><figcaption class=\"wp-element-caption\">Foto autor Maritta Anton.<\/figcaption><\/figure>\n","protected":false},"excerpt":{"rendered":"<p>18. m\u00e4rtsil 2026 toimus Viljandi kultuuriakadeemia Vilma \u00f5ppehoones villakoja k\u00fcmnendale aastap\u00e4evale p\u00fchendatud seminar \u201eKohalik lambavill kestlikkuse teenistuses\u201c, kus keskenduti lambavilla uurimisele ja v\u00e4\u00e4rtustavale kasutamisele. Kestlikkuse vaates on oluline taastumatute loodusressursside k\u00f5rval p\u00f6\u00f6rata senisest rohkem t\u00e4helepanu taastuvate ressursside v\u00e4\u00e4rindavale kasutamisele. \u00dcheks &#8230;<\/p>\n","protected":false},"author":274,"featured_media":0,"parent":0,"menu_order":0,"comment_status":"closed","ping_status":"closed","template":"","meta":{"_acf_changed":false,"inline_featured_image":false,"footnotes":""},"class_list":["post-169","page","type-page","status-publish","hentry"],"acf":[],"_links":{"self":[{"href":"https:\/\/sisu.ut.ee\/eestivill\/wp-json\/wp\/v2\/pages\/169","targetHints":{"allow":["GET"]}}],"collection":[{"href":"https:\/\/sisu.ut.ee\/eestivill\/wp-json\/wp\/v2\/pages"}],"about":[{"href":"https:\/\/sisu.ut.ee\/eestivill\/wp-json\/wp\/v2\/types\/page"}],"author":[{"embeddable":true,"href":"https:\/\/sisu.ut.ee\/eestivill\/wp-json\/wp\/v2\/users\/274"}],"replies":[{"embeddable":true,"href":"https:\/\/sisu.ut.ee\/eestivill\/wp-json\/wp\/v2\/comments?post=169"}],"version-history":[{"count":5,"href":"https:\/\/sisu.ut.ee\/eestivill\/wp-json\/wp\/v2\/pages\/169\/revisions"}],"predecessor-version":[{"id":197,"href":"https:\/\/sisu.ut.ee\/eestivill\/wp-json\/wp\/v2\/pages\/169\/revisions\/197"}],"wp:attachment":[{"href":"https:\/\/sisu.ut.ee\/eestivill\/wp-json\/wp\/v2\/media?parent=169"}],"curies":[{"name":"wp","href":"https:\/\/api.w.org\/{rel}","templated":true}]}}