{"id":147,"date":"2026-03-13T10:45:15","date_gmt":"2026-03-13T08:45:15","guid":{"rendered":"https:\/\/sisu.ut.ee\/eestivill\/?page_id=147"},"modified":"2026-03-13T11:02:51","modified_gmt":"2026-03-13T09:02:51","slug":"eesti-norra-villaprojekt","status":"publish","type":"page","link":"https:\/\/sisu.ut.ee\/eestivill\/eesti-norra-villaprojekt\/","title":{"rendered":"Eesti-Norra villaprojekt"},"content":{"rendered":"<p>Perioodil detsember 2020 kuni m\u00e4rts 2023 toimus <strong>koost\u00f6\u00f6projekt \u201cEesti ja Norra kohalik lambavill \u2013 uuringu l\u00e4biviimine ja \u00f5ppematerjalide loomine k\u00f5rgkooli tekstiilitudengitele\u201d.<\/strong><\/p>\n\n\n\n<p><strong>Projekti eesm\u00e4rk<\/strong> oli uurida, testida ja <a href=\"https:\/\/sisu.ut.ee\/eestivill\/villa-oppematerjal\/\">luua \u00f5ppematerjal<\/a> Eesti ja Norra p\u00f5liste ja enamlevinud lambat\u00f5ugude villa kvaliteedi ja omaduste kohta ning piloteerida tekstiilitudengitele m\u00f5eldud villa \u00f5ppeprogramme. Projekti laiemaks eesm\u00e4rgiks oli suurendada kohaliku lambavilla eesm\u00e4rgip\u00e4rast kasutamist tekstiilide valmistamisel. Eestis on kohaliku villa kvaliteedi osas palju eelarvamusi ja suurem osa sellest (85\u201390%) h\u00e4vitatakse j\u00e4\u00e4tmetena. Puudub Eesti villa kvaliteedis\u00fcsteem ning pole piisavalt uuritud kohaliku villa omadusi ja sobivaid kasutusv\u00f5imalusi, mis aitaksid toetada kohaliku tooraine laiemat kasutamist. Norras seevastu on olemas v\u00e4ga hea villa kogumise, sorteerimise ja t\u00f6\u00f6tlemise s\u00fcsteem, kuid sarnaselt Eestiga peaks tekstiilitudengite arusaam kohaliku villa omadustest ja kvaliteedist olema parem.<\/p>\n\n\n\n<p>Projekt aitas leida kohalikule villale sobivaid kasutusv\u00f5imalusi erinevate tekstiilide valmistamisel ning arendada ja v\u00e4\u00e4rtustada kohaliku villa kasutamist k\u00e4sit\u00f6\u00f6liste, kunstnike ja ka tarbijate seas. Projekti kaasatud villavabrikud saavad kasutada tulemusi oma toodete paremaks tutvustamiseks ja Eesti vill saab v\u00e4\u00e4rtusliku tekstiilitoorainena rohkem teadusp\u00f5hist t\u00e4helepanu.<\/p>\n\n\n\n<figure class=\"wp-block-image alignright size-medium\"><img loading=\"lazy\" decoding=\"async\" width=\"300\" height=\"210\" src=\"https:\/\/sisu.ut.ee\/wp-content\/uploads\/sites\/591\/eea_grants4x-300x210.png\" alt=\"Norway\" class=\"wp-image-18\" srcset=\"https:\/\/sisu.ut.ee\/wp-content\/uploads\/sites\/591\/eea_grants4x-300x210.png 300w, https:\/\/sisu.ut.ee\/wp-content\/uploads\/sites\/591\/eea_grants4x-1024x718.png 1024w, https:\/\/sisu.ut.ee\/wp-content\/uploads\/sites\/591\/eea_grants4x-768x538.png 768w, https:\/\/sisu.ut.ee\/wp-content\/uploads\/sites\/591\/eea_grants4x-1536x1076.png 1536w, https:\/\/sisu.ut.ee\/wp-content\/uploads\/sites\/591\/eea_grants4x.png 1674w\" sizes=\"auto, (max-width: 300px) 100vw, 300px\"><\/figure>\n\n\n\n<p><strong>17.-18. novembril 2022 Viljandi P\u00e4rimusmuusika Aidas toimunud villakonverents oli projekti teavitus\u00fcritus, projekti tegevusi ja uurimistulemusi tutvustav ettekanne toimus 17.11 kl 16.00-18.00 ning on j\u00e4relvaadatav <\/strong><a href=\"https:\/\/uttv.ee\/naita?id=33811\" target=\"_blank\" rel=\"noreferrer noopener\">UTTV-st<\/a><strong> <\/strong><strong>(alates 3:56:00).<\/strong><\/p>\n\n\n\n<p><strong>Euroopa Majanduspiirkonna\/Norra k\u00f5rghariduse koost\u00f6\u00f6programm toetas projekti kogusummas 128 657 eurot.<\/strong><\/p>\n\n\n\n<p><strong>Koost\u00f6\u00f6partnerid: <\/strong>projekti juhtpartner oli T\u00dc Viljandi kultuuriakadeemia; partneritena oli Eestist kaasatud Tallinna Tehnikak\u00f5rgkool ja ettev\u00f5te Muru Villavabrik ning Norrast Kagu-Norra \u00dclikool (University of South-Eastern Norway) ja Selbu Spinneri AS.<\/p>\n","protected":false},"excerpt":{"rendered":"<p>Perioodil detsember 2020 kuni m\u00e4rts 2023 toimus koost\u00f6\u00f6projekt \u201cEesti ja Norra kohalik lambavill \u2013 uuringu l\u00e4biviimine ja \u00f5ppematerjalide loomine k\u00f5rgkooli tekstiilitudengitele\u201d. Projekti eesm\u00e4rk oli uurida, testida ja luua \u00f5ppematerjal Eesti ja Norra p\u00f5liste ja enamlevinud lambat\u00f5ugude villa kvaliteedi ja omaduste &#8230;<\/p>\n","protected":false},"author":274,"featured_media":0,"parent":0,"menu_order":0,"comment_status":"closed","ping_status":"closed","template":"","meta":{"_acf_changed":false,"inline_featured_image":false,"footnotes":""},"class_list":["post-147","page","type-page","status-publish","hentry"],"acf":[],"_links":{"self":[{"href":"https:\/\/sisu.ut.ee\/eestivill\/wp-json\/wp\/v2\/pages\/147","targetHints":{"allow":["GET"]}}],"collection":[{"href":"https:\/\/sisu.ut.ee\/eestivill\/wp-json\/wp\/v2\/pages"}],"about":[{"href":"https:\/\/sisu.ut.ee\/eestivill\/wp-json\/wp\/v2\/types\/page"}],"author":[{"embeddable":true,"href":"https:\/\/sisu.ut.ee\/eestivill\/wp-json\/wp\/v2\/users\/274"}],"replies":[{"embeddable":true,"href":"https:\/\/sisu.ut.ee\/eestivill\/wp-json\/wp\/v2\/comments?post=147"}],"version-history":[{"count":4,"href":"https:\/\/sisu.ut.ee\/eestivill\/wp-json\/wp\/v2\/pages\/147\/revisions"}],"predecessor-version":[{"id":153,"href":"https:\/\/sisu.ut.ee\/eestivill\/wp-json\/wp\/v2\/pages\/147\/revisions\/153"}],"wp:attachment":[{"href":"https:\/\/sisu.ut.ee\/eestivill\/wp-json\/wp\/v2\/media?parent=147"}],"curies":[{"name":"wp","href":"https:\/\/api.w.org\/{rel}","templated":true}]}}