{"id":8,"date":"2024-04-04T06:15:14","date_gmt":"2024-04-04T03:15:14","guid":{"rendered":"https:\/\/sisu.ut.ee\/eestimullad\/eesti-mullad\/"},"modified":"2024-04-04T06:15:27","modified_gmt":"2024-04-04T03:15:27","slug":"eesti-mullad","status":"publish","type":"page","link":"https:\/\/sisu.ut.ee\/eestimullad\/eesti-mullad\/","title":{"rendered":"Eesti mullad"},"content":{"rendered":"<p>\n\t<b>Muldade klassifikatsiooni<\/b>\u00a0j\u00e4rgi on\u00a0<a data-url=\"https:\/\/sisu.ut.ee\/eestimullad\/avaleht\" href=\"https:\/\/sisu.ut.ee\/eestimullad\/avaleht\" target=\"_blank\" title=\"\" rel=\"noopener\">mullad<\/a>\u00a0jaotatud vastavalt nende profiili ehitusele, st seal esinevatele horisontidele ja toimivatele protsessidele. Nad on jaotatud liikideks, mis on edasi \u00fchendatud allt\u00fc\u00fcpideks ja t\u00fc\u00fcpideks. J\u00e4rgnevas k\u00e4sitluses ei ole rangelt l\u00e4htutud klassifikatsioonist, vaid on esitatud Eestis laiemalt levinud mullad:\n<\/p>\n<p>\n\t\u00a0\n<\/p>\n<p>\n\t\u00a0\n<\/p>\n<ul>\n<li>\n\t\t<a data-url=\"https:\/\/sisu.ut.ee\/eestimullad\/paepea\" href=\"https:\/\/sisu.ut.ee\/eestimullad\/paepea\" target=\"_blank\" title=\"\" rel=\"noopener\">Paepealsed mullad ehk paepealsed rendsiinad (profiil A-D)<\/a>\n\t<\/li>\n<li>\n\t\t<a data-url=\"https:\/\/sisu.ut.ee\/eestimullad\/rahk_m\" href=\"https:\/\/sisu.ut.ee\/eestimullad\/rahk_m\" target=\"_blank\" title=\"\" rel=\"noopener\">R\u00e4hkmullad ehk r\u00e4hksed rendsiinad (profiil A-C v\u00f5i A-B-C)<\/a>\n\t<\/li>\n<li>\n\t\t<a data-url=\"https:\/\/sisu.ut.ee\/eestimullad\/leostunud\" href=\"https:\/\/sisu.ut.ee\/eestimullad\/leostunud\" target=\"_blank\" title=\"\" rel=\"noopener\">Leostunud (profiil A-B-C) ja leetjad (profiil A-EL-B-C) mullad<\/a>\n\t<\/li>\n<li>\n\t\t<a data-url=\"https:\/\/sisu.ut.ee\/eestimullad\/naivleost\" href=\"https:\/\/sisu.ut.ee\/eestimullad\/naivleost\" target=\"_blank\" title=\"\" rel=\"noopener\">N\u00e4ivleetunud mullad (profiil A-B1-E-B2-C)<\/a>\n\t<\/li>\n<li>\n\t\t<a data-url=\"https:\/\/sisu.ut.ee\/eestimullad\/leetunud\" href=\"https:\/\/sisu.ut.ee\/eestimullad\/leetunud\" target=\"_blank\" title=\"\" rel=\"noopener\">Leetunud (profiil A-E-B-C) ja leedemullad (profiil O-E-B-C)<\/a>\n\t<\/li>\n<li>\n\t\t<a data-url=\"https:\/\/sisu.ut.ee\/eestimullad\/gleim\" href=\"https:\/\/sisu.ut.ee\/eestimullad\/gleim\" target=\"_blank\" title=\"\" rel=\"noopener\">Gleimullad (v\u00e4ga varieeruva profiili ehitusega, enamlevinud variandid AT-G v\u00f5i AT-Bg-G)<\/a>\n\t<\/li>\n<li>\n\t\t<a data-url=\"https:\/\/sisu.ut.ee\/eestimullad\/soomullad\" href=\"https:\/\/sisu.ut.ee\/eestimullad\/soomullad\" target=\"_blank\" title=\"\" rel=\"noopener\">Soomullad (profiil T-G v\u00f5i T)<\/a>\n\t<\/li>\n<\/ul>\n","protected":false},"excerpt":{"rendered":"<p>Muldade klassifikatsiooni\u00a0j\u00e4rgi on\u00a0mullad\u00a0jaotatud vastavalt nende profiili ehitusele, st seal esinevatele horisontidele ja toimivatele protsessidele. Nad on jaotatud liikideks, mis on edasi \u00fchendatud allt\u00fc\u00fcpideks ja t\u00fc\u00fcpideks. J\u00e4rgnevas k\u00e4sitluses ei ole rangelt l\u00e4htutud klassifikatsioonist, vaid on esitatud Eestis laiemalt levinud mullad: \u00a0 &#8230;<\/p>\n","protected":false},"author":226,"featured_media":0,"parent":0,"menu_order":0,"comment_status":"closed","ping_status":"closed","template":"","meta":{"_acf_changed":false,"inline_featured_image":false,"footnotes":""},"class_list":["post-8","page","type-page","status-publish","hentry"],"acf":[],"_links":{"self":[{"href":"https:\/\/sisu.ut.ee\/eestimullad\/wp-json\/wp\/v2\/pages\/8","targetHints":{"allow":["GET"]}}],"collection":[{"href":"https:\/\/sisu.ut.ee\/eestimullad\/wp-json\/wp\/v2\/pages"}],"about":[{"href":"https:\/\/sisu.ut.ee\/eestimullad\/wp-json\/wp\/v2\/types\/page"}],"author":[{"embeddable":true,"href":"https:\/\/sisu.ut.ee\/eestimullad\/wp-json\/wp\/v2\/users\/226"}],"replies":[{"embeddable":true,"href":"https:\/\/sisu.ut.ee\/eestimullad\/wp-json\/wp\/v2\/comments?post=8"}],"version-history":[{"count":1,"href":"https:\/\/sisu.ut.ee\/eestimullad\/wp-json\/wp\/v2\/pages\/8\/revisions"}],"predecessor-version":[{"id":123,"href":"https:\/\/sisu.ut.ee\/eestimullad\/wp-json\/wp\/v2\/pages\/8\/revisions\/123"}],"wp:attachment":[{"href":"https:\/\/sisu.ut.ee\/eestimullad\/wp-json\/wp\/v2\/media?parent=8"}],"curies":[{"name":"wp","href":"https:\/\/api.w.org\/{rel}","templated":true}]}}