{"id":6,"date":"2024-04-04T06:15:14","date_gmt":"2024-04-04T03:15:14","guid":{"rendered":"https:\/\/sisu.ut.ee\/eestimullad\/piirkonnad\/"},"modified":"2024-04-04T06:15:27","modified_gmt":"2024-04-04T03:15:27","slug":"piirkonnad","status":"publish","type":"page","link":"https:\/\/sisu.ut.ee\/eestimullad\/piirkonnad\/","title":{"rendered":"Erineva mullastikuga piirkonnad"},"content":{"rendered":"<p>\n\tMuldkatte erinevuste j\u00e4rgi on Eesti territoorium t\u00e4psemal k\u00e4sitlusel jaotatud\u00a0<b>8 piirkonnaks<\/b>:\n<\/p>\n<ul>\n<li>\n\t\t1. P\u00f5hja-Eesti paepealsete ja r\u00e4hkmuldade valdkond\n\t<\/li>\n<li>\n\t\t2. Kesk-Eesti leostunud ja leetjate muldade valdkond\n\t<\/li>\n<li>\n\t\t3. L\u00f5una-Eesti n\u00e4ivletunud (kahkjate leetunud) muldade valdkond\n\t<\/li>\n<li>\n\t\t4. L\u00e4\u00e4ne-Eesti soostunud muldade valdkond\n\t<\/li>\n<li>\n\t\t5. Vahe-Eesti soostunud ja soomuldade valdkond\n\t<\/li>\n<li>\n\t\t6. Peipsi soostunud, soo- ja leetmuldade valdkond\n\t<\/li>\n<li>\n\t\t7. P\u00f5hjaranniku leetunud ja leedemuldade valdkond\n\t<\/li>\n<li>\n\t\t8. Otep\u00e4\u00e4-Haanja erosiooniohtlike ja erodeeritud muldade valdkond\n\t<\/li>\n<\/ul>\n<p><img loading=\"lazy\" decoding=\"async\" width=\"200\" height=\"136\" class=\"alignnone wp-image-29\" src=\"https:\/\/sisu.ut.ee\/wp-content\/uploads\/sites\/439\/regioonid1a.jpg\" title=\"regioonid1a.jpg\" alt=\"regioonid\"><br>Skeem 2. Erineva mullastikuga piirkonnad<\/p>\n","protected":false},"excerpt":{"rendered":"<p>Muldkatte erinevuste j\u00e4rgi on Eesti territoorium t\u00e4psemal k\u00e4sitlusel jaotatud\u00a08 piirkonnaks: 1. P\u00f5hja-Eesti paepealsete ja r\u00e4hkmuldade valdkond 2. Kesk-Eesti leostunud ja leetjate muldade valdkond 3. L\u00f5una-Eesti n\u00e4ivletunud (kahkjate leetunud) muldade valdkond 4. L\u00e4\u00e4ne-Eesti soostunud muldade valdkond 5. Vahe-Eesti soostunud ja soomuldade &#8230;<\/p>\n","protected":false},"author":226,"featured_media":0,"parent":0,"menu_order":0,"comment_status":"closed","ping_status":"closed","template":"","meta":{"_acf_changed":false,"inline_featured_image":false,"footnotes":""},"class_list":["post-6","page","type-page","status-publish","hentry"],"acf":[],"_links":{"self":[{"href":"https:\/\/sisu.ut.ee\/eestimullad\/wp-json\/wp\/v2\/pages\/6","targetHints":{"allow":["GET"]}}],"collection":[{"href":"https:\/\/sisu.ut.ee\/eestimullad\/wp-json\/wp\/v2\/pages"}],"about":[{"href":"https:\/\/sisu.ut.ee\/eestimullad\/wp-json\/wp\/v2\/types\/page"}],"author":[{"embeddable":true,"href":"https:\/\/sisu.ut.ee\/eestimullad\/wp-json\/wp\/v2\/users\/226"}],"replies":[{"embeddable":true,"href":"https:\/\/sisu.ut.ee\/eestimullad\/wp-json\/wp\/v2\/comments?post=6"}],"version-history":[{"count":1,"href":"https:\/\/sisu.ut.ee\/eestimullad\/wp-json\/wp\/v2\/pages\/6\/revisions"}],"predecessor-version":[{"id":121,"href":"https:\/\/sisu.ut.ee\/eestimullad\/wp-json\/wp\/v2\/pages\/6\/revisions\/121"}],"wp:attachment":[{"href":"https:\/\/sisu.ut.ee\/eestimullad\/wp-json\/wp\/v2\/media?parent=6"}],"curies":[{"name":"wp","href":"https:\/\/api.w.org\/{rel}","templated":true}]}}