{"id":5,"date":"2024-04-04T06:15:14","date_gmt":"2024-04-04T03:15:14","guid":{"rendered":"https:\/\/sisu.ut.ee\/eestimullad\/eesti-muldkate\/"},"modified":"2024-04-04T06:15:27","modified_gmt":"2024-04-04T03:15:27","slug":"eesti-muldkate","status":"publish","type":"page","link":"https:\/\/sisu.ut.ee\/eestimullad\/eesti-muldkate\/","title":{"rendered":"Eesti muldkate"},"content":{"rendered":"<p>\n\tK\u00f5ik teataval maa-alal paiknevad erinevad\u00a0<a data-url=\"https:\/\/sisu.ut.ee\/eestimullad\/avaleht\" href=\"https:\/\/sisu.ut.ee\/eestimullad\/avaleht\" target=\"_blank\" title=\"\" rel=\"noopener\">mullad<\/a>\u00a0koos moodustavad\u00a0<b>muldkatte<\/b>. Muldkate ei ole Eesti territooriumil \u00fchesugune. Muldade erinavat vaheldumist p\u00f5hjustab lahtekivimi koosseisu ja maapinna reljeefi ning sellega seoses mulla veega varustatuse erinev muutumine. Liikudes p\u00f5hjast l\u00f5unasse v\u00e4heneb muldade lubjasisaldus (karbonaatsus). L\u00e4\u00e4ne-Eestis suureneb aga soostuvate muldade pindala. Eesti on jaotatud viieks erineva muldkattega piirkonnaks:\n<\/p>\n<ul>\n<li>\n\t\t<b>P\u00f5hja-Eestis<\/b>\u00a0lubjarikkal (r\u00e4hksel) moreenil on tekkinud valdavalt\u00a0<a data-url=\"https:\/\/sisu.ut.ee\/eestimullad\/rahk_m\" href=\"https:\/\/sisu.ut.ee\/eestimullad\/rahk_m\" target=\"_blank\" title=\"\" rel=\"noopener\">r\u00e4hk<\/a>\u2013\u00a0ja\u00a0<a data-url=\"https:\/\/sisu.ut.ee\/eestimullad\/paepea\" href=\"https:\/\/sisu.ut.ee\/eestimullad\/paepea\" target=\"_blank\" title=\"\" rel=\"noopener\">paepealsed mullad<\/a>\n\t<\/li>\n<li>\n\t\t<b>Kesk-Eestis<\/b>\u00a0(J\u00e4rvamaal, L\u00e4\u00e4ne-Virumaa l\u00f5unaosas, J\u00f5gevamaal) r\u00e4havaesemal lahtekivimil\u00a0<a data-url=\"https:\/\/sisu.ut.ee\/eestimullad\/leostunud\" href=\"https:\/\/sisu.ut.ee\/eestimullad\/leostunud\" target=\"_blank\" title=\"\" rel=\"noopener\">leostunud ja leetjad mullad<\/a>\n\t<\/li>\n<li>\n\t\t<b>L\u00f5una-Eestis<\/b>\u00a0(P\u00e4rnumaast ida pool), kus mulla lahtekivimis sisaldub palju lubjavaest Devoni liivakividest ja savidest p\u00e4rinevat materjali, esinevad happelised\u00a0<a data-url=\"https:\/\/sisu.ut.ee\/eestimullad\/naivleost\" href=\"https:\/\/sisu.ut.ee\/eestimullad\/naivleost\" target=\"_blank\" title=\"\" rel=\"noopener\">n\u00e4ivleetunud mullad<\/a>. K\u00f5igis kolmes piirkonnas paiknevad madalamatel aladel\u00a0<a data-url=\"https:\/\/sisu.ut.ee\/eestimullad\/gleim\" href=\"https:\/\/sisu.ut.ee\/eestimullad\/gleim\" target=\"_blank\" title=\"\" rel=\"noopener\">glei-<\/a>\u00a0ja\u00a0<a data-url=\"https:\/\/sisu.ut.ee\/eestimullad\/soomullad\" href=\"https:\/\/sisu.ut.ee\/eestimullad\/soomullad\" target=\"_blank\" title=\"\" rel=\"noopener\">soomullad<\/a>.\n\t<\/li>\n<li>\n\t\t<b>L\u00e4\u00e4ne-Eestis<\/b>\u00a0on enamlevinumateks muldadeks gleimullad, mis \u00fcmbritsevad suuri rabamuldade massiive ja v\u00e4iksemapindalalisi\u00a0<a data-url=\"https:\/\/sisu.ut.ee\/eestimullad\/rahk_m\" href=\"https:\/\/sisu.ut.ee\/eestimullad\/rahk_m\" target=\"_blank\" title=\"\" rel=\"noopener\">r\u00e4hksete<\/a>\u00a0v\u00f5i\u00a0<a data-url=\"https:\/\/sisu.ut.ee\/eestimullad\/leostunud\" href=\"https:\/\/sisu.ut.ee\/eestimullad\/leostunud\" target=\"_blank\" title=\"\" rel=\"noopener\">leostunud ja leetjate muldadega<\/a>\u00a0k\u00f5rgemaid alasid.\n\t<\/li>\n<li>\n\t\tEelkirjeldatutest oluliselt erineb tugevasti k\u00fcnkliku reljeefiga\u00a0<b>Otep\u00e4\u00e4, Haanja ja Karula k\u00f5rgustik<\/b>. Siin vahelduvad eri mullad juba v\u00e4ga v\u00e4ikesel maa-alal. K\u00fcngaste n\u00f5lvadel paiknevatel p\u00f5ldudel toimub vihmavete m\u00f5jul mulla \u00e4rauhtumine madalamatele aladele, mist\u00f5ttu esineb rohkesti huumusvaeseid erodeeritud muldi.\n\t<\/li>\n<\/ul>\n<p>\n\tTeatud maa-ala muldkattest saame t\u00e4psema \u00fclevaate mullastiku kaardilt (skeem 1). Muldkatte erinevuste j\u00e4rgi on Eesti territoorium t\u00e4psemal k\u00e4sitlusel jaotatud\u00a0<a data-url=\"https:\/\/sisu.ut.ee\/eestimullad\/piirkonnad\" href=\"https:\/\/sisu.ut.ee\/eestimullad\/piirkonnad\" target=\"_blank\" title=\"\" rel=\"noopener\">8 piirkonnaks<\/a>, milliseid nimetatakse mullastiku valdkondadeks, mis omakorda jagunevad allvaldkondadeks.<br><img loading=\"lazy\" decoding=\"async\" width=\"300\" height=\"140\" class=\"alignnone wp-image-28\" src=\"https:\/\/sisu.ut.ee\/wp-content\/uploads\/sites\/439\/mullastik6a.jpg\" title=\"mullastik6a.jpg\" alt=\"mullastik\"><br>Skeem 1. Eesti muldkate<\/p>\n","protected":false},"excerpt":{"rendered":"<p>K\u00f5ik teataval maa-alal paiknevad erinevad\u00a0mullad\u00a0koos moodustavad\u00a0muldkatte. Muldkate ei ole Eesti territooriumil \u00fchesugune. Muldade erinavat vaheldumist p\u00f5hjustab lahtekivimi koosseisu ja maapinna reljeefi ning sellega seoses mulla veega varustatuse erinev muutumine. Liikudes p\u00f5hjast l\u00f5unasse v\u00e4heneb muldade lubjasisaldus (karbonaatsus). L\u00e4\u00e4ne-Eestis suureneb aga soostuvate &#8230;<\/p>\n","protected":false},"author":226,"featured_media":0,"parent":0,"menu_order":0,"comment_status":"closed","ping_status":"closed","template":"","meta":{"_acf_changed":false,"inline_featured_image":false,"footnotes":""},"class_list":["post-5","page","type-page","status-publish","hentry"],"acf":[],"_links":{"self":[{"href":"https:\/\/sisu.ut.ee\/eestimullad\/wp-json\/wp\/v2\/pages\/5","targetHints":{"allow":["GET"]}}],"collection":[{"href":"https:\/\/sisu.ut.ee\/eestimullad\/wp-json\/wp\/v2\/pages"}],"about":[{"href":"https:\/\/sisu.ut.ee\/eestimullad\/wp-json\/wp\/v2\/types\/page"}],"author":[{"embeddable":true,"href":"https:\/\/sisu.ut.ee\/eestimullad\/wp-json\/wp\/v2\/users\/226"}],"replies":[{"embeddable":true,"href":"https:\/\/sisu.ut.ee\/eestimullad\/wp-json\/wp\/v2\/comments?post=5"}],"version-history":[{"count":1,"href":"https:\/\/sisu.ut.ee\/eestimullad\/wp-json\/wp\/v2\/pages\/5\/revisions"}],"predecessor-version":[{"id":120,"href":"https:\/\/sisu.ut.ee\/eestimullad\/wp-json\/wp\/v2\/pages\/5\/revisions\/120"}],"wp:attachment":[{"href":"https:\/\/sisu.ut.ee\/eestimullad\/wp-json\/wp\/v2\/media?parent=5"}],"curies":[{"name":"wp","href":"https:\/\/api.w.org\/{rel}","templated":true}]}}