{"id":3,"date":"2024-04-04T06:15:14","date_gmt":"2024-04-04T03:15:14","guid":{"rendered":"https:\/\/sisu.ut.ee\/eestimullad\/avaleht\/"},"modified":"2024-04-22T16:01:53","modified_gmt":"2024-04-22T13:01:53","slug":"avaleht","status":"publish","type":"page","link":"https:\/\/sisu.ut.ee\/eestimullad\/","title":{"rendered":"Avaleht"},"content":{"rendered":"<p><b>Muld<\/b>\u00a0on \u00fcks osa meid \u00fcmbritsevast loodusest, kuuludes selle \u00fche olulisema osa \u2013\u00a0<b>biosf\u00e4\u00e4ri<\/b>\u00a0\u2013 koosseisu, kus toimivad organismide elutegevusega seotud protsessid. Muld on moodustunud maapinnal mineraalses kihis taimede ja mikroorganismide elutegevuse tulemusena. Muld katab \u00f5hukese pindmise kihina suurema osa maismaast, puududes vaid liivak\u00f5rbetes, k\u00f5rgm\u00e4estikes ja arktilistel aladel nn k\u00fclmak\u00f5rbetes, kus ei esine taimkatet.<\/p>\n<p><a title=\"\" href=\"https:\/\/sisu.ut.ee\/eestimullad\/mulla-talitlus\" target=\"_blank\" rel=\"noopener\" data-url=\"https:\/\/sisu.ut.ee\/eestimullad\/mulla-talitlus\">Mulla talitlus (tegevus) looduses<\/a><\/p>\n<p><a title=\"\" href=\"https:\/\/sisu.ut.ee\/eestimullad\/tegurid\" target=\"_blank\" rel=\"noopener\" data-url=\"https:\/\/sisu.ut.ee\/eestimullad\/tegurid\">Mulda kujundavad tegurid<\/a><\/p>\n<p><a title=\"\" href=\"https:\/\/sisu.ut.ee\/eestimullad\/mulla-koostis\" target=\"_blank\" rel=\"noopener\" data-url=\"https:\/\/sisu.ut.ee\/eestimullad\/mulla-koostis\">Mulla koostis ja omadused<\/a><\/p>\n<p><a title=\"\" href=\"https:\/\/sisu.ut.ee\/eestimullad\/ehitus\" target=\"_blank\" rel=\"noopener\" data-url=\"https:\/\/sisu.ut.ee\/eestimullad\/ehitus\">Mulla ehitus<\/a><\/p>\n<p><a title=\"\" href=\"https:\/\/sisu.ut.ee\/eestimullad\/mulla-viljakus\" target=\"_blank\" rel=\"noopener\" data-url=\"https:\/\/sisu.ut.ee\/eestimullad\/mulla-viljakus\">Mulla viljakus<\/a><\/p>\n<p><a title=\"\" href=\"https:\/\/sisu.ut.ee\/eestimullad\/eesti-mullad\" target=\"_blank\" rel=\"noopener\" data-url=\"https:\/\/sisu.ut.ee\/eestimullad\/eesti-mullad\">Eesti mullad<\/a><\/p>\n<p><a title=\"\" href=\"https:\/\/sisu.ut.ee\/eestimullad\/eesti-muldkate\" target=\"_blank\" rel=\"noopener\" data-url=\"https:\/\/sisu.ut.ee\/eestimullad\/eesti-muldkate\">Eesti muldkate<\/a><\/p>\n<p><a title=\"\" href=\"https:\/\/sisu.ut.ee\/eestimullad\/muld-ja-inimene\" target=\"_blank\" rel=\"noopener\" data-url=\"https:\/\/sisu.ut.ee\/eestimullad\/muld-ja-inimene\">Muld ja inimene<\/a><\/p>\n<p>\u00d5ppematerjalide koostamist toetas Keskkonnainsvesteeringute Keskus.<\/p>\n<p><img loading=\"lazy\" decoding=\"async\" class=\"alignnone size-full wp-image-130\" src=\"https:\/\/sisu.ut.ee\/wp-content\/uploads\/sites\/439\/kik_logo_rgb.jpg\" alt=\"\" width=\"199\" height=\"217\"><\/p>\n<p style=\"text-align: left;\">Mulla \u00f5ppematerjali\u00a0koostaja on Igna Rooma.<br>\nCopyright \u00a9\u00a02003 T\u00dc geoloogiamuuseum<\/p>\n","protected":false},"excerpt":{"rendered":"<p>Muld\u00a0on \u00fcks osa meid \u00fcmbritsevast loodusest, kuuludes selle \u00fche olulisema osa \u2013\u00a0biosf\u00e4\u00e4ri\u00a0\u2013 koosseisu, kus toimivad organismide elutegevusega seotud protsessid. Muld on moodustunud maapinnal mineraalses kihis taimede ja mikroorganismide elutegevuse tulemusena. Muld katab \u00f5hukese pindmise kihina suurema osa maismaast, puududes vaid &#8230;<\/p>\n","protected":false},"author":226,"featured_media":0,"parent":0,"menu_order":0,"comment_status":"closed","ping_status":"closed","template":"","meta":{"_acf_changed":false,"inline_featured_image":false,"footnotes":""},"class_list":["post-3","page","type-page","status-publish","hentry"],"acf":[],"_links":{"self":[{"href":"https:\/\/sisu.ut.ee\/eestimullad\/wp-json\/wp\/v2\/pages\/3","targetHints":{"allow":["GET"]}}],"collection":[{"href":"https:\/\/sisu.ut.ee\/eestimullad\/wp-json\/wp\/v2\/pages"}],"about":[{"href":"https:\/\/sisu.ut.ee\/eestimullad\/wp-json\/wp\/v2\/types\/page"}],"author":[{"embeddable":true,"href":"https:\/\/sisu.ut.ee\/eestimullad\/wp-json\/wp\/v2\/users\/226"}],"replies":[{"embeddable":true,"href":"https:\/\/sisu.ut.ee\/eestimullad\/wp-json\/wp\/v2\/comments?post=3"}],"version-history":[{"count":3,"href":"https:\/\/sisu.ut.ee\/eestimullad\/wp-json\/wp\/v2\/pages\/3\/revisions"}],"predecessor-version":[{"id":131,"href":"https:\/\/sisu.ut.ee\/eestimullad\/wp-json\/wp\/v2\/pages\/3\/revisions\/131"}],"wp:attachment":[{"href":"https:\/\/sisu.ut.ee\/eestimullad\/wp-json\/wp\/v2\/media?parent=3"}],"curies":[{"name":"wp","href":"https:\/\/api.w.org\/{rel}","templated":true}]}}