{"id":26,"date":"2024-04-04T06:15:16","date_gmt":"2024-04-04T03:15:16","guid":{"rendered":"https:\/\/sisu.ut.ee\/eestimullad\/mulla-vanus\/"},"modified":"2024-04-04T06:15:26","modified_gmt":"2024-04-04T03:15:26","slug":"mulla-vanus","status":"publish","type":"page","link":"https:\/\/sisu.ut.ee\/eestimullad\/mulla-vanus\/","title":{"rendered":"Mulla vanus"},"content":{"rendered":"<p>\n\t<b>Muldade vanus<\/b>\u00a0Maal on v\u00e4ga erinev alates m\u00f5nest aastast (veekogude alt vabanenud aladel v\u00f5i vulkaanide \u00fcmbruses laava- ja tuhav\u00e4ljadel) kuni mitme miljoni aastani l\u00f5unapoolkera mandritel. K\u00f5rg-Eestis algas mullateke peale mandrij\u00e4\u00e4\u00a0taandumist. Seega on vanimad mullad siin ligi 10 000 aastat vanad. L\u00e4\u00e4ne-Eesti madalamad alad j\u00e4id veel m\u00f5neks tuhandeks aastaks vee alla. Sealsed mullad on selle v\u00f5rra nooremad. L\u00e4\u00e4ne- ja Loode-Eestis maa kerkib ning mere alt vabaneb j\u00e4rjest uusi alasid, kus mullateke alles algab (foto 1).\n<\/p>\n<p>\n\t<img loading=\"lazy\" decoding=\"async\" width=\"120\" height=\"81\" class=\"alignnone wp-image-62\" src=\"https:\/\/sisu.ut.ee\/wp-content\/uploads\/sites\/439\/harilaid1a.jpg\" title=\"harilaid1a.jpg\" alt=\"harilaid\">\u00a0a\u00a0<img loading=\"lazy\" decoding=\"async\" width=\"120\" height=\"81\" class=\"alignnone wp-image-63\" src=\"https:\/\/sisu.ut.ee\/wp-content\/uploads\/sites\/439\/vesiloo1a.jpg\" title=\"vesiloo1a.jpg\" alt=\"vesiloo\">\u00a0b<br>Foto 1. a \u2013 merest t\u00f5usev maa, Harilaid, L\u00e4\u00e4nemaa; b \u2013 mullatekkest veel haaramata mulla lahtekivim, Vesiloo saar, Vilsandi (fotod L. Reintam)<\/p>\n","protected":false},"excerpt":{"rendered":"<p>Muldade vanus\u00a0Maal on v\u00e4ga erinev alates m\u00f5nest aastast (veekogude alt vabanenud aladel v\u00f5i vulkaanide \u00fcmbruses laava- ja tuhav\u00e4ljadel) kuni mitme miljoni aastani l\u00f5unapoolkera mandritel. K\u00f5rg-Eestis algas mullateke peale mandrij\u00e4\u00e4\u00a0taandumist. Seega on vanimad mullad siin ligi 10 000 aastat vanad. L\u00e4\u00e4ne-Eesti &#8230;<\/p>\n","protected":false},"author":226,"featured_media":0,"parent":0,"menu_order":0,"comment_status":"closed","ping_status":"closed","template":"","meta":{"_acf_changed":false,"inline_featured_image":false,"footnotes":""},"class_list":["post-26","page","type-page","status-publish","hentry"],"acf":[],"_links":{"self":[{"href":"https:\/\/sisu.ut.ee\/eestimullad\/wp-json\/wp\/v2\/pages\/26","targetHints":{"allow":["GET"]}}],"collection":[{"href":"https:\/\/sisu.ut.ee\/eestimullad\/wp-json\/wp\/v2\/pages"}],"about":[{"href":"https:\/\/sisu.ut.ee\/eestimullad\/wp-json\/wp\/v2\/types\/page"}],"author":[{"embeddable":true,"href":"https:\/\/sisu.ut.ee\/eestimullad\/wp-json\/wp\/v2\/users\/226"}],"replies":[{"embeddable":true,"href":"https:\/\/sisu.ut.ee\/eestimullad\/wp-json\/wp\/v2\/comments?post=26"}],"version-history":[{"count":1,"href":"https:\/\/sisu.ut.ee\/eestimullad\/wp-json\/wp\/v2\/pages\/26\/revisions"}],"predecessor-version":[{"id":107,"href":"https:\/\/sisu.ut.ee\/eestimullad\/wp-json\/wp\/v2\/pages\/26\/revisions\/107"}],"wp:attachment":[{"href":"https:\/\/sisu.ut.ee\/eestimullad\/wp-json\/wp\/v2\/media?parent=26"}],"curies":[{"name":"wp","href":"https:\/\/api.w.org\/{rel}","templated":true}]}}