{"id":25,"date":"2024-04-04T06:15:16","date_gmt":"2024-04-04T03:15:16","guid":{"rendered":"https:\/\/sisu.ut.ee\/eestimullad\/kohalik-reljeef\/"},"modified":"2024-04-04T06:15:26","modified_gmt":"2024-04-04T03:15:26","slug":"kohalik-reljeef","status":"publish","type":"page","link":"https:\/\/sisu.ut.ee\/eestimullad\/kohalik-reljeef\/","title":{"rendered":"Kohalik reljeef"},"content":{"rendered":"<p>\n\t<b>Kohalik reljeef<\/b>\u00a0m\u00f5jutab mulda eelk\u00f5ige selle kaudu, et jaotab \u00fcmber maapinnale sademetena langeva vee ja osalt ka p\u00e4ikesekiirguse. K\u00fcngaste lagedelt ja n\u00f5lvadelt ning \u00fcldse k\u00f5rgematelt aladelt voolab osa sademete vett n\u00f5gudesse ja orgudesse (foto 1a). Seet\u00f5ttu on k\u00f5rgematel aladel p\u00f5hjavesi s\u00fcgaval ja siin levivad parasniisked v\u00f5i p\u00f5uakartlikud mullad. Madalamatel aladel on aga p\u00f5hjavesi maapinna l\u00e4hedal v\u00f5i maapinnal ning mullad liigniisked. L\u00f5unapoolsed n\u00f5lvad saavad valgust ja soojust rohkem kui p\u00f5hjapoolsed. P\u00f5llualadel uhuvad k\u00fcngaste n\u00f5lvadelt ja oruveerudelt vihma- ning lumesulamisveed pealmise mullakihi madalamatele aladele, mida nimetatakse\u00a0<b>mulla erosiooniks<\/b>\u00a0(foto 1b).\n<\/p>\n<p>\n\tReljeefist tingitud mulla veevarustuse muutused p\u00f5hjustavad koos lahtekivimi erinevustega Eestis eri muldade vaheldumise juba v\u00e4ikesel maa-alal.<br><img loading=\"lazy\" decoding=\"async\" width=\"120\" height=\"80\" class=\"alignnone wp-image-58\" src=\"https:\/\/sisu.ut.ee\/wp-content\/uploads\/sites\/439\/l_eesti1a.jpg\" title=\"l_eesti1a.jpg\" alt=\"eesti\">\u00a0a\u00a0<img loading=\"lazy\" decoding=\"async\" width=\"120\" height=\"90\" class=\"alignnone wp-image-59\" src=\"https:\/\/sisu.ut.ee\/wp-content\/uploads\/sites\/439\/12a.jpg\" title=\"12a.jpg\" alt=\"mets\">b\u00a0<img loading=\"lazy\" decoding=\"async\" width=\"120\" height=\"90\" class=\"alignnone wp-image-60\" src=\"https:\/\/sisu.ut.ee\/wp-content\/uploads\/sites\/439\/18a.jpg\" title=\"18a.jpg\" alt=\"mets\">\u00a0c\u00a0<img loading=\"lazy\" decoding=\"async\" width=\"120\" height=\"80\" class=\"alignnone wp-image-61\" src=\"https:\/\/sisu.ut.ee\/wp-content\/uploads\/sites\/439\/erod_ots_mor1a.jpg\" title=\"erod_ots_mor1a.jpg\" alt=\"muld\">\u00a0d<br>Foto 1. a-c \u2013 vaade L\u00f5una-Eesti k\u00fcnklikule maastikule Suure Munam\u00e4e otsast (foto a \u2013 M. Isakar; b, c \u2013 T. Pani; d \u2013 erodeeritud otsmoreenseljak Valgj\u00e4rvel Valgamaal (foto L. Reintam)<\/p>\n","protected":false},"excerpt":{"rendered":"<p>Kohalik reljeef\u00a0m\u00f5jutab mulda eelk\u00f5ige selle kaudu, et jaotab \u00fcmber maapinnale sademetena langeva vee ja osalt ka p\u00e4ikesekiirguse. K\u00fcngaste lagedelt ja n\u00f5lvadelt ning \u00fcldse k\u00f5rgematelt aladelt voolab osa sademete vett n\u00f5gudesse ja orgudesse (foto 1a). Seet\u00f5ttu on k\u00f5rgematel aladel p\u00f5hjavesi s\u00fcgaval &#8230;<\/p>\n","protected":false},"author":226,"featured_media":0,"parent":0,"menu_order":0,"comment_status":"closed","ping_status":"closed","template":"","meta":{"_acf_changed":false,"inline_featured_image":false,"footnotes":""},"class_list":["post-25","page","type-page","status-publish","hentry"],"acf":[],"_links":{"self":[{"href":"https:\/\/sisu.ut.ee\/eestimullad\/wp-json\/wp\/v2\/pages\/25","targetHints":{"allow":["GET"]}}],"collection":[{"href":"https:\/\/sisu.ut.ee\/eestimullad\/wp-json\/wp\/v2\/pages"}],"about":[{"href":"https:\/\/sisu.ut.ee\/eestimullad\/wp-json\/wp\/v2\/types\/page"}],"author":[{"embeddable":true,"href":"https:\/\/sisu.ut.ee\/eestimullad\/wp-json\/wp\/v2\/users\/226"}],"replies":[{"embeddable":true,"href":"https:\/\/sisu.ut.ee\/eestimullad\/wp-json\/wp\/v2\/comments?post=25"}],"version-history":[{"count":1,"href":"https:\/\/sisu.ut.ee\/eestimullad\/wp-json\/wp\/v2\/pages\/25\/revisions"}],"predecessor-version":[{"id":106,"href":"https:\/\/sisu.ut.ee\/eestimullad\/wp-json\/wp\/v2\/pages\/25\/revisions\/106"}],"wp:attachment":[{"href":"https:\/\/sisu.ut.ee\/eestimullad\/wp-json\/wp\/v2\/media?parent=25"}],"curies":[{"name":"wp","href":"https:\/\/api.w.org\/{rel}","templated":true}]}}