{"id":23,"date":"2024-04-04T06:15:16","date_gmt":"2024-04-04T03:15:16","guid":{"rendered":"https:\/\/sisu.ut.ee\/eestimullad\/kliima\/"},"modified":"2024-04-04T06:15:26","modified_gmt":"2024-04-04T03:15:26","slug":"kliima","status":"publish","type":"page","link":"https:\/\/sisu.ut.ee\/eestimullad\/kliima\/","title":{"rendered":"Kliima"},"content":{"rendered":"<p>\n\t<b>Kliima<\/b>\u00a0m\u00e4\u00e4rab biosf\u00e4\u00e4ris temperatuuri ja sademete hulga ning selle muutumise eri aastaaegadel. Nendest n\u00e4itajatest oleneb aga taimkatte liigiline koostis ja moodustuva orgaanilise aine hulk (bioproduktsioon). Viimasest oleneb omakorda mullatekkeprotsesside iseloom ja intensiivsus. K\u00f5rgm\u00e4gedes, kus madala temperatuuri v\u00f5i k\u00f5rbetes v\u00e4heste sademete t\u00f5ttu puuduvad taimekasvuks vajalikud tingimused, mulda ei esine.\n<\/p>\n<p>\n\tKliima n\u00e4itajaid v\u00f5ib lugeda kogu Eesti ulatuses sarnasteks. See t\u00e4hendab, et klimaatiliste tingimuste j\u00e4rgi peaks kogu Eestis kujunema \u00fchesugune\u00a0<a data-url=\"https:\/\/sisu.ut.ee\/eestimullad\/avaleht\" href=\"https:\/\/sisu.ut.ee\/eestimullad\/avaleht\" target=\"_blank\" title=\"\" rel=\"noopener\">muld<\/a>.\n<\/p>\n<p>\n\t<img loading=\"lazy\" decoding=\"async\" width=\"230\" height=\"154\" class=\"alignnone wp-image-55\" src=\"https:\/\/sisu.ut.ee\/wp-content\/uploads\/sites\/439\/pilved1.jpg\" title=\"pilved1.jpg\" alt=\"pilved\">\u00a0<img loading=\"lazy\" decoding=\"async\" width=\"230\" height=\"154\" class=\"alignnone wp-image-56\" src=\"https:\/\/sisu.ut.ee\/wp-content\/uploads\/sites\/439\/pilved3.jpg\" title=\"pilved3.jpg\" alt=\"pilved\"><\/p>\n","protected":false},"excerpt":{"rendered":"<p>Kliima\u00a0m\u00e4\u00e4rab biosf\u00e4\u00e4ris temperatuuri ja sademete hulga ning selle muutumise eri aastaaegadel. Nendest n\u00e4itajatest oleneb aga taimkatte liigiline koostis ja moodustuva orgaanilise aine hulk (bioproduktsioon). Viimasest oleneb omakorda mullatekkeprotsesside iseloom ja intensiivsus. K\u00f5rgm\u00e4gedes, kus madala temperatuuri v\u00f5i k\u00f5rbetes v\u00e4heste sademete t\u00f5ttu &#8230;<\/p>\n","protected":false},"author":226,"featured_media":0,"parent":0,"menu_order":0,"comment_status":"closed","ping_status":"closed","template":"","meta":{"_acf_changed":false,"inline_featured_image":false,"footnotes":""},"class_list":["post-23","page","type-page","status-publish","hentry"],"acf":[],"_links":{"self":[{"href":"https:\/\/sisu.ut.ee\/eestimullad\/wp-json\/wp\/v2\/pages\/23","targetHints":{"allow":["GET"]}}],"collection":[{"href":"https:\/\/sisu.ut.ee\/eestimullad\/wp-json\/wp\/v2\/pages"}],"about":[{"href":"https:\/\/sisu.ut.ee\/eestimullad\/wp-json\/wp\/v2\/types\/page"}],"author":[{"embeddable":true,"href":"https:\/\/sisu.ut.ee\/eestimullad\/wp-json\/wp\/v2\/users\/226"}],"replies":[{"embeddable":true,"href":"https:\/\/sisu.ut.ee\/eestimullad\/wp-json\/wp\/v2\/comments?post=23"}],"version-history":[{"count":1,"href":"https:\/\/sisu.ut.ee\/eestimullad\/wp-json\/wp\/v2\/pages\/23\/revisions"}],"predecessor-version":[{"id":104,"href":"https:\/\/sisu.ut.ee\/eestimullad\/wp-json\/wp\/v2\/pages\/23\/revisions\/104"}],"wp:attachment":[{"href":"https:\/\/sisu.ut.ee\/eestimullad\/wp-json\/wp\/v2\/media?parent=23"}],"curies":[{"name":"wp","href":"https:\/\/api.w.org\/{rel}","templated":true}]}}