{"id":19,"date":"2024-04-04T06:15:15","date_gmt":"2024-04-04T03:15:15","guid":{"rendered":"https:\/\/sisu.ut.ee\/eestimullad\/hydromorf\/"},"modified":"2024-04-04T06:15:26","modified_gmt":"2024-04-04T03:15:26","slug":"hydromorf","status":"publish","type":"page","link":"https:\/\/sisu.ut.ee\/eestimullad\/hydromorf\/","title":{"rendered":"Poolh\u00fcdromorfsed ja h\u00fcdromorfsed mullad"},"content":{"rendered":"<p>\n\t<a data-url=\"https:\/\/sisu.ut.ee\/eestimullad\/ehitus\" href=\"https:\/\/sisu.ut.ee\/eestimullad\/ehitus\" target=\"_blank\" title=\"\" rel=\"noopener\">Poolh\u00fcdromorfsed ja h\u00fcdromorfsed mullad<\/a>\u00a0koosnevad:\n<\/p>\n<ul>\n<li>\n\t\t7.\u00a0<a data-url=\"https:\/\/sisu.ut.ee\/eestimullad\/gleim\" href=\"https:\/\/sisu.ut.ee\/eestimullad\/gleim\" target=\"_blank\" title=\"\" rel=\"noopener\">Gleihorisont (G)<\/a>\u00a0on sinakas- v\u00f5i rohekashalli v\u00f5i valkja v\u00e4rvusega. Kujuneb liigniiskes (hapnikuvaeses) keskkonnas, kus pruuni v\u00e4rvusega kolmevalentne raud on taandatud kahevalentseks. N\u00f5rgema liigniiskuse korral (muld on \u00f5hustatud ainult aega-jalt) esineb sinakashallide, valkjate ja roostev\u00e4rvi laikudega m\u00f5ni eelmainitud horisont (n\u00e4it. E, B). Sel juhul on tegemist gleistunud v\u00e4ljauhte- (Eg), sisseuhte- (Bg) jne. horisondiga\n\t<\/li>\n<li>\n\t\t8.\u00a0<a data-url=\"https:\/\/sisu.ut.ee\/eestimullad\/gleim\" href=\"https:\/\/sisu.ut.ee\/eestimullad\/gleim\" target=\"_blank\" title=\"\" rel=\"noopener\">Toorhuumuslik horisont (AT)<\/a>\u00a0on k\u00f5durikas orgaanilis-mineraalne horisont, mis tekib siis, kui ajutise liigniiskuse t\u00f5ttu taimedest mulda j\u00e4\u00e4v orgaaniline aine ei suuda t\u00e4ielikult mineraliseeruda, vaid hakkab kogunema mulda. On \u00fcleminekuhorisondiks huumus- ja turbahorisondi vahel\n\t<\/li>\n<li>\n\t\t9.\u00a0<a data-url=\"https:\/\/sisu.ut.ee\/eestimullad\/soomullad\" href=\"https:\/\/sisu.ut.ee\/eestimullad\/soomullad\" target=\"_blank\" title=\"\" rel=\"noopener\">Turbahorisont (T)<\/a>\u00a0on mulla pealmine horisont soodes, kus p\u00f5hjavesi praktiliselt ulatub maapinnani. Tekkinud poollagunenud taimej\u00e4\u00e4nuste kuhjumisel hapnikuvaeses keskkonnas.\n\t<\/li>\n<\/ul>\n","protected":false},"excerpt":{"rendered":"<p>Poolh\u00fcdromorfsed ja h\u00fcdromorfsed mullad\u00a0koosnevad: 7.\u00a0Gleihorisont (G)\u00a0on sinakas- v\u00f5i rohekashalli v\u00f5i valkja v\u00e4rvusega. Kujuneb liigniiskes (hapnikuvaeses) keskkonnas, kus pruuni v\u00e4rvusega kolmevalentne raud on taandatud kahevalentseks. N\u00f5rgema liigniiskuse korral (muld on \u00f5hustatud ainult aega-jalt) esineb sinakashallide, valkjate ja roostev\u00e4rvi laikudega m\u00f5ni eelmainitud &#8230;<\/p>\n","protected":false},"author":226,"featured_media":0,"parent":0,"menu_order":0,"comment_status":"closed","ping_status":"closed","template":"","meta":{"_acf_changed":false,"inline_featured_image":false,"footnotes":""},"class_list":["post-19","page","type-page","status-publish","hentry"],"acf":[],"_links":{"self":[{"href":"https:\/\/sisu.ut.ee\/eestimullad\/wp-json\/wp\/v2\/pages\/19","targetHints":{"allow":["GET"]}}],"collection":[{"href":"https:\/\/sisu.ut.ee\/eestimullad\/wp-json\/wp\/v2\/pages"}],"about":[{"href":"https:\/\/sisu.ut.ee\/eestimullad\/wp-json\/wp\/v2\/types\/page"}],"author":[{"embeddable":true,"href":"https:\/\/sisu.ut.ee\/eestimullad\/wp-json\/wp\/v2\/users\/226"}],"replies":[{"embeddable":true,"href":"https:\/\/sisu.ut.ee\/eestimullad\/wp-json\/wp\/v2\/comments?post=19"}],"version-history":[{"count":1,"href":"https:\/\/sisu.ut.ee\/eestimullad\/wp-json\/wp\/v2\/pages\/19\/revisions"}],"predecessor-version":[{"id":116,"href":"https:\/\/sisu.ut.ee\/eestimullad\/wp-json\/wp\/v2\/pages\/19\/revisions\/116"}],"wp:attachment":[{"href":"https:\/\/sisu.ut.ee\/eestimullad\/wp-json\/wp\/v2\/media?parent=19"}],"curies":[{"name":"wp","href":"https:\/\/api.w.org\/{rel}","templated":true}]}}