{"id":16,"date":"2024-04-04T06:15:15","date_gmt":"2024-04-04T03:15:15","guid":{"rendered":"https:\/\/sisu.ut.ee\/eestimullad\/mulla-viljakus\/"},"modified":"2024-04-04T06:15:26","modified_gmt":"2024-04-04T03:15:26","slug":"mulla-viljakus","status":"publish","type":"page","link":"https:\/\/sisu.ut.ee\/eestimullad\/mulla-viljakus\/","title":{"rendered":"Mulla viljakus"},"content":{"rendered":"<p>\n\t<b>Mulla viljakus<\/b>\u00a0s\u00f5ltub huumuse- ja saviosakeste sisaldusest, huumushorisondi t\u00fcsedusest, aktiivveemahutavusest ning mulla reaktsioonist. Viljakaimad mullad Eestis on t\u00fcseda huumushorisondiga, huumusrikkad (2,5-5,0%), pooleteisest meetrist s\u00fcgavama p\u00f5hjaveega ja neutraalse reaktsiooniga\u00a0<a data-url=\"https:\/\/sisu.ut.ee\/eestimullad\/mulla-koostis\" href=\"https:\/\/sisu.ut.ee\/eestimullad\/mulla-koostis\" target=\"_blank\" title=\"\" rel=\"noopener\">liivsavimullad<\/a>.\n<\/p>\n<p>\n\tP\u00f5llumuldade viljakust hinnatakse 100 punktilise skaala j\u00e4rgi. Mida suurem hindepunktide arv, seda parem muld. Sellised Eestis p\u00f5llumajandusliku kasutuse seisukohalt parimad mullad levivad Pandivere k\u00f5rgustikul ja Kesk-Eesti lavamaal (joonis 1).<br><img loading=\"lazy\" decoding=\"async\" width=\"200\" height=\"149\" class=\"alignnone wp-image-48\" src=\"https:\/\/sisu.ut.ee\/wp-content\/uploads\/sites\/439\/viljakus4a.gif\" title=\"viljakus4a.gif\" alt=\"viljakus\"><br>Joonis 1. P\u00f5llumuldade viljakus<\/p>\n","protected":false},"excerpt":{"rendered":"<p>Mulla viljakus\u00a0s\u00f5ltub huumuse- ja saviosakeste sisaldusest, huumushorisondi t\u00fcsedusest, aktiivveemahutavusest ning mulla reaktsioonist. Viljakaimad mullad Eestis on t\u00fcseda huumushorisondiga, huumusrikkad (2,5-5,0%), pooleteisest meetrist s\u00fcgavama p\u00f5hjaveega ja neutraalse reaktsiooniga\u00a0liivsavimullad. P\u00f5llumuldade viljakust hinnatakse 100 punktilise skaala j\u00e4rgi. Mida suurem hindepunktide arv, seda parem &#8230;<\/p>\n","protected":false},"author":226,"featured_media":0,"parent":0,"menu_order":0,"comment_status":"closed","ping_status":"closed","template":"","meta":{"_acf_changed":false,"inline_featured_image":false,"footnotes":""},"class_list":["post-16","page","type-page","status-publish","hentry"],"acf":[],"_links":{"self":[{"href":"https:\/\/sisu.ut.ee\/eestimullad\/wp-json\/wp\/v2\/pages\/16","targetHints":{"allow":["GET"]}}],"collection":[{"href":"https:\/\/sisu.ut.ee\/eestimullad\/wp-json\/wp\/v2\/pages"}],"about":[{"href":"https:\/\/sisu.ut.ee\/eestimullad\/wp-json\/wp\/v2\/types\/page"}],"author":[{"embeddable":true,"href":"https:\/\/sisu.ut.ee\/eestimullad\/wp-json\/wp\/v2\/users\/226"}],"replies":[{"embeddable":true,"href":"https:\/\/sisu.ut.ee\/eestimullad\/wp-json\/wp\/v2\/comments?post=16"}],"version-history":[{"count":1,"href":"https:\/\/sisu.ut.ee\/eestimullad\/wp-json\/wp\/v2\/pages\/16\/revisions"}],"predecessor-version":[{"id":113,"href":"https:\/\/sisu.ut.ee\/eestimullad\/wp-json\/wp\/v2\/pages\/16\/revisions\/113"}],"wp:attachment":[{"href":"https:\/\/sisu.ut.ee\/eestimullad\/wp-json\/wp\/v2\/media?parent=16"}],"curies":[{"name":"wp","href":"https:\/\/api.w.org\/{rel}","templated":true}]}}