{"id":14,"date":"2024-04-04T06:15:15","date_gmt":"2024-04-04T03:15:15","guid":{"rendered":"https:\/\/sisu.ut.ee\/eestimullad\/paepea\/"},"modified":"2024-04-04T06:15:26","modified_gmt":"2024-04-04T03:15:26","slug":"paepea","status":"publish","type":"page","link":"https:\/\/sisu.ut.ee\/eestimullad\/paepea\/","title":{"rendered":"Paepealsed mullad ehk paepealsed rendsiinad (profiil A-D)"},"content":{"rendered":"<p>\n\t<a data-url=\"https:\/\/sisu.ut.ee\/eestimullad\/eesti-mullad\" href=\"https:\/\/sisu.ut.ee\/eestimullad\/eesti-mullad\" target=\"_blank\" title=\"\" rel=\"noopener\">Paepealsed mullad ehk paepealsed rendsiinad (profiil A-D)<\/a>. Levivad peamiselt P\u00f5hja-Eestis, Saaremaal ja Muhus. On kujunenud kuni 30 cm s\u00fcgavusel lasuval massiivsel v\u00f5i murenenud\u00a0<b>lubjakivil<\/b>\u00a0(foto 1, 2). Need on Eestis k\u00f5rgeima huumusesisaldusega (kuni 30%) ja taimetoitainete rikkad, aga tugevasti p\u00f5uakartlikud aluselise reaktsiooniga\u00a0<a data-url=\"https:\/\/sisu.ut.ee\/eestimullad\/mulla-koostis\" href=\"https:\/\/sisu.ut.ee\/eestimullad\/mulla-koostis\" target=\"_blank\" title=\"\" rel=\"noopener\">liivsavi- v\u00f5i saviliivmullad<\/a>.\n<\/p>\n<p>\n\tLooduslikus seisundis levivad siin liigirikkad lagedad looniidud, lookadastikud v\u00f5i loom\u00e4nnikud ja -kuusikud. Enamikus p\u00f5lluna kasutamiseks k\u00f5lbmatud v\u00f5i t\u00fcsedama huumushorisondi korral madala viljakusega p\u00f5llumullad.<br><img loading=\"lazy\" decoding=\"async\" width=\"79\" height=\"120\" class=\"alignnone wp-image-41\" src=\"https:\/\/sisu.ut.ee\/wp-content\/uploads\/sites\/439\/rends3a.jpg\" title=\"rends3a.jpg\" alt=\"paepealne\">\u00a0a\u00a0<img loading=\"lazy\" decoding=\"async\" width=\"79\" height=\"120\" class=\"alignnone wp-image-42\" src=\"https:\/\/sisu.ut.ee\/wp-content\/uploads\/sites\/439\/rends2a.jpg\" title=\"rends2a.jpg\" alt=\"paepealne\">\u00a0b<br>Foto 1. Paepealsed rendsiinad Saare- ja Hiiumaa loodudel (fotod L. Reintam)<br><img loading=\"lazy\" decoding=\"async\" width=\"120\" height=\"80\" class=\"alignnone wp-image-43\" src=\"https:\/\/sisu.ut.ee\/wp-content\/uploads\/sites\/439\/p_pealne1a.jpg\" title=\"p_pealne1a.jpg\" alt=\"lookadastik\"><br>Foto 2. Lookadastik paepealsel mullal Vilsandis (foto L. Reintam)<\/p>\n","protected":false},"excerpt":{"rendered":"<p>Paepealsed mullad ehk paepealsed rendsiinad (profiil A-D). Levivad peamiselt P\u00f5hja-Eestis, Saaremaal ja Muhus. On kujunenud kuni 30 cm s\u00fcgavusel lasuval massiivsel v\u00f5i murenenud\u00a0lubjakivil\u00a0(foto 1, 2). Need on Eestis k\u00f5rgeima huumusesisaldusega (kuni 30%) ja taimetoitainete rikkad, aga tugevasti p\u00f5uakartlikud aluselise reaktsiooniga\u00a0liivsavi- &#8230;<\/p>\n","protected":false},"author":226,"featured_media":0,"parent":0,"menu_order":0,"comment_status":"closed","ping_status":"closed","template":"","meta":{"_acf_changed":false,"inline_featured_image":false,"footnotes":""},"class_list":["post-14","page","type-page","status-publish","hentry"],"acf":[],"_links":{"self":[{"href":"https:\/\/sisu.ut.ee\/eestimullad\/wp-json\/wp\/v2\/pages\/14","targetHints":{"allow":["GET"]}}],"collection":[{"href":"https:\/\/sisu.ut.ee\/eestimullad\/wp-json\/wp\/v2\/pages"}],"about":[{"href":"https:\/\/sisu.ut.ee\/eestimullad\/wp-json\/wp\/v2\/types\/page"}],"author":[{"embeddable":true,"href":"https:\/\/sisu.ut.ee\/eestimullad\/wp-json\/wp\/v2\/users\/226"}],"replies":[{"embeddable":true,"href":"https:\/\/sisu.ut.ee\/eestimullad\/wp-json\/wp\/v2\/comments?post=14"}],"version-history":[{"count":1,"href":"https:\/\/sisu.ut.ee\/eestimullad\/wp-json\/wp\/v2\/pages\/14\/revisions"}],"predecessor-version":[{"id":111,"href":"https:\/\/sisu.ut.ee\/eestimullad\/wp-json\/wp\/v2\/pages\/14\/revisions\/111"}],"wp:attachment":[{"href":"https:\/\/sisu.ut.ee\/eestimullad\/wp-json\/wp\/v2\/media?parent=14"}],"curies":[{"name":"wp","href":"https:\/\/api.w.org\/{rel}","templated":true}]}}