{"id":13,"date":"2024-04-04T06:15:15","date_gmt":"2024-04-04T03:15:15","guid":{"rendered":"https:\/\/sisu.ut.ee\/eestimullad\/naivleost\/"},"modified":"2024-04-04T06:15:26","modified_gmt":"2024-04-04T03:15:26","slug":"naivleost","status":"publish","type":"page","link":"https:\/\/sisu.ut.ee\/eestimullad\/naivleost\/","title":{"rendered":"N\u00e4ivleetunud mullad (profiil A-B-E-B-C)"},"content":{"rendered":"<p>\n\t<a data-url=\"https:\/\/sisu.ut.ee\/eestimullad\/eesti-mullad\" href=\"https:\/\/sisu.ut.ee\/eestimullad\/eesti-mullad\" target=\"_blank\" title=\"\" rel=\"noopener\">N\u00e4ivleetunud mullad (profiil A-B-E-B-C)<\/a>\u00a0levivad L\u00f5una- eriti aga Kagu-Eestis (foto 2). L\u00e4htekivimiks on\u00a0<b>punakaspruun moreen<\/b>. Need on keskmisest madalama huumusesisaldusega, looduslikus seisundis happelise reaktsiooniga mullad, kus \u00fclemistes horisontides esineb saviliiv, s\u00fcgavamal aga liivsavi (foto 1). Nende muldade omap\u00e4raks on asjaolu, et saviliiva kihi alumisse osasse liivsavi peale koguneb kevadeti ja suurte vihmade j\u00e4rele ajutine mullasisene vesi \u2013 \u00fclavesi.\n<\/p>\n<p>\n\t\u00dclesharimata aladel kasvavad j\u00e4nesekapsa kuusikud. Ligi kolm neljandikku nende muldade \u00fcldpindalast on p\u00f5llustatud. P\u00f5lluna keskmise v\u00f5i k\u00f5rge viljakusega mullad, kuid vajavad perioodilist lupjamist. \u00dclavesi raskendab siin p\u00f5llut\u00f6\u00f6de tegemist.<br><img loading=\"lazy\" decoding=\"async\" width=\"114\" height=\"120\" class=\"alignnone wp-image-39\" src=\"https:\/\/sisu.ut.ee\/wp-content\/uploads\/sites\/439\/naiv_leost2a.jpg\" title=\"naiv_leost2a.jpg\" alt=\"n\u00e4iv_leost\"><br>Foto 1. N\u00e4ivleetunud muld liivsavil<br><img loading=\"lazy\" decoding=\"async\" width=\"120\" height=\"80\" class=\"alignnone wp-image-40\" src=\"https:\/\/sisu.ut.ee\/wp-content\/uploads\/sites\/439\/lain_mor_tas1a.jpg\" title=\"lain_mor_tas1a.jpg\" alt=\"ilus\"><br>Foto 2. N\u00e4ivleetunud muldade leviala \u2013 Sakala k\u00f5rgustiku lainjas moreentasandik, Paistu, Viljandimaa (fotod L. Reintam)<\/p>\n","protected":false},"excerpt":{"rendered":"<p>N\u00e4ivleetunud mullad (profiil A-B-E-B-C)\u00a0levivad L\u00f5una- eriti aga Kagu-Eestis (foto 2). L\u00e4htekivimiks on\u00a0punakaspruun moreen. Need on keskmisest madalama huumusesisaldusega, looduslikus seisundis happelise reaktsiooniga mullad, kus \u00fclemistes horisontides esineb saviliiv, s\u00fcgavamal aga liivsavi (foto 1). Nende muldade omap\u00e4raks on asjaolu, et saviliiva &#8230;<\/p>\n","protected":false},"author":226,"featured_media":0,"parent":0,"menu_order":0,"comment_status":"closed","ping_status":"closed","template":"","meta":{"_acf_changed":false,"inline_featured_image":false,"footnotes":""},"class_list":["post-13","page","type-page","status-publish","hentry"],"acf":[],"_links":{"self":[{"href":"https:\/\/sisu.ut.ee\/eestimullad\/wp-json\/wp\/v2\/pages\/13","targetHints":{"allow":["GET"]}}],"collection":[{"href":"https:\/\/sisu.ut.ee\/eestimullad\/wp-json\/wp\/v2\/pages"}],"about":[{"href":"https:\/\/sisu.ut.ee\/eestimullad\/wp-json\/wp\/v2\/types\/page"}],"author":[{"embeddable":true,"href":"https:\/\/sisu.ut.ee\/eestimullad\/wp-json\/wp\/v2\/users\/226"}],"replies":[{"embeddable":true,"href":"https:\/\/sisu.ut.ee\/eestimullad\/wp-json\/wp\/v2\/comments?post=13"}],"version-history":[{"count":1,"href":"https:\/\/sisu.ut.ee\/eestimullad\/wp-json\/wp\/v2\/pages\/13\/revisions"}],"predecessor-version":[{"id":110,"href":"https:\/\/sisu.ut.ee\/eestimullad\/wp-json\/wp\/v2\/pages\/13\/revisions\/110"}],"wp:attachment":[{"href":"https:\/\/sisu.ut.ee\/eestimullad\/wp-json\/wp\/v2\/media?parent=13"}],"curies":[{"name":"wp","href":"https:\/\/api.w.org\/{rel}","templated":true}]}}