{"id":11,"date":"2024-04-04T06:15:15","date_gmt":"2024-04-04T03:15:15","guid":{"rendered":"https:\/\/sisu.ut.ee\/eestimullad\/soomullad\/"},"modified":"2024-04-04T06:15:26","modified_gmt":"2024-04-04T03:15:26","slug":"soomullad","status":"publish","type":"page","link":"https:\/\/sisu.ut.ee\/eestimullad\/soomullad\/","title":{"rendered":"Soomullad (profiil T-G v\u00f5i T)"},"content":{"rendered":"<p>\n\t<a data-url=\"https:\/\/sisu.ut.ee\/eestimullad\/eesti-mullad\" href=\"https:\/\/sisu.ut.ee\/eestimullad\/eesti-mullad\" target=\"_blank\" title=\"\" rel=\"noopener\">Soomuldade (profiil T-G v\u00f5i T)<\/a>\u00a0suuremad esinemisalad on L\u00e4\u00e4ne-Eesti madalik, Vahe-Eesti, Alutaguse, Emaj\u00f5e suudmeala jt. piirkonnad. V\u00e4iksemate massiividena levivad \u00fcle kogu Eesti, v\u00f5ttes enda alla \u00fche neljandiku vabariigi territooriumist. Soomuldades on turba t\u00fcsedus \u00fcle 30 cm (foto 1). Madalsoomullad toituvad p\u00f5hja- ja \u00fcleujutusveest ning nende turvas on keskmiselt v\u00f5i h\u00e4sti lagunenud ja enamasti neutraalse reaktsiooniga.\n<\/p>\n<p>\n\tLooduslikus seisus kasvavad siin h\u00e4sti arenenud rohurindega lehtpuumetsad. Endised looduslikud rohumaad on v\u00f5sastunud. H\u00e4sti kuivendatud madalsoomuldi kasutatakse eelk\u00f5ige kultuurniitudena. Rabamullad toituvad sademeist ja turbasammal moodustab siin maapinnal tiheda katte. Puudest esineb enamasti ainult kidurat m\u00e4ndi.\u00a0<a data-url=\"https:\/\/sisu.ut.ee\/maavarad\/turvas\" href=\"https:\/\/sisu.ut.ee\/maavarad\/turvas\" target=\"_blank\" title=\"\" rel=\"noopener\">Turvas<\/a>\u00a0on mineraalainete vaene, tugevasti happelise reaktsiooniga ja halvasti lagunenud. Rabade t\u00e4htsus looduses seisneb veel selles, et nad on suurte\u00a0<b>mageveevarude s\u00e4ilitajad<\/b>. P\u00f5llumajandusmaana kasutamiseks sobimatud mullad.<br><img loading=\"lazy\" decoding=\"async\" width=\"76\" height=\"120\" class=\"alignnone wp-image-34\" src=\"https:\/\/sisu.ut.ee\/wp-content\/uploads\/sites\/439\/madalsoo_m1a.jpg\" title=\"madalsoo_m1a.jpg\" alt=\"madalsoo\"><br>Foto 1. Madalsoomuld (turvas) (foto L. Reintam)<br><img loading=\"lazy\" decoding=\"async\" width=\"120\" height=\"100\" class=\"alignnone wp-image-35\" src=\"https:\/\/sisu.ut.ee\/wp-content\/uploads\/sites\/439\/turvas2a.jpg\" title=\"turvas2a.jpg\" alt=\"turvas\">\u00a0<img loading=\"lazy\" decoding=\"async\" width=\"120\" height=\"74\" class=\"alignnone wp-image-36\" src=\"https:\/\/sisu.ut.ee\/wp-content\/uploads\/sites\/439\/turvas3a.jpg\" title=\"turvas3a.jpg\" alt=\"turvas\"><br>Foto 1. Madalsooturvas<\/p>\n","protected":false},"excerpt":{"rendered":"<p>Soomuldade (profiil T-G v\u00f5i T)\u00a0suuremad esinemisalad on L\u00e4\u00e4ne-Eesti madalik, Vahe-Eesti, Alutaguse, Emaj\u00f5e suudmeala jt. piirkonnad. V\u00e4iksemate massiividena levivad \u00fcle kogu Eesti, v\u00f5ttes enda alla \u00fche neljandiku vabariigi territooriumist. Soomuldades on turba t\u00fcsedus \u00fcle 30 cm (foto 1). Madalsoomullad toituvad p\u00f5hja- &#8230;<\/p>\n","protected":false},"author":226,"featured_media":0,"parent":0,"menu_order":0,"comment_status":"closed","ping_status":"closed","template":"","meta":{"_acf_changed":false,"inline_featured_image":false,"footnotes":""},"class_list":["post-11","page","type-page","status-publish","hentry"],"acf":[],"_links":{"self":[{"href":"https:\/\/sisu.ut.ee\/eestimullad\/wp-json\/wp\/v2\/pages\/11","targetHints":{"allow":["GET"]}}],"collection":[{"href":"https:\/\/sisu.ut.ee\/eestimullad\/wp-json\/wp\/v2\/pages"}],"about":[{"href":"https:\/\/sisu.ut.ee\/eestimullad\/wp-json\/wp\/v2\/types\/page"}],"author":[{"embeddable":true,"href":"https:\/\/sisu.ut.ee\/eestimullad\/wp-json\/wp\/v2\/users\/226"}],"replies":[{"embeddable":true,"href":"https:\/\/sisu.ut.ee\/eestimullad\/wp-json\/wp\/v2\/comments?post=11"}],"version-history":[{"count":1,"href":"https:\/\/sisu.ut.ee\/eestimullad\/wp-json\/wp\/v2\/pages\/11\/revisions"}],"predecessor-version":[{"id":108,"href":"https:\/\/sisu.ut.ee\/eestimullad\/wp-json\/wp\/v2\/pages\/11\/revisions\/108"}],"wp:attachment":[{"href":"https:\/\/sisu.ut.ee\/eestimullad\/wp-json\/wp\/v2\/media?parent=11"}],"curies":[{"name":"wp","href":"https:\/\/api.w.org\/{rel}","templated":true}]}}