{"id":10,"date":"2024-04-04T06:15:14","date_gmt":"2024-04-04T03:15:14","guid":{"rendered":"https:\/\/sisu.ut.ee\/eestimullad\/rahk_m\/"},"modified":"2024-04-04T06:15:26","modified_gmt":"2024-04-04T03:15:26","slug":"rahk_m","status":"publish","type":"page","link":"https:\/\/sisu.ut.ee\/eestimullad\/rahk_m\/","title":{"rendered":"R\u00e4hkmullad ehk r\u00e4hksed rendsiinad (profiil A-C v\u00f5i A-B-C)"},"content":{"rendered":"<p>\n\t<a data-url=\"https:\/\/sisu.ut.ee\/eestimullad\/eesti-mullad\" href=\"https:\/\/sisu.ut.ee\/eestimullad\/eesti-mullad\" target=\"_blank\" title=\"\" rel=\"noopener\">R\u00e4hkmullad ehk r\u00e4hksed rendsiinad (profiil A-C v\u00f5i A-B-C)<\/a>\u00a0levivad P\u00f5hja- ja L\u00e4\u00e4ne-Eestis ning l\u00e4\u00e4nesaartel. L\u00e4htekivimiks on enamasti r\u00e4hkne, hall\u00a0<b>moreen<\/b>. Need on tugevasti r\u00e4hksed (kivised), huumusrikkad, aluselise reaktsiooniga, osalt p\u00f5uakartlikud\u00a0<a data-url=\"https:\/\/sisu.ut.ee\/eestimullad\/mulla-koostis\" href=\"https:\/\/sisu.ut.ee\/eestimullad\/mulla-koostis\" target=\"_blank\" title=\"\" rel=\"noopener\">liivsavimullad<\/a>.\u00a0<b>R\u00e4haks<\/b>\u00a0nimetatakse teravaservalisi lubjakivikesi, mille l\u00e4bim\u00f5\u00f5t on 1-10 cm.\n<\/p>\n<p>\n\tLooduslikel aladel kasvavad siin sinilille kuusikud. V\u00e4hem p\u00f5uakartlikud, t\u00fcsedama huumushorisondi ja keskmise viljakusega variandid on p\u00f5llustatud, moodustades \u00fcle poole nende muldade \u00fcldpindalast.<br><img loading=\"lazy\" decoding=\"async\" width=\"81\" height=\"120\" class=\"alignnone wp-image-33\" src=\"https:\/\/sisu.ut.ee\/wp-content\/uploads\/sites\/439\/rends4a.jpg\" title=\"rends4a.jpg\" alt=\"rendsiina\"><br>Foto 1. V\u00e4ga \u00f5huke r\u00e4hkne rendsiina glatsioflufiaalsetel veeristel Lelles Raplamaal (foto L. Reintam)<\/p>\n","protected":false},"excerpt":{"rendered":"<p>R\u00e4hkmullad ehk r\u00e4hksed rendsiinad (profiil A-C v\u00f5i A-B-C)\u00a0levivad P\u00f5hja- ja L\u00e4\u00e4ne-Eestis ning l\u00e4\u00e4nesaartel. L\u00e4htekivimiks on enamasti r\u00e4hkne, hall\u00a0moreen. Need on tugevasti r\u00e4hksed (kivised), huumusrikkad, aluselise reaktsiooniga, osalt p\u00f5uakartlikud\u00a0liivsavimullad.\u00a0R\u00e4haks\u00a0nimetatakse teravaservalisi lubjakivikesi, mille l\u00e4bim\u00f5\u00f5t on 1-10 cm. Looduslikel aladel kasvavad siin sinilille &#8230;<\/p>\n","protected":false},"author":226,"featured_media":0,"parent":0,"menu_order":0,"comment_status":"closed","ping_status":"closed","template":"","meta":{"_acf_changed":false,"inline_featured_image":false,"footnotes":""},"class_list":["post-10","page","type-page","status-publish","hentry"],"acf":[],"_links":{"self":[{"href":"https:\/\/sisu.ut.ee\/eestimullad\/wp-json\/wp\/v2\/pages\/10","targetHints":{"allow":["GET"]}}],"collection":[{"href":"https:\/\/sisu.ut.ee\/eestimullad\/wp-json\/wp\/v2\/pages"}],"about":[{"href":"https:\/\/sisu.ut.ee\/eestimullad\/wp-json\/wp\/v2\/types\/page"}],"author":[{"embeddable":true,"href":"https:\/\/sisu.ut.ee\/eestimullad\/wp-json\/wp\/v2\/users\/226"}],"replies":[{"embeddable":true,"href":"https:\/\/sisu.ut.ee\/eestimullad\/wp-json\/wp\/v2\/comments?post=10"}],"version-history":[{"count":1,"href":"https:\/\/sisu.ut.ee\/eestimullad\/wp-json\/wp\/v2\/pages\/10\/revisions"}],"predecessor-version":[{"id":125,"href":"https:\/\/sisu.ut.ee\/eestimullad\/wp-json\/wp\/v2\/pages\/10\/revisions\/125"}],"wp:attachment":[{"href":"https:\/\/sisu.ut.ee\/eestimullad\/wp-json\/wp\/v2\/media?parent=10"}],"curies":[{"name":"wp","href":"https:\/\/api.w.org\/{rel}","templated":true}]}}