{"id":9,"date":"2024-04-04T02:58:56","date_gmt":"2024-04-03T23:58:56","guid":{"rendered":"https:\/\/sisu.ut.ee\/eestikeel1\/5-kirjavahemargid-ja-sonakasutus\/"},"modified":"2024-04-04T02:59:06","modified_gmt":"2024-04-03T23:59:06","slug":"5-kirjavahemargid-ja-sonakasutus","status":"publish","type":"page","link":"https:\/\/sisu.ut.ee\/eestikeel1\/5-kirjavahemargid-ja-sonakasutus\/","title":{"rendered":"5. Kirjavahem\u00e4rgid ja s\u00f5nakasutus"},"content":{"rendered":"<p>Sama t\u00e4htis kui s\u00f5nade \u00f5igekirjutus, on s\u00f5navalik ja kirjavahem\u00e4rkide korrektne kasutamine tekstis. \u00d5ppematerjalis \u201c<strong>Kirjavahem\u00e4rgid ja s\u00f5nakasutus<\/strong>\u201d tuletatakse meelde erinevate kirjavahem\u00e4rkide (punkt, koma, side- ja m\u00f5ttekriips) valiku \u00fcldiseid p\u00f5him\u00f5tteid, k\u00e4sitletakse s\u00f5nakasutust kirjalikus tekstis ja tutvustatakse ametikirja vormistamise n\u00f5udeid. Teoreetiliste teadmiste k\u00f5rval jagatakse praktilisi n\u00f5uandeid ja\u00a0\u00fclesandeid teadmiste s\u00fcvendamiseks ja kontrollimiseks.<\/p>\n<p>\u00d5ppematerjal on m\u00f5eldud iseseisvaks t\u00f6\u00f6ks. Selle l\u00e4bimiseks kulub aega umbes neli tundi. L\u00fchi\u00fclevaateid reeglitest t\u00e4iendavad teemakohased artiklid, mis v\u00f5imaldavad \u00f5ppijal teadmisi laiendada. \u00d5ppematerjali autori poolt koostatud erinevate \u00fclesannete abil saab omandatud teadmisi kontrollida ja kinnistada.<\/p>\n","protected":false},"excerpt":{"rendered":"<p>Sama t\u00e4htis kui s\u00f5nade \u00f5igekirjutus, on s\u00f5navalik ja kirjavahem\u00e4rkide korrektne kasutamine tekstis. \u00d5ppematerjalis \u201cKirjavahem\u00e4rgid ja s\u00f5nakasutus\u201d tuletatakse meelde erinevate kirjavahem\u00e4rkide (punkt, koma, side- ja m\u00f5ttekriips) valiku \u00fcldiseid p\u00f5him\u00f5tteid, k\u00e4sitletakse s\u00f5nakasutust kirjalikus tekstis ja tutvustatakse ametikirja vormistamise n\u00f5udeid. Teoreetiliste teadmiste k\u00f5rval &#8230;<\/p>\n","protected":false},"author":89,"featured_media":0,"parent":0,"menu_order":0,"comment_status":"closed","ping_status":"closed","template":"","meta":{"_acf_changed":false,"inline_featured_image":false,"footnotes":""},"class_list":["post-9","page","type-page","status-publish","hentry"],"acf":[],"_links":{"self":[{"href":"https:\/\/sisu.ut.ee\/eestikeel1\/wp-json\/wp\/v2\/pages\/9","targetHints":{"allow":["GET"]}}],"collection":[{"href":"https:\/\/sisu.ut.ee\/eestikeel1\/wp-json\/wp\/v2\/pages"}],"about":[{"href":"https:\/\/sisu.ut.ee\/eestikeel1\/wp-json\/wp\/v2\/types\/page"}],"author":[{"embeddable":true,"href":"https:\/\/sisu.ut.ee\/eestikeel1\/wp-json\/wp\/v2\/users\/89"}],"replies":[{"embeddable":true,"href":"https:\/\/sisu.ut.ee\/eestikeel1\/wp-json\/wp\/v2\/comments?post=9"}],"version-history":[{"count":1,"href":"https:\/\/sisu.ut.ee\/eestikeel1\/wp-json\/wp\/v2\/pages\/9\/revisions"}],"predecessor-version":[{"id":119,"href":"https:\/\/sisu.ut.ee\/eestikeel1\/wp-json\/wp\/v2\/pages\/9\/revisions\/119"}],"wp:attachment":[{"href":"https:\/\/sisu.ut.ee\/eestikeel1\/wp-json\/wp\/v2\/media?parent=9"}],"curies":[{"name":"wp","href":"https:\/\/api.w.org\/{rel}","templated":true}]}}