{"id":8,"date":"2024-04-04T02:58:56","date_gmt":"2024-04-03T23:58:56","guid":{"rendered":"https:\/\/sisu.ut.ee\/eestikeel1\/4-luhendid-ja-numbrid-tekstis\/"},"modified":"2024-04-04T02:59:06","modified_gmt":"2024-04-03T23:59:06","slug":"4-luhendid-ja-numbrid-tekstis","status":"publish","type":"page","link":"https:\/\/sisu.ut.ee\/eestikeel1\/4-luhendid-ja-numbrid-tekstis\/","title":{"rendered":"4. L\u00fchendid ja numbrid"},"content":{"rendered":"<p>S\u00f5nade l\u00fchendamise ja numbrite kasutamise peamine eesm\u00e4rk tekstis on hoida kokku kirjaruumi ja\/ v\u00f5i s\u00e4\u00e4sta lugejat tihti esinevate s\u00f5nade\/ s\u00f5na\u00fchendite korduvast lugemisest. L\u00fchenditel on kindel koht teatmeteostes ja publitsistlikus kirjanduses. Samas ei tohi unustada, et k\u00f5ik l\u00fchendid peavad olema \u00fcheselt m\u00f5istetavad. \u00d5ppematerjalis <strong>\u201cL\u00fchendid ja numbrid tekstis\u201d<\/strong> k\u00e4sitletakse erinevaid l\u00fchendamise viise ja numbrite kirjutamise p\u00f5him\u00f5tteid. Antakse \u00fclevaade enim probleeme p\u00f5hjustavatest l\u00fchenditest ja numbritest ning jagatakse n\u00e4pun\u00e4iteid, mida t\u00e4hele panna, hoidumaks vigadest. Omandatud teadmiste kinnistamiseks ja enesekontrollimiseks sobivad erinevad \u00fclesanded.<\/p>\n<p><span>\u00d5ppematerjal on m\u00f5eldud iseseisvaks t\u00f6\u00f6ks. Selle l\u00e4bimiseks kulub aega umbes neli tundi. Teadmiste t\u00e4iendamiseks pakutakse teemakohaseid artikleid, mis v\u00f5imaldavad p\u00f5hjalikumalt teemasse s\u00fc\u00fcvida, ja teste, mille abil omandatut kinnistada. \u00d5ppematerjali t\u00e4iendavad Eesti Keele Instituudi (EKI) keelen\u00f5uande testid.<\/span><\/p>\n","protected":false},"excerpt":{"rendered":"<p>S\u00f5nade l\u00fchendamise ja numbrite kasutamise peamine eesm\u00e4rk tekstis on hoida kokku kirjaruumi ja\/ v\u00f5i s\u00e4\u00e4sta lugejat tihti esinevate s\u00f5nade\/ s\u00f5na\u00fchendite korduvast lugemisest. L\u00fchenditel on kindel koht teatmeteostes ja publitsistlikus kirjanduses. Samas ei tohi unustada, et k\u00f5ik l\u00fchendid peavad olema \u00fcheselt &#8230;<\/p>\n","protected":false},"author":89,"featured_media":0,"parent":0,"menu_order":0,"comment_status":"closed","ping_status":"closed","template":"","meta":{"_acf_changed":false,"inline_featured_image":false,"footnotes":""},"class_list":["post-8","page","type-page","status-publish","hentry"],"acf":[],"_links":{"self":[{"href":"https:\/\/sisu.ut.ee\/eestikeel1\/wp-json\/wp\/v2\/pages\/8","targetHints":{"allow":["GET"]}}],"collection":[{"href":"https:\/\/sisu.ut.ee\/eestikeel1\/wp-json\/wp\/v2\/pages"}],"about":[{"href":"https:\/\/sisu.ut.ee\/eestikeel1\/wp-json\/wp\/v2\/types\/page"}],"author":[{"embeddable":true,"href":"https:\/\/sisu.ut.ee\/eestikeel1\/wp-json\/wp\/v2\/users\/89"}],"replies":[{"embeddable":true,"href":"https:\/\/sisu.ut.ee\/eestikeel1\/wp-json\/wp\/v2\/comments?post=8"}],"version-history":[{"count":1,"href":"https:\/\/sisu.ut.ee\/eestikeel1\/wp-json\/wp\/v2\/pages\/8\/revisions"}],"predecessor-version":[{"id":118,"href":"https:\/\/sisu.ut.ee\/eestikeel1\/wp-json\/wp\/v2\/pages\/8\/revisions\/118"}],"wp:attachment":[{"href":"https:\/\/sisu.ut.ee\/eestikeel1\/wp-json\/wp\/v2\/media?parent=8"}],"curies":[{"name":"wp","href":"https:\/\/api.w.org\/{rel}","templated":true}]}}