{"id":7,"date":"2024-04-04T02:58:56","date_gmt":"2024-04-03T23:58:56","guid":{"rendered":"https:\/\/sisu.ut.ee\/eestikeel1\/3-kokku-ja-lahkukirjutamine\/"},"modified":"2024-04-04T02:59:06","modified_gmt":"2024-04-03T23:59:06","slug":"3-kokku-ja-lahkukirjutamine","status":"publish","type":"page","link":"https:\/\/sisu.ut.ee\/eestikeel1\/3-kokku-ja-lahkukirjutamine\/","title":{"rendered":"3. Kokku- ja lahkukirjutamine"},"content":{"rendered":"<p>Eesti keele\u00a0s\u00f5nade kokku- ja lahkukirjutamine\u00a0on m\u00f5jutatud erinevatest p\u00f5him\u00f5tetest. Neist olulisimad on semantiline (t\u00e4hendust eristava funktsiooni)\u00a0ja vormi printsiip (kokkukirjutamisel arvestatakse t\u00e4iends\u00f5na vormi).\u00a0\u00d5ppematerjalis\u00a0<strong>\u201cKokku- ja lahkukirjutamine\u201d<\/strong>\u00a0tuletatakse meelde\u00a0kokkukirjutamise tingimusi\u00a0ja jagatakse praktilisi n\u00f5uandeid, kuidas keerulisemaid keelendeid kirja panna ning t\u00fc\u00fcpilisi vigu v\u00e4ltida. Teoreetiliste teadmiste kinnistamiseks sobivad praktilised \u00fclesanded \u2013 et omandada normeeritud kirjakeelest l\u00e4htuv kokku- ja lahkukirjutamine.\u00a0<\/p>\n<p>\u00d5ppematerjal on m\u00f5eldud iseseisvaks t\u00f6\u00f6ks. Selle l\u00e4bimiseks kulub aega umbes neli tundi. Omandatud teadmisi saab kontrollida \u00fclesannete ja testide abil. \u00dclevaateid reeglitest ilmestavad\u00a0artiklid, mis v\u00f5imaldavad p\u00f5hjalikumalt teemasse s\u00fcveneda.<\/p>\n","protected":false},"excerpt":{"rendered":"<p>Eesti keele\u00a0s\u00f5nade kokku- ja lahkukirjutamine\u00a0on m\u00f5jutatud erinevatest p\u00f5him\u00f5tetest. Neist olulisimad on semantiline (t\u00e4hendust eristava funktsiooni)\u00a0ja vormi printsiip (kokkukirjutamisel arvestatakse t\u00e4iends\u00f5na vormi).\u00a0\u00d5ppematerjalis\u00a0\u201cKokku- ja lahkukirjutamine\u201d\u00a0tuletatakse meelde\u00a0kokkukirjutamise tingimusi\u00a0ja jagatakse praktilisi n\u00f5uandeid, kuidas keerulisemaid keelendeid kirja panna ning t\u00fc\u00fcpilisi vigu v\u00e4ltida. Teoreetiliste teadmiste kinnistamiseks &#8230;<\/p>\n","protected":false},"author":89,"featured_media":0,"parent":0,"menu_order":0,"comment_status":"closed","ping_status":"closed","template":"","meta":{"_acf_changed":false,"inline_featured_image":false,"footnotes":""},"class_list":["post-7","page","type-page","status-publish","hentry"],"acf":[],"_links":{"self":[{"href":"https:\/\/sisu.ut.ee\/eestikeel1\/wp-json\/wp\/v2\/pages\/7","targetHints":{"allow":["GET"]}}],"collection":[{"href":"https:\/\/sisu.ut.ee\/eestikeel1\/wp-json\/wp\/v2\/pages"}],"about":[{"href":"https:\/\/sisu.ut.ee\/eestikeel1\/wp-json\/wp\/v2\/types\/page"}],"author":[{"embeddable":true,"href":"https:\/\/sisu.ut.ee\/eestikeel1\/wp-json\/wp\/v2\/users\/89"}],"replies":[{"embeddable":true,"href":"https:\/\/sisu.ut.ee\/eestikeel1\/wp-json\/wp\/v2\/comments?post=7"}],"version-history":[{"count":1,"href":"https:\/\/sisu.ut.ee\/eestikeel1\/wp-json\/wp\/v2\/pages\/7\/revisions"}],"predecessor-version":[{"id":117,"href":"https:\/\/sisu.ut.ee\/eestikeel1\/wp-json\/wp\/v2\/pages\/7\/revisions\/117"}],"wp:attachment":[{"href":"https:\/\/sisu.ut.ee\/eestikeel1\/wp-json\/wp\/v2\/media?parent=7"}],"curies":[{"name":"wp","href":"https:\/\/api.w.org\/{rel}","templated":true}]}}