{"id":5,"date":"2024-04-04T02:58:56","date_gmt":"2024-04-03T23:58:56","guid":{"rendered":"https:\/\/sisu.ut.ee\/eestikeel1\/algustahe-oigekiri\/"},"modified":"2024-04-04T02:59:06","modified_gmt":"2024-04-03T23:59:06","slug":"algustahe-oigekiri","status":"publish","type":"page","link":"https:\/\/sisu.ut.ee\/eestikeel1\/algustahe-oigekiri\/","title":{"rendered":"2. Algust\u00e4he \u00f5igekiri"},"content":{"rendered":"<p>Suure\u00a0ja\u00a0v\u00e4ikese algust\u00e4he\u00a0m\u00e4rkimine eesti keeles l\u00e4htub peamiselt semantilisest ehk t\u00e4hendusp\u00f5him\u00f5ttest. Nii eristab suurt\u00e4ht eesti perekonnanimesid p\u00e4risnimedest\u00a0(nt Kask \u2013 kask)\u00a0ja inimese\u00a0p\u00e4ritolumaad tema\u00a0rahvusest\u00a0(nt\u00a0Prantsuse kunstnik\u00a0\u2013\u00a0prantsuse kunstnik).\u00a0\u00d5ppematerjalis\u00a0<strong>\u201cAlgust\u00e4he \u00f5igekiri\u201d<\/strong>\u00a0tuletatakse meelde suure ja v\u00e4ikese algust\u00e4he kasutamise p\u00f5him\u00f5tteid ja keskendutakse neile reeglitele, mille vastu\u00a0eksitakse\u00a0sagedamini. Samuti jagatakse praktilisi n\u00f5uandeid ja pakutakse \u00fclesandeid omandatud teadmiste kinnistamiseks.<\/p>\n<p>\u00d5ppematerjal on m\u00f5eldud iseseisvaks t\u00f6\u00f6ks. Selle l\u00e4bimiseks kulub aega umbes neli tundi. Teoreetilisi l\u00fchi\u00fclevaateid t\u00e4iendavad artiklid, mis v\u00f5imaldavad p\u00f5hjalikumalt teemasse s\u00fc\u00fcvida, ja enesetestid, mille abil on v\u00f5imalik oma teadmisi kontrollida.<\/p>\n","protected":false},"excerpt":{"rendered":"<p>Suure\u00a0ja\u00a0v\u00e4ikese algust\u00e4he\u00a0m\u00e4rkimine eesti keeles l\u00e4htub peamiselt semantilisest ehk t\u00e4hendusp\u00f5him\u00f5ttest. Nii eristab suurt\u00e4ht eesti perekonnanimesid p\u00e4risnimedest\u00a0(nt Kask \u2013 kask)\u00a0ja inimese\u00a0p\u00e4ritolumaad tema\u00a0rahvusest\u00a0(nt\u00a0Prantsuse kunstnik\u00a0\u2013\u00a0prantsuse kunstnik).\u00a0\u00d5ppematerjalis\u00a0\u201cAlgust\u00e4he \u00f5igekiri\u201d\u00a0tuletatakse meelde suure ja v\u00e4ikese algust\u00e4he kasutamise p\u00f5him\u00f5tteid ja keskendutakse neile reeglitele, mille vastu\u00a0eksitakse\u00a0sagedamini. Samuti jagatakse praktilisi n\u00f5uandeid &#8230;<\/p>\n","protected":false},"author":89,"featured_media":0,"parent":0,"menu_order":0,"comment_status":"closed","ping_status":"closed","template":"","meta":{"_acf_changed":false,"inline_featured_image":false,"footnotes":""},"class_list":["post-5","page","type-page","status-publish","hentry"],"acf":[],"_links":{"self":[{"href":"https:\/\/sisu.ut.ee\/eestikeel1\/wp-json\/wp\/v2\/pages\/5","targetHints":{"allow":["GET"]}}],"collection":[{"href":"https:\/\/sisu.ut.ee\/eestikeel1\/wp-json\/wp\/v2\/pages"}],"about":[{"href":"https:\/\/sisu.ut.ee\/eestikeel1\/wp-json\/wp\/v2\/types\/page"}],"author":[{"embeddable":true,"href":"https:\/\/sisu.ut.ee\/eestikeel1\/wp-json\/wp\/v2\/users\/89"}],"replies":[{"embeddable":true,"href":"https:\/\/sisu.ut.ee\/eestikeel1\/wp-json\/wp\/v2\/comments?post=5"}],"version-history":[{"count":1,"href":"https:\/\/sisu.ut.ee\/eestikeel1\/wp-json\/wp\/v2\/pages\/5\/revisions"}],"predecessor-version":[{"id":115,"href":"https:\/\/sisu.ut.ee\/eestikeel1\/wp-json\/wp\/v2\/pages\/5\/revisions\/115"}],"wp:attachment":[{"href":"https:\/\/sisu.ut.ee\/eestikeel1\/wp-json\/wp\/v2\/media?parent=5"}],"curies":[{"name":"wp","href":"https:\/\/api.w.org\/{rel}","templated":true}]}}