{"id":4,"date":"2024-04-04T02:58:56","date_gmt":"2024-04-03T23:58:56","guid":{"rendered":"https:\/\/sisu.ut.ee\/eestikeel1\/eesti-haalikute-oigekiri\/"},"modified":"2024-04-04T02:59:06","modified_gmt":"2024-04-03T23:59:06","slug":"eesti-haalikute-oigekiri","status":"publish","type":"page","link":"https:\/\/sisu.ut.ee\/eestikeel1\/eesti-haalikute-oigekiri\/","title":{"rendered":"1. Eesti h\u00e4\u00e4likute \u00f5igekiri"},"content":{"rendered":"<p><span><span>Eesti keele \u00f5igekirjutus<\/span> on tihedasti seotud \u00f5igeh\u00e4\u00e4ldusega: igale h\u00e4\u00e4likule vastab kirjas kindel h\u00e4\u00e4likuline v\u00e4\u00e4rtus ja k\u00f5iki h\u00e4\u00e4likuid p\u00fc\u00fctakse kirjas v\u00f5imalikult t\u00e4pselt t\u00e4htede abil edasi anda. \u00d5ppematerjalis \u201c<\/span><span><strong>Eesti h\u00e4\u00e4likute \u00f5igekiri<\/strong>\u201d <\/span>keskendutakse\u00a0nii eesti omas\u00f5nade kui ka v\u00f5\u00f5rs\u00f5nade \u00f5igekirjutuse\u00a0erinevatele aspektidele, tuletatakse meelde \u00f5igekirja aluseid ja jagatakse praktilisi n\u00f5uandeid, kuidas keerulisemaid keelendeid kirjas veatult edasi anda. Teoreetiliste teadmiste kinnistamiseks pakutakse praktilisi \u00fclesandeid \u2013 et omandada normeeritud kirjakeelest l\u00e4htuv \u00f5igekiri.<\/p>\n<p>\u00d5ppematerjal on m\u00f5eldud iseseisvaks t\u00f6\u00f6ks. Selle teema l\u00e4bimiseks kulub aega umbes kuus tundi. Omandatud teadmisi saab kontrollida nii \u00f5ppematerjali autori poolt koostatud erinevate \u00fclesannete abil.<\/p>\n","protected":false},"excerpt":{"rendered":"<p>Eesti keele \u00f5igekirjutus on tihedasti seotud \u00f5igeh\u00e4\u00e4ldusega: igale h\u00e4\u00e4likule vastab kirjas kindel h\u00e4\u00e4likuline v\u00e4\u00e4rtus ja k\u00f5iki h\u00e4\u00e4likuid p\u00fc\u00fctakse kirjas v\u00f5imalikult t\u00e4pselt t\u00e4htede abil edasi anda. \u00d5ppematerjalis \u201cEesti h\u00e4\u00e4likute \u00f5igekiri\u201d keskendutakse\u00a0nii eesti omas\u00f5nade kui ka v\u00f5\u00f5rs\u00f5nade \u00f5igekirjutuse\u00a0erinevatele aspektidele, tuletatakse meelde \u00f5igekirja &#8230;<\/p>\n","protected":false},"author":89,"featured_media":0,"parent":0,"menu_order":0,"comment_status":"closed","ping_status":"closed","template":"","meta":{"_acf_changed":false,"inline_featured_image":false,"footnotes":""},"class_list":["post-4","page","type-page","status-publish","hentry"],"acf":[],"_links":{"self":[{"href":"https:\/\/sisu.ut.ee\/eestikeel1\/wp-json\/wp\/v2\/pages\/4","targetHints":{"allow":["GET"]}}],"collection":[{"href":"https:\/\/sisu.ut.ee\/eestikeel1\/wp-json\/wp\/v2\/pages"}],"about":[{"href":"https:\/\/sisu.ut.ee\/eestikeel1\/wp-json\/wp\/v2\/types\/page"}],"author":[{"embeddable":true,"href":"https:\/\/sisu.ut.ee\/eestikeel1\/wp-json\/wp\/v2\/users\/89"}],"replies":[{"embeddable":true,"href":"https:\/\/sisu.ut.ee\/eestikeel1\/wp-json\/wp\/v2\/comments?post=4"}],"version-history":[{"count":1,"href":"https:\/\/sisu.ut.ee\/eestikeel1\/wp-json\/wp\/v2\/pages\/4\/revisions"}],"predecessor-version":[{"id":114,"href":"https:\/\/sisu.ut.ee\/eestikeel1\/wp-json\/wp\/v2\/pages\/4\/revisions\/114"}],"wp:attachment":[{"href":"https:\/\/sisu.ut.ee\/eestikeel1\/wp-json\/wp\/v2\/media?parent=4"}],"curies":[{"name":"wp","href":"https:\/\/api.w.org\/{rel}","templated":true}]}}