{"id":37,"date":"2024-04-04T02:58:58","date_gmt":"2024-04-03T23:58:58","guid":{"rendered":"https:\/\/sisu.ut.ee\/eestikeel1\/avaleht\/"},"modified":"2024-04-04T02:59:06","modified_gmt":"2024-04-03T23:59:06","slug":"avaleht","status":"publish","type":"page","link":"https:\/\/sisu.ut.ee\/eestikeel1\/","title":{"rendered":"Avaleht"},"content":{"rendered":"<p style=\"text-align: left\">\n<\/p><p><strong>Hea keelehuviline<\/strong><\/p>\n<p style=\"text-align: left\">\n<\/p><p>Tere tulemast kursusele \u201c<a href=\"https:\/\/moodle.ut.ee\/course\/view.php?id=20\" target=\"_blank\" rel=\"noopener\"><strong>Korrektne eesti keel igap\u00e4evases asjaajamises<\/strong><\/a>\u201c!<\/p>\n<p style=\"text-align: left\">\n<\/p><p>Kirjutamine on \u00fcks olulisematest oskustest, mis elus \u00fcldse omandatakse. K\u00f5ige t\u00e4htsam on seejuures soov ja tahe ennast v\u00e4ljendada. Ometi, samav\u00f5rd oluline, kui oskus m\u00f5tteid kaunilt ja isikup\u00e4raselt paberile panna, on teha seda korrektselt. Kirjaoskuse omandamine pole \u00fchesuunaline ega l\u00f5plik tegevus, mis saavutatakse kord ja igavesti. See on pidev protsess, mis muutub ja t\u00e4ieneb vastavalt meie huvidele, arusaamadele ja kogemustele.<\/p>\n<p style=\"text-align: left\">\n<\/p><p>Tahet ja j\u00f5udu selle protsessi j\u00e4tkamiseks!<\/p>\n<p style=\"text-align: left\">\n<\/p><p>Krista Uibu <br>kursuse \u00f5ppej\u00f5ud ja autor<\/p>\n","protected":false},"excerpt":{"rendered":"<p>Hea keelehuviline Tere tulemast kursusele \u201cKorrektne eesti keel igap\u00e4evases asjaajamises\u201c! Kirjutamine on \u00fcks olulisematest oskustest, mis elus \u00fcldse omandatakse. K\u00f5ige t\u00e4htsam on seejuures soov ja tahe ennast v\u00e4ljendada. Ometi, samav\u00f5rd oluline, kui oskus m\u00f5tteid kaunilt ja isikup\u00e4raselt paberile panna, on &#8230;<\/p>\n","protected":false},"author":89,"featured_media":0,"parent":0,"menu_order":0,"comment_status":"closed","ping_status":"closed","template":"","meta":{"_acf_changed":false,"inline_featured_image":false,"footnotes":""},"class_list":["post-37","page","type-page","status-publish","hentry"],"acf":[],"_links":{"self":[{"href":"https:\/\/sisu.ut.ee\/eestikeel1\/wp-json\/wp\/v2\/pages\/37","targetHints":{"allow":["GET"]}}],"collection":[{"href":"https:\/\/sisu.ut.ee\/eestikeel1\/wp-json\/wp\/v2\/pages"}],"about":[{"href":"https:\/\/sisu.ut.ee\/eestikeel1\/wp-json\/wp\/v2\/types\/page"}],"author":[{"embeddable":true,"href":"https:\/\/sisu.ut.ee\/eestikeel1\/wp-json\/wp\/v2\/users\/89"}],"replies":[{"embeddable":true,"href":"https:\/\/sisu.ut.ee\/eestikeel1\/wp-json\/wp\/v2\/comments?post=37"}],"version-history":[{"count":1,"href":"https:\/\/sisu.ut.ee\/eestikeel1\/wp-json\/wp\/v2\/pages\/37\/revisions"}],"predecessor-version":[{"id":92,"href":"https:\/\/sisu.ut.ee\/eestikeel1\/wp-json\/wp\/v2\/pages\/37\/revisions\/92"}],"wp:attachment":[{"href":"https:\/\/sisu.ut.ee\/eestikeel1\/wp-json\/wp\/v2\/media?parent=37"}],"curies":[{"name":"wp","href":"https:\/\/api.w.org\/{rel}","templated":true}]}}