{"id":35,"date":"2024-04-04T02:58:58","date_gmt":"2024-04-03T23:58:58","guid":{"rendered":"https:\/\/sisu.ut.ee\/eestikeel1\/sagedased-vead\/"},"modified":"2024-04-12T12:06:56","modified_gmt":"2024-04-12T09:06:56","slug":"sagedased-vead","status":"publish","type":"page","link":"https:\/\/sisu.ut.ee\/eestikeel1\/sagedased-vead\/","title":{"rendered":"2.4. Sagedased vead"},"content":{"rendered":"<p>Algust\u00e4hereeglite rakendamine p\u00f5hjustab sageli eksimusi. Selles peat\u00fckis keskendutakse neile juhtudele, mille suhtes tuleks olla eriti t\u00e4helepanelik (Erelt, Erelt, &amp; Ross, 2007; Uusp\u00f5ld, 2008).<\/p>\n<p><strong>I. Seaduste, m\u00e4\u00e4ruste\u00a0<\/strong>ja\u00a0<strong>teiste \u00f5igusaktide nimetuste\/ nimede\u00a0<\/strong>puhul kasutatakse<strong>\u00a0<\/strong>v\u00e4iket\u00e4helisi \u00fcldnimetusi v\u00f5i jutum\u00e4rke. Nii kirjutatakse need kas harilike nimetustena\u00a0<em>(p\u00f5hiseadus, isikuandmete kaitse seadus, kohaliku omavalitsuse volikogu valimise seadus)<\/em>\u00a0v\u00f5i nagu pealkirjad (Vabariigi Valitsuse 7. septembri\u00a02006. a\u00a0m\u00e4\u00e4rus nr 196\u00a0<em>\u201cEesti kirjakeele normi kehtestamise kord\u201d<\/em>).<\/p>\n<p><strong>II. Asutuste, ettev\u00f5tete, organisatsioonide\u00a0<\/strong>ja\u00a0<strong>\u00fchenduste\u00a0<\/strong>nimedes tuleb<strong>\u00a0eristada suurt\u00e4helist nime\u00a0<\/strong>ja\u00a0<strong>v\u00e4iket\u00e4helist t\u00fc\u00fcbinimetust.<\/strong><\/p>\n<h4><em>N\u00e4ide 1.\u00a0<\/em>Estonia teater, Ida-Viru maavalitsus<em><br><\/em><\/h4>\n<p><strong>III. Asutuste all\u00fcksuste\u00a0<\/strong>ja\u00a0<strong>all\u00fchenduste<\/strong>\u00a0nimetused kirjutatakse\u00a0<strong>v\u00e4ikese algust\u00e4hega.<\/strong><\/p>\n<h4><em>N\u00e4ide 2.\u00a0<\/em>Tartu \u00dclikooli haridusteaduskond, Postimehe kultuuritoimetus, riigikogu rahanduskomisjon<\/h4>\n<p><strong>IV. T\u00e4htp\u00e4evade, p\u00fchade\u00a0<\/strong>ja\u00a0<strong>kuude<\/strong><strong>\u00a0<\/strong>nimetused on\u00a0<strong>v\u00e4iket\u00e4helised.<\/strong><\/p>\n<h4><em>N\u00e4ide 3.\u00a0<\/em>suur reede, naistep\u00e4ev, j\u00f5ulud, veebruar<\/h4>\n<p><strong>V. \u00dcrituste\u00a0<\/strong>puhul kasutatakse tavaliselt<strong>\u00a0\u00fcldnimesid\u00a0<\/strong>ja kirjutatakse<strong>\u00a0v\u00e4ikese algust\u00e4hega.<\/strong><\/p>\n<h4><em>N\u00e4ide 4.\u00a0<\/em>rahvusvaheline balletifestival, koolinoorte laulu- ja tantsupidu, ol\u00fcmpiam\u00e4ngud<em><br><\/em><\/h4>\n<p>Samas on \u00fcritusi, mis kirjutatakse\u00a0<strong>l\u00e4biva suurt\u00e4hega<\/strong>, v.a liigis\u00f5na (nt Valgete \u00d6\u00f6de<em>\u00a0ralli,\u00a0<\/em>S\u00f5pruse\u00a0<em>velotuur<\/em>, Pimedate \u00d6\u00f6de\u00a0<em>filmifestival<\/em>), ja pealkirjalaadseid \u00fcritusi, mis kirjutatakse\u00a0<strong>jutum\u00e4rkides\u00a0<\/strong>ja\u00a0<strong>esisuurt\u00e4hega<\/strong>\u00a0(nt\u00a0<em>konverents\u00a0<\/em>\u201cT\u00f6\u00f6- ja koost\u00f6\u00f6kultuur koolis\u201d).<\/p>\n<p><strong>VI. Ametinimetused, tiitlid, auastmed\u00a0<\/strong>ja\u00a0<strong>teaduskraadid<\/strong>\u00a0kirjutatakse\u00a0<strong>v\u00e4ikese algust\u00e4hega.<\/strong><\/p>\n<h4><em>N\u00e4ide 5.\u00a0<\/em>vabariigi president, rektor, aasta \u00f5ppej\u00f5ud<\/h4>\n<p>P\u00f5hjalikumalt k\u00e4sitleb veaohtlike ametinimetuste, auastmete ja -nimetuste ning teaduskraadide \u00f5igekirjutust T. Leemets artiklis\u00a0<strong>\u201cAustus ei s\u00f5ltu algust\u00e4hest\u201d<\/strong>\u00a0(2004), aadressil <a href=\"http:\/\/www.eki.ee\/keeleabi\/artiklid3\/austus.html\" target=\"_blank\" rel=\"noopener\">http:\/\/www.eki.ee\/keeleabi\/artiklid3\/austus.html<\/a>.<\/p>\n<hr>\n<table class=\"table table-hover\" style=\"width: 100%\" border=\"0\">\n<tbody>\n<tr>\n<td style=\"width: 50px\" valign=\"top\"><img loading=\"lazy\" decoding=\"async\" width=\"48\" height=\"48\" class=\"alignnone wp-image-44\" style=\"float: left\" src=\"https:\/\/sisu.ut.ee\/wp-content\/uploads\/sites\/181\/pliiats.png\" title=\"pliiats.png\" alt=\"pliiats.png\">\n<\/td>\n<td>\n<p><strong>Paranda vead!\u00a0Kasuta tekstis\u00a0allajoonitud s\u00f5nade ja s\u00f5na\u00fchendite puhul suurt algust\u00e4hte ja jutum\u00e4rke, kui see on vajalik. P\u00f5hjenda oma valikut reegliga.<\/strong><\/p>\n<p>Wagneri ooperi\u00a0<span style=\"text-decoration: underline\"><span data-mce-mark=\"1\">lendav hollandlane<\/span><\/span><span data-mce-mark=\"1\">\u00a0peaosa t\u00e4itis\u00a0<\/span><span data-mce-mark=\"1\"><span style=\"text-decoration: underline\">savonlinna<\/span>\u00a0<\/span><span data-mce-mark=\"1\">etendusel\u00a0<\/span><span style=\"text-decoration: underline\"><span data-mce-mark=\"1\">itaalia bariton<\/span><\/span><span data-mce-mark=\"1\">.\u00a0<\/span><span data-mce-mark=\"1\"><span style=\"text-decoration: underline\">Euroopa n\u00f5ukogu parlamentaarse assamblee<\/span>\u00a0<\/span><span data-mce-mark=\"1\">istungil viibis ka\u00a0<\/span><span style=\"text-decoration: underline\"><span data-mce-mark=\"1\">eesti esindaja<\/span><\/span><span data-mce-mark=\"1\">.\u00a0<\/span><span data-mce-mark=\"1\"><span style=\"text-decoration: underline\">P\u00f5rgup\u00f5hja uuest vanapaganast<\/span>\u00a0<\/span><span data-mce-mark=\"1\">on mitu filmivarianti. Ostsin\u00a0<\/span><span style=\"text-decoration: underline\"><span data-mce-mark=\"1\">kohvikust aleksander ja s\u00f5brad<\/span><\/span><strong>\u00a0<\/strong><span data-mce-mark=\"1\">v\u00e4rskeid\u00a0<\/span><span style=\"text-decoration: underline\"><span data-mce-mark=\"1\">moorapea kooke<\/span><\/span><span data-mce-mark=\"1\">\u00a0ja\u00a0<\/span><span style=\"text-decoration: underline\"><span data-mce-mark=\"1\">napoleoni tordi<\/span><\/span><span data-mce-mark=\"1\">. Ma p\u00fc\u00fcdsin tol perioodil ka ise kirjutada, astusin\u00a0<\/span><span data-mce-mark=\"1\"><span style=\"text-decoration: underline\">tallinna noorte autorite koondisse<\/span>\u00a0<\/span><span data-mce-mark=\"1\">ning osalesin\u00a0<\/span><span style=\"text-decoration: underline\"><span data-mce-mark=\"1\">kirjanike majas<\/span><\/span><span data-mce-mark=\"1\">\u00a0toimunud aruteludel.\u00a0<\/span><span style=\"text-decoration: underline\"><span data-mce-mark=\"1\">Eesti akadeemiline \u00f5igusteaduse selts<\/span><\/span><span data-mce-mark=\"1\">\u00a0ja\u00a0<\/span><span style=\"text-decoration: underline\"><span data-mce-mark=\"1\">eesti juristide liit<\/span><\/span><span data-mce-mark=\"1\">\u00a0korraldasid juunis\u00a0<\/span><span style=\"text-decoration: underline\"><span data-mce-mark=\"1\">22. eesti \u00f5igusteadlaste p\u00e4evad<\/span><\/span><span data-mce-mark=\"1\">.\u00a0<\/span><span style=\"text-decoration: underline\"><span data-mce-mark=\"1\">Vanemuise v\u00e4ikeses majas<\/span><\/span><span data-mce-mark=\"1\">\u00a0m\u00e4ngib\u00a0<\/span><span style=\"text-decoration: underline\"><span data-mce-mark=\"1\">eesti draamateater<\/span><\/span><span data-mce-mark=\"1\">\u00a0<\/span><span style=\"text-decoration: underline\"><span data-mce-mark=\"1\">l\u00f5putut kohvijoomist<\/span><\/span><span data-mce-mark=\"1\">. Hiljuti andis meie\u00a0<\/span><span style=\"text-decoration: underline\"><span data-mce-mark=\"1\">president<\/span><span data-mce-mark=\"1\">\u00a0<\/span><span data-mce-mark=\"1\">norra suursaadikule<\/span><span data-mce-mark=\"1\">\u00a0<\/span><\/span><span data-mce-mark=\"1\"><span style=\"text-decoration: underline\">eestis<\/span>\u00a0<\/span><span data-mce-mark=\"1\">\u00fcle\u00a0<\/span><span style=\"text-decoration: underline\"><span data-mce-mark=\"1\">maarjamaa risti I klassi ordeni<\/span><\/span><span data-mce-mark=\"1\">. Sel suvel taastati\u00a0<\/span><span style=\"text-decoration: underline\"><span data-mce-mark=\"1\">v\u00f5rtsj\u00e4rve m\u00e4ngude<\/span><\/span>\u00a0<span data-mce-mark=\"1\">traditsioon.\u00a0<\/span><span style=\"text-decoration: underline\"><span data-mce-mark=\"1\">P\u00f5hja ameerika asumaade<\/span><span data-mce-mark=\"1\">\u00a0<\/span><span data-mce-mark=\"1\">iseseisvuss\u00f5jas<\/span><\/span><span data-mce-mark=\"1\">\u00a0(1775<\/span><span data-mce-mark=\"1\">\u2013<\/span><span data-mce-mark=\"1\">1783) sai\u00a0<\/span><span style=\"text-decoration: underline\"><span data-mce-mark=\"1\">suurbritannia<\/span><\/span><span data-mce-mark=\"1\">\u00a0l\u00fc\u00fca ja tunnustas\u00a0<\/span><span style=\"text-decoration: underline\"><span data-mce-mark=\"1\">versailles\u2019 rahulepinguga\u00a0<\/span><span data-mce-mark=\"1\"><\/span><span data-mce-mark=\"1\">usa<\/span><\/span><span data-mce-mark=\"1\">\u00a0iseseisvust.<\/span><\/p>\n<p align=\"right\">(Kingisepp, 2000 j\u00e4rgi)<\/p>\n<p style=\"text-align: left\" align=\"right\"><\/p><div class=\"accordion mb-3\">\n        <div class=\"accordion-item accordion-item--white\">\n        <h2 class=\"accordion-header\" id=\"accordion-69e510aec140b-heading\">\n            <button class=\"accordion-button collapsed\" type=\"button\" data-bs-toggle=\"collapse\" data-bs-target=\"#accordion-69e510aec140b-collapse\" aria-expanded=\"true\" aria-controls=\"accordion-69e510aec140b-collapse\">Vastus<\/button>\n        <\/h2>\n        <div id=\"accordion-69e510aec140b-collapse\" class=\"accordion-collapse collapse\" aria-labelledby=\"accordion-69e510aec140b-heading\">\n            <div class=\"accordion-body\">\n<p style=\"text-align: left\" align=\"right\">Wagneri ooperi <strong>\u201cLendav Hollandlane\u201d<\/strong> peaosa t\u00e4itis <strong>Savonlinna<\/strong> etendusel <strong>Itaalia\/ itaalia bariton<\/strong>. <strong>Euroopa N\u00f5ukogu Parlamentaarse Assamblee<\/strong> istungil viibis ka <strong>Eesti esindaja<\/strong>. <strong>\u201cP\u00f5rgup\u00f5hja uuest Vanapaganast\u201d<\/strong> on mitu filmivarianti. Ostsin <strong>kohvikust Aleksander ja S\u00f5brad<\/strong> v\u00e4rskeid <strong>Moorapea kooke<\/strong> ja <strong>Napoleoni\/ napoleoni tordi<\/strong>. Ma p\u00fc\u00fcdsin tol perioodil ka ise kirjutada, astusin <strong>Tallinna Noorte Autorite Koondisse<\/strong> ning osalesin <strong>Kirjanike Majas<\/strong> toimunud aruteludel. <strong>Eesti Akadeemiline \u00d5igusteaduse Selts<\/strong> ja <strong>Eesti Juristide Liit<\/strong> korraldasid juunis <strong>22. Eesti \u00f5igusteadlaste p\u00e4evad<\/strong>. <strong>Vanemuise v\u00e4ikeses majas<\/strong> m\u00e4ngib <strong>Eesti Draamateater \u201cL\u00f5putut kohvijoomist\u201d<\/strong>. Hiljuti andis meie <strong>president Norra suursaadikule Eestis<\/strong> \u00fcle <strong>Maarjamaa Risti I klassi ordeni<\/strong>. Sel suvel taastati <strong>V\u00f5rtsj\u00e4rve m\u00e4ngude<\/strong> traditsioon. <strong>P\u00f5hja-Ameerika asumaade Iseseisvuss\u00f5jas<\/strong> (1775\u20131783) sai <strong>Suurbritannia<\/strong> l\u00fc\u00fca ja tunnustas <strong>Versailles\u2019 rahulepinguga USA<\/strong> iseseisvust.<\/p>\n<p style=\"text-align: left\" align=\"right\"><\/p><\/div>\n        <\/div>\n        <\/div>\n    <\/div>\u00a0\n<\/td>\n<\/tr>\n<\/tbody>\n<\/table>\n<hr>\n<h6>Loe lisaks:<\/h6>\n<ol>\n<li>\n<h6><span data-mce-mark=\"1\">Erelt, T. (2005).\u00a0<em>Eesti ortograafia.\u00a0<\/em>Tallinn: Eesti Keele Sihtasutus.<\/span><\/h6>\n<\/li>\n<li>\n<h6><span data-mce-mark=\"1\">Kraut, E., Liivaste, E., &amp; Tarvo, A. (1998).\u00a0<em>Eesti \u00f5igekeel<\/em>. Tallinn: AS Koolibri.<\/span><\/h6>\n<\/li>\n<li>\n<h6><span data-mce-mark=\"1\">P\u00e4ll, P. (2008). Internet ja internet.\u00a0<em>Keelen\u00f5uanne soovitab 4,<\/em>\u00a0146.\u00a0<\/span><span data-mce-mark=\"1\">Tallinn: Eesti Keele Sihtasutus.<\/span><\/h6>\n<\/li>\n<\/ol>\n","protected":false},"excerpt":{"rendered":"<p>Algust\u00e4hereeglite rakendamine p\u00f5hjustab sageli eksimusi. Selles peat\u00fckis keskendutakse neile juhtudele, mille suhtes tuleks olla eriti t\u00e4helepanelik (Erelt, Erelt, &amp; Ross, 2007; Uusp\u00f5ld, 2008). I. Seaduste, m\u00e4\u00e4ruste\u00a0ja\u00a0teiste \u00f5igusaktide nimetuste\/ nimede\u00a0puhul kasutatakse\u00a0v\u00e4iket\u00e4helisi \u00fcldnimetusi v\u00f5i jutum\u00e4rke. Nii kirjutatakse need kas harilike nimetustena\u00a0(p\u00f5hiseadus, isikuandmete &#8230;<\/p>\n","protected":false},"author":89,"featured_media":0,"parent":0,"menu_order":0,"comment_status":"closed","ping_status":"closed","template":"","meta":{"_acf_changed":false,"inline_featured_image":false,"footnotes":""},"class_list":["post-35","page","type-page","status-publish","hentry"],"acf":[],"_links":{"self":[{"href":"https:\/\/sisu.ut.ee\/eestikeel1\/wp-json\/wp\/v2\/pages\/35","targetHints":{"allow":["GET"]}}],"collection":[{"href":"https:\/\/sisu.ut.ee\/eestikeel1\/wp-json\/wp\/v2\/pages"}],"about":[{"href":"https:\/\/sisu.ut.ee\/eestikeel1\/wp-json\/wp\/v2\/types\/page"}],"author":[{"embeddable":true,"href":"https:\/\/sisu.ut.ee\/eestikeel1\/wp-json\/wp\/v2\/users\/89"}],"replies":[{"embeddable":true,"href":"https:\/\/sisu.ut.ee\/eestikeel1\/wp-json\/wp\/v2\/comments?post=35"}],"version-history":[{"count":2,"href":"https:\/\/sisu.ut.ee\/eestikeel1\/wp-json\/wp\/v2\/pages\/35\/revisions"}],"predecessor-version":[{"id":158,"href":"https:\/\/sisu.ut.ee\/eestikeel1\/wp-json\/wp\/v2\/pages\/35\/revisions\/158"}],"wp:attachment":[{"href":"https:\/\/sisu.ut.ee\/eestikeel1\/wp-json\/wp\/v2\/media?parent=35"}],"curies":[{"name":"wp","href":"https:\/\/api.w.org\/{rel}","templated":true}]}}