{"id":34,"date":"2024-04-04T02:58:58","date_gmt":"2024-04-03T23:58:58","guid":{"rendered":"https:\/\/sisu.ut.ee\/eestikeel1\/uuendusi-algustahe-kasutamises\/"},"modified":"2024-04-04T02:59:06","modified_gmt":"2024-04-03T23:59:06","slug":"uuendusi-algustahe-kasutamises","status":"publish","type":"page","link":"https:\/\/sisu.ut.ee\/eestikeel1\/uuendusi-algustahe-kasutamises\/","title":{"rendered":"Uuendusi algust\u00e4he kasutamises"},"content":{"rendered":"<p><\/p><div class=\"accordion mb-3\">\n        <div class=\"accordion-item accordion-item--white\">\n        <h2 class=\"accordion-header\" id=\"accordion-69e510f6d441c-heading\">\n            <button class=\"accordion-button collapsed\" type=\"button\" data-bs-toggle=\"collapse\" data-bs-target=\"#accordion-69e510f6d441c-collapse\" aria-expanded=\"true\" aria-controls=\"accordion-69e510f6d441c-collapse\">M\u00f5tle,\u00a0milliseid olulisi muudatusi on tehtud algust\u00e4he ja jutum\u00e4rkide kasutamises?<\/button>\n        <\/h2>\n        <div id=\"accordion-69e510f6d441c-collapse\" class=\"accordion-collapse collapse\" aria-labelledby=\"accordion-69e510f6d441c-heading\">\n            <div class=\"accordion-body\"><span>Uuendustega tutvumiseks loe l\u00e4bi j\u00e4rgnev peat\u00fckk ja tutvu artiklites esitatud anal\u00fc\u00fcsidega.<\/span><\/div>\n        <\/div>\n        <\/div>\n    <\/div>\n<p><strong>I.\u00a0<\/strong><span>Viimase k\u00fcmnendi suurimaks muudatuseks on v\u00e4ike- ja suurt\u00e4he kasutamine\u00a0<\/span><strong>p\u00e4risnimelise\u00a0<\/strong><span>(koha- ja isikunimelise)<\/span><strong>\u00a0t\u00e4iendiga s\u00f5na\u00fchendites<\/strong><span>, eriti kaubanimedes. P\u00f5hjaliku \u00fclevaate probleemsetest s\u00f5nar\u00fchmadest annab M. Raadik artiklis \u201c<\/span><strong>Kaupade nimetamine\u201d\u00a0<\/strong><span>(2000b), aadressil <\/span><a href=\"http:\/\/www.eki.ee\/keeleabi\/artiklid2\/kaubad.html\" target=\"_blank\" rel=\"noopener\">http:\/\/www.eki.ee\/keeleabi\/artiklid2\/kaubad.html<\/a><span>.<\/span><\/p>\n<p><span data-mce-mark=\"1\"><strong>II.<\/strong><span data-mce-mark=\"1\">\u00a0Vigu p\u00f5hjustab ka\u00a0<\/span><strong>p\u00e4risnime\u00a0<\/strong><span data-mce-mark=\"1\">(koha- ja isikunime) kasutamine\u00a0<\/span><strong>piltlikes v\u00e4ljendites<\/strong><span data-mce-mark=\"1\">. Asjakohaseid selgitusi koos rohkete n\u00e4idetega jagab T. Erelt artiklis\u00a0<\/span><strong>\u201cNimet\u00e4iendiga piltlikud v\u00e4ljendid\u201d<\/strong><span data-mce-mark=\"1\">\u00a0(2000), aadressil <\/span><a href=\"http:\/\/www.eki.ee\/keeleabi\/artiklid2\/piltlikud.html\" target=\"_blank\" rel=\"noopener\">http:\/\/www.eki.ee\/keeleabi\/artiklid2\/piltlikud.html<\/a><span data-mce-mark=\"1\">.<\/span><\/span><\/p>\n<p><span data-mce-mark=\"1\"><span data-mce-mark=\"1\"><\/span><\/span><\/p>\n<p><span data-mce-mark=\"1\"><strong>III.<\/strong> Sageli tekitab k\u00fcsitavusi ka 90ndate aastate keeleuuendus\u00a0<\/span><span data-mce-mark=\"1\">\u2013\u00a0<\/span><strong>jutum\u00e4rkidest loobumine\u00a0<\/strong><span data-mce-mark=\"1\">\u2013\u00a0<\/span><span data-mce-mark=\"1\">j\u00e4rgmiste\u00a0<\/span><strong>suurt\u00e4heliste \u00fchendite<\/strong><span data-mce-mark=\"1\">\u00a0puhul:<\/span><\/p>\n<ol>\n<li><strong><strong>perioodikav\u00e4ljaannete pealkirjad<\/strong>\u00a0(<em>ajakiri\u00a0<\/em>Eesti Loodus,\u00a0<em>ajaleht\u00a0<\/em>Eesti Ekspress);<\/strong><\/li>\n<li><strong>asutuste\/ ettev\u00f5tete nimed<\/strong>\u00a0(<em>kohvik\u00a0<\/em>Suudlevad Tudengid,\u00a0<em>aktsiaselts\u00a0<\/em>Olympic Casino);<\/li>\n<li><strong>autasude, kaupade\u00a0<\/strong>ja\u00a0<strong>s\u00f5idukite nimed<\/strong>\u00a0(<em>orden\u00a0<\/em>Ema au,\u00a0<em>laev\u00a0<\/em>Silja Europa,\u00a0<em>viin\u00a0<\/em>Viru Valge).<\/li>\n<\/ol>\n<p><span data-mce-mark=\"1\"><span data-mce-mark=\"1\"><\/span><\/span><\/p>\n<p>P\u00f5hjaliku \u00fclevaate muutustest jutum\u00e4rkide kasutamises annab M. Raadik artiklis\u00a0<strong>\u201cLugu \u201c\u00e4rakaotatud\u201d jutum\u00e4rkidest\u201d<\/strong>\u00a0ajakirjas Oma Keel 2\/ 2006.<\/p>\n<p><span data-mce-mark=\"1\"><span data-mce-mark=\"1\"><\/span><\/span><\/p>\n<p>Probleemiks on ka pealkirja kasutamine kirjalikus tekstis. P\u00f5hik\u00fcsimus on: kas pealkirja tuleb k\u00e4\u00e4nata v\u00f5i j\u00e4tta see algvormi. Pealkirjade k\u00e4\u00e4ndevalikut lauses k\u00e4sitleb A. Mundi artiklis\u00a0<strong>\u201cEttevaatust! Pealkiri!\u201d<\/strong>\u00a0(2004), aadressil <a href=\"http:\/\/www.eki.ee\/keeleabi\/artiklid3\/pealkiri.html\" target=\"_blank\" rel=\"noopener\"><span style=\"text-decoration: underline\"><span>http:\/\/www.eki.ee\/keeleabi\/artiklid3\/pealkiri.html<\/span><\/span><\/a>.<\/p>\n<p><span data-mce-mark=\"1\"><span data-mce-mark=\"1\"><\/span><\/span><\/p>\n<hr>\n<h6><span data-mce-mark=\"1\"><span data-mce-mark=\"1\">Loe lisaks:<\/span><\/span><\/h6>\n<p><span data-mce-mark=\"1\"><span data-mce-mark=\"1\"><\/span><\/span><\/p>\n<h6><span data-mce-mark=\"1\"><span data-mce-mark=\"1\"><\/span><\/span><\/h6>\n<ol>\n<li>\n<h6>Alender, E., Henno, K., Hussar, A., P\u00e4ll,P., &amp; Saar, E. (2003).\u00a0<em style=\"font-family: Verdana;font-size: small\">Nimekorralduse anal\u00fc\u00fcs.<\/em><span style=\"font-family: Verdana;font-size: small\">Tallinn: Eesti Keele Sihtasutus.<\/span><\/h6>\n<\/li>\n<li>\n<h6>Erelt, M., Erelt, T., &amp; Ross, K. (2007).\u00a0<em>Eesti keele k\u00e4siraamat.<\/em>\u00a0Tallinn: Eesti Keele Sihtasutus.<\/h6>\n<\/li>\n<li>\n<h6>Erelt, T. (2005).\u00a0<em>Eesti ortograafia.\u00a0<\/em>Tallinn: Eesti Keele Sihtasutus.<\/h6>\n<\/li>\n<li>\n<h6>P\u00e4ll, P. (1999).\u00a0<em>Maailma kohanimed<\/em>. Tallinn: Eesti Keele Sihtasutus.<\/h6>\n<\/li>\n<li>\n<h6>Raadik, M. (2006). Lugu \u201c\u00e4rakaotatud\u201d jutum\u00e4rkidest.\u00a0<em>Oma Keel,\u00a0<\/em>2, 51-64.<\/h6>\n<\/li>\n<\/ol>\n<p><span data-mce-mark=\"1\"><span data-mce-mark=\"1\"><span style=\"font-family: Verdana;font-size: small\"><\/span><\/span><\/span><\/p>\n<p><span data-mce-mark=\"1\"><span data-mce-mark=\"1\"><span style=\"font-family: Verdana;font-size: small\"><\/span><\/span><\/span><\/p>\n","protected":false},"excerpt":{"rendered":"<p>M\u00f5tle,\u00a0milliseid olulisi muudatusi on tehtud algust\u00e4he ja jutum\u00e4rkide kasutamises? Uuendustega tutvumiseks loe l\u00e4bi j\u00e4rgnev peat\u00fckk ja tutvu artiklites esitatud anal\u00fc\u00fcsidega. I.\u00a0Viimase k\u00fcmnendi suurimaks muudatuseks on v\u00e4ike- ja suurt\u00e4he kasutamine\u00a0p\u00e4risnimelise\u00a0(koha- ja isikunimelise)\u00a0t\u00e4iendiga s\u00f5na\u00fchendites, eriti kaubanimedes. P\u00f5hjaliku \u00fclevaate probleemsetest s\u00f5nar\u00fchmadest annab M. &#8230;<\/p>\n","protected":false},"author":89,"featured_media":0,"parent":0,"menu_order":0,"comment_status":"closed","ping_status":"closed","template":"","meta":{"_acf_changed":false,"inline_featured_image":false,"footnotes":""},"class_list":["post-34","page","type-page","status-publish","hentry"],"acf":[],"_links":{"self":[{"href":"https:\/\/sisu.ut.ee\/eestikeel1\/wp-json\/wp\/v2\/pages\/34","targetHints":{"allow":["GET"]}}],"collection":[{"href":"https:\/\/sisu.ut.ee\/eestikeel1\/wp-json\/wp\/v2\/pages"}],"about":[{"href":"https:\/\/sisu.ut.ee\/eestikeel1\/wp-json\/wp\/v2\/types\/page"}],"author":[{"embeddable":true,"href":"https:\/\/sisu.ut.ee\/eestikeel1\/wp-json\/wp\/v2\/users\/89"}],"replies":[{"embeddable":true,"href":"https:\/\/sisu.ut.ee\/eestikeel1\/wp-json\/wp\/v2\/comments?post=34"}],"version-history":[{"count":1,"href":"https:\/\/sisu.ut.ee\/eestikeel1\/wp-json\/wp\/v2\/pages\/34\/revisions"}],"predecessor-version":[{"id":89,"href":"https:\/\/sisu.ut.ee\/eestikeel1\/wp-json\/wp\/v2\/pages\/34\/revisions\/89"}],"wp:attachment":[{"href":"https:\/\/sisu.ut.ee\/eestikeel1\/wp-json\/wp\/v2\/media?parent=34"}],"curies":[{"name":"wp","href":"https:\/\/api.w.org\/{rel}","templated":true}]}}