{"id":33,"date":"2024-04-04T02:58:58","date_gmt":"2024-04-03T23:58:58","guid":{"rendered":"https:\/\/sisu.ut.ee\/eestikeel1\/pohireeglid-1\/"},"modified":"2024-04-12T12:05:25","modified_gmt":"2024-04-12T09:05:25","slug":"pohireeglid-1","status":"publish","type":"page","link":"https:\/\/sisu.ut.ee\/eestikeel1\/pohireeglid-1\/","title":{"rendered":"2.2. P\u00f5hireeglid"},"content":{"rendered":"<p>Selles peat\u00fckis keskendutakse olulisematele eesti keele algust\u00e4he \u00f5igekirja reeglitele, s\u00fcvenemata detailidesse. P\u00f5hjaliku \u00fclevaate saamiseks v\u00f5iks\u00a0lugeda\u00a0<strong>\u201dEesti keele k\u00e4siraamatut\u201d<\/strong>\u00a0(Erelt, Erelt, &amp;, Ross, 2007), mille elektrooniline versioon on\u00a0aadreesil <a href=\"http:\/\/www.eki.ee\/books\/ekk07\/\" target=\"_blank\" rel=\"noopener\">http:\/\/www.eki.ee\/books\/ekk07\/<\/a>.\u00a0Klikkides vasakul men\u00fc\u00fcs peat\u00fcki lingil, avaneb soovitud peat\u00fckk. Allj\u00e4rgnevalt k\u00e4sitletakse olulisemaid reegleid.<\/p>\n<h5>I. L\u00e4biva suurt\u00e4hega ja ilma jutum\u00e4rkideta\u00a0kirjutatakse<\/h5>\n<p>1)<strong>\u00a0isiku- ja olendinimed<\/strong><\/p>\n<h4><em>N<\/em><em>\u00e4ide 1.\u00a0<\/em>Jaak P\u00e4\u00e4suke, Suur T\u00f5ll, Kaval-Ants, Murka<\/h4>\n<p>2)\u00a0<strong>koha- ja ehitisenimed<\/strong><\/p>\n<h4><em>N\u00e4ide 2.\u00a0<\/em>P\u00f5hja-J\u00e4\u00e4meri, Jumalaema Uinumise klooster,\u00a0<em>pubi\u00a0<\/em>M\u00e4gra Maja<\/h4>\n<p>3)\u00a0<strong>riigi- ja osariiginimed<\/strong><\/p>\n<h4><em>N\u00e4ide 3.<\/em>\u00a0L\u00f5una-Aafrika Vabariik, Alam-Austria, Eesti Vabariik<\/h4>\n<p>4)\u00a0<strong>asutuste, ettev\u00f5tete, organisatsioonide, \u00fchenduste nimed<\/strong>\u00a0(v.a liigis\u00f5nad)<\/p>\n<h4><em>N\u00e4ide 4.\u00a0<\/em>Tallinna Sadam, Kotka Kelder, Mets\u00a0<em>ja\u00a0<\/em>Puu, Tamsalu vallavalitsus<\/h4>\n<p>5)\u00a0<strong>perioodikav\u00e4ljaannete nimed<\/strong>\u00a0(v.a sides\u00f5nad)<\/p>\n<h4><em>N\u00e4ide 5.<\/em>\u00a0Universitas Tartuensis, Eesti Arst, Keel\u00a0<em>ja\u00a0<\/em>Kirjandus<\/h4>\n<p>6)\u00a0<strong>autasunimed<\/strong><\/p>\n<h4><em>N\u00e4ide 6.<\/em>\u00a0Silmapaistvate Teenete\u00a0<em>orden<\/em>, Eesti Taass\u00fcnni\u00a0<em>auhind<\/em><\/h4>\n<p>7)\u00a0<strong>kaubanimed<\/strong><\/p>\n<h4><em>N\u00e4ide 7.<\/em>\u00a0<em>kompvekid\u00a0<\/em>Punased Roosid,\u00a0<em>auto\u00a0<\/em>Volkswagen Polo<\/h4>\n<p>8)\u00a0<strong>s\u00f5iduki jm nimed<\/strong><\/p>\n<h4><em>N\u00e4ide 8. laev\u00a0<\/em>Silja Serenade,\u00a0<em>purjekas\u00a0<\/em>Lendav Hollandlane<\/h4>\n<p><strong>NB!\u00a0<\/strong>Nende nimede juurde kuuluv\u00a0<strong>liigis\u00f5na\u00a0<\/strong>(pubi, vallavalitsus, orden, laev vm) kirjutatakse\u00a0<strong>v\u00e4ikese t\u00e4hega<\/strong>.<\/p>\n<h5>II. Esisuurt\u00e4hega ja jutum\u00e4rkides kirjutatakse<\/h5>\n<p>1)\u00a0<strong>teoste, dokumentide, sarjade, rubriikide pealkirjad<\/strong><\/p>\n<h4><em>N\u00e4ide 9.<\/em>\u00a0<em>maal\u00a0<\/em>\u201cHommik metsas\u201d,\u00a0<em>ooper\u00a0<\/em>\u201cArmastuse valem\u201d,\u00a0<em>luuletus\u00a0<\/em>\u201cR\u00f5uge kiriku kell\u201d<\/h4>\n<p>2)\u00a0<strong>pealkirjalaadsed \u00fcritusenimed<\/strong><\/p>\n<h4><em>N\u00e4ide 10.<\/em>\u00a0<em>koolitus\u00a0<\/em>\u201cEnese arendamine: \u00f5ppimine ja t\u00f6\u00f6kogemus\u201d<\/h4>\n<p>3)\u00a0<strong>taimede sordinimed<\/strong><em><\/em><\/p>\n<h4><em>N\u00e4ide 11.<\/em>\u00a0<em>\u00f5un\u00a0<\/em>\u201cValge klaar\u201d,\u00a0<em>kartul\u00a0<\/em>\u201cJ\u00f5geva kollane\u201d,\u00a0<em>ploom\u00a0<\/em>\u201cHiiu sinine\u201d<\/h4>\n<h5>III. \u00dcrituste\u00a0ja\u00a0ajaloos\u00fcndmuste\u00a0\u00f5igekirjutus on reguleeritud erinevate reeglitega.<\/h5>\n<p>Nendega v\u00f5iks tutvuda\u00a0<strong>\u201cEesti keele k\u00e4siraamatu\u201d\u00a0<\/strong>(2007) vastavates peat\u00fckkides (\u201cAjaloos\u00fcndmused\u201d, \u201c\u00dcritused\u201d), aadressil <a href=\"http:\/\/www.eki.ee\/books\/ekk07\/\" target=\"_blank\" rel=\"noopener\">http:\/\/www.eki.ee\/books\/ekk07\/<\/a>.<\/p>\n<hr>\n<h6>Loe lisaks:<\/h6>\n<ol>\n<li>\n<h6>Kraut, E., Liivaste, E., &amp; Tarvo, A. (1998).\u00a0<em>Eesti \u00f5igekeel<\/em>. Tallinn: AS Koolibri.<\/h6>\n<\/li>\n<li>\n<h6>Mund, A. (2004). Ettevaatust! Pealkiri!\u00a0<em>Keelen\u00f5uanne soovitab<\/em>\u00a0<em>3<\/em>, 105-109.\u00a0Tallinn: Eesti Keele Sihtasutus.<\/h6>\n<\/li>\n<li>\n<h6>Raadik, M. (2000b). Kaupade nimetamine.\u00a0<em>Keelen\u00f5uanne soovitab 2<\/em>, 140-146.\u00a0Tallinn: Eesti Keele Sihtasutus.<\/h6>\n<\/li>\n<\/ol>\n","protected":false},"excerpt":{"rendered":"<p>Selles peat\u00fckis keskendutakse olulisematele eesti keele algust\u00e4he \u00f5igekirja reeglitele, s\u00fcvenemata detailidesse. P\u00f5hjaliku \u00fclevaate saamiseks v\u00f5iks\u00a0lugeda\u00a0\u201dEesti keele k\u00e4siraamatut\u201d\u00a0(Erelt, Erelt, &amp;, Ross, 2007), mille elektrooniline versioon on\u00a0aadreesil http:\/\/www.eki.ee\/books\/ekk07\/.\u00a0Klikkides vasakul men\u00fc\u00fcs peat\u00fcki lingil, avaneb soovitud peat\u00fckk. Allj\u00e4rgnevalt k\u00e4sitletakse olulisemaid reegleid. I. L\u00e4biva suurt\u00e4hega &#8230;<\/p>\n","protected":false},"author":89,"featured_media":0,"parent":0,"menu_order":0,"comment_status":"closed","ping_status":"closed","template":"","meta":{"_acf_changed":false,"inline_featured_image":false,"footnotes":""},"class_list":["post-33","page","type-page","status-publish","hentry"],"acf":[],"_links":{"self":[{"href":"https:\/\/sisu.ut.ee\/eestikeel1\/wp-json\/wp\/v2\/pages\/33","targetHints":{"allow":["GET"]}}],"collection":[{"href":"https:\/\/sisu.ut.ee\/eestikeel1\/wp-json\/wp\/v2\/pages"}],"about":[{"href":"https:\/\/sisu.ut.ee\/eestikeel1\/wp-json\/wp\/v2\/types\/page"}],"author":[{"embeddable":true,"href":"https:\/\/sisu.ut.ee\/eestikeel1\/wp-json\/wp\/v2\/users\/89"}],"replies":[{"embeddable":true,"href":"https:\/\/sisu.ut.ee\/eestikeel1\/wp-json\/wp\/v2\/comments?post=33"}],"version-history":[{"count":2,"href":"https:\/\/sisu.ut.ee\/eestikeel1\/wp-json\/wp\/v2\/pages\/33\/revisions"}],"predecessor-version":[{"id":154,"href":"https:\/\/sisu.ut.ee\/eestikeel1\/wp-json\/wp\/v2\/pages\/33\/revisions\/154"}],"wp:attachment":[{"href":"https:\/\/sisu.ut.ee\/eestikeel1\/wp-json\/wp\/v2\/media?parent=33"}],"curies":[{"name":"wp","href":"https:\/\/api.w.org\/{rel}","templated":true}]}}