{"id":32,"date":"2024-04-04T02:58:58","date_gmt":"2024-04-03T23:58:58","guid":{"rendered":"https:\/\/sisu.ut.ee\/eestikeel1\/uldised-pohimotted-0\/"},"modified":"2024-04-12T12:14:35","modified_gmt":"2024-04-12T09:14:35","slug":"uldised-pohimotted-0","status":"publish","type":"page","link":"https:\/\/sisu.ut.ee\/eestikeel1\/uldised-pohimotted-0\/","title":{"rendered":"2.1. \u00dcldised p\u00f5him\u00f5tted"},"content":{"rendered":"<p><\/p><div class=\"accordion mb-3\">\n        <div class=\"accordion-item accordion-item--white\">\n        <h2 class=\"accordion-header\" id=\"accordion-69e510af464bc-heading\">\n            <button class=\"accordion-button collapsed\" type=\"button\" data-bs-toggle=\"collapse\" data-bs-target=\"#accordion-69e510af464bc-collapse\" aria-expanded=\"true\" aria-controls=\"accordion-69e510af464bc-collapse\">M\u00f5tle, millistest p\u00f5him\u00f5tetest tuleb l\u00e4htuda suure ja v\u00e4ikese algust\u00e4he valikul? (Kl\u00f5psa!)<\/button>\n        <\/h2>\n        <div id=\"accordion-69e510af464bc-collapse\" class=\"accordion-collapse collapse\" aria-labelledby=\"accordion-69e510af464bc-heading\">\n            <div class=\"accordion-body\">Reeglitega tutvumiseks loe l\u00e4bi peat\u00fckid \u201c\u00dcldised p\u00f5him\u00f5tted\u201d ja \u201cP\u00f5hireeglid\u201d.<\/div>\n        <\/div>\n        <\/div>\n    <\/div>\n<p><strong>Algust\u00e4he \u00f5igekirja reeglid<\/strong>\u00a0keskenduvad\u00a0<strong>suure ja v\u00e4ikese algust\u00e4he vastandamisele<\/strong>, st missugune t\u00e4hendus on suurt\u00e4helisel s\u00f5nal v\u00f5i \u00fchendil v\u00f5rreldes v\u00e4iket\u00e4helisega.\u00a0<strong>Kuldreegel on<\/strong>: normaalolekus kirjutatakse\u00a0s\u00f5nad v\u00e4ikese t\u00e4hega, suure t\u00e4hega kirjutamiseks peab olema m\u00f5juv p\u00f5hjus (Raadik, 2009; Raadik, 2000a).\u00a0Nii saab suure algust\u00e4he abil anda s\u00f5nale uue sisu. Samas, kui suurel algust\u00e4hel ei ole v\u00e4iket\u00e4hega v\u00f5rreldes teistsugust t\u00e4hendust, tuleks eelistada v\u00e4iket\u00e4hte. Oluline osa suur- ja v\u00e4iket\u00e4he valikul on ka teksti laadil: kas ameti- v\u00f5i tavatekst (Raadik, 2009).<\/p>\n<p><strong>Suurel algust\u00e4hel\u00a0<\/strong>on neli olulist \u00fclesannet. M\u00e4rkida:\u00a0<\/p>\n<ol>\n<li>lause algust;<\/li>\n<li>p\u00e4risnimesid (koha- ja isikunimesid);<\/li>\n<li>osa nimetuste (nt \u00fcldnimede) ametlikkust ja p\u00fcsikindlust;<\/li>\n<li>tunder\u00f5hku (\u00fclimussuurt\u00e4ht; suurt\u00e4ht adressaatide\u00a0<em>Sina\u00a0<\/em>ja\u00a0<em>Teie\u00a0<\/em>puhul).<\/li>\n<\/ol>\n<p><strong>Nii eristatakse reegleid, mis keskenduvad suurt\u00e4he ja jutum\u00e4rkide kasutamisele\u00a0<\/strong>(Erelt, 2005).\u00a0<\/p>\n<p><strong>1. L\u00e4biv suurt\u00e4ht kogu \u00fchendis<\/strong>\u00a0\u2013\u00a0kasutatakse k\u00f5ikide nime v\u00f5i nimetuse osade m\u00e4rkimisel, v.a abis\u00f5nad ja osaliselt ka liigis\u00f5nad.<\/p>\n<h4><em>N\u00e4ide 1.<\/em><\/h4>\n<h4><em>teater \u00a0 \u00a0 \u00a0 \u00a0 \u00a0 \u00a0 \u00a0 \u00a0<\/em>Eesti Draamateater<br><em>t\u00e4htkuju \u00a0 \u00a0 \u00a0 \u00a0 \u00a0 \u00a0<\/em>Koot ja Reha<br><em style=\"color: inherit;font-family: inherit\">ajakiri \u00a0 \u00a0 \u00a0 \u00a0 \u00a0 \u00a0 \u00a0 \u00a0<\/em>Tervis Pluss<br><em style=\"color: inherit;font-family: inherit\">autasu \u00a0 \u00a0 \u00a0 \u00a0 \u00a0 \u00a0 \u00a0<\/em>Maarjamaa Risti ordeni kett\u00a0<br><em style=\"color: inherit;font-family: inherit\">loodusvorm \u00a0 \u00a0\u00a0<\/em>Hea Lootuse neem<\/h4>\n<p><strong>2. Esisuurt\u00e4ht ja jutum\u00e4rgid<\/strong>\u00a0\u2013\u00a0kasutatakse teoste pealkirjades ja taimede sordinimedes (mitteerialases tarvituses).<\/p>\n<h4><em>N\u00e4ide 2.\u00a0<\/em><\/h4>\n<h4><em>romaan \u00a0 \u00a0 \u00a0<\/em>\u201cTappa laulur\u00e4stast\u201d<br><em>kartul \u00a0 \u00a0 \u00a0 \u00a0 \u00a0<\/em>\u201cJ\u00f5geva kollane\u201d<br><em>saatesari \u00a0 \u00a0<\/em>\u201cT\u00e4hed muusikas\u201d<\/h4>\n<p><strong>3.<\/strong>\u00a0<strong>Esisuurt\u00e4ht ilma jutum\u00e4rkideta\u00a0<\/strong>\u2013\u00a0kasutatakse ainult\u00a0<strong>esimese nime\u00a0<\/strong>v\u00f5i\u00a0<strong>nimetuse\u00a0<\/strong>puhul.<\/p>\n<h4><em>N\u00e4ide 3.<\/em><\/h4>\n<h4><em>ajaloos\u00fcndmus \u00a0 \u00a0 \u00a0<\/em>Teine maailmas\u00f5da<\/h4>\n<p><strong>Nimi v\u00f5i suurt\u00e4heline nimetus v\u00f5ib olla\u00a0<\/strong>(Erelt, 2005):\u00a0<\/p>\n<ol>\n<li>kohal, ehitisel;<\/li>\n<li>asutusel, ettev\u00f5ttel, organisatsioonil ja \u00fchendusel;<\/li>\n<li>riigil, osariigil;\u00a0<\/li>\n<li>isikul, olendil;\u00a0<\/li>\n<li>perioodikav\u00e4ljaandel;<\/li>\n<li>teosel, dokumendil, sarjal, rubriigil;<\/li>\n<li>ajaloos\u00fcndmusel;<\/li>\n<li>autasul;<\/li>\n<li>\u00fcritusel;<\/li>\n<li>taimesordil;<\/li>\n<li>kaubal;<\/li>\n<li>s\u00f5idukil.<\/li>\n<\/ol>\n<p>V\u00e4ike- ja suurt\u00e4he kasutamist k\u00e4sitleb ka Maire Raadik artiklites\u00a0<strong>\u201cKas suurt\u00e4hel on t\u00e4htsust?\u201d <\/strong>(2000a), aadressil <a href=\"http:\/\/www.eki.ee\/keeleabi\/artiklid2\/suurtxht.html\" target=\"_blank\" rel=\"noopener\">http:\/\/www.eki.ee\/keeleabi\/artiklid2\/suurtxht.html ja<\/a> <strong>\u201cKas algust\u00e4ht oleneb asutusest\u201d <\/strong>(2009), aadressil <a href=\"http:\/\/keeleabi.eki.ee\/pdf\/ks5_064.pdf\" target=\"_blank\" rel=\"noopener\">http:\/\/keeleabi.eki.ee\/pdf\/ks5_064.pdf<\/a><\/p>\n<hr>\n<h6>Loe lisaks:<\/h6>\n<ol>\n<li>\n<h6>Erelt, M., Erelt, T., &amp; Ross, K. (2007).\u00a0<em>Eesti keele k\u00e4siraamat.<\/em>\u00a0Tallinn: Eesti Keele Sihtasutus.<\/h6>\n<\/li>\n<li>\n<h6>Kraut, E., Liivaste, E., &amp; Tarvo, A. (1998).\u00a0<em>Eesti \u00f5igekeel<\/em>. Tallinn: AS Koolibri.<\/h6>\n<\/li>\n<li>\n<h6>Raadik, M. (2009). Kas algust\u00e4ht oleneb asutusest?<em> Oma Keel, 2. <\/em>K\u00fclastatud aadressil <a href=\"http:\/\/keeleabi.eki.ee\/pdf\/ks5_064.pdf\" target=\"_blank\" rel=\"noopener\">http:\/\/keeleabi.eki.ee\/pdf\/ks5_064.pdf<\/a><\/h6>\n<\/li>\n<\/ol>\n","protected":false},"excerpt":{"rendered":"<p>M\u00f5tle, millistest p\u00f5him\u00f5tetest tuleb l\u00e4htuda suure ja v\u00e4ikese algust\u00e4he valikul? (Kl\u00f5psa!) Reeglitega tutvumiseks loe l\u00e4bi peat\u00fckid \u201c\u00dcldised p\u00f5him\u00f5tted\u201d ja \u201cP\u00f5hireeglid\u201d. Algust\u00e4he \u00f5igekirja reeglid\u00a0keskenduvad\u00a0suure ja v\u00e4ikese algust\u00e4he vastandamisele, st missugune t\u00e4hendus on suurt\u00e4helisel s\u00f5nal v\u00f5i \u00fchendil v\u00f5rreldes v\u00e4iket\u00e4helisega.\u00a0Kuldreegel on: normaalolekus kirjutatakse\u00a0s\u00f5nad &#8230;<\/p>\n","protected":false},"author":89,"featured_media":0,"parent":0,"menu_order":0,"comment_status":"closed","ping_status":"closed","template":"","meta":{"_acf_changed":false,"inline_featured_image":false,"footnotes":""},"class_list":["post-32","page","type-page","status-publish","hentry"],"acf":[],"_links":{"self":[{"href":"https:\/\/sisu.ut.ee\/eestikeel1\/wp-json\/wp\/v2\/pages\/32","targetHints":{"allow":["GET"]}}],"collection":[{"href":"https:\/\/sisu.ut.ee\/eestikeel1\/wp-json\/wp\/v2\/pages"}],"about":[{"href":"https:\/\/sisu.ut.ee\/eestikeel1\/wp-json\/wp\/v2\/types\/page"}],"author":[{"embeddable":true,"href":"https:\/\/sisu.ut.ee\/eestikeel1\/wp-json\/wp\/v2\/users\/89"}],"replies":[{"embeddable":true,"href":"https:\/\/sisu.ut.ee\/eestikeel1\/wp-json\/wp\/v2\/comments?post=32"}],"version-history":[{"count":2,"href":"https:\/\/sisu.ut.ee\/eestikeel1\/wp-json\/wp\/v2\/pages\/32\/revisions"}],"predecessor-version":[{"id":172,"href":"https:\/\/sisu.ut.ee\/eestikeel1\/wp-json\/wp\/v2\/pages\/32\/revisions\/172"}],"wp:attachment":[{"href":"https:\/\/sisu.ut.ee\/eestikeel1\/wp-json\/wp\/v2\/media?parent=32"}],"curies":[{"name":"wp","href":"https:\/\/api.w.org\/{rel}","templated":true}]}}