{"id":30,"date":"2024-04-04T02:58:57","date_gmt":"2024-04-03T23:58:57","guid":{"rendered":"https:\/\/sisu.ut.ee\/eestikeel1\/ametikirja-vormistamine\/"},"modified":"2024-04-12T11:58:02","modified_gmt":"2024-04-12T08:58:02","slug":"ametikirja-vormistamine","status":"publish","type":"page","link":"https:\/\/sisu.ut.ee\/eestikeel1\/ametikirja-vormistamine\/","title":{"rendered":"5.6. Ametikirja vormistamine"},"content":{"rendered":"<p>\n\tAmetlikus asjaajamises tuleb sageli vormistada kirju, mis on adresseeritud asutuse v\u00f5i ettev\u00f5tte esindajale. <strong>Ametikiri <\/strong>on funktsionaalne kirjutis, mis j\u00e4rgib kindlat vormistust, stiili ja s\u00f5nakasutust. \u00dclevaate ametikirja kirjutamisel tekkivatest k\u00fcsimustest koos abistavate n\u00e4idetega annab M. Raadik artiklis <strong>\u201cKuidas vormistada ametikirja\u201d <\/strong>(2004a), mida saab lugeda aadressil<a href=\"http:\/\/www.eki.ee\/keeleabi\/artiklid3\/ametikiri.html\" target=\"_blank\" rel=\"noopener\">http:\/\/www.eki.ee\/keeleabi\/artiklid3\/ametikiri.html<\/a>. \u00d5petusi aadressi ja kontaktandmete kirjutamiseks, dokumendipealkirjade vormistamiseks, ametite ja struktuuri\u00fcksuste nimetamiseks leiab\u00a0M. Raadiku raamatust <strong>\u201cV\u00e4ikesed tarbetekstid\u201d<\/strong> (2014).\u00a0\n<\/p>\n<p>\n\tMaire Raadiku (2008) p\u00f5hjalik <strong>keeleline juhend ametikirja vormistamiseks <\/strong>asub aadressil <a data-url=\"https:\/\/sisu.ut.ee\/wp-content\/uploads\/sites\/181\/raadik_kuidas_vormistada_ametikirja_1.pdf\" href=\"https:\/\/sisu.ut.ee\/wp-content\/uploads\/sites\/181\/raadik_kuidas_vormistada_ametikirja_1.pdf\" target=\"_blank\" title=\"\" rel=\"noopener\">https:\/\/sisu.ut.ee\/wp-content\/uploads\/sites\/181\/raadik_kuidas_vormistada_ametikirja_1.pdf<\/a>. See juhend on jaotatud kaheksaks peat\u00fckiks, kus k\u00e4sitletakse j\u00e4rgmisi teemasid:\n<\/p>\n<p>\n\t1) numbrid;<br>2) l\u00fchendid (sh tarvilike l\u00fchendite loend);<br>3) kirjavahem\u00e4rgid;<br>4) algust\u00e4ht;<br>5) eesti perekonnanimed;<br>6) p\u00f6\u00f6rdumine;<br>6) s\u00fcntaks;<br>7) loetelud.\n<\/p>\n<p>\n\tJuhendi l\u00f5pus\u00a0tutvustatakse ka erinevat t\u00fc\u00fcpi\u00a0dokumente, nt kirja, e-kirja, otsust, m\u00e4\u00e4rust\u00a0(vaata n\u00e4idiseid\u00a0lk 32\u201339). K\u00f5igile, kes peavad kirjutama ametliku sisuga kirjakeelset teksti, on abiks <strong>\u201cAmetniku soovituss\u00f5nastik\u201d,<\/strong> vt <a href=\"http:\/\/www.eki.ee\/dict\/ametnik\/\" target=\"_blank\" rel=\"noopener\">http:\/\/www.eki.ee\/dict\/ametnik\/<\/a>.\n<\/p>\n<hr>\n<p>\n\t\u00a0\n<\/p>\n<table class=\"table table-hover\" border=\"0\" style=\"width: 100%\">\n<tbody>\n<tr>\n<td style=\"width: 50px\">\n\t\t\t\t<img loading=\"lazy\" decoding=\"async\" alt=\"\" data-file_info=\"%7B%22fid%22:%2217662%22,%22view_mode%22:%22default%22,%22type%22:%22media%22%7D\" height=\"48\" src=\"https:\/\/sisu.ut.ee\/wp-content\/uploads\/sites\/181\/pliiats.png\" title=\"\" width=\"48\">\n\t\t\t<\/td>\n<td>\n<p>\n\t\t\t\t\t<strong>Koosta ametikiri v\u00f5i ametlik e-kiri, j\u00e4rgides k\u00f5iki ametikirja stiili ja vormistuse n\u00f5udeid. Palun silma kindlasti Maire Raadiku keelelist juhendit \u201cKuidas vormistada ametikirja\u201d (2008).<\/strong>\n\t\t\t\t<\/p>\n<\/td>\n<\/tr>\n<\/tbody>\n<\/table>\n<p>\n\t\u00a0\n<\/p>\n<hr>\n<h6>\n\tLoe lisaks!<br>\n<\/h6>\n<ol>\n<li>\n<h6>\n\t\t\tAedma K. (2007). Kuidas n\u00e4eb v\u00e4lja korrektne e-kiri?\u00a0<em>Digitark<\/em>, aaressil\u00a0<a href=\"http:\/\/www.digitark.ee\/?p=454\" target=\"_blank\" rel=\"noopener\">http:\/\/www.digitark.ee\/?p=454<\/a><br>\n\t\t<\/h6>\n<\/li>\n<li>\n<h6>\n\t\t\tEhala, M. (2000).<em>\u00a0Kirjutamise kunst.<\/em>\u00a0Tallinn: K\u00fcnnimees.<br>\n\t\t<\/h6>\n<\/li>\n<li>\n<h6>\n\t\t\tKasik, R. (2007). Kuidas kirjutada selget tarbeteksti.\u00a0<em>Oma Keel<\/em>, 1, 46-51.<br>\n\t\t<\/h6>\n<\/li>\n<\/ol>\n","protected":false},"excerpt":{"rendered":"<p>Ametlikus asjaajamises tuleb sageli vormistada kirju, mis on adresseeritud asutuse v\u00f5i ettev\u00f5tte esindajale. Ametikiri on funktsionaalne kirjutis, mis j\u00e4rgib kindlat vormistust, stiili ja s\u00f5nakasutust. \u00dclevaate ametikirja kirjutamisel tekkivatest k\u00fcsimustest koos abistavate n\u00e4idetega annab M. Raadik artiklis \u201cKuidas vormistada ametikirja\u201d (2004a), &#8230;<\/p>\n","protected":false},"author":89,"featured_media":0,"parent":0,"menu_order":0,"comment_status":"closed","ping_status":"closed","template":"","meta":{"_acf_changed":false,"inline_featured_image":false,"footnotes":""},"class_list":["post-30","page","type-page","status-publish","hentry"],"acf":[],"_links":{"self":[{"href":"https:\/\/sisu.ut.ee\/eestikeel1\/wp-json\/wp\/v2\/pages\/30","targetHints":{"allow":["GET"]}}],"collection":[{"href":"https:\/\/sisu.ut.ee\/eestikeel1\/wp-json\/wp\/v2\/pages"}],"about":[{"href":"https:\/\/sisu.ut.ee\/eestikeel1\/wp-json\/wp\/v2\/types\/page"}],"author":[{"embeddable":true,"href":"https:\/\/sisu.ut.ee\/eestikeel1\/wp-json\/wp\/v2\/users\/89"}],"replies":[{"embeddable":true,"href":"https:\/\/sisu.ut.ee\/eestikeel1\/wp-json\/wp\/v2\/comments?post=30"}],"version-history":[{"count":2,"href":"https:\/\/sisu.ut.ee\/eestikeel1\/wp-json\/wp\/v2\/pages\/30\/revisions"}],"predecessor-version":[{"id":138,"href":"https:\/\/sisu.ut.ee\/eestikeel1\/wp-json\/wp\/v2\/pages\/30\/revisions\/138"}],"wp:attachment":[{"href":"https:\/\/sisu.ut.ee\/eestikeel1\/wp-json\/wp\/v2\/media?parent=30"}],"curies":[{"name":"wp","href":"https:\/\/api.w.org\/{rel}","templated":true}]}}