{"id":26,"date":"2024-04-04T02:58:57","date_gmt":"2024-04-03T23:58:57","guid":{"rendered":"https:\/\/sisu.ut.ee\/eestikeel1\/keelenouande-testid-0\/"},"modified":"2024-04-12T12:01:45","modified_gmt":"2024-04-12T09:01:45","slug":"keelenouande-testid-0","status":"publish","type":"page","link":"https:\/\/sisu.ut.ee\/eestikeel1\/keelenouande-testid-0\/","title":{"rendered":"5. Keelen\u00f5uande testid"},"content":{"rendered":"<table class=\"table table-hover\" style=\"width: 100%\" border=\"0\">\n<tbody>\n<tr>\n<td style=\"width: 50px\">\n<p><img loading=\"lazy\" decoding=\"async\" width=\"48\" height=\"48\" src=\"https:\/\/sisu.ut.ee\/wp-content\/uploads\/sites\/181\/pliiats.png\" data-file_info=\"%7B%22fid%22:%2217662%22,%22view_mode%22:%22default%22,%22type%22:%22media%22%7D\"><\/p>\n<\/td>\n<td>\n<p>Omandatud teadmisi koma kasutamisest on v\u00f5imalik kontrollida ja kinnistada <strong>EKI keelen\u00f5uande testide nr 2 ja 3<\/strong> abil, aadressil <a href=\"http:\/\/www.eki.ee\/keeleabi\/index.php?leht=11\" target=\"_blank\" rel=\"noopener\">http:\/\/www.eki.ee\/keeleabi\/index.php?leht=11<\/a>. Kahtluse korral saab alati k\u00fcsida n\u00f5u keelen\u00f5uande telefonil.\u00a0Harjutada v\u00f5ib ka <strong>EKI keelen\u00f5uande testi nt 1 abil<\/strong>, aadressil\u00a0<a href=\"http:\/\/www.eki.ee\/keeleabi\/index.php?leht=11&amp;test=1\" target=\"_blank\" rel=\"noopener\">http:\/\/www.eki.ee\/keeleabi\/index.php?leht=11&amp;test=1<\/a><\/p>\n<\/td>\n<\/tr>\n<\/tbody>\n<\/table>\n","protected":false},"excerpt":{"rendered":"<p>Omandatud teadmisi koma kasutamisest on v\u00f5imalik kontrollida ja kinnistada EKI keelen\u00f5uande testide nr 2 ja 3 abil, aadressil http:\/\/www.eki.ee\/keeleabi\/index.php?leht=11. Kahtluse korral saab alati k\u00fcsida n\u00f5u keelen\u00f5uande telefonil.\u00a0Harjutada v\u00f5ib ka EKI keelen\u00f5uande testi nt 1 abil, aadressil\u00a0http:\/\/www.eki.ee\/keeleabi\/index.php?leht=11&amp;test=1<\/p>\n","protected":false},"author":89,"featured_media":0,"parent":0,"menu_order":0,"comment_status":"closed","ping_status":"closed","template":"","meta":{"_acf_changed":false,"inline_featured_image":false,"footnotes":""},"class_list":["post-26","page","type-page","status-publish","hentry"],"acf":[],"_links":{"self":[{"href":"https:\/\/sisu.ut.ee\/eestikeel1\/wp-json\/wp\/v2\/pages\/26","targetHints":{"allow":["GET"]}}],"collection":[{"href":"https:\/\/sisu.ut.ee\/eestikeel1\/wp-json\/wp\/v2\/pages"}],"about":[{"href":"https:\/\/sisu.ut.ee\/eestikeel1\/wp-json\/wp\/v2\/types\/page"}],"author":[{"embeddable":true,"href":"https:\/\/sisu.ut.ee\/eestikeel1\/wp-json\/wp\/v2\/users\/89"}],"replies":[{"embeddable":true,"href":"https:\/\/sisu.ut.ee\/eestikeel1\/wp-json\/wp\/v2\/comments?post=26"}],"version-history":[{"count":2,"href":"https:\/\/sisu.ut.ee\/eestikeel1\/wp-json\/wp\/v2\/pages\/26\/revisions"}],"predecessor-version":[{"id":145,"href":"https:\/\/sisu.ut.ee\/eestikeel1\/wp-json\/wp\/v2\/pages\/26\/revisions\/145"}],"wp:attachment":[{"href":"https:\/\/sisu.ut.ee\/eestikeel1\/wp-json\/wp\/v2\/media?parent=26"}],"curies":[{"name":"wp","href":"https:\/\/api.w.org\/{rel}","templated":true}]}}