{"id":25,"date":"2024-04-04T02:58:57","date_gmt":"2024-04-03T23:58:57","guid":{"rendered":"https:\/\/sisu.ut.ee\/eestikeel1\/punkt-ja-koma\/"},"modified":"2024-04-12T12:06:15","modified_gmt":"2024-04-12T09:06:15","slug":"punkt-ja-koma","status":"publish","type":"page","link":"https:\/\/sisu.ut.ee\/eestikeel1\/punkt-ja-koma\/","title":{"rendered":"5.1. Punkt ja koma"},"content":{"rendered":"<p>Kirjavahem\u00e4rkide korrektne kasutamine n\u00f5uab kirjutajalt t\u00e4helepanu ja reeglite tundmist. Siin esitatu on l\u00fchikokkuv\u00f5te <strong>punkti <\/strong>ja <strong>koma<\/strong> kasutamisest. P\u00f5hjaliku \u00fclevaate saamiseks v\u00f5iks lugeda <strong>\u201dEesti keele k\u00e4siraamatut\u201d <\/strong>(Erelt, Erelt, &amp;, Ross, 2007), mille elektrooniline versioon on aadressil <a href=\"http:\/\/www.eki.ee\/books\/ekk07\/\" target=\"_blank\" rel=\"noopener\">http:\/\/www.eki.ee\/books\/ekk07\/<\/a>. Klikkides vasakul men\u00fc\u00fcs lingil (peat\u00fckk <strong>\u201cKirjavahem\u00e4rkide kokkuv\u00f5te\u201d<\/strong>), avaneb soovitud teema. Allj\u00e4rgnevalt keskendutakse neile juhtudele, mida ei ole k\u00e4sitletud \u00f5ppematerjali autori poolt koostatud teistes e-\u00f5ppematerjalides.<\/p>\n<p><strong>I. Punkt<\/strong> <strong>pannakse:<\/strong><br>1) <strong>v\u00e4itlause <\/strong>j\u00e4rele;<\/p>\n<p style=\"padding-left: 60px\"><em>N\u00e4ide 1. <\/em>K\u00fcsisin, millal toimub koosolek. (Vrd k\u00fcsilausega <em>Kas sa k\u00fcsisid j\u00e4rele, millal toimub koosolek?<\/em>)<\/p>\n<p>2) <strong>Rooma numbri <\/strong>j\u00e4rele <em>(I., II., III.)<\/em>, mida loetakse <em>esiteks, teiseks, kolmandaks;<\/em><\/p>\n<p>3)<strong> tundide <\/strong>ja <strong>minutite, kroonide <\/strong>ja <strong>sentide, sporditulemustes meetrite <\/strong>ja <strong>sentimeetrite <\/strong>eraldamiseks;<\/p>\n<p style=\"padding-left: 60px\"><em>N\u00e4ide 2.<\/em><\/p>\n<p style=\"padding-left: 60px\">kell 15.30<br>leib maksab 15.90<br>heitis ketast 68.42<\/p>\n<p>4) lause\u00a0l\u00f5ppu j\u00e4\u00e4va <strong>Interneti <\/strong>v\u00f5i<strong> meili-aadressi<\/strong> j\u00e4rele.\u00a0<\/p>\n<p style=\"padding-left: 60px\"><em>N\u00e4ide 3. <\/em>Vahem\u00e4rgin\u00f5udeid tutvustav artikkel asub aagressil <a href=\"http:\/\/keeleabi.eki.ee\/pdf\/ks5_079.pdf\" target=\"_blank\" rel=\"noopener\">http:\/\/keeleabi.eki.ee\/pdf\/ks5_079.pdf<\/a>.<\/p>\n<p>Punkti j\u00e4rele j\u00e4etakse tavaliselt \u00fcks t\u00fchik (t\u00e4hekoht).<br><strong><\/strong><\/p>\n<p><strong>Punkti ei panda:<\/strong><\/p>\n<ol>\n<ol>\n<li>eraldi reana seisva pealkirja\/ allkirja j\u00e4rele;<\/li>\n<li>\u00fcldkasutatavate l\u00fchendite j\u00e4rele;<\/li>\n<li>pildi-, joonise- ja teiste seleallkirjade j\u00e4rele.<\/li>\n<\/ol>\n<\/ol>\n<p><strong>II. <\/strong>Kirjavahem\u00e4rkidest enim probleeme tekitab <strong>koma<\/strong>. Nii kasutatakse koma <strong>erinevat t\u00fc\u00fcpi liht- <\/strong>ja <strong>liitlausetes:<\/strong><\/p>\n<ol>\n<li>lisandiga lauses;<\/li>\n<li>korduvate t\u00e4iendite v\u00f5i m\u00e4\u00e4rustega lauses;<\/li>\n<li>koondlauses;<\/li>\n<li>rindlauses;<\/li>\n<li>p\u00f5imlauses;<\/li>\n<li>kiillauses;<\/li>\n<li>lausel\u00fchendiga lauses.<\/li>\n<\/ol>\n<p>\u00dclevaate sellest leiad peat\u00fckkidest <strong>\u201cKirjavahem\u00e4rkide kokkuv\u00f5te\u201d <\/strong>ja <strong>\u201cLause moodustajate ehitus\u201d<\/strong> (Erelt, Erelt, &amp; Ross, 2007), aadressil <a href=\"http:\/\/www.eki.ee\/books\/ekk07\/\" target=\"_blank\" rel=\"noopener\">http:\/\/www.eki.ee\/books\/ekk07\/<\/a>.<\/p>\n<p>Praktilisi \u00f5petusi koma \u00f5igeks kasutamiseks jagavad aga M. Erelt raamatus <strong>\u201cLause \u00f5igekeelsus. Juhatused ja harjutused<\/strong><strong>\u201c<\/strong> (2006); A. Mund ja M. Raadik artiklis <strong>\u201cKomaga ja komata\u201d <\/strong>(2006) ning E. Uusp\u00f5ld kogumikus <strong>\u201c\u00d5petusi ja harjutusi algajale keeletoimetajale\u201d <\/strong>(2008).<\/p>\n<hr>\n<table class=\"table table-hover\" style=\"width: 100%\" border=\"0\">\n<tbody>\n<tr>\n<td style=\"width: 50px\" valign=\"top\"><img loading=\"lazy\" decoding=\"async\" src=\"https:\/\/sisu.ut.ee\/wp-content\/uploads\/sites\/181\/pliiats.png\" alt=\"\" title=\"\" width=\"48\" height=\"48\" data-file_info=\"%7B%22fid%22:%2217662%22,%22view_mode%22:%22default%22,%22type%22:%22media%22%7D\"><\/td>\n<td>\n<ol>\n<li><strong>Vali v\u00e4lja 3-5 enda jaoks olulist (uudset) komareeglit ja too iga reegli kohta m\u00f5ned n\u00e4ited.\u00a0<\/strong><\/li>\n<li><strong>Mis Sa arvad, kas vigade rohkus koma kasutamisel on tingitud kirjutajate keelelisest lohakusest, puudulikest teadmistest\/ oskustest v\u00f5i keelereeglite keerukusest? P\u00f5hjenda oma arvamust.<\/strong><\/li>\n<\/ol>\n<\/td>\n<\/tr>\n<\/tbody>\n<\/table>\n<hr>\n<h6>Loe lisaks!<\/h6>\n<ol>\n<li>\n<h6>Erelt, M. (2006). <em>Lause \u00f5igekeelsus. Juhatused ja harjutused.<\/em> Tartu.<\/h6>\n<\/li>\n<li>\n<h6>Erelt, M., Erelt, T., &amp; Ross, K. (2007). <em>Eesti keele k\u00e4siraamat. <\/em>Tallinn: Eesti Keele Sihtasutus.<\/h6>\n<\/li>\n<li>\n<h6>Erelt, T. (2005). <em>Eesti ortograafia. <\/em>Tallinn: Eesti Keele Sihtasutus.<\/h6>\n<\/li>\n<li>\n<h6>Mund. A. (2003). Vahel on koma ka <em>ja<\/em> ees. <em>Oma Keel, 1, 50-54.<\/em><\/h6>\n<\/li>\n<li>\n<h6>Uusp\u00f5ld, E. (2008). <em>\u00d5petusi ja harjutusi algajale keeletoimetajale.<\/em> Tartu: Tartu \u00dclikooli Kirjastus.<\/h6>\n<\/li>\n<\/ol>\n","protected":false},"excerpt":{"rendered":"<p>Kirjavahem\u00e4rkide korrektne kasutamine n\u00f5uab kirjutajalt t\u00e4helepanu ja reeglite tundmist. Siin esitatu on l\u00fchikokkuv\u00f5te punkti ja koma kasutamisest. P\u00f5hjaliku \u00fclevaate saamiseks v\u00f5iks lugeda \u201dEesti keele k\u00e4siraamatut\u201d (Erelt, Erelt, &amp;, Ross, 2007), mille elektrooniline versioon on aadressil http:\/\/www.eki.ee\/books\/ekk07\/. Klikkides vasakul men\u00fc\u00fcs lingil &#8230;<\/p>\n","protected":false},"author":89,"featured_media":0,"parent":0,"menu_order":0,"comment_status":"closed","ping_status":"closed","template":"","meta":{"_acf_changed":false,"inline_featured_image":false,"footnotes":""},"class_list":["post-25","page","type-page","status-publish","hentry"],"acf":[],"_links":{"self":[{"href":"https:\/\/sisu.ut.ee\/eestikeel1\/wp-json\/wp\/v2\/pages\/25","targetHints":{"allow":["GET"]}}],"collection":[{"href":"https:\/\/sisu.ut.ee\/eestikeel1\/wp-json\/wp\/v2\/pages"}],"about":[{"href":"https:\/\/sisu.ut.ee\/eestikeel1\/wp-json\/wp\/v2\/types\/page"}],"author":[{"embeddable":true,"href":"https:\/\/sisu.ut.ee\/eestikeel1\/wp-json\/wp\/v2\/users\/89"}],"replies":[{"embeddable":true,"href":"https:\/\/sisu.ut.ee\/eestikeel1\/wp-json\/wp\/v2\/comments?post=25"}],"version-history":[{"count":2,"href":"https:\/\/sisu.ut.ee\/eestikeel1\/wp-json\/wp\/v2\/pages\/25\/revisions"}],"predecessor-version":[{"id":156,"href":"https:\/\/sisu.ut.ee\/eestikeel1\/wp-json\/wp\/v2\/pages\/25\/revisions\/156"}],"wp:attachment":[{"href":"https:\/\/sisu.ut.ee\/eestikeel1\/wp-json\/wp\/v2\/media?parent=25"}],"curies":[{"name":"wp","href":"https:\/\/api.w.org\/{rel}","templated":true}]}}