{"id":24,"date":"2024-04-04T02:58:57","date_gmt":"2024-04-03T23:58:57","guid":{"rendered":"https:\/\/sisu.ut.ee\/eestikeel1\/kasutatud-kirjandus-3\/"},"modified":"2024-04-12T12:00:16","modified_gmt":"2024-04-12T09:00:16","slug":"kasutatud-kirjandus-3","status":"publish","type":"page","link":"https:\/\/sisu.ut.ee\/eestikeel1\/kasutatud-kirjandus-3\/","title":{"rendered":"4. Kasutatud kirjandus"},"content":{"rendered":"<ul>\n<li><span><em>Eesti Keele Instituudi keelen\u00f5uande testid nr 4, 5,<\/em> aadressil <a href=\"http:\/\/www.eki.ee\/keeleabi\/index.php?leht=11\" target=\"_blank\" rel=\"noopener\">http:\/\/www.eki.ee\/keeleabi\/index.php?leht=11<\/a><\/span><\/li>\n<li><span><span>Erelt, M., Erelt, T., &amp; Ross, K. (2007). <em>Eesti keele k\u00e4siraamat.<\/em> Tallinn: Eesti Keele Sihtasutus.<\/span><\/span><\/li>\n<li><span><span><\/span>Erelt, T. (2005). <em>Eesti ortograafia. <\/em>Tallinn: Eesti Keele Sihtasutus.<\/span><\/li>\n<li><span><span>Hirsj\u00e4rvi, S., Remes, P., &amp; Sajavaara, P. (2005). <em>Uuri ja kirjuta.<\/em> Tallinn: Medicina.<\/span><\/span><\/li>\n<li><span>M\u00e4ekivi, S. &amp; Raadik, M. (2005). See t\u00fchine t\u00fchik. <em>Oma Keel<\/em>, 1, 44-54.<\/span><\/li>\n<li><span>Rehemaa, T. (2006). Kuidas l\u00fchendada. <em>Oma Keel<\/em>, 1, 44-49.<\/span><\/li>\n<li><span>Uusp\u00f5ld, E. (2002). <em>\u00d5petusi ja harjutusi algajale keeletoimetajale.<\/em> Tartu: Tartu \u00dclikooli Kirjastus.<\/span><\/li>\n<\/ul>\n","protected":false},"excerpt":{"rendered":"<p>Eesti Keele Instituudi keelen\u00f5uande testid nr 4, 5, aadressil http:\/\/www.eki.ee\/keeleabi\/index.php?leht=11 Erelt, M., Erelt, T., &amp; Ross, K. (2007). Eesti keele k\u00e4siraamat. Tallinn: Eesti Keele Sihtasutus. Erelt, T. (2005). Eesti ortograafia. Tallinn: Eesti Keele Sihtasutus. Hirsj\u00e4rvi, S., Remes, P., &amp; Sajavaara, &#8230;<\/p>\n","protected":false},"author":89,"featured_media":0,"parent":0,"menu_order":0,"comment_status":"closed","ping_status":"closed","template":"","meta":{"_acf_changed":false,"inline_featured_image":false,"footnotes":""},"class_list":["post-24","page","type-page","status-publish","hentry"],"acf":[],"_links":{"self":[{"href":"https:\/\/sisu.ut.ee\/eestikeel1\/wp-json\/wp\/v2\/pages\/24","targetHints":{"allow":["GET"]}}],"collection":[{"href":"https:\/\/sisu.ut.ee\/eestikeel1\/wp-json\/wp\/v2\/pages"}],"about":[{"href":"https:\/\/sisu.ut.ee\/eestikeel1\/wp-json\/wp\/v2\/types\/page"}],"author":[{"embeddable":true,"href":"https:\/\/sisu.ut.ee\/eestikeel1\/wp-json\/wp\/v2\/users\/89"}],"replies":[{"embeddable":true,"href":"https:\/\/sisu.ut.ee\/eestikeel1\/wp-json\/wp\/v2\/comments?post=24"}],"version-history":[{"count":2,"href":"https:\/\/sisu.ut.ee\/eestikeel1\/wp-json\/wp\/v2\/pages\/24\/revisions"}],"predecessor-version":[{"id":142,"href":"https:\/\/sisu.ut.ee\/eestikeel1\/wp-json\/wp\/v2\/pages\/24\/revisions\/142"}],"wp:attachment":[{"href":"https:\/\/sisu.ut.ee\/eestikeel1\/wp-json\/wp\/v2\/media?parent=24"}],"curies":[{"name":"wp","href":"https:\/\/api.w.org\/{rel}","templated":true}]}}