{"id":22,"date":"2024-04-04T02:58:57","date_gmt":"2024-04-03T23:58:57","guid":{"rendered":"https:\/\/sisu.ut.ee\/eestikeel1\/tuhikud-tekstis\/"},"modified":"2024-04-12T12:07:38","modified_gmt":"2024-04-12T09:07:38","slug":"tuhikud-tekstis","status":"publish","type":"page","link":"https:\/\/sisu.ut.ee\/eestikeel1\/tuhikud-tekstis\/","title":{"rendered":"4.4. T\u00fchikud tekstis"},"content":{"rendered":"<p><span data-mce-mark=\"1\"><span data-mce-mark=\"1\">Peat\u00fckis<strong> \u201cNumbrid tekstis\u201d<\/strong> oli jutuks, et sageli on probleemiks <strong>t\u00fchiku kasutamine <\/strong><strong>koos arvude, m\u00f5\u00f5t\u00fchikute, l<\/strong><strong>\u00fchendite <\/strong>ja <strong>kirjavahem\u00e4rkidega<\/strong>. Nii ei j\u00e4eta t\u00fchikut p\u00e4rast sisepunkti j\u00e4rgmistel juhtudel (Erelt, Erelt, &amp; Ross, 2007):<\/span><\/span><span data-mce-mark=\"1\"><\/span><\/p>\n<p><span data-mce-mark=\"1\"><span data-mce-mark=\"1\">1) <strong>j\u00e4rgarvu t\u00e4psustamisel t\u00e4hega <\/strong>(nt <em>11.b<\/em> klass)<\/span><\/span><\/p>\n<p><span data-mce-mark=\"1\"><span data-mce-mark=\"1\">2) <strong>l\u00fchendites, mis langevad kokku eesti s\u00f5naga <\/strong>v\u00f5i m\u00f5ne teise \u00fcldtuntud l\u00fchendiga<\/span><\/span><\/p>\n<p style=\"padding-left: 60px\"><span data-mce-mark=\"1\"><span data-mce-mark=\"1\"><em>N\u00e4ide 1.<\/em><br><\/span><\/span><\/p>\n<p style=\"padding-left: 60px\">s.o<br>e.m.a<br>m.a.j<br>s.a<\/p>\n<p><span data-mce-mark=\"1\"><span data-mce-mark=\"1\">3) <strong>tundide <\/strong>ja <strong>minutite, meetrite <\/strong>ja <strong>sentimeetrite ning raha\u00fchikute<\/strong><strong> <\/strong>eraldamisel<\/span><\/span><\/p>\n<p style=\"padding-left: 60px\"><span data-mce-mark=\"1\"><span data-mce-mark=\"1\"><\/span><\/span><\/p>\n<p style=\"padding-left: 60px\"><span data-mce-mark=\"1\"><em>N\u00e4ide 2.<\/em><br><\/span><\/p>\n<p style=\"padding-left: 60px\"><span data-mce-mark=\"1\">kell 10.20<br>h\u00fcppas k\u00f5rgust 3.70<br>hind 30.60<br>euro 75.20<\/span><\/p>\n<p><span data-mce-mark=\"1\"><span data-mce-mark=\"1\">4) <strong>araabia numbritega<\/strong> kirjutatud <strong>kuup\u00e4evades<\/strong><\/span><\/span><\/p>\n<p style=\"padding-left: 60px\"><span data-mce-mark=\"1\"><span data-mce-mark=\"1\"><em>N\u00e4ide 3. <\/em><br><\/span><\/span><\/p>\n<p style=\"padding-left: 60px\"><span data-mce-mark=\"1\"><span data-mce-mark=\"1\">11.10.09<\/span><br><span data-mce-mark=\"1\">02.04.2009.<\/span><\/span><\/p>\n<p><span data-mce-mark=\"1\"><span data-mce-mark=\"1\">\u00dcksikasjaliku \u00fclevaate t\u00fchiku tarvitamisest <\/span>kirjalikus tekstis annavad H. M\u00e4ekivi ja M. Raadik artiklis<strong> \u201cSee t\u00fchine t\u00fchik\u201d<\/strong> (2005) (vt peat\u00fckk 2), aadressil <a href=\"http:\/\/www.emakeeleselts.ee\/omakeel\/2005_1\/06.pdf\" target=\"_blank\" rel=\"noopener\">http:\/\/www.emakeeleselts.ee\/omakeel\/2005_1\/06.pdf<\/a>.<\/span><\/p>\n<hr>\n<p><span data-mce-mark=\"1\"><\/span><\/p>\n<h6><span data-mce-mark=\"1\"><span class=\"iDeviceTitle\" data-mce-mark=\"1\">Loe lisaks!<\/span><span data-mce-mark=\"1\"><\/span><\/span><\/h6>\n<div class=\"iDevice_inner\">\n<div id=\"ta36_55_2\" class=\"block\">\n<h6><span data-mce-mark=\"1\"><\/span><\/h6>\n<ol>\n<li>\n<h6><span data-mce-mark=\"1\"><span data-mce-mark=\"1\">Hirsj\u00e4rvi, S., Remes, P., &amp; Sajavaara, P. (2005). <em>Uuri ja kirjuta.<\/em> Tallinn: Medicina.<\/span><\/span><\/h6>\n<\/li>\n<li>\n<h6><span>Uusp\u00f5ld, E. (2002). <em>\u00d5petusi ja harjutusi algajale keeletoimetajale.<\/em> Tartu: Tartu \u00dclikooli Kirjastus.<\/span><\/h6>\n<\/li>\n<\/ol>\n<\/div>\n<\/div>\n","protected":false},"excerpt":{"rendered":"<p>Peat\u00fckis \u201cNumbrid tekstis\u201d oli jutuks, et sageli on probleemiks t\u00fchiku kasutamine koos arvude, m\u00f5\u00f5t\u00fchikute, l\u00fchendite ja kirjavahem\u00e4rkidega. Nii ei j\u00e4eta t\u00fchikut p\u00e4rast sisepunkti j\u00e4rgmistel juhtudel (Erelt, Erelt, &amp; Ross, 2007): 1) j\u00e4rgarvu t\u00e4psustamisel t\u00e4hega (nt 11.b klass) 2) l\u00fchendites, mis &#8230;<\/p>\n","protected":false},"author":89,"featured_media":0,"parent":0,"menu_order":0,"comment_status":"closed","ping_status":"closed","template":"","meta":{"_acf_changed":false,"inline_featured_image":false,"footnotes":""},"class_list":["post-22","page","type-page","status-publish","hentry"],"acf":[],"_links":{"self":[{"href":"https:\/\/sisu.ut.ee\/eestikeel1\/wp-json\/wp\/v2\/pages\/22","targetHints":{"allow":["GET"]}}],"collection":[{"href":"https:\/\/sisu.ut.ee\/eestikeel1\/wp-json\/wp\/v2\/pages"}],"about":[{"href":"https:\/\/sisu.ut.ee\/eestikeel1\/wp-json\/wp\/v2\/types\/page"}],"author":[{"embeddable":true,"href":"https:\/\/sisu.ut.ee\/eestikeel1\/wp-json\/wp\/v2\/users\/89"}],"replies":[{"embeddable":true,"href":"https:\/\/sisu.ut.ee\/eestikeel1\/wp-json\/wp\/v2\/comments?post=22"}],"version-history":[{"count":2,"href":"https:\/\/sisu.ut.ee\/eestikeel1\/wp-json\/wp\/v2\/pages\/22\/revisions"}],"predecessor-version":[{"id":160,"href":"https:\/\/sisu.ut.ee\/eestikeel1\/wp-json\/wp\/v2\/pages\/22\/revisions\/160"}],"wp:attachment":[{"href":"https:\/\/sisu.ut.ee\/eestikeel1\/wp-json\/wp\/v2\/media?parent=22"}],"curies":[{"name":"wp","href":"https:\/\/api.w.org\/{rel}","templated":true}]}}