{"id":19,"date":"2024-04-04T02:58:57","date_gmt":"2024-04-03T23:58:57","guid":{"rendered":"https:\/\/sisu.ut.ee\/eestikeel1\/luhendid-tekstis\/"},"modified":"2024-04-12T12:03:45","modified_gmt":"2024-04-12T09:03:45","slug":"luhendid-tekstis","status":"publish","type":"page","link":"https:\/\/sisu.ut.ee\/eestikeel1\/luhendid-tekstis\/","title":{"rendered":"4.1. L\u00fchendid tekstis"},"content":{"rendered":"<p>L\u00fchendamise peamine eesm\u00e4rk on hoida kokku ruumi ja v\u00e4ltida tekstis sageli esinevate s\u00f5nade v\u00e4ljakirjutamist. Samas tuleb alati meeles pidada, et lugeja peab l\u00fchenditest \u00fcheselt aru saama.<\/p>\n<p>Nii eristatakse kahesuguseid l\u00fchendeid:<\/p>\n<ol>\n<li><strong>\u00fcldkasutatavad l\u00fchendid<\/strong>, mida kasutavad k\u00f5ik kirjutajad ja millel on arusaadavuse huvides kokkuleppeline kuju;<\/li>\n<li><strong>konkreetses tekstis <\/strong>(raamatus vm kirjutises) <strong>kasutatavad l\u00fchendid<\/strong>, mille sisu avatakse esmakordsel esinemisel tekstis.<\/li>\n<\/ol>\n<p><strong>P\u00e4ritolu j\u00e4rgi<\/strong> saab eristada n\u00e4iteks eestikeelseid ja inglise keelest laenatud l\u00fchendeid (Leemets, 2015). Ingliskeelsete l\u00fchendite puhul on kasutusel nii algkujulisi l\u00fchendeid <em>(OECD = Organization for Economic Co-operation and Development)<\/em> kui ka t\u00f5lked <em>(GMO = geenmuundatud organism).<\/em><\/p>\n<p>Olemuselt ja stiililt on l\u00fchendid argised ning neid ei soovitata kasutada pidulikus ja ametlikus tekstis v\u00f5i pealkirjades (Erelt, 2005; Hirsj\u00e4rvi, Remes, &amp; Sajavaara, 2005). N\u00e4iteks, rahvusvahelistes lepingutes kasutatakse lepingupoolte t\u00e4isnimetusi: <em>Ameerika \u00dchendriigid, Egiptuse Araabia Vabariik<\/em>, mitte <em>USA ega EAV<\/em>. Kuna v\u00e4ljakirjutamine on viisakam kui l\u00fchendamine, ei soovitata au- v\u00f5i t\u00e4nukirjas l\u00fchendada ka tiitleid, nt <em>dir <\/em>\u2013 <em>direktor <\/em>(Erelt, Erelt, &amp; Ross, 2007).<\/p>\n<p>S\u00f5nade <strong>l\u00fchendusviisist<\/strong> l\u00e4htuvat jaotust illustreerib j\u00e4rgmine tabel.<\/p>\n<table class=\"table table-hover\" border=\"0\" align=\"center\">\n<tbody>\n<tr style=\"background-color: #eeeeee\">\n<td><\/td>\n<td><strong>\u00a0\u00a0<\/strong><\/td>\n<td><strong>V\u00e4iket\u00e4htl\u00fchend<\/strong><\/td>\n<td><strong>\u00a0\u00a0<\/strong><\/td>\n<td><strong>Suurt\u00e4htl\u00fchend<\/strong><\/td>\n<\/tr>\n<tr>\n<td><strong>Algust\u00e4htl\u00fchend<\/strong><\/td>\n<td><\/td>\n<td>a, l<\/td>\n<td><\/td>\n<td>R, T\u00dc, AS<\/td>\n<\/tr>\n<tr style=\"background-color: #eeeeee\">\n<td><strong>Katkendl\u00fchend<\/strong><\/td>\n<td><\/td>\n<td>tr, \u00f5pil, t\u00e4n<\/td>\n<td><\/td>\n<td>Lad-Am<\/td>\n<\/tr>\n<tr>\n<td><strong>Valikt\u00e4htl\u00fchend<\/strong><\/td>\n<td><\/td>\n<td>nt, lp, skp, s.o, k.a<\/td>\n<td><\/td>\n<td>ENE, SEJ, TV<\/td>\n<\/tr>\n<\/tbody>\n<\/table>\n<p><strong>P\u00f5hireeglid<\/strong><\/p>\n<ol>\n<li>Suurt\u00e4htl\u00fchendi l\u00f5ppu ega vahele punkti ei panda <em>(T\u00dc, TL\u00dc)<\/em>. V\u00e4iket\u00e4htl\u00fchendis pannakse punkt siis, kui l\u00fchend langeb kokku m\u00f5ne eestikeelse s\u00f5naga <em>(s.a, k.a)<\/em>.<\/li>\n<li>Liits\u00f5na l\u00fchendamisel s\u00e4ilib sidekriips ka l\u00fchendis <em>(P-Jaagupi, V-Nigula)<\/em>.<\/li>\n<li>V\u00e4iket\u00e4htl\u00fchendid loetakse v\u00e4lja nende taga peituvate s\u00f5nadena.<\/li>\n<li>Suurt\u00e4htl\u00fchendid h\u00e4\u00e4ldatakse t\u00e4hthaaval ehk initsialismina (<em>O\u00dc, \u00dcRO, IMF, CV<\/em>) v\u00f5i loetakse kokku s\u00f5nana ehk akron\u00fc\u00fcmina <em>(NATO, FIE, EMO).<\/em><\/li>\n<li>Homon\u00fc\u00fcmsete akron\u00fc\u00fcmide v\u00e4ltimiseks samas valdkonnas lisatakse m\u00f5nikord l\u00fchendisse v\u00e4iket\u00e4hti <em>(RE = riigiettev\u00f5te, RdE = rendiettev\u00f5te).<\/em><\/li>\n<li>K\u00e4\u00e4ndel\u00f5pp lisatakse v\u00e4iket\u00e4htl\u00fchendile l\u00e4bi sidekriipsu<em> (lk-l<\/em>), suurt\u00e4htl\u00fchendis v\u00f5ib sidekriipsu ka \u00e4ra j\u00e4tta <em>(USAsse)<\/em>.<\/li>\n<li>Osa suurt\u00e4htl\u00fchendeid k\u00e4sitatakse omaette s\u00f5nana <em>(UNESCO ~ Unesco, AIDS ~ aids, UFO ~ ufo).<\/em><\/li>\n<li>Ladinakeelseid l\u00fchendeid k\u00e4sitatakse tsitaadina <em>(P.S. \u00b4post scriptum\u00b4 A.D. \u00b4Anno Domini\u00b4).<\/em><\/li>\n<li>Isikunimedes v\u00f5ib nimet\u00e4hed kirjutada ilma punktita <em>(J.V.V. ~ JVV)<\/em>; ainult esit\u00e4hte l\u00fchendades on soovitav panna punkt <em>(E. Vilde, T-R. Viitso).<\/em><\/li>\n<\/ol>\n<p>P\u00f5hjalikumat k\u00e4sitlust l\u00fchendite m\u00e4rkimisest ja h\u00e4\u00e4ldamisest pakub T. Leemets artiklis <strong>\u201cL\u00fchendid igap\u00e4evasuhtluses\u201d<\/strong> (2015), aadressil <a href=\"http:\/\/keeleabi.eki.ee\/pdf\/ks5_158.pdf\" target=\"_blank\" rel=\"noopener\">http:\/\/keeleabi.eki.ee\/pdf\/ks5_158.pdf<\/a>. \u00dclevaate initsialismide ja akron\u00fc\u00fcmide h\u00e4\u00e4ldamisest leiab S. Vare 2014. aasta artiklist <strong>\u201cL\u00fchendamise ja l\u00fchends\u00f5nade fenomenist eesti keeles\u201d<\/strong>.<\/p>\n\n<p><\/p><div class=\"accordion mb-3\">\n        <div class=\"accordion-item accordion-item--white\">\n        <h2 class=\"accordion-header\" id=\"accordion-69e4f4dd66bb2-heading\">\n            <button class=\"accordion-button collapsed\" type=\"button\" data-bs-toggle=\"collapse\" data-bs-target=\"#accordion-69e4f4dd66bb2-collapse\" aria-expanded=\"true\" aria-controls=\"accordion-69e4f4dd66bb2-collapse\">M\u00f5tle, millistel juhtudel on sobilik v\u00f5i m\u00f5ttekas kasutada l\u00fchendis punkti ja millal sellest loobuda? (Kl\u00f5psa!)<\/button>\n        <\/h2>\n        <div id=\"accordion-69e4f4dd66bb2-collapse\" class=\"accordion-collapse collapse\" aria-labelledby=\"accordion-69e4f4dd66bb2-heading\">\n            <div class=\"accordion-body\">\n<p>Vastuse \u00f5igsust saad kontrollida p\u00f5hireeglite abil (vt reelid 1 ja 8 eespool). Loe ka peat\u00fckki \u201cVeaohtlikke l\u00fchendeid\u201d.<\/p>\n<p><\/p><\/div>\n        <\/div>\n        <\/div>\n    <\/div>\n<hr>\n<h6>Loe lisaks!<\/h6>\n<ol>\n<li>\n<h6>Hirsj\u00e4rvi, S., Remes, P., &amp; Sajavaara, P (2005). <em>Uuri ja kirjuta.<\/em> Tallinn: Medicina.<\/h6>\n<\/li>\n<li>\n<h6>M\u00e4earu, S. (2008). S\u00f5namoodustusabi. <em>Keelen\u00f5uanne soovitab 4<\/em>, 95-120. Tallinn: Eesti Keele Sihtasutus.<\/h6>\n<\/li>\n<li>\n<h6>Rehemaa, T. (2006). Kuidas l\u00fchendada. <em>Oma Keel<\/em>, 1, 44-49.<\/h6>\n<\/li>\n<li>\n<h6>Uusp\u00f5ld, E. (2008). <em>\u00d5petusi ja harjutusi algajale keeletoimetajale. <\/em>Tartu: Tartu \u00dclikooli Kirjastus.<\/h6>\n<\/li>\n<\/ol>\n","protected":false},"excerpt":{"rendered":"<p>L\u00fchendamise peamine eesm\u00e4rk on hoida kokku ruumi ja v\u00e4ltida tekstis sageli esinevate s\u00f5nade v\u00e4ljakirjutamist. Samas tuleb alati meeles pidada, et lugeja peab l\u00fchenditest \u00fcheselt aru saama. Nii eristatakse kahesuguseid l\u00fchendeid: \u00fcldkasutatavad l\u00fchendid, mida kasutavad k\u00f5ik kirjutajad ja millel on arusaadavuse &#8230;<\/p>\n","protected":false},"author":89,"featured_media":0,"parent":0,"menu_order":0,"comment_status":"closed","ping_status":"closed","template":"","meta":{"_acf_changed":false,"inline_featured_image":false,"footnotes":""},"class_list":["post-19","page","type-page","status-publish","hentry"],"acf":[],"_links":{"self":[{"href":"https:\/\/sisu.ut.ee\/eestikeel1\/wp-json\/wp\/v2\/pages\/19","targetHints":{"allow":["GET"]}}],"collection":[{"href":"https:\/\/sisu.ut.ee\/eestikeel1\/wp-json\/wp\/v2\/pages"}],"about":[{"href":"https:\/\/sisu.ut.ee\/eestikeel1\/wp-json\/wp\/v2\/types\/page"}],"author":[{"embeddable":true,"href":"https:\/\/sisu.ut.ee\/eestikeel1\/wp-json\/wp\/v2\/users\/89"}],"replies":[{"embeddable":true,"href":"https:\/\/sisu.ut.ee\/eestikeel1\/wp-json\/wp\/v2\/comments?post=19"}],"version-history":[{"count":2,"href":"https:\/\/sisu.ut.ee\/eestikeel1\/wp-json\/wp\/v2\/pages\/19\/revisions"}],"predecessor-version":[{"id":148,"href":"https:\/\/sisu.ut.ee\/eestikeel1\/wp-json\/wp\/v2\/pages\/19\/revisions\/148"}],"wp:attachment":[{"href":"https:\/\/sisu.ut.ee\/eestikeel1\/wp-json\/wp\/v2\/media?parent=19"}],"curies":[{"name":"wp","href":"https:\/\/api.w.org\/{rel}","templated":true}]}}