{"id":18,"date":"2024-04-04T02:58:57","date_gmt":"2024-04-03T23:58:57","guid":{"rendered":"https:\/\/sisu.ut.ee\/eestikeel1\/kasutatud-kirjandus-2\/"},"modified":"2024-04-12T12:00:00","modified_gmt":"2024-04-12T09:00:00","slug":"kasutatud-kirjandus-2","status":"publish","type":"page","link":"https:\/\/sisu.ut.ee\/eestikeel1\/kasutatud-kirjandus-2\/","title":{"rendered":"3. Kasutatud kirjandus"},"content":{"rendered":"<ul>\n<li><span><em>Eesti \u00f5igekeelsuss\u00f5naraamat \u00d5S 2006.<\/em> (2006). Toim. T. Erelt. Koostanud T. Erelt, T. Leemets, S. M\u00e4earu, &amp; M. Raadik. Eesti Keele Instituut. <\/span><span>Tallinn: <\/span><span>Eesti Keele Sihtasutus. <\/span><\/li>\n<li><span> Erelt, M., Erelt, T., &amp; Ross, K. (2007). <em>Eesti keele k\u00e4siraamat<\/em> (lk 76-95). Tallinn: Eesti Keele Sihtasutus. <\/span><\/li>\n<li><span><span>Erelt, T. (2005). <em>Eesti ortograafia. <\/em>Tallinn: Eesti Keele Sihtasutus.<\/span><\/span><\/li>\n<li><span> Mund, A. (2004a). Liialdagem m\u00f5\u00f5dukalt! <em>Keelen\u00f5uanne soovitab<\/em> <em>3<\/em>, 110-117. Tallinn: Eesti Keele Sihtasutus. <\/span><\/li>\n<li><span> Mund, A. (2004b). Mitmuse omastav luubi all. <em>Oma Keel,<\/em> 2, 60-62. <\/span><\/li>\n<li><span> Mund, A. (2004c). P\u00e4ev-p\u00e4evalt, p\u00e4evast p\u00e4eva, p\u00e4evp\u00e4evaline, p\u00e4ev p\u00e4eva kannul\u2026 . <em>Keelen\u00f5uanne soovitab<\/em> <em>3<\/em>, 159-162. Tallinn: Eesti Keele Sihtasutus. <\/span><\/li>\n<li><span> Uusp\u00f5ld, E. (2008). <em>\u00d5petusi ja harjutusi algajale keeletoimetajale.<\/em> Tartu: Tartu \u00dclikooli Kirjastus.<\/span><\/li>\n<\/ul>\n","protected":false},"excerpt":{"rendered":"<p>Eesti \u00f5igekeelsuss\u00f5naraamat \u00d5S 2006. (2006). Toim. T. Erelt. Koostanud T. Erelt, T. Leemets, S. M\u00e4earu, &amp; M. Raadik. Eesti Keele Instituut. Tallinn: Eesti Keele Sihtasutus. Erelt, M., Erelt, T., &amp; Ross, K. (2007). Eesti keele k\u00e4siraamat (lk 76-95). Tallinn: Eesti &#8230;<\/p>\n","protected":false},"author":89,"featured_media":0,"parent":0,"menu_order":0,"comment_status":"closed","ping_status":"closed","template":"","meta":{"_acf_changed":false,"inline_featured_image":false,"footnotes":""},"class_list":["post-18","page","type-page","status-publish","hentry"],"acf":[],"_links":{"self":[{"href":"https:\/\/sisu.ut.ee\/eestikeel1\/wp-json\/wp\/v2\/pages\/18","targetHints":{"allow":["GET"]}}],"collection":[{"href":"https:\/\/sisu.ut.ee\/eestikeel1\/wp-json\/wp\/v2\/pages"}],"about":[{"href":"https:\/\/sisu.ut.ee\/eestikeel1\/wp-json\/wp\/v2\/types\/page"}],"author":[{"embeddable":true,"href":"https:\/\/sisu.ut.ee\/eestikeel1\/wp-json\/wp\/v2\/users\/89"}],"replies":[{"embeddable":true,"href":"https:\/\/sisu.ut.ee\/eestikeel1\/wp-json\/wp\/v2\/comments?post=18"}],"version-history":[{"count":2,"href":"https:\/\/sisu.ut.ee\/eestikeel1\/wp-json\/wp\/v2\/pages\/18\/revisions"}],"predecessor-version":[{"id":141,"href":"https:\/\/sisu.ut.ee\/eestikeel1\/wp-json\/wp\/v2\/pages\/18\/revisions\/141"}],"wp:attachment":[{"href":"https:\/\/sisu.ut.ee\/eestikeel1\/wp-json\/wp\/v2\/media?parent=18"}],"curies":[{"name":"wp","href":"https:\/\/api.w.org\/{rel}","templated":true}]}}