{"id":17,"date":"2024-04-04T02:58:57","date_gmt":"2024-04-03T23:58:57","guid":{"rendered":"https:\/\/sisu.ut.ee\/eestikeel1\/sagedased-vead-0\/"},"modified":"2024-04-12T12:06:38","modified_gmt":"2024-04-12T09:06:38","slug":"sagedased-vead-0","status":"publish","type":"page","link":"https:\/\/sisu.ut.ee\/eestikeel1\/sagedased-vead-0\/","title":{"rendered":"3.3. Sagedased vead"},"content":{"rendered":"<p><span><span>Vaatamata kokku- ja lahkukirjutamise reeglite arvukusele, eksitakse m\u00f5ne reegli vastu sagedamini kui teiste vastu. Selles peat\u00fckis vaadeldakse <\/span><\/span><span><span>olulisemaid veaohtlikke s\u00f5nar\u00fchmi, mida on k\u00e4sitlenud mitmed autorid (Erelt, 2005; Mund, 2004a, 2004b, 2004c; Uusp\u00f5ld, 2008). Ehk aitab see kaasa kokku- ja lahkukirjutamise reeglite teadlikumale rakendamisele ja vigadest hoidumisele.<\/span><br><\/span><\/p>\n<p><span><strong> I. <\/strong>Sageli p\u00f5hjustab probleeme <strong>t\u00fcvekordusega s\u00f5na\u00fchendite<\/strong> \u00f5igekiri (nt<em> aastast aastasse, <\/em><em>aasta-aastalt)<\/em>. \u00dcksikasjaliku \u00fclevaate koos selgitustega annab A. Mund artiklis <strong>\u201cP\u00e4ev-p\u00e4evalt, p\u00e4evast p\u00e4eva, p\u00e4evp\u00e4evaline, p\u00e4ev p\u00e4eva kannul\u2026\u201d<\/strong> (2004c), aadressil <span style=\"text-decoration: underline\"><a href=\"http:\/\/www.eki.ee\/keeleabi\/artiklid3\/paevpaevalt.html\" target=\"_blank\" rel=\"noopener\">http:\/\/www.eki.ee\/keeleabi\/artiklid3\/paevpaevalt.html<\/a>.<\/span><\/span><\/p>\n<p><span><strong>II. <\/strong>Hoidumaks pikkadest ja sageli vigu p\u00f5hjustavatest <strong><em>-ne<\/em> <\/strong>ja <strong><em>-line<\/em>-liitelistest \u00fchenditest<\/strong>, soovitatakse kasutada l\u00fchemaid ja suup\u00e4rasemaid vorme, vt A. Mundi artikkel <strong>\u201cLiialdagem m\u00f5\u00f5dukalt!\u201d<\/strong> (2004a), aadressil <span style=\"text-decoration: underline\"><span><a href=\"http:\/\/www.eki.ee\/keeleabi\/artiklid3\/liialdagem.html\" target=\"_blank\" rel=\"noopener\">h<\/a><a href=\"http:\/\/www.eki.ee\/keeleabi\/artiklid3\/liialdagem.html\" target=\"_blank\" rel=\"noopener\">ttp:\/\/www.eki.ee\/keeleabi\/artiklid3\/liialdagem.html<\/a>.<\/span><\/span><\/span><\/p>\n<p><span><strong>III.<\/strong> K\u00f5hklusi tekitab ka <strong>NIMIS\u00d5NA <\/strong>(mitm omastavas) <strong>+ NIMIS\u00d5NA<\/strong> kokku- ja lahkukirjutamine. Enamasti soovitatakse lahkukirjutamist, nt <em>sademete hulk, teadmiste p\u00e4ev, sisehaiguste kliinik. <\/em>Erandiks on juhud, kui kokkukirjutatud s\u00f5na kannab omaette t\u00e4hendust, nt <em>lastekodu, h\u00e4\u00e4lteenamus, noorten\u00f5ustaja. <\/em>Meeles tuleb pidada, et sageli on v\u00f5imalik (ja eelistatud!) kasutada mitmuse omastavaga s\u00f5na\u00fchendi asemel ainsuse omastavaga liits\u00f5na, nt <em>juuksel\u00f5ikus <\/em>ja <em>k\u00fclalisraamat, <\/em>mitte <em>juustel\u00f5ikus <\/em>ja <em>k\u00fclalisteraamat <\/em>(Erelt, 2005; Mund, 2004b). Tutvumaks konkreetsete veaohtlike keelenditega, loe l\u00e4bi A. Mundi artikkel <strong>\u201cMitmuse omastav luubi all\u201d<\/strong> (2004b), aadressil <span style=\"text-decoration: underline\"><span><span><a href=\"http:\/\/www.emakeeleselts.ee\/omakeel\/2004_2\/Mund2.pdf\" target=\"_blank\" rel=\"noopener\">http:\/\/www.emakeeleselts.ee\/omakeel\/2004_2\/Mund2.pdf<\/a>.<\/span><\/span><\/span><\/span><\/p>\n<p><strong><span><span><span><span>IV. <\/span><\/span><\/span><\/span><\/strong><span><span><span><span>\u00dcks<\/span><\/span><\/span><\/span><span><span><span><span> sagedasemaid teemasid keelen\u00f5uandes on <strong>tegus\u00f5nade kokku-lahkukirjutus<\/strong>. Neist k\u00f5ige keerulisem on <strong>m\u00e4\u00e4rs\u00f5na <\/strong>ja<strong> kesks\u00f5na (v-, tav-, nud- ja tud-kesks\u00f5na) \u00fchendid<\/strong>. See, m<\/span><\/span><\/span><\/span>illal kirjutada kokku ja millal lahku, oleneb eelk\u00f5ige sellest, kas kesks\u00f5na v\u00e4ljendab lauses tegevust (\u00f6eldis, m\u00e4\u00e4rus) v\u00f5i omadust (t\u00e4iend, \u00f6eldist\u00e4ide). P\u00f5hjaliku \u00fclevaate tegus\u00f5nade kokku- lahkukirjutusest teeb Maire Raadik 2015. aasta keelen\u00f5uande kogumikus avaldatud artiklis <strong>\u201cTegus\u00f5nade kokku- ja lahkukirjutus\u201d,<\/strong> vt aadressil <a href=\"http:\/\/keeleabi.eki.ee\/pdf\/ks5_009.pdf\" target=\"_blank\" rel=\"noopener\">http:\/\/keeleabi.eki.ee\/pdf\/ks5_009.pdf<\/a><\/p>\n<hr>\n<table class=\"table table-hover\" style=\"width: 100%\" border=\"0\">\n<tbody>\n<tr>\n<td style=\"width: 50px\" valign=\"top\"><img loading=\"lazy\" decoding=\"async\" width=\"48\" height=\"48\" class=\"alignnone wp-image-44\" src=\"https:\/\/sisu.ut.ee\/wp-content\/uploads\/sites\/181\/pliiats.png\" title=\"pliiats.png\" alt=\"pliiats.png\"><\/td>\n<td><strong style=\"background-color: transparent\"><\/strong><strong style=\"background-color: transparent\">Kas kokku,\u00a0 lahku v\u00f5i sidekriipsuga?<br><\/strong>\n<div class=\"valem-newspaper\">\n<ul>\n<li>Liivi nimeline preemia<\/li>\n<li>Gr\u00f6\u00f6ni maa<\/li>\n<li>naiste r\u00f5ivad<\/li>\n<li>s\u00f5na s\u00f5naline ette \u00fctlemine<\/li>\n<li>pliiats on maha kukkunud<\/li>\n<li>teed m\u00f6\u00f6da<\/li>\n<li>v\u00e4lja poole<\/li>\n<li>tee \u00e4\u00e4rne vaatlus post<\/li>\n<li>riikide vahelisele kokku leppele<\/li>\n<li>m\u00e4ngu- ja puhkeplatsidel<\/li>\n<li>hiljuti ehitatud elamu<\/li>\n<li>teisele poole<\/li>\n<li>l\u00e4bi s\u00f5itja<\/li>\n<li>rahul olema<\/li>\n<li>autole ette jooksnud poiss<\/li>\n<li>Suur Emaj\u00f5gi<\/li>\n<li>palja p\u00e4i<\/li>\n<li>tuule j\u00f5ul<\/li>\n<li>paar miljonit<\/li>\n<li>suuri vaevu<\/li>\n<li>kevade poole<\/li>\n<li>vastu v\u00f5ttes<\/li>\n<li>p\u00e4ikese kell<\/li>\n<li>maa alune<\/li>\n<li>Vabaduss\u00f5ja aegne<\/li>\n<li>tav\u00a0 kesks\u00f5na<\/li>\n<\/ul>\n<\/div>\n<p><\/p><div class=\"accordion mb-3\">\n        <div class=\"accordion-item accordion-item--white\">\n        <h2 class=\"accordion-header\" id=\"accordion-69e4f4efbc94c-heading\">\n            <button class=\"accordion-button collapsed\" type=\"button\" data-bs-toggle=\"collapse\" data-bs-target=\"#accordion-69e4f4efbc94c-collapse\" aria-expanded=\"true\" aria-controls=\"accordion-69e4f4efbc94c-collapse\">Vastus<\/button>\n        <\/h2>\n        <div id=\"accordion-69e4f4efbc94c-collapse\" class=\"accordion-collapse collapse\" aria-labelledby=\"accordion-69e4f4efbc94c-heading\">\n            <div class=\"accordion-body\">\n<div class=\"valem-newspaper\">\n<ul>\n<li>Liivi-nimeline preemia<\/li>\n<li>Gr\u00f6\u00f6nimaa<\/li>\n<li>naister\u00f5ivad<\/li>\n<li>s\u00f5nas\u00f5naline ette\u00fctlemine<\/li>\n<li>pliiats on maha kukkunud<\/li>\n<li>teed m\u00f6\u00f6da<\/li>\n<li>v\u00e4ljapoole<\/li>\n<li>tee\u00e4\u00e4rne vaatluspost<\/li>\n<li>riikide vahelisele kokkuleppele<\/li>\n<li>m\u00e4ngu- ja puhkeplatsidel<\/li>\n<li>hiljuti ehitatud elamu<\/li>\n<li>teisele poole<\/li>\n<li>l\u00e4bis\u00f5itja<\/li>\n<li>rahul olema<\/li>\n<li>autole ette jooksnud poiss<\/li>\n<li>Suur Emaj\u00f5gi<\/li>\n<li>palja p\u00e4i, paljap\u00e4i<\/li>\n<li>tuule j\u00f5ul<\/li>\n<li>paar miljonit<\/li>\n<li>suuri vaevu, suurivaevu<\/li>\n<li>kevade poole<\/li>\n<li>vastu v\u00f5ttes<\/li>\n<li>p\u00e4ikesekell<\/li>\n<li>maa-alune<\/li>\n<li>Vabaduss\u00f5ja-aegne<\/li>\n<li>tav-kesks\u00f5na<\/li>\n<\/ul>\n<p><\/p><\/div>\n        <\/div>\n        <\/div>\n    <\/div>\n<\/div>\n<\/td>\n<\/tr>\n<\/tbody>\n<\/table>\n<p>P\u00f5hjaliku<span><span><span><span> \u00fclevaate ja hulgaliselt harjutusi kokku- ja lahkukirjutamise kohta <\/span><\/span><\/span><\/span><span><span><span><span>leiab ka\u00a0<\/span><\/span><\/span><\/span><span><span><span><span>Erika Rummeli \u00f5ppematerjalist<\/span><\/span><\/span><\/span><span><span><span><span> \u201cEesti \u00f5igekiri\u201d, aadressil<\/span><\/span><\/span><\/span><span><span><span><span> <\/span><\/span><\/span><\/span><span><span><span><span><a href=\"http:\/\/opetaja.edu.ee\/ortograafia\" target=\"_blank\" rel=\"noopener\">http:\/\/opetaja.edu.ee\/ortograafia<\/a>.<\/span><\/span><\/span><\/span><\/p>\n<p><span><span style=\"text-decoration: underline\"><span><span><\/span><\/span><\/span><\/span><\/p>\n<hr>\n<p><span><span style=\"text-decoration: underline\"><span><span><\/span><\/span><\/span><\/span><\/p>\n<h6><span class=\"iDeviceTitle\">Loe lisaks!<\/span><\/h6>\n<div class=\"iDevice_inner\">\n<div id=\"ta10_33_2\" class=\"block\">\n<ol>\n<li>\n<h6><span><span>Erelt, T. (2005). <em>Eesti ortograafia. <\/em>Tallinn: Eesti Keele Sihtasutus.<\/span><\/span><\/h6>\n<\/li>\n<li>\n<h6><span><span>Kraut, E., Liivaste, E., &amp; Tarvo, A. (1998). <em>Eesti \u00f5igekeel<\/em>. Tallinn: AS Koolibri.<\/span><\/span><\/h6>\n<\/li>\n<li>\n<h6>Raadik, M. (2015). <em>mitte<\/em>-s\u00f5na kokku- ja lahkukirjutus. <em>Keelen\u00f5uanne soovitab, 5.<\/em> K\u00fclastatud aadressil <a href=\"http:\/\/keeleabi.eki.ee\/pdf\/ks5_057.pdf\" target=\"_blank\" rel=\"noopener\">http:\/\/keeleabi.eki.ee\/pdf\/ks5_057.pdf<\/a><\/h6>\n<\/li>\n<\/ol>\n<\/div>\n<\/div>\n","protected":false},"excerpt":{"rendered":"<p>Vaatamata kokku- ja lahkukirjutamise reeglite arvukusele, eksitakse m\u00f5ne reegli vastu sagedamini kui teiste vastu. Selles peat\u00fckis vaadeldakse olulisemaid veaohtlikke s\u00f5nar\u00fchmi, mida on k\u00e4sitlenud mitmed autorid (Erelt, 2005; Mund, 2004a, 2004b, 2004c; Uusp\u00f5ld, 2008). Ehk aitab see kaasa kokku- ja lahkukirjutamise &#8230;<\/p>\n","protected":false},"author":89,"featured_media":0,"parent":0,"menu_order":0,"comment_status":"closed","ping_status":"closed","template":"","meta":{"_acf_changed":false,"inline_featured_image":false,"footnotes":""},"class_list":["post-17","page","type-page","status-publish","hentry"],"acf":[],"_links":{"self":[{"href":"https:\/\/sisu.ut.ee\/eestikeel1\/wp-json\/wp\/v2\/pages\/17","targetHints":{"allow":["GET"]}}],"collection":[{"href":"https:\/\/sisu.ut.ee\/eestikeel1\/wp-json\/wp\/v2\/pages"}],"about":[{"href":"https:\/\/sisu.ut.ee\/eestikeel1\/wp-json\/wp\/v2\/types\/page"}],"author":[{"embeddable":true,"href":"https:\/\/sisu.ut.ee\/eestikeel1\/wp-json\/wp\/v2\/users\/89"}],"replies":[{"embeddable":true,"href":"https:\/\/sisu.ut.ee\/eestikeel1\/wp-json\/wp\/v2\/comments?post=17"}],"version-history":[{"count":2,"href":"https:\/\/sisu.ut.ee\/eestikeel1\/wp-json\/wp\/v2\/pages\/17\/revisions"}],"predecessor-version":[{"id":157,"href":"https:\/\/sisu.ut.ee\/eestikeel1\/wp-json\/wp\/v2\/pages\/17\/revisions\/157"}],"wp:attachment":[{"href":"https:\/\/sisu.ut.ee\/eestikeel1\/wp-json\/wp\/v2\/media?parent=17"}],"curies":[{"name":"wp","href":"https:\/\/api.w.org\/{rel}","templated":true}]}}