{"id":16,"date":"2024-04-04T02:58:56","date_gmt":"2024-04-03T23:58:56","guid":{"rendered":"https:\/\/sisu.ut.ee\/eestikeel1\/pohireeglid-2\/"},"modified":"2024-04-12T12:05:09","modified_gmt":"2024-04-12T09:05:09","slug":"pohireeglid-2","status":"publish","type":"page","link":"https:\/\/sisu.ut.ee\/eestikeel1\/pohireeglid-2\/","title":{"rendered":"3.2. P\u00f5hireeglid"},"content":{"rendered":"<p><span data-mce-mark=\"1\">Selles peat\u00fckis keskendutakse olulisematele eesti keele kokku- ja lahkukirjutamise reeglitele, s\u00fcvenemata eranditesse. P\u00f5hjaliku \u00fclevaate saamiseks v\u00f5iks lugeda <strong>\u201dEesti keele k\u00e4siraamatut\u201d<\/strong> (Erelt, Erelt, &amp; Ross, 2007), mille elektrooniline versioon on aadressil <a href=\"http:\/\/www.eki.ee\/books\/ekk07\/\" target=\"_blank\" rel=\"noopener\">http:\/\/www.eki.ee\/books\/ekk07\/<\/a>.\u00a0<\/span><\/p>\n<p><span data-mce-mark=\"1\">Klikkides vasakul men\u00fc\u00fcs peat\u00fcki lingil, avaneb soovitud peat\u00fckk. Allj\u00e4rgnevalt k\u00e4sitletakse olulisemaid reegleid.<\/span><\/p>\n<h5>I. NIMIS\u00d5NA + NIMIS\u00d5NA<\/h5>\n<p><strong>1. Ainsuse nimetavas k\u00e4\u00e4ndes <\/strong>v\u00f5i <strong>l\u00fchit\u00fcveline<\/strong> nimis\u00f5na kirjutatakse j\u00e4rgneva nimis\u00f5naga <strong>kokku.<\/strong><\/p>\n<p style=\"padding-left: 60px\"><span data-mce-mark=\"1\"><em>N\u00e4ide 1. <\/em>inimv\u00e4\u00e4rikus, nahkm\u00f6\u00f6bel, raudtee <\/span><\/p>\n<p><span data-mce-mark=\"1\"><strong> 2. <\/strong><strong>Ainsuse omastavas<\/strong> nimis\u00f5na kirjutatakse j\u00e4rgneva nimis\u00f5naga <strong>kokku<\/strong>, kui ta m\u00e4rgib <strong>liiki <\/strong>v\u00f5i <strong>laadi<\/strong> ja moodustab kindlaks kujunenud m\u00f5iste (vastab k\u00fcsimusele <em>mis?, missugune?<\/em>, <em>mis liiki?, mis laadi?)<\/em>. <\/span><\/p>\n<p style=\"padding-left: 60px\"><span data-mce-mark=\"1\"><em> N\u00e4ide 2<\/em><\/span>. taskukell, kontserdipilet, teatripilet, raamatukapp<\/p>\n<p><span data-mce-mark=\"1\"><strong> NB! <\/strong>Kui ainsuse omastavas olev nimis\u00f5na osutab kuuluvusele <em>(kelle?)<\/em>, kirjutatakse s\u00f5nad lahku, nt <em>\u00f5piku autor, osakonna juhataja. <\/em><\/span><\/p>\n<p><span data-mce-mark=\"1\"><strong> 3.<\/strong> <strong>Mitmuse omastavas<\/strong> nimis\u00f5na kirjutatakse j\u00e4rgnevast nimis\u00f5nast <em>harilikult <\/em><strong>lahku<\/strong>. <\/span><\/p>\n<p style=\"padding-left: 60px\"><span data-mce-mark=\"1\"><em>N<\/em><\/span><em>\u00e4ide 3.\u00a0<\/em><span data-mce-mark=\"1\">teaduste akadeemia, vigade parandus, raamatute nimekiri<\/span><\/p>\n<h5>II. OMADUS-, ARV-, ASES\u00d5NA + NIMIS\u00d5NA<\/h5>\n<p><strong>1. Omadus-, arv-, ases\u00f5na<\/strong> kirjutatakse j\u00e4rgnevast nimis\u00f5nast tavaliselt <strong>lahku<\/strong>.<\/p>\n<p style=\"padding-left: 60px\"><span data-mce-mark=\"1\"><em>N\u00e4ide 4.<\/em> raske koorem, neli seina, omal ajal <\/span><\/p>\n<p><span data-mce-mark=\"1\"><strong>2. Kokku <\/strong>kirjutatakse need s\u00f5nad j\u00e4rgneva nimis\u00f5naga siis, kui tekib omaette kindel m\u00f5iste.<\/span><\/p>\n<p style=\"padding-left: 60px\"><span data-mce-mark=\"1\"><em>N\u00e4ide 5. <\/em>nelinurk, noormees, omakasu<\/span><\/p>\n<p><span data-mce-mark=\"1\"><strong>3. L\u00fchenenud t\u00fcvega omaduss\u00f5na <\/strong>kirjutatakse j\u00e4rgneva nimis\u00f5naga alati <strong>kokku.<\/strong><\/span><\/p>\n<p style=\"padding-left: 60px\"><span data-mce-mark=\"1\"><em>N\u00e4ide 6. <\/em>v\u00f5\u00f5rkeel, v\u00e4lispoliitika, \u00fchistegevus<\/span><\/p>\n<h5>III. EELNEV S\u00d5NA + OMADUSS\u00d5NA<\/h5>\n<p><span data-mce-mark=\"1\"><strong>1. Nimi- <\/strong>v\u00f5i <strong>omaduss\u00f5na<\/strong> kirjutatakse j\u00e4rgneva omaduss\u00f5naga <strong>kokku<\/strong>, kui nad moodustavad <strong>omaette kindla m\u00f5iste.<\/strong><\/span><\/p>\n<p style=\"padding-left: 60px\"><span data-mce-mark=\"1\"><strong><\/strong><\/span><em>N\u00e4ide 7<\/em>. <span data-mce-mark=\"1\">kohusetruu<\/span>, <span data-mce-mark=\"1\">s\u00f5nakehv, tumesinine, lihtlabane<\/span><\/p>\n<p><span data-mce-mark=\"1\"><strong>2. M\u00e4\u00e4rs\u00f5naliselt kasutatavad omaduss\u00f5nad<\/strong> kirjutatakse j\u00e4rgnevast omaduss\u00f5nast <strong>lahku.<\/strong><\/span><\/p>\n<p style=\"padding-left: 60px\"><span data-mce-mark=\"1\"><em>N\u00e4ide 8. <\/em>tohutu suur, hirmus kauge <\/span><\/p>\n<p><span data-mce-mark=\"1\"><strong><em>3. <\/em><em>ne-<\/em> <\/strong>ja <strong><em>line-<\/em>omaduss\u00f5na<\/strong> kirjutatakse eelneva <strong>k\u00e4\u00e4nds\u00f5naga kokku.<\/strong><\/span><\/p>\n<p><span data-mce-mark=\"1\"><em><\/em><\/span><\/p>\n<p style=\"padding-left: 60px\"><span data-mce-mark=\"1\"><em>N\u00e4ide 9<\/em>. p\u00e4evapikkune, asteastmeline, kuueaastane <\/span><\/p>\n<p><span data-mce-mark=\"1\"><strong>4. <\/strong>Eelnev <strong>nimi, t\u00e4ht, l\u00fchend, number<\/strong> v\u00f5i <strong>s\u00fcmbol <\/strong>kirjutatakse <strong><em>ne-<\/em> <\/strong>ja <strong><em>line<\/em><\/strong><em>\u2013<\/em>omaduss\u00f5naga <strong>kokku sidekriipsu abil. <\/strong><\/span><\/p>\n<p style=\"padding-left: 60px\"><span data-mce-mark=\"1\"><em>N\u00e4ide 10. <\/em>Peetri-nimeline mees, X-kujuline, ne-liiteline, 20-aastane<em> <\/em><\/span><\/p>\n<p><span data-mce-mark=\"1\"><strong>NB!<\/strong> Kui <em>ne-<\/em> v\u00f5i <em>line-<\/em>omaduss\u00f5na juurde kuuluval s\u00f5nal on <strong>t\u00e4iend <\/strong>ees, kirjutatakse s\u00f5nad <strong>lahku<\/strong>, nt <em> paljude sajandite pikkune, k\u00f5igi eelduste kohane, Peeter Kase nimeline.<\/em><\/span><\/p>\n<h5>IV. ARVS\u00d5NA<\/h5>\n<p><strong>1.<\/strong> Eelneva arvs\u00f5naga kirjutatakse <strong>kokku<\/strong> s\u00f5nad <strong><em>-teist(k\u00fcmmend), -k\u00fcmmend<\/em> <\/strong>ja <strong><em>-sada.<\/em><\/strong><\/p>\n<p style=\"padding-left: 60px\"><span data-mce-mark=\"1\"><em>N\u00e4ide 11. <\/em>\u00fcheksateist, viisteistk\u00fcmmend, kolmk\u00fcmmend, viissada<em> <\/em><\/span><\/p>\n<p><span data-mce-mark=\"1\"><strong>2. <\/strong>\u00dclej\u00e4\u00e4nud arvs\u00f5nad \u2013 <strong>\u00fchelised, tuhat, miljon, miljard<\/strong> jt \u2013 kirjutatakse eelnevast arvs\u00f5nast <strong>lahku.\u00a0<\/strong><\/span><\/p>\n<p style=\"padding-left: 60px\"><span data-mce-mark=\"1\"><strong><\/strong><\/span><span data-mce-mark=\"1\"><em>N\u00e4ide 12<\/em>. <\/span><span data-mce-mark=\"1\">kuus tuhat, kolm miljonit<\/span><\/p>\n<h5>V. TEGUS\u00d5NA<\/h5>\n<p><strong>1. P\u00f5hireegli <\/strong>kohaselt <strong><\/strong>kirjutatakse<strong> <\/strong><strong>tegus\u00f5na <\/strong><strong>muudest s\u00f5naliikidest <\/strong>tavaliselt <strong>lahku.<\/strong><\/p>\n<p style=\"padding-left: 60px\"><span data-mce-mark=\"1\"><em>N\u00e4ide 13. <\/em>alla tulema, pruuniks v\u00f5\u00f5batud sein, hukka m\u00f5istma, \u00f5un on alla kukkunud<\/span><\/p>\n<p><span data-mce-mark=\"1\"><strong>2. Erandiks on liittegus\u00f5nad, <\/strong>mis kirjutatakse<strong> k\u00f5igis vormides kokku<\/strong>.\u00a0<\/span><\/p>\n<p style=\"padding-left: 60px\"><span data-mce-mark=\"1\"><\/span><em>N\u00e4ide 14<\/em>. alav\u00e4\u00e4ristama, allkirjastades, abielluda<\/p>\n<p><span data-mce-mark=\"1\"><strong>3. Kokku <\/strong>kirjutatakse ka <strong>tegus\u00f5na teo- <\/strong>ja <strong>tegijanimed.<\/strong><\/span><\/p>\n<p style=\"padding-left: 60px\"><em>N\u00e4ide 15. <\/em>allakukkumine, vastuv\u00f5tmine, j\u00e4reltulija\u00a0<\/p>\n<h5>VI. M\u00c4\u00c4RS\u00d5NA<span data-mce-mark=\"1\"><br><\/span><\/h5>\n<p><strong>P\u00f5hireegli <\/strong>j\u00e4rgi kirjutatakse <strong>m\u00e4\u00e4rs\u00f5na <\/strong>(v\u00f5i m\u00e4\u00e4rs\u00f5na t\u00e4henduses olev s\u00f5na)<strong> muudest s\u00f5nadest<\/strong><strong> <\/strong>harilikult <strong>lahku.<\/strong><\/p>\n<p style=\"padding-left: 60px\"><strong><\/strong><em>N\u00e4ide 16.<\/em><em> <\/em>tohutu suur, kusagil ees, seal eemal<\/p>\n<h5>VII. KAASS\u00d5NA<\/h5>\n<p><strong>Kaass\u00f5na <\/strong><em>(ees\u2011 v\u00f5i tagas\u00f5na)<\/em> kirjutatakse <strong>lahku tema juurde kuuluvast <\/strong><strong>k\u00e4\u00e4nds\u00f5nast.<\/strong><\/p>\n<p style=\"padding-left: 60px\"><span data-mce-mark=\"1\"><em>N\u00e4ide 17.<\/em> m\u00f6\u00f6da teed, teed m\u00f6\u00f6da, j\u00f5e \u00e4\u00e4res, pea kohal<\/span><\/p>\n<p><\/p><div class=\"accordion mb-3\">\n        <div class=\"accordion-item accordion-item--white\">\n        <h2 class=\"accordion-header\" id=\"accordion-69e52980cc493-heading\">\n            <button class=\"accordion-button collapsed\" type=\"button\" data-bs-toggle=\"collapse\" data-bs-target=\"#accordion-69e52980cc493-collapse\" aria-expanded=\"true\" aria-controls=\"accordion-69e52980cc493-collapse\">M\u00f5tle,\u00a0mida teha siis, kui on keeruline otsustada, kas kirjutada s\u00f5nad kokku v\u00f5i j\u00e4tta lahku? (Kl\u00f5psa!)<\/button>\n        <\/h2>\n        <div id=\"accordion-69e52980cc493-collapse\" class=\"accordion-collapse collapse\" aria-labelledby=\"accordion-69e52980cc493-heading\">\n            <div class=\"accordion-body\">\n<ol>\n<li>Kahtluse korral tuleks eelistada s\u00f5nade lahkukirjutamist.<\/li>\n<li>S\u00f5nade \u00f5igekirja saab kontrollida \u201eEesti \u00f5igekeelsuss\u00f5naraamatu \u00d5S 2006\u201d v\u00f5i selle elektroonilise versiooni abil aadressil <a href=\"http:\/\/www.keelevara.ee\/login\/\" target=\"_blank\" rel=\"noopener\">http:\/\/www.keelevara.ee\/<\/a>.<\/li>\n<\/ol>\n<p><\/p><\/div>\n        <\/div>\n        <\/div>\n    <\/div>\n<hr>\n<h6>Loe lisaks!<\/h6>\n<div id=\"ta14_38_2\">\n<ol>\n<li>\n<h6>Erelt, M., Erelt, T., &amp; Ross, K. (2007). Eesti keele k\u00e4siraamat. Tallinn: Eesti Keele Sihtasutus.<\/h6>\n<\/li>\n<li>\n<h6>Kraut, E., Liivaste, E., &amp; Tarvo, A. (1998). Eesti \u00f5igekeel. Tallinn: AS Koolibri.<\/h6>\n<\/li>\n<\/ol>\n<\/div>\n<h6><\/h6>\n","protected":false},"excerpt":{"rendered":"<p>Selles peat\u00fckis keskendutakse olulisematele eesti keele kokku- ja lahkukirjutamise reeglitele, s\u00fcvenemata eranditesse. P\u00f5hjaliku \u00fclevaate saamiseks v\u00f5iks lugeda \u201dEesti keele k\u00e4siraamatut\u201d (Erelt, Erelt, &amp; Ross, 2007), mille elektrooniline versioon on aadressil http:\/\/www.eki.ee\/books\/ekk07\/.\u00a0 Klikkides vasakul men\u00fc\u00fcs peat\u00fcki lingil, avaneb soovitud peat\u00fckk. Allj\u00e4rgnevalt &#8230;<\/p>\n","protected":false},"author":89,"featured_media":0,"parent":0,"menu_order":0,"comment_status":"closed","ping_status":"closed","template":"","meta":{"_acf_changed":false,"inline_featured_image":false,"footnotes":""},"class_list":["post-16","page","type-page","status-publish","hentry"],"acf":[],"_links":{"self":[{"href":"https:\/\/sisu.ut.ee\/eestikeel1\/wp-json\/wp\/v2\/pages\/16","targetHints":{"allow":["GET"]}}],"collection":[{"href":"https:\/\/sisu.ut.ee\/eestikeel1\/wp-json\/wp\/v2\/pages"}],"about":[{"href":"https:\/\/sisu.ut.ee\/eestikeel1\/wp-json\/wp\/v2\/types\/page"}],"author":[{"embeddable":true,"href":"https:\/\/sisu.ut.ee\/eestikeel1\/wp-json\/wp\/v2\/users\/89"}],"replies":[{"embeddable":true,"href":"https:\/\/sisu.ut.ee\/eestikeel1\/wp-json\/wp\/v2\/comments?post=16"}],"version-history":[{"count":2,"href":"https:\/\/sisu.ut.ee\/eestikeel1\/wp-json\/wp\/v2\/pages\/16\/revisions"}],"predecessor-version":[{"id":153,"href":"https:\/\/sisu.ut.ee\/eestikeel1\/wp-json\/wp\/v2\/pages\/16\/revisions\/153"}],"wp:attachment":[{"href":"https:\/\/sisu.ut.ee\/eestikeel1\/wp-json\/wp\/v2\/media?parent=16"}],"curies":[{"name":"wp","href":"https:\/\/api.w.org\/{rel}","templated":true}]}}