{"id":14,"date":"2024-04-04T02:58:56","date_gmt":"2024-04-03T23:58:56","guid":{"rendered":"https:\/\/sisu.ut.ee\/eestikeel1\/kasutatud-kirjandus-0\/"},"modified":"2024-04-12T11:59:37","modified_gmt":"2024-04-12T08:59:37","slug":"kasutatud-kirjandus-0","status":"publish","type":"page","link":"https:\/\/sisu.ut.ee\/eestikeel1\/kasutatud-kirjandus-0\/","title":{"rendered":"1. Kasutatud kirjandus"},"content":{"rendered":"<ul>\n<li>Eesti Keele Instituudi keelen\u00f5uande testid nr 13, 15, aadressil\u00a0<a href=\"http:\/\/www.eki.ee\/keeleabi\/index.php?leht=11\" target=\"_blank\" rel=\"noopener\">http:\/\/www.eki.ee\/keeleabi\/index.php?leht=11<\/a><\/li>\n<li><span>Erelt, M., Erelt, T., &amp; Ross, K. (2007).\u00a0<em>Eesti keele k\u00e4siraamat.<\/em>\u00a0Tallinn: Eesti Keele Sihtasutus.<\/span><span><\/span><\/li>\n<li><span>Erelt, T. (2005).\u00a0<em>Eesti ortograafia.\u00a0<\/em>Tallinn: Eesti Keele Sihtasutus.<\/span><span><\/span><\/li>\n<li><span>Erelt, T. (2004). Need rasked v\u00f5\u00f5rs\u00f5nad.\u00a0<em>Keelen\u00f5uanne soovitab<\/em>\u00a0<em>3<\/em>, 123-132. Tallinn: Eesti Keele Sihtasutus.<\/span><\/li>\n<li><span>Kingisepp, V-L. (2000).\u00a0<em>Kirjuta \u00f5igesti.<\/em>\u00a0Tartu: Tartu \u00dclikooli Kirjastus.<\/span><span><\/span><\/li>\n<li><span>Mund, A. (2004). Kimpus omas\u00f5nade \u00f5igekirjaga.<em>\u00a0Keelen\u00f5uanne soovitab<\/em>\u00a0<em>3<\/em>, 137-145. Tallinn: Eesti Keele Sihtasutus.<\/span><\/li>\n<li>M\u00e4earu, S. (1996). Ikka \u0161, \u017e ja \u010d.<em>\u00a0Keelen\u00f5uanne soovitab<\/em>. Tallinn: Eesti Keele Sihtasutus.<\/li>\n<\/ul>\n","protected":false},"excerpt":{"rendered":"<p>Eesti Keele Instituudi keelen\u00f5uande testid nr 13, 15, aadressil\u00a0http:\/\/www.eki.ee\/keeleabi\/index.php?leht=11 Erelt, M., Erelt, T., &amp; Ross, K. (2007).\u00a0Eesti keele k\u00e4siraamat.\u00a0Tallinn: Eesti Keele Sihtasutus. Erelt, T. (2005).\u00a0Eesti ortograafia.\u00a0Tallinn: Eesti Keele Sihtasutus. Erelt, T. (2004). Need rasked v\u00f5\u00f5rs\u00f5nad.\u00a0Keelen\u00f5uanne soovitab\u00a03, 123-132. Tallinn: Eesti Keele &#8230;<\/p>\n","protected":false},"author":89,"featured_media":0,"parent":0,"menu_order":0,"comment_status":"closed","ping_status":"closed","template":"","meta":{"_acf_changed":false,"inline_featured_image":false,"footnotes":""},"class_list":["post-14","page","type-page","status-publish","hentry"],"acf":[],"_links":{"self":[{"href":"https:\/\/sisu.ut.ee\/eestikeel1\/wp-json\/wp\/v2\/pages\/14","targetHints":{"allow":["GET"]}}],"collection":[{"href":"https:\/\/sisu.ut.ee\/eestikeel1\/wp-json\/wp\/v2\/pages"}],"about":[{"href":"https:\/\/sisu.ut.ee\/eestikeel1\/wp-json\/wp\/v2\/types\/page"}],"author":[{"embeddable":true,"href":"https:\/\/sisu.ut.ee\/eestikeel1\/wp-json\/wp\/v2\/users\/89"}],"replies":[{"embeddable":true,"href":"https:\/\/sisu.ut.ee\/eestikeel1\/wp-json\/wp\/v2\/comments?post=14"}],"version-history":[{"count":2,"href":"https:\/\/sisu.ut.ee\/eestikeel1\/wp-json\/wp\/v2\/pages\/14\/revisions"}],"predecessor-version":[{"id":140,"href":"https:\/\/sisu.ut.ee\/eestikeel1\/wp-json\/wp\/v2\/pages\/14\/revisions\/140"}],"wp:attachment":[{"href":"https:\/\/sisu.ut.ee\/eestikeel1\/wp-json\/wp\/v2\/media?parent=14"}],"curies":[{"name":"wp","href":"https:\/\/api.w.org\/{rel}","templated":true}]}}