{"id":133,"date":"2024-04-12T11:48:47","date_gmt":"2024-04-12T08:48:47","guid":{"rendered":"https:\/\/sisu.ut.ee\/eestikeel1\/kontrolli-teadmisi-4\/"},"modified":"2024-04-12T12:24:52","modified_gmt":"2024-04-12T09:24:52","slug":"kontrolli-teadmisi-4","status":"publish","type":"page","link":"https:\/\/sisu.ut.ee\/eestikeel1\/kontrolli-teadmisi-4\/","title":{"rendered":"5. Kontrolli teadmisi (5)"},"content":{"rendered":"<div id=\"watupro_quiz\" class=\"quiz-area single-page-quiz\">\n<p id=\"submittingExam5\" style=\"display:none;text-align:center;\"><img loading=\"lazy\" decoding=\"async\" src=\"https:\/\/sisu.ut.ee\/wp-content\/plugins\/watupro\/img\/loading.gif\" width=\"16\" height=\"16\"><\/p>\n\n\n\n<form action=\"\" method=\"post\" class=\"quiz-form\" id=\"quiz-5\" enctype=\"multipart\/form-data\">\n<div class=\"watu-question \" id=\"question-1\" style=\";\"><div id=\"questionWrap-1\" class=\"  watupro-required-17 watupro-question-id-17\">\n\t\t\t<div class=\"question-content\"><div><p><strong>Kas loetelu vormistus on \u00f5ige v\u00f5i vale? P\u00f6\u00f6ra t\u00e4helepanu kirjavahem\u00e4rkidele ja t\u00fchikutele.<\/strong><\/p><p><br>Empiirilise uurimuse tulemused anal\u00fc\u00fcsiti:<\/p><ul><li>eksperiment- ja kontrollgruppide vaheliselt\u00a0<\/li><li>maa- ning linnagruppide vaheliselt<\/li><li>eksperimentgruppide vaheliselt<\/li><li>kontrollgruppide vaheliselt<\/li><\/ul><\/div><input type=\"hidden\" name=\"question_id[]\" id=\"qID_1\" value=\"17\" class=\"watupro-question-id\"><input type=\"hidden\" id=\"answerType17\" class=\"answerTypeCnt1\" value=\"radio\"><input type=\"hidden\" id=\"watupro-required-question-17\"><!-- end question-content--><\/div><div class=\"question-choices watupro-choices-columns \" id=\"questionChoices17\"><div class=\"watupro-question-choice  \" dir=\"auto\"><input type=\"radio\" name=\"answer-17[]\" id=\"answer-id-51\" class=\"answer   answerof-17 \" value=\"51\"><label for=\"answer-id-51\" id=\"answer-label-51\" class=\" answer\"><span>True<\/span><\/label><\/div><div class=\"watupro-question-choice  \" dir=\"auto\"><input type=\"radio\" name=\"answer-17[]\" id=\"answer-id-52\" class=\"answer   answerof-17 \" value=\"52\"><label for=\"answer-id-52\" id=\"answer-label-52\" class=\" answer\"><span>False<\/span><\/label><\/div><!-- end question-choices--><\/div><!-- end questionWrap--><\/div><\/div><div class=\"watu-question \" id=\"question-2\" style=\";\"><div id=\"questionWrap-2\" class=\"  watupro-required-18 watupro-question-id-18\">\n\t\t\t<div class=\"question-content\"><div><p><strong>Kas loetelu vormistus on \u00f5ige v\u00f5i vale? P\u00f6\u00f6ra t\u00e4helepanu kirjavahem\u00e4rkidele ja t\u00fchikutele.<\/strong><\/p><p>H\u00fcpoteesidena esitatakse:<\/p><ol><li>\u00d5pilaste lausete arv teksti koostamisel suureneb eksperimendi k\u00e4igus.<\/li><li>Maakooli ja linnakooli \u00f5pilaste tekstiloomeoskustes pole olulisi erinevusi.<\/li><li>Vead teksti koostamisel v\u00e4henevad eksperimendi l\u00f5puks.<\/li><\/ol><\/div><input type=\"hidden\" name=\"question_id[]\" id=\"qID_2\" value=\"18\" class=\"watupro-question-id\"><input type=\"hidden\" id=\"answerType18\" class=\"answerTypeCnt2\" value=\"radio\"><input type=\"hidden\" id=\"watupro-required-question-18\"><!-- end question-content--><\/div><div class=\"question-choices watupro-choices-columns \" id=\"questionChoices18\"><div class=\"watupro-question-choice  \" dir=\"auto\"><input type=\"radio\" name=\"answer-18[]\" id=\"answer-id-53\" class=\"answer   answerof-18 \" value=\"53\"><label for=\"answer-id-53\" id=\"answer-label-53\" class=\" answer\"><span>True<\/span><\/label><\/div><div class=\"watupro-question-choice  \" dir=\"auto\"><input type=\"radio\" name=\"answer-18[]\" id=\"answer-id-54\" class=\"answer   answerof-18 \" value=\"54\"><label for=\"answer-id-54\" id=\"answer-label-54\" class=\" answer\"><span>False<\/span><\/label><\/div><!-- end question-choices--><\/div><!-- end questionWrap--><\/div><\/div><div class=\"watu-question \" id=\"question-3\" style=\";\"><div id=\"questionWrap-3\" class=\"  watupro-required-20 watupro-question-id-20\">\n\t\t\t<div class=\"question-content\"><div><p><strong>Kas loetelu vormistus on \u00f5ige v\u00f5i vale? P\u00f6\u00f6ra t\u00e4helepanu kirjavahem\u00e4rkidele ja t\u00fchikutele.<\/strong><\/p><p>Harjutuste r\u00fchmad olid j\u00e4rgmised:<\/p><p style=\"padding-left: 30px;\">1) lihtsate fraaside \u00fchendamine koondlauseteks;<br>2) ahellausete muutmine koondlauseteks;<br>3) baaslausete \u00fchendamine laiendatud lihtlauseteks;<br>4) lausete laiendamine; <br>5) laiendatud lihtlause koostamine liitlausest.<\/p><\/div><input type=\"hidden\" name=\"question_id[]\" id=\"qID_3\" value=\"20\" class=\"watupro-question-id\"><input type=\"hidden\" id=\"answerType20\" class=\"answerTypeCnt3\" value=\"radio\"><input type=\"hidden\" id=\"watupro-required-question-20\"><!-- end question-content--><\/div><div class=\"question-choices watupro-choices-columns \" id=\"questionChoices20\"><div class=\"watupro-question-choice  \" dir=\"auto\"><input type=\"radio\" name=\"answer-20[]\" id=\"answer-id-57\" class=\"answer   answerof-20 \" value=\"57\"><label for=\"answer-id-57\" id=\"answer-label-57\" class=\" answer\"><span>True<\/span><\/label><\/div><div class=\"watupro-question-choice  \" dir=\"auto\"><input type=\"radio\" name=\"answer-20[]\" id=\"answer-id-58\" class=\"answer   answerof-20 \" value=\"58\"><label for=\"answer-id-58\" id=\"answer-label-58\" class=\" answer\"><span>False<\/span><\/label><\/div><!-- end question-choices--><\/div><!-- end questionWrap--><\/div><\/div><div class=\"watu-question \" id=\"question-4\" style=\";\"><div id=\"questionWrap-4\" class=\"  watupro-required-19 watupro-question-id-19\">\n\t\t\t<div class=\"question-content\"><div><p><strong>Kas loetelu vormistus on \u00f5ige v\u00f5i vale? P\u00f6\u00f6ra t\u00e4helepanu kirjavahem\u00e4rkidele ja t\u00fchikutele.<\/strong><\/p><p>Kirjaliku v\u00e4ljendusoskuse l\u00e4htekohtadeks on j\u00e4rgmised kohad:<\/p><ul><li>Suuline k\u00f5ne. Suulises k\u00f5nes ei kasuta \u00f5pilane rohkete laienditega lihtlauseid, seep\u00e4rast ei esine neid ka kirjalikus k\u00f5nes. Lapsed kasutavad l\u00fchikesi ja lihtsaid lauseid, mille laad ei sobi pikkade tekstide tekkimiseks.<\/li><li>Kirjalik k\u00f5ne. Kirjalik k\u00f5ne on \u00f5pilase m\u00f5tete v\u00e4ljendamine kirjalikult. Kirjutamisoskus omandatakse kirjutamisel. Lause kirjalikus keeles on \u00fchest v\u00f5i mitmest osalausest koosnev \u00fcksus, mis l\u00f5peb lausel\u00f5pum\u00e4rgiga (Karlsson 2002).<\/li><\/ul><\/div><input type=\"hidden\" name=\"question_id[]\" id=\"qID_4\" value=\"19\" class=\"watupro-question-id\"><input type=\"hidden\" id=\"answerType19\" class=\"answerTypeCnt4\" value=\"radio\"><input type=\"hidden\" id=\"watupro-required-question-19\"><!-- end question-content--><\/div><div class=\"question-choices watupro-choices-columns \" id=\"questionChoices19\"><div class=\"watupro-question-choice  \" dir=\"auto\"><input type=\"radio\" name=\"answer-19[]\" id=\"answer-id-55\" class=\"answer   answerof-19 \" value=\"55\"><label for=\"answer-id-55\" id=\"answer-label-55\" class=\" answer\"><span>True<\/span><\/label><\/div><div class=\"watupro-question-choice  \" dir=\"auto\"><input type=\"radio\" name=\"answer-19[]\" id=\"answer-id-56\" class=\"answer   answerof-19 \" value=\"56\"><label for=\"answer-id-56\" id=\"answer-label-56\" class=\" answer\"><span>False<\/span><\/label><\/div><!-- end question-choices--><\/div><!-- end questionWrap--><\/div><\/div><div class=\"watu-question \" id=\"question-5\" style=\";\"><div id=\"questionWrap-5\" class=\"  watupro-required-16 watupro-question-id-16\">\n\t\t\t<div class=\"question-content\"><div><p><strong>Kas loetelu vormistus on \u00f5ige v\u00f5i vale? P\u00f6\u00f6ra t\u00e4helepanu kirjavahem\u00e4rkidele ja t\u00fchikutele.<\/strong><\/p><p>S\u00f5navara\u00f5petuse \u00fclesanded Karlepi (2003) j\u00e4rgi on:<\/p><ul><li>s\u00f5navara laiendamine<\/li><li>s\u00f5nat\u00e4henduse t\u00e4psustamine<\/li><li>s\u00f5nade aktiveerimine.<\/li><\/ul><\/div><input type=\"hidden\" name=\"question_id[]\" id=\"qID_5\" value=\"16\" class=\"watupro-question-id\"><input type=\"hidden\" id=\"answerType16\" class=\"answerTypeCnt5\" value=\"radio\"><input type=\"hidden\" id=\"watupro-required-question-16\"><!-- end question-content--><\/div><div class=\"question-choices watupro-choices-columns \" id=\"questionChoices16\"><div class=\"watupro-question-choice  \" dir=\"auto\"><input type=\"radio\" name=\"answer-16[]\" id=\"answer-id-49\" class=\"answer   answerof-16 \" value=\"49\"><label for=\"answer-id-49\" id=\"answer-label-49\" class=\" answer\"><span>True<\/span><\/label><\/div><div class=\"watupro-question-choice  \" dir=\"auto\"><input type=\"radio\" name=\"answer-16[]\" id=\"answer-id-50\" class=\"answer   answerof-16 \" value=\"50\"><label for=\"answer-id-50\" id=\"answer-label-50\" class=\" answer\"><span>False<\/span><\/label><\/div><!-- end question-choices--><\/div><!-- end questionWrap--><\/div><\/div><div style=\"display:none\" id=\"question-6\">\n\t<div class=\"question-content\">\n\t\t<img loading=\"lazy\" decoding=\"async\" src=\"https:\/\/sisu.ut.ee\/wp-content\/plugins\/watupro\/img\/loading.gif\" width=\"16\" height=\"16\" alt=\"Loading...\" title=\"Loading...\">\u00a0Loading...\t<\/div>\n<\/div>\n\n<br>\n\t\n\t\t\t<div class=\"watupro_buttons flex \" id=\"watuPROButtons5\">\n\t\t  <div id=\"prev-question\" style=\"display:none;\"><input type=\"button\" value=\"&lt; Previous\" onclick=\"WatuPRO.nextQuestion(event, 'previous');\"><\/div>\t\t  \t\t  \t\t   \n\t\t   \t  \t\t<div><input type=\"button\" name=\"action\" class=\"watupro-submit-button\" onclick=\"WatuPRO.submitResult(event)\" id=\"action-button\" value=\"View Results\">\n\t\t<\/div>\n\t\t<\/div>\n\t\t\n\t<input type=\"hidden\" name=\"quiz_id\" value=\"5\" id=\"watuPROExamID\">\n\t<input type=\"hidden\" name=\"start_time\" id=\"startTime\" value=\"2026-04-19 20:30:31\">\n\t<input type=\"hidden\" name=\"start_timestamp\" id=\"startTimeStamp\" value=\"1776630631\">\n\t<input type=\"hidden\" name=\"question_ids\" value=\"\">\n\t<input type=\"hidden\" name=\"watupro_questions\" value=\"17:51,52 | 18:53,54 | 20:57,58 | 19:55,56 | 16:49,50\">\n\t<input type=\"hidden\" name=\"no_ajax\" value=\"0\">\t\t\t<\/form>\n\t<p>\u00a0<\/p>\n<\/div>\n\n<script type=\"text\/javascript\">\n\/\/jQuery(document).ready(function(){\ndocument.addEventListener(\"DOMContentLoaded\", function(event) { \t\nvar question_ids = \"17,18,20,19,16\";\nWatuPROSettings[5] = {};\nWatuPRO.qArr = question_ids.split(',');\nWatuPRO.exam_id = 5;\t    \nWatuPRO.post_id = 133;\nWatuPRO.store_progress = 0;\nWatuPRO.curCatPage = 1;\nWatuPRO.requiredIDs=\"0,17,18,20,19,16\".split(\",\");\nWatuPRO.hAppID = \"0.09226600 1776619831\";\nvar url = \"https:\/\/sisu.ut.ee\/wp-content\/plugins\/watupro\/show_exam.php\";\nWatuPRO.examMode = 1;\nWatuPRO.siteURL=\"https:\/\/sisu.ut.ee\/eestikeel1\/wp-admin\/admin-ajax.php\";\nWatuPRO.emailIsNotRequired = 0;\nWatuPRO.perDecade = 10;\nWatuPROIntel.init(5);\nWatuPRO.inCategoryPages=1;});    \t \n<\/script>\n\n","protected":false},"excerpt":{"rendered":"","protected":false},"author":9,"featured_media":0,"parent":0,"menu_order":0,"comment_status":"closed","ping_status":"closed","template":"","meta":{"_acf_changed":false,"inline_featured_image":false,"footnotes":""},"class_list":["post-133","page","type-page","status-publish","hentry"],"acf":[],"_links":{"self":[{"href":"https:\/\/sisu.ut.ee\/eestikeel1\/wp-json\/wp\/v2\/pages\/133","targetHints":{"allow":["GET"]}}],"collection":[{"href":"https:\/\/sisu.ut.ee\/eestikeel1\/wp-json\/wp\/v2\/pages"}],"about":[{"href":"https:\/\/sisu.ut.ee\/eestikeel1\/wp-json\/wp\/v2\/types\/page"}],"author":[{"embeddable":true,"href":"https:\/\/sisu.ut.ee\/eestikeel1\/wp-json\/wp\/v2\/users\/9"}],"replies":[{"embeddable":true,"href":"https:\/\/sisu.ut.ee\/eestikeel1\/wp-json\/wp\/v2\/comments?post=133"}],"version-history":[{"count":1,"href":"https:\/\/sisu.ut.ee\/eestikeel1\/wp-json\/wp\/v2\/pages\/133\/revisions"}],"predecessor-version":[{"id":186,"href":"https:\/\/sisu.ut.ee\/eestikeel1\/wp-json\/wp\/v2\/pages\/133\/revisions\/186"}],"wp:attachment":[{"href":"https:\/\/sisu.ut.ee\/eestikeel1\/wp-json\/wp\/v2\/media?parent=133"}],"curies":[{"name":"wp","href":"https:\/\/api.w.org\/{rel}","templated":true}]}}