{"id":132,"date":"2024-04-12T11:48:33","date_gmt":"2024-04-12T08:48:33","guid":{"rendered":"https:\/\/sisu.ut.ee\/eestikeel1\/kontrolli-teadmisi\/"},"modified":"2024-04-12T12:25:01","modified_gmt":"2024-04-12T09:25:01","slug":"kontrolli-teadmisi","status":"publish","type":"page","link":"https:\/\/sisu.ut.ee\/eestikeel1\/kontrolli-teadmisi\/","title":{"rendered":"4. Kontrolli teadmisi (4)"},"content":{"rendered":"<div id=\"watupro_quiz\" class=\"quiz-area single-page-quiz\">\n<p id=\"submittingExam4\" style=\"display:none;text-align:center;\"><img loading=\"lazy\" decoding=\"async\" src=\"https:\/\/sisu.ut.ee\/wp-content\/plugins\/watupro\/img\/loading.gif\" width=\"16\" height=\"16\"><\/p>\n\n\n\n<form action=\"\" method=\"post\" class=\"quiz-form\" id=\"quiz-4\" enctype=\"multipart\/form-data\">\n<div class=\"watu-question \" id=\"question-1\" style=\";\"><div id=\"questionWrap-1\" class=\"  watupro-required-15 watupro-question-id-15\">\n\t\t\t<div class=\"question-content\"><div><p>J\u00e4lgi numbrite ja l\u00fchendite kasutamist tekstis ning otsusta, kas lause on \u00f5ige v\u00f5i v\u00e4\u00e4r.\u00a0<\/p><\/div><input type=\"hidden\" name=\"question_id[]\" id=\"qID_1\" value=\"15\" class=\"watupro-question-id\"><input type=\"hidden\" id=\"answerType15\" class=\"answerTypeCnt1\" value=\"checkbox\"><input type=\"hidden\" id=\"watupro-required-question-15\"><!-- end question-content--><\/div><div class=\"question-choices watupro-choices-columns \" id=\"questionChoices15\"><div class=\"watupro-question-choice  \" dir=\"auto\"><input type=\"checkbox\" name=\"answer-15[]\" id=\"answer-id-43\" class=\"answer   answerof-15 \" value=\"43\"><label for=\"answer-id-43\" id=\"answer-label-43\" class=\" answer\"><span><p>Keskmiselt langesid Tallinna korterite hinnad septembris 4 protsendi v\u00f5rra.<\/p><\/span><\/label><\/div><div class=\"watupro-question-choice  \" dir=\"auto\"><input type=\"checkbox\" name=\"answer-15[]\" id=\"answer-id-44\" class=\"answer   answerof-15 \" value=\"44\"><label for=\"answer-id-44\" id=\"answer-label-44\" class=\" answer\"><span><p>V\u00f5rreldes 2007. aasta m\u00e4rtsi 26 tuh krooniga oli Tallinna korteriomandite keskmine hind t\u00f5usnud 850 euroni ruutmeetrist.<\/p><\/span><\/label><\/div><div class=\"watupro-question-choice  \" dir=\"auto\"><input type=\"checkbox\" name=\"answer-15[]\" id=\"answer-id-45\" class=\"answer   answerof-15 \" value=\"45\"><label for=\"answer-id-45\" id=\"answer-label-45\" class=\" answer\"><span><div id=\"taquestion2b26\">K\u00e4ibemaksu on \u00fcheksa kuuga tasutud 13,8 miljonit eurot.<\/div><\/span><\/label><\/div><div class=\"watupro-question-choice  \" dir=\"auto\"><input type=\"checkbox\" name=\"answer-15[]\" id=\"answer-id-46\" class=\"answer   answerof-15 \" value=\"46\"><label for=\"answer-id-46\" id=\"answer-label-46\" class=\" answer\"><span><p>Sotsiaalmaksu on 9 kuuga tasutud 21,4 miljonit EURi.<\/p><\/span><\/label><\/div><div class=\"watupro-question-choice  \" dir=\"auto\"><input type=\"checkbox\" name=\"answer-15[]\" id=\"answer-id-47\" class=\"answer   answerof-15 \" value=\"47\"><label for=\"answer-id-47\" id=\"answer-label-47\" class=\" answer\"><span><p>Solarise keskuse avamine l\u00e4ks ERRle maksma ligi 8 000 eurot.<\/p><\/span><\/label><\/div><div class=\"watupro-question-choice  \" dir=\"auto\"><input type=\"checkbox\" name=\"answer-15[]\" id=\"answer-id-48\" class=\"answer   answerof-15 \" value=\"48\"><label for=\"answer-id-48\" id=\"answer-label-48\" class=\" answer\"><span><p>Halduskohtu otsus on vaidlustatav kolmek\u00fcmne p\u00e4eva jooksul, kuni 4. novembrini.<\/p><\/span><\/label><\/div><!-- end question-choices--><\/div><!-- end questionWrap--><\/div><\/div><div class=\"watu-question \" id=\"question-2\" style=\";\"><div id=\"questionWrap-2\" class=\"  watupro-required-13 watupro-question-id-13\">\n\t\t\t<div class=\"question-content\"><p><strong>T\u00e4ida l\u00fcngad sobiva l\u00fchendiga. J\u00e4lgi suure ja v\u00e4ikese algust\u00e4he ning punkti kasutamist.<\/strong><\/p>\n<ul>\n<li>Uus Testament\u00a0<input type=\"text\" size=\"10\" name=\"gap_13_1\" class=\"watupro-gap answer answerof-13\" value=\"\"><\/li>\n<li>Keel ja Kirjandus\u00a0<input type=\"text\" size=\"10\" name=\"gap_13_2\" class=\"watupro-gap answer answerof-13\" value=\"\"><\/li>\n<li>laup\u00e4ev\u00a0\u00a0<input type=\"text\" size=\"10\" name=\"gap_13_3\" class=\"watupro-gap answer answerof-13\" value=\"\"><\/li>\n<li>enne Kristuse s\u00fcndi\u00a0\u00a0<input type=\"text\" size=\"10\" name=\"gap_13_4\" class=\"watupro-gap answer answerof-13\" value=\"\"><\/li>\n<li>peab olema\u00a0\u00a0<input type=\"text\" size=\"10\" name=\"gap_13_5\" class=\"watupro-gap answer answerof-13\" value=\"\"><\/li>\n<li>t\u00f5lkinud\u00a0<input type=\"text\" size=\"10\" name=\"gap_13_6\" class=\"watupro-gap answer answerof-13\" value=\"\"><\/li>\n<li>joonisel 3\u00a0\u00a0<input type=\"text\" size=\"10\" name=\"gap_13_7\" class=\"watupro-gap answer answerof-13\" value=\"\"> \u00a0<input type=\"text\" size=\"10\" name=\"gap_13_8\" class=\"watupro-gap answer answerof-13\" value=\"\"><\/li>\n<li>7. paragrahvis\u00a0\u00a0<input type=\"text\" size=\"10\" name=\"gap_13_9\" class=\"watupro-gap answer answerof-13\" value=\"\"> \u00a0<input type=\"text\" size=\"10\" name=\"gap_13_10\" class=\"watupro-gap answer answerof-13\" value=\"\"><\/li>\n<\/ul>\n<input type=\"hidden\" name=\"question_id[]\" id=\"qID_2\" value=\"13\" class=\"watupro-question-id\"><input type=\"hidden\" id=\"answerType13\" class=\"answerTypeCnt2\" value=\"gaps\"><input type=\"hidden\" id=\"watupro-required-question-13\"><!-- end question-content--><\/div><!-- end questionWrap--><\/div><\/div><div class=\"watu-question \" id=\"question-3\" style=\";\"><div id=\"questionWrap-3\" class=\"  watupro-required-14 watupro-question-id-14\">\n\t\t\t<div class=\"question-content\"><p><strong>Kasuta l\u00fchendite asemel nende s\u00f5nalisi vasteid.<\/strong><\/p>\n<ul>\n<li>SA<span data-mce-mark=\"1\">\u00a0<input type=\"text\" size=\"10\" name=\"gap_14_1\" class=\"watupro-gap answer answerof-14\" value=\"\"><\/span>\u00a0<\/li>\n<li>K<span data-mce-mark=\"1\">\u00a0<input type=\"text\" size=\"10\" name=\"gap_14_2\" class=\"watupro-gap answer answerof-14\" value=\"\"><\/span>\u00a0<\/li>\n<li>pKr<span data-mce-mark=\"1\">\u00a0<input type=\"text\" size=\"10\" name=\"gap_14_3\" class=\"watupro-gap answer answerof-14\" value=\"\"><\/span>\u00a0<span data-mce-mark=\"1\">\u00a0<input type=\"text\" size=\"10\" name=\"gap_14_4\" class=\"watupro-gap answer answerof-14\" value=\"\">\u00a0<span data-mce-mark=\"1\">\u00a0<input type=\"text\" size=\"10\" name=\"gap_14_5\" class=\"watupro-gap answer answerof-14\" value=\"\"><\/span><\/span>\u00a0\u00a0<\/li>\n<li>sen<span data-mce-mark=\"1\">\u00a0<input type=\"text\" size=\"10\" name=\"gap_14_6\" class=\"watupro-gap answer answerof-14\" value=\"\"><\/span>\u00a0<\/li>\n<li>CV<span data-mce-mark=\"1\">\u00a0<input type=\"text\" size=\"10\" name=\"gap_14_7\" class=\"watupro-gap answer answerof-14\" value=\"\"> \u00a0<\/span><input type=\"text\" size=\"10\" name=\"gap_14_8\" class=\"watupro-gap answer answerof-14\" value=\"\"><\/li>\n<li>P.S.<span data-mce-mark=\"1\">\u00a0<input type=\"text\" size=\"10\" name=\"gap_14_9\" class=\"watupro-gap answer answerof-14\" value=\"\"><\/span>\u00a0<span data-mce-mark=\"1\">\u00a0<input type=\"text\" size=\"10\" name=\"gap_14_10\" class=\"watupro-gap answer answerof-14\" value=\"\"><\/span><\/li>\n<li>lp<span data-mce-mark=\"1\">\u00a0<input type=\"text\" size=\"10\" name=\"gap_14_11\" class=\"watupro-gap answer answerof-14\" value=\"\"><\/span>\u00a0<\/li>\n<li>jj\u00a0<input type=\"text\" size=\"10\" name=\"gap_14_12\" class=\"watupro-gap answer answerof-14\" value=\"\">\u00a0\u00a0<input type=\"text\" size=\"10\" name=\"gap_14_13\" class=\"watupro-gap answer answerof-14\" value=\"\"><\/li>\n<\/ul>\n<input type=\"hidden\" name=\"question_id[]\" id=\"qID_3\" value=\"14\" class=\"watupro-question-id\"><input type=\"hidden\" id=\"answerType14\" class=\"answerTypeCnt3\" value=\"gaps\"><input type=\"hidden\" id=\"watupro-required-question-14\"><!-- end question-content--><\/div><!-- end questionWrap--><\/div><\/div><div style=\"display:none\" id=\"question-4\">\n\t<div class=\"question-content\">\n\t\t<img loading=\"lazy\" decoding=\"async\" src=\"https:\/\/sisu.ut.ee\/wp-content\/plugins\/watupro\/img\/loading.gif\" width=\"16\" height=\"16\" alt=\"Loading...\" title=\"Loading...\">\u00a0Loading...\t<\/div>\n<\/div>\n\n<br>\n\t\n\t\t\t<div class=\"watupro_buttons flex \" id=\"watuPROButtons4\">\n\t\t  <div id=\"prev-question\" style=\"display:none;\"><input type=\"button\" value=\"&lt; Previous\" onclick=\"WatuPRO.nextQuestion(event, 'previous');\"><\/div>\t\t  \t\t  \t\t   \n\t\t   \t  \t\t<div><input type=\"button\" name=\"action\" class=\"watupro-submit-button\" onclick=\"WatuPRO.submitResult(event)\" id=\"action-button\" value=\"View Results\">\n\t\t<\/div>\n\t\t<\/div>\n\t\t\n\t<input type=\"hidden\" name=\"quiz_id\" value=\"4\" id=\"watuPROExamID\">\n\t<input type=\"hidden\" name=\"start_time\" id=\"startTime\" value=\"2026-04-19 18:29:49\">\n\t<input type=\"hidden\" name=\"start_timestamp\" id=\"startTimeStamp\" value=\"1776623389\">\n\t<input type=\"hidden\" name=\"question_ids\" value=\"\">\n\t<input type=\"hidden\" name=\"watupro_questions\" value=\"15:43,44,45,46,47,48 | 13:41 | 14:42\">\n\t<input type=\"hidden\" name=\"no_ajax\" value=\"0\">\t\t\t<\/form>\n\t<p>\u00a0<\/p>\n<\/div>\n\n<script type=\"text\/javascript\">\n\/\/jQuery(document).ready(function(){\ndocument.addEventListener(\"DOMContentLoaded\", function(event) { \t\nvar question_ids = \"15,13,14\";\nWatuPROSettings[4] = {};\nWatuPRO.qArr = question_ids.split(',');\nWatuPRO.exam_id = 4;\t    \nWatuPRO.post_id = 132;\nWatuPRO.store_progress = 0;\nWatuPRO.curCatPage = 1;\nWatuPRO.requiredIDs=\"0,15,13,14\".split(\",\");\nWatuPRO.hAppID = \"0.94042600 1776612589\";\nvar url = \"https:\/\/sisu.ut.ee\/wp-content\/plugins\/watupro\/show_exam.php\";\nWatuPRO.examMode = 1;\nWatuPRO.siteURL=\"https:\/\/sisu.ut.ee\/eestikeel1\/wp-admin\/admin-ajax.php\";\nWatuPRO.emailIsNotRequired = 0;\nWatuPRO.perDecade = 10;\nWatuPROIntel.init(4);\nWatuPRO.inCategoryPages=1;});    \t \n<\/script>\n\n","protected":false},"excerpt":{"rendered":"","protected":false},"author":9,"featured_media":0,"parent":0,"menu_order":0,"comment_status":"closed","ping_status":"closed","template":"","meta":{"_acf_changed":false,"inline_featured_image":false,"footnotes":""},"class_list":["post-132","page","type-page","status-publish","hentry"],"acf":[],"_links":{"self":[{"href":"https:\/\/sisu.ut.ee\/eestikeel1\/wp-json\/wp\/v2\/pages\/132","targetHints":{"allow":["GET"]}}],"collection":[{"href":"https:\/\/sisu.ut.ee\/eestikeel1\/wp-json\/wp\/v2\/pages"}],"about":[{"href":"https:\/\/sisu.ut.ee\/eestikeel1\/wp-json\/wp\/v2\/types\/page"}],"author":[{"embeddable":true,"href":"https:\/\/sisu.ut.ee\/eestikeel1\/wp-json\/wp\/v2\/users\/9"}],"replies":[{"embeddable":true,"href":"https:\/\/sisu.ut.ee\/eestikeel1\/wp-json\/wp\/v2\/comments?post=132"}],"version-history":[{"count":2,"href":"https:\/\/sisu.ut.ee\/eestikeel1\/wp-json\/wp\/v2\/pages\/132\/revisions"}],"predecessor-version":[{"id":187,"href":"https:\/\/sisu.ut.ee\/eestikeel1\/wp-json\/wp\/v2\/pages\/132\/revisions\/187"}],"wp:attachment":[{"href":"https:\/\/sisu.ut.ee\/eestikeel1\/wp-json\/wp\/v2\/media?parent=132"}],"curies":[{"name":"wp","href":"https:\/\/api.w.org\/{rel}","templated":true}]}}