{"id":131,"date":"2024-04-12T11:48:18","date_gmt":"2024-04-12T08:48:18","guid":{"rendered":"https:\/\/sisu.ut.ee\/eestikeel1\/kontrolli-teadmisi-3\/"},"modified":"2024-04-12T11:48:18","modified_gmt":"2024-04-12T08:48:18","slug":"kontrolli-teadmisi-3","status":"publish","type":"page","link":"https:\/\/sisu.ut.ee\/eestikeel1\/kontrolli-teadmisi-3\/","title":{"rendered":"Kontrolli teadmisi (3)"},"content":{"rendered":"<div id=\"watupro_quiz\" class=\"quiz-area single-page-quiz\">\n<p id=\"submittingExam3\" style=\"display:none;text-align:center;\"><img loading=\"lazy\" decoding=\"async\" src=\"https:\/\/sisu.ut.ee\/wp-content\/plugins\/watupro\/img\/loading.gif\" width=\"16\" height=\"16\"><\/p>\n\n\n\n<form action=\"\" method=\"post\" class=\"quiz-form\" id=\"quiz-3\" enctype=\"multipart\/form-data\">\n<div class=\"watu-question \" id=\"question-1\" style=\";\"><div id=\"questionWrap-1\" class=\"  watupro-required-11 watupro-question-id-11\">\n\t\t\t<div class=\"question-content\"><div><p>M\u00e4rgi \u00e4ra \u00f5igesti kirjutatud s\u00f5na\u00fchendid. Vajaduse korral kasuta elektroonilist \"Eesti \u00f5igekeelsuss\u00f5naraamatut \u00d5S 2006\", aadressil <a href=\"http:\/\/www.keelevara.ee\/login\/\" target=\"_blank\">http:\/\/www.keelevara.ee\/<\/a><\/p><\/div><input type=\"hidden\" name=\"question_id[]\" id=\"qID_1\" value=\"11\" class=\"watupro-question-id\"><input type=\"hidden\" id=\"answerType11\" class=\"answerTypeCnt1\" value=\"checkbox\"><input type=\"hidden\" id=\"watupro-required-question-11\"><!-- end question-content--><\/div><div class=\"question-choices watupro-choices-columns \" id=\"questionChoices11\"><div class=\"watupro-question-choice  \" dir=\"auto\"><input type=\"checkbox\" name=\"answer-11[]\" id=\"answer-id-23\" class=\"answer   answerof-11 \" value=\"23\"><label for=\"answer-id-23\" id=\"answer-label-23\" class=\" answer\"><span><p>\u00f5lg \u00f5la k\u00f5rval<\/p><\/span><\/label><\/div><div class=\"watupro-question-choice  \" dir=\"auto\"><input type=\"checkbox\" name=\"answer-11[]\" id=\"answer-id-24\" class=\"answer   answerof-11 \" value=\"24\"><label for=\"answer-id-24\" id=\"answer-label-24\" class=\" answer\"><span><p>\u00f5lg-\u00f5la k\u00f5rval<\/p><\/span><\/label><\/div><div class=\"watupro-question-choice  \" dir=\"auto\"><input type=\"checkbox\" name=\"answer-11[]\" id=\"answer-id-25\" class=\"answer   answerof-11 \" value=\"25\"><label for=\"answer-id-25\" id=\"answer-label-25\" class=\" answer\"><span><p>s\u00f5na s\u00f5naline t\u00f5lge<\/p><\/span><\/label><\/div><div class=\"watupro-question-choice  \" dir=\"auto\"><input type=\"checkbox\" name=\"answer-11[]\" id=\"answer-id-26\" class=\"answer   answerof-11 \" value=\"26\"><label for=\"answer-id-26\" id=\"answer-label-26\" class=\" answer\"><span><p>s\u00f5na-s\u00f5naline t\u00f5lge<\/p><\/span><\/label><\/div><div class=\"watupro-question-choice  \" dir=\"auto\"><input type=\"checkbox\" name=\"answer-11[]\" id=\"answer-id-27\" class=\"answer   answerof-11 \" value=\"27\"><label for=\"answer-id-27\" id=\"answer-label-27\" class=\" answer\"><span><p>s\u00f5nas\u00f5naline t\u00f5lge<\/p><\/span><\/label><\/div><div class=\"watupro-question-choice  \" dir=\"auto\"><input type=\"checkbox\" name=\"answer-11[]\" id=\"answer-id-28\" class=\"answer   answerof-11 \" value=\"28\"><label for=\"answer-id-28\" id=\"answer-label-28\" class=\" answer\"><span><p>teadete tahvel<\/p><\/span><\/label><\/div><div class=\"watupro-question-choice  \" dir=\"auto\"><input type=\"checkbox\" name=\"answer-11[]\" id=\"answer-id-29\" class=\"answer   answerof-11 \" value=\"29\"><label for=\"answer-id-29\" id=\"answer-label-29\" class=\" answer\"><span><p>teadetetahvel<\/p><\/span><\/label><\/div><!-- end question-choices--><\/div><!-- end questionWrap--><\/div><\/div><div class=\"watu-question \" id=\"question-2\" style=\";\"><div id=\"questionWrap-2\" class=\"  watupro-required-10 watupro-question-id-10\">\n\t\t\t<div class=\"question-content\"><div><p>M\u00e4rgi \u00e4ra \u00f5igesti kirjutatud s\u00f5nad.<\/p><\/div><input type=\"hidden\" name=\"question_id[]\" id=\"qID_2\" value=\"10\" class=\"watupro-question-id\"><input type=\"hidden\" id=\"answerType10\" class=\"answerTypeCnt2\" value=\"checkbox\"><input type=\"hidden\" id=\"watupro-required-question-10\"><!-- end question-content--><\/div><div class=\"question-choices watupro-choices-columns \" id=\"questionChoices10\"><div class=\"watupro-question-choice  \" dir=\"auto\"><input type=\"checkbox\" name=\"answer-10[]\" id=\"answer-id-16\" class=\"answer   answerof-10 \" value=\"16\"><label for=\"answer-id-16\" id=\"answer-label-16\" class=\" answer\"><span><p>230 lehek\u00fcljeline raamat<\/p><\/span><\/label><\/div><div class=\"watupro-question-choice  \" dir=\"auto\"><input type=\"checkbox\" name=\"answer-10[]\" id=\"answer-id-17\" class=\"answer   answerof-10 \" value=\"17\"><label for=\"answer-id-17\" id=\"answer-label-17\" class=\" answer\"><span><p>viie saja seitsme k\u00fcmne kaheksa kilomeetrine<\/p><\/span><\/label><\/div><div class=\"watupro-question-choice  \" dir=\"auto\"><input type=\"checkbox\" name=\"answer-10[]\" id=\"answer-id-18\" class=\"answer   answerof-10 \" value=\"18\"><label for=\"answer-id-18\" id=\"answer-label-18\" class=\" answer\"><span><p>pliiats on maha kukkunud<\/p><\/span><\/label><\/div><div class=\"watupro-question-choice  \" dir=\"auto\"><input type=\"checkbox\" name=\"answer-10[]\" id=\"answer-id-19\" class=\"answer   answerof-10 \" value=\"19\"><label for=\"answer-id-19\" id=\"answer-label-19\" class=\" answer\"><span><p>umbusaldades<\/p><\/span><\/label><\/div><div class=\"watupro-question-choice  \" dir=\"auto\"><input type=\"checkbox\" name=\"answer-10[]\" id=\"answer-id-20\" class=\"answer   answerof-10 \" value=\"20\"><label for=\"answer-id-20\" id=\"answer-label-20\" class=\" answer\"><span><p>ette \u00fctlemine<\/p><\/span><\/label><\/div><div class=\"watupro-question-choice  \" dir=\"auto\"><input type=\"checkbox\" name=\"answer-10[]\" id=\"answer-id-21\" class=\"answer   answerof-10 \" value=\"21\"><label for=\"answer-id-21\" id=\"answer-label-21\" class=\" answer\"><span><p>tee\u00e4\u00e4rsed suvemajad<\/p><\/span><\/label><\/div><div class=\"watupro-question-choice  \" dir=\"auto\"><input type=\"checkbox\" name=\"answer-10[]\" id=\"answer-id-22\" class=\"answer   answerof-10 \" value=\"22\"><label for=\"answer-id-22\" id=\"answer-label-22\" class=\" answer\"><span><p>hiigelsuur<\/p><\/span><\/label><\/div><!-- end question-choices--><\/div><!-- end questionWrap--><\/div><\/div><div class=\"watu-question \" id=\"question-3\" style=\";\"><div id=\"questionWrap-3\" class=\"  watupro-required-12 watupro-question-id-12\">\n\t\t\t<div class=\"question-content\"><div><p>M\u00e4rgi \u00e4ra \u00f5igesti kirjutatud s\u00f5na\u00fchendid. Vajaduse korral kasuta elektroonilist \"Eesti \u00f5igekeelsuss\u00f5naraamatut \u00d5S 2006\", aadressil <a href=\"http:\/\/www.keelevara.ee\/login\/\" target=\"_blank\">http:\/\/www.keelevara.ee\/<\/a>.<\/p><\/div><input type=\"hidden\" name=\"question_id[]\" id=\"qID_3\" value=\"12\" class=\"watupro-question-id\"><input type=\"hidden\" id=\"answerType12\" class=\"answerTypeCnt3\" value=\"checkbox\"><input type=\"hidden\" id=\"watupro-required-question-12\"><!-- end question-content--><\/div><div class=\"question-choices watupro-choices-columns \" id=\"questionChoices12\"><div class=\"watupro-question-choice  \" dir=\"auto\"><input type=\"checkbox\" name=\"answer-12[]\" id=\"answer-id-30\" class=\"answer   answerof-12 \" value=\"30\"><label for=\"answer-id-30\" id=\"answer-label-30\" class=\" answer\"><span><p>teenusteosakond<\/p><\/span><\/label><\/div><div class=\"watupro-question-choice  \" dir=\"auto\"><input type=\"checkbox\" name=\"answer-12[]\" id=\"answer-id-31\" class=\"answer   answerof-12 \" value=\"31\"><label for=\"answer-id-31\" id=\"answer-label-31\" class=\" answer\"><span><p>teenuste osakond<\/p><\/span><\/label><\/div><div class=\"watupro-question-choice  \" dir=\"auto\"><input type=\"checkbox\" name=\"answer-12[]\" id=\"answer-id-32\" class=\"answer   answerof-12 \" value=\"32\"><label for=\"answer-id-32\" id=\"answer-label-32\" class=\" answer\"><span><p>aeg-ajalt<\/p><\/span><\/label><\/div><div class=\"watupro-question-choice  \" dir=\"auto\"><input type=\"checkbox\" name=\"answer-12[]\" id=\"answer-id-33\" class=\"answer   answerof-12 \" value=\"33\"><label for=\"answer-id-33\" id=\"answer-label-33\" class=\" answer\"><span><p>aegajalt<\/p><\/span><\/label><\/div><div class=\"watupro-question-choice  \" dir=\"auto\"><input type=\"checkbox\" name=\"answer-12[]\" id=\"answer-id-34\" class=\"answer   answerof-12 \" value=\"34\"><label for=\"answer-id-34\" id=\"answer-label-34\" class=\" answer\"><span><p>aeg ajalt<\/p><\/span><\/label><\/div><div class=\"watupro-question-choice  \" dir=\"auto\"><input type=\"checkbox\" name=\"answer-12[]\" id=\"answer-id-35\" class=\"answer   answerof-12 \" value=\"35\"><label for=\"answer-id-35\" id=\"answer-label-35\" class=\" answer\"><span><p>vandemeeste kogu<\/p><\/span><\/label><\/div><div class=\"watupro-question-choice  \" dir=\"auto\"><input type=\"checkbox\" name=\"answer-12[]\" id=\"answer-id-36\" class=\"answer   answerof-12 \" value=\"36\"><label for=\"answer-id-36\" id=\"answer-label-36\" class=\" answer\"><span><p>vandemeestekogu<\/p><\/span><\/label><\/div><div class=\"watupro-question-choice  \" dir=\"auto\"><input type=\"checkbox\" name=\"answer-12[]\" id=\"answer-id-37\" class=\"answer   answerof-12 \" value=\"37\"><label for=\"answer-id-37\" id=\"answer-label-37\" class=\" answer\"><span><p>j\u00e4rk-j\u00e4rgult<\/p><\/span><\/label><\/div><div class=\"watupro-question-choice  \" dir=\"auto\"><input type=\"checkbox\" name=\"answer-12[]\" id=\"answer-id-38\" class=\"answer   answerof-12 \" value=\"38\"><label for=\"answer-id-38\" id=\"answer-label-38\" class=\" answer\"><span><p>j\u00e4rkj\u00e4rgult<\/p><\/span><\/label><\/div><div class=\"watupro-question-choice  \" dir=\"auto\"><input type=\"checkbox\" name=\"answer-12[]\" id=\"answer-id-39\" class=\"answer   answerof-12 \" value=\"39\"><label for=\"answer-id-39\" id=\"answer-label-39\" class=\" answer\"><span><p>j\u00e4rkj\u00e4rguline<\/p><\/span><\/label><\/div><div class=\"watupro-question-choice  \" dir=\"auto\"><input type=\"checkbox\" name=\"answer-12[]\" id=\"answer-id-40\" class=\"answer   answerof-12 \" value=\"40\"><label for=\"answer-id-40\" id=\"answer-label-40\" class=\" answer\"><span><p>j\u00e4rk-j\u00e4rguline<\/p><\/span><\/label><\/div><!-- end question-choices--><\/div><!-- end questionWrap--><\/div><\/div><div style=\"display:none\" id=\"question-4\">\n\t<div class=\"question-content\">\n\t\t<img loading=\"lazy\" decoding=\"async\" src=\"https:\/\/sisu.ut.ee\/wp-content\/plugins\/watupro\/img\/loading.gif\" width=\"16\" height=\"16\" alt=\"Loading...\" title=\"Loading...\">\u00a0Loading...\t<\/div>\n<\/div>\n\n<br>\n\t\n\t\t\t<div class=\"watupro_buttons flex \" id=\"watuPROButtons3\">\n\t\t  <div id=\"prev-question\" style=\"display:none;\"><input type=\"button\" value=\"&lt; Previous\" onclick=\"WatuPRO.nextQuestion(event, 'previous');\"><\/div>\t\t  \t\t  \t\t   \n\t\t   \t  \t\t<div><input type=\"button\" name=\"action\" class=\"watupro-submit-button\" onclick=\"WatuPRO.submitResult(event)\" id=\"action-button\" value=\"View Results\">\n\t\t<\/div>\n\t\t<\/div>\n\t\t\n\t<input type=\"hidden\" name=\"quiz_id\" value=\"3\" id=\"watuPROExamID\">\n\t<input type=\"hidden\" name=\"start_time\" id=\"startTime\" value=\"2026-04-19 22:29:40\">\n\t<input type=\"hidden\" name=\"start_timestamp\" id=\"startTimeStamp\" value=\"1776637780\">\n\t<input type=\"hidden\" name=\"question_ids\" value=\"\">\n\t<input type=\"hidden\" name=\"watupro_questions\" value=\"11:23,24,25,26,27,28,29 | 10:16,17,18,19,20,21,22 | 12:30,31,32,33,34,35,36,37,38,39,40\">\n\t<input type=\"hidden\" name=\"no_ajax\" value=\"0\">\t\t\t<\/form>\n\t<p>\u00a0<\/p>\n<\/div>\n\n<script type=\"text\/javascript\">\n\/\/jQuery(document).ready(function(){\ndocument.addEventListener(\"DOMContentLoaded\", function(event) { \t\nvar question_ids = \"11,10,12\";\nWatuPROSettings[3] = {};\nWatuPRO.qArr = question_ids.split(',');\nWatuPRO.exam_id = 3;\t    \nWatuPRO.post_id = 131;\nWatuPRO.store_progress = 0;\nWatuPRO.curCatPage = 1;\nWatuPRO.requiredIDs=\"0,11,10,12\".split(\",\");\nWatuPRO.hAppID = \"0.76688500 1776626980\";\nvar url = \"https:\/\/sisu.ut.ee\/wp-content\/plugins\/watupro\/show_exam.php\";\nWatuPRO.examMode = 1;\nWatuPRO.siteURL=\"https:\/\/sisu.ut.ee\/eestikeel1\/wp-admin\/admin-ajax.php\";\nWatuPRO.emailIsNotRequired = 0;\nWatuPRO.perDecade = 10;\nWatuPROIntel.init(3);\nWatuPRO.inCategoryPages=1;});    \t \n<\/script>\n\n","protected":false},"excerpt":{"rendered":"","protected":false},"author":9,"featured_media":0,"parent":0,"menu_order":0,"comment_status":"closed","ping_status":"closed","template":"","meta":{"_acf_changed":false,"inline_featured_image":false,"footnotes":""},"class_list":["post-131","page","type-page","status-publish","hentry"],"acf":[],"_links":{"self":[{"href":"https:\/\/sisu.ut.ee\/eestikeel1\/wp-json\/wp\/v2\/pages\/131","targetHints":{"allow":["GET"]}}],"collection":[{"href":"https:\/\/sisu.ut.ee\/eestikeel1\/wp-json\/wp\/v2\/pages"}],"about":[{"href":"https:\/\/sisu.ut.ee\/eestikeel1\/wp-json\/wp\/v2\/types\/page"}],"author":[{"embeddable":true,"href":"https:\/\/sisu.ut.ee\/eestikeel1\/wp-json\/wp\/v2\/users\/9"}],"replies":[{"embeddable":true,"href":"https:\/\/sisu.ut.ee\/eestikeel1\/wp-json\/wp\/v2\/comments?post=131"}],"version-history":[{"count":0,"href":"https:\/\/sisu.ut.ee\/eestikeel1\/wp-json\/wp\/v2\/pages\/131\/revisions"}],"wp:attachment":[{"href":"https:\/\/sisu.ut.ee\/eestikeel1\/wp-json\/wp\/v2\/media?parent=131"}],"curies":[{"name":"wp","href":"https:\/\/api.w.org\/{rel}","templated":true}]}}