{"id":130,"date":"2024-04-12T11:48:06","date_gmt":"2024-04-12T08:48:06","guid":{"rendered":"https:\/\/sisu.ut.ee\/eestikeel1\/kontrolli-teadmisi-2\/"},"modified":"2024-04-12T11:48:06","modified_gmt":"2024-04-12T08:48:06","slug":"kontrolli-teadmisi-2","status":"publish","type":"page","link":"https:\/\/sisu.ut.ee\/eestikeel1\/kontrolli-teadmisi-2\/","title":{"rendered":"Kontrolli teadmisi (2)"},"content":{"rendered":"<div id=\"watupro_quiz\" class=\"quiz-area single-page-quiz\">\n<p id=\"submittingExam2\" style=\"display:none;text-align:center;\"><img loading=\"lazy\" decoding=\"async\" src=\"https:\/\/sisu.ut.ee\/wp-content\/plugins\/watupro\/img\/loading.gif\" width=\"16\" height=\"16\"><\/p>\n\n\n\n<form action=\"\" method=\"post\" class=\"quiz-form\" id=\"quiz-2\" enctype=\"multipart\/form-data\">\n<div class=\"watu-question \" id=\"question-1\" style=\";\"><div id=\"questionWrap-1\" class=\"  watupro-required-9 watupro-question-id-9\">\n\t\t\t<div class=\"question-content\"><div class=\"valem-q\">\n<p><strong>Vali sulgudest \u00f5ige t\u00e4ht ja kirjuta see l\u00fcnka. Kasuta vajadusel jutum\u00e4rke ja sidekriipsu.<\/strong><\/p>\n<p>(P|p) <input type=\"text\" size=\"10\" name=\"gap_9_1\" class=\"watupro-gap answer answerof-9\" value=\"\">\u00fchaj\u00e4rv<br>(S|s) <input type=\"text\" size=\"10\" name=\"gap_9_2\" class=\"watupro-gap answer answerof-9\" value=\"\">talingradi (L|l) <input type=\"text\" size=\"10\" name=\"gap_9_3\" class=\"watupro-gap answer answerof-9\" value=\"\">ahing <br>(J|j) <input type=\"text\" size=\"10\" name=\"gap_9_4\" class=\"watupro-gap answer answerof-9\" value=\"\">\u00fcri\u00f6\u00f6 (J|j) <input type=\"text\" size=\"10\" name=\"gap_9_5\" class=\"watupro-gap answer answerof-9\" value=\"\">ooks<br>(R|r) <input type=\"text\" size=\"10\" name=\"gap_9_6\" class=\"watupro-gap answer answerof-9\" value=\"\">omaan (K|k) <input type=\"text\" size=\"10\" name=\"gap_9_7\" class=\"watupro-gap answer answerof-9\" value=\"\">olme (K|k) <input type=\"text\" size=\"10\" name=\"gap_9_8\" class=\"watupro-gap answer answerof-9\" value=\"\">atku (V|v) <input type=\"text\" size=\"10\" name=\"gap_9_9\" class=\"watupro-gap answer answerof-9\" value=\"\">ahel<input type=\"text\" size=\"10\" name=\"gap_9_10\" class=\"watupro-gap answer answerof-9\" value=\"\"> <br>(K|k) <input type=\"text\" size=\"10\" name=\"gap_9_11\" class=\"watupro-gap answer answerof-9\" value=\"\">arl (V|v) <input type=\"text\" size=\"10\" name=\"gap_9_12\" class=\"watupro-gap answer answerof-9\" value=\"\">on (B|b) <input type=\"text\" size=\"10\" name=\"gap_9_13\" class=\"watupro-gap answer answerof-9\" value=\"\">aer<br>(S|s) <input type=\"text\" size=\"10\" name=\"gap_9_14\" class=\"watupro-gap answer answerof-9\" value=\"\">etu (L|l) <input type=\"text\" size=\"10\" name=\"gap_9_15\" class=\"watupro-gap answer answerof-9\" value=\"\">eelo <br>(L|l) <input type=\"text\" size=\"10\" name=\"gap_9_16\" class=\"watupro-gap answer answerof-9\" value=\"\">\u00e4his <input type=\"text\" size=\"10\" name=\"gap_9_17\" class=\"watupro-gap answer answerof-9\" value=\"\">\u00a0\u00a0(I|i) <input type=\"text\" size=\"10\" name=\"gap_9_18\" class=\"watupro-gap answer answerof-9\" value=\"\">da<br>(S|s) <input type=\"text\" size=\"10\" name=\"gap_9_19\" class=\"watupro-gap answer answerof-9\" value=\"\">aksa t\u00e4psus<br>(V|v) <input type=\"text\" size=\"10\" name=\"gap_9_20\" class=\"watupro-gap answer answerof-9\" value=\"\">alge (M|m) <input type=\"text\" size=\"10\" name=\"gap_9_21\" class=\"watupro-gap answer answerof-9\" value=\"\">eri<br>(P|p) <input type=\"text\" size=\"10\" name=\"gap_9_22\" class=\"watupro-gap answer answerof-9\" value=\"\">\u00f5hja <input type=\"text\" size=\"10\" name=\"gap_9_23\" class=\"watupro-gap answer answerof-9\" value=\"\">\u00a0(A|a) <input type=\"text\" size=\"10\" name=\"gap_9_24\" class=\"watupro-gap answer answerof-9\" value=\"\">tlandi (L|l) <input type=\"text\" size=\"10\" name=\"gap_9_25\" class=\"watupro-gap answer answerof-9\" value=\"\">iit<br>(E|e) <input type=\"text\" size=\"10\" name=\"gap_9_26\" class=\"watupro-gap answer answerof-9\" value=\"\">esti (T|t) <input type=\"text\" size=\"10\" name=\"gap_9_27\" class=\"watupro-gap answer answerof-9\" value=\"\">eadete (A|a) <input type=\"text\" size=\"10\" name=\"gap_9_28\" class=\"watupro-gap answer answerof-9\" value=\"\">gentuur<br>(E|e) <input type=\"text\" size=\"10\" name=\"gap_9_29\" class=\"watupro-gap answer answerof-9\" value=\"\">esti <input type=\"text\" size=\"10\" name=\"gap_9_30\" class=\"watupro-gap answer answerof-9\" value=\"\">\u00a0(S|s) <input type=\"text\" size=\"10\" name=\"gap_9_31\" class=\"watupro-gap answer answerof-9\" value=\"\">oome (\u00dc|\u00fc) <input type=\"text\" size=\"10\" name=\"gap_9_32\" class=\"watupro-gap answer answerof-9\" value=\"\">hisettev\u00f5te (O|o) <input type=\"text\" size=\"10\" name=\"gap_9_33\" class=\"watupro-gap answer answerof-9\" value=\"\">rkester (V|v) <input type=\"text\" size=\"10\" name=\"gap_9_34\" class=\"watupro-gap answer answerof-9\" value=\"\">anad (S|s) <input type=\"text\" size=\"10\" name=\"gap_9_35\" class=\"watupro-gap answer answerof-9\" value=\"\">\u00f5brad<br>(L|l) <input type=\"text\" size=\"10\" name=\"gap_9_36\" class=\"watupro-gap answer answerof-9\" value=\"\">astekoor (M|m) <input type=\"text\" size=\"10\" name=\"gap_9_37\" class=\"watupro-gap answer answerof-9\" value=\"\">aarjalill<br>(P|p) <input type=\"text\" size=\"10\" name=\"gap_9_38\" class=\"watupro-gap answer answerof-9\" value=\"\">raha (K|k) <input type=\"text\" size=\"10\" name=\"gap_9_39\" class=\"watupro-gap answer answerof-9\" value=\"\">evad<br>(M|m) <input type=\"text\" size=\"10\" name=\"gap_9_40\" class=\"watupro-gap answer answerof-9\" value=\"\">uistend (M|m) <input type=\"text\" size=\"10\" name=\"gap_9_41\" class=\"watupro-gap answer answerof-9\" value=\"\">aailma (L|l) <input type=\"text\" size=\"10\" name=\"gap_9_42\" class=\"watupro-gap answer answerof-9\" value=\"\">oomine<input type=\"text\" size=\"10\" name=\"gap_9_43\" class=\"watupro-gap answer answerof-9\" value=\"\"> <br>(N|n) <input type=\"text\" size=\"10\" name=\"gap_9_44\" class=\"watupro-gap answer answerof-9\" value=\"\">ordea (P|p) <input type=\"text\" size=\"10\" name=\"gap_9_45\" class=\"watupro-gap answer answerof-9\" value=\"\">anga (S|s) <input type=\"text\" size=\"10\" name=\"gap_9_46\" class=\"watupro-gap answer answerof-9\" value=\"\">uvep\u00e4evad<br>(K|k) <input type=\"text\" size=\"10\" name=\"gap_9_47\" class=\"watupro-gap answer answerof-9\" value=\"\">eskaja l\u00f5pp<br>(T|t) <input type=\"text\" size=\"10\" name=\"gap_9_48\" class=\"watupro-gap answer answerof-9\" value=\"\">artu (R|r) <input type=\"text\" size=\"10\" name=\"gap_9_49\" class=\"watupro-gap answer answerof-9\" value=\"\">ahu<br>(V|v) <input type=\"text\" size=\"10\" name=\"gap_9_50\" class=\"watupro-gap answer answerof-9\" value=\"\">eebruarirevolutsioon<br>(V|v) <input type=\"text\" size=\"10\" name=\"gap_9_51\" class=\"watupro-gap answer answerof-9\" value=\"\">alge (R|r) <input type=\"text\" size=\"10\" name=\"gap_9_52\" class=\"watupro-gap answer answerof-9\" value=\"\">isti (O|o) <input type=\"text\" size=\"10\" name=\"gap_9_53\" class=\"watupro-gap answer answerof-9\" value=\"\">rden<br>(P|p) <input type=\"text\" size=\"10\" name=\"gap_9_54\" class=\"watupro-gap answer answerof-9\" value=\"\">irita (K|k) <input type=\"text\" size=\"10\" name=\"gap_9_55\" class=\"watupro-gap answer answerof-9\" value=\"\">looster<br>(M|m) <input type=\"text\" size=\"10\" name=\"gap_9_56\" class=\"watupro-gap answer answerof-9\" value=\"\">\u00e4ng (L|l) <input type=\"text\" size=\"10\" name=\"gap_9_57\" class=\"watupro-gap answer answerof-9\" value=\"\">innade (P|p) <input type=\"text\" size=\"10\" name=\"gap_9_58\" class=\"watupro-gap answer answerof-9\" value=\"\">\u00f5letamine<input type=\"text\" size=\"10\" name=\"gap_9_59\" class=\"watupro-gap answer answerof-9\" value=\"\"> <br>(E|e) <input type=\"text\" size=\"10\" name=\"gap_9_60\" class=\"watupro-gap answer answerof-9\" value=\"\">esti (E|e) <input type=\"text\" size=\"10\" name=\"gap_9_61\" class=\"watupro-gap answer answerof-9\" value=\"\">kspress<\/p>\n<\/div>\n<input type=\"hidden\" name=\"question_id[]\" id=\"qID_1\" value=\"9\" class=\"watupro-question-id\"><input type=\"hidden\" id=\"answerType9\" class=\"answerTypeCnt1\" value=\"gaps\"><input type=\"hidden\" id=\"watupro-required-question-9\"><!-- end question-content--><\/div><!-- end questionWrap--><\/div><\/div><div style=\"display:none\" id=\"question-2\">\n\t<div class=\"question-content\">\n\t\t<img loading=\"lazy\" decoding=\"async\" src=\"https:\/\/sisu.ut.ee\/wp-content\/plugins\/watupro\/img\/loading.gif\" width=\"16\" height=\"16\" alt=\"Loading...\" title=\"Loading...\">\u00a0Loading...\t<\/div>\n<\/div>\n\n<br>\n\t\n\t\t\t<div class=\"watupro_buttons flex \" id=\"watuPROButtons2\">\n\t\t  <div id=\"prev-question\" style=\"display:none;\"><input type=\"button\" value=\"&lt; Previous\" onclick=\"WatuPRO.nextQuestion(event, 'previous');\"><\/div>\t\t  \t\t  \t\t   \n\t\t   \t  \t\t<div><input type=\"button\" name=\"action\" class=\"watupro-submit-button\" onclick=\"WatuPRO.submitResult(event)\" id=\"action-button\" value=\"View Results\">\n\t\t<\/div>\n\t\t<\/div>\n\t\t\n\t<input type=\"hidden\" name=\"quiz_id\" value=\"2\" id=\"watuPROExamID\">\n\t<input type=\"hidden\" name=\"start_time\" id=\"startTime\" value=\"2026-04-19 18:29:49\">\n\t<input type=\"hidden\" name=\"start_timestamp\" id=\"startTimeStamp\" value=\"1776623389\">\n\t<input type=\"hidden\" name=\"question_ids\" value=\"\">\n\t<input type=\"hidden\" name=\"watupro_questions\" value=\"9:15\">\n\t<input type=\"hidden\" name=\"no_ajax\" value=\"0\">\t\t\t<\/form>\n\t<p>\u00a0<\/p>\n<\/div>\n\n<script type=\"text\/javascript\">\n\/\/jQuery(document).ready(function(){\ndocument.addEventListener(\"DOMContentLoaded\", function(event) { \t\nvar question_ids = \"9\";\nWatuPROSettings[2] = {};\nWatuPRO.qArr = question_ids.split(',');\nWatuPRO.exam_id = 2;\t    \nWatuPRO.post_id = 130;\nWatuPRO.store_progress = 0;\nWatuPRO.curCatPage = 1;\nWatuPRO.requiredIDs=\"0,9\".split(\",\");\nWatuPRO.hAppID = \"0.94592800 1776612589\";\nvar url = \"https:\/\/sisu.ut.ee\/wp-content\/plugins\/watupro\/show_exam.php\";\nWatuPRO.examMode = 1;\nWatuPRO.siteURL=\"https:\/\/sisu.ut.ee\/eestikeel1\/wp-admin\/admin-ajax.php\";\nWatuPRO.emailIsNotRequired = 0;\nWatuPRO.perDecade = 10;\nWatuPROIntel.init(2);\nWatuPRO.inCategoryPages=1;});    \t \n<\/script>\n\n","protected":false},"excerpt":{"rendered":"","protected":false},"author":9,"featured_media":0,"parent":0,"menu_order":0,"comment_status":"closed","ping_status":"closed","template":"","meta":{"_acf_changed":false,"inline_featured_image":false,"footnotes":""},"class_list":["post-130","page","type-page","status-publish","hentry"],"acf":[],"_links":{"self":[{"href":"https:\/\/sisu.ut.ee\/eestikeel1\/wp-json\/wp\/v2\/pages\/130","targetHints":{"allow":["GET"]}}],"collection":[{"href":"https:\/\/sisu.ut.ee\/eestikeel1\/wp-json\/wp\/v2\/pages"}],"about":[{"href":"https:\/\/sisu.ut.ee\/eestikeel1\/wp-json\/wp\/v2\/types\/page"}],"author":[{"embeddable":true,"href":"https:\/\/sisu.ut.ee\/eestikeel1\/wp-json\/wp\/v2\/users\/9"}],"replies":[{"embeddable":true,"href":"https:\/\/sisu.ut.ee\/eestikeel1\/wp-json\/wp\/v2\/comments?post=130"}],"version-history":[{"count":0,"href":"https:\/\/sisu.ut.ee\/eestikeel1\/wp-json\/wp\/v2\/pages\/130\/revisions"}],"wp:attachment":[{"href":"https:\/\/sisu.ut.ee\/eestikeel1\/wp-json\/wp\/v2\/media?parent=130"}],"curies":[{"name":"wp","href":"https:\/\/api.w.org\/{rel}","templated":true}]}}