{"id":129,"date":"2024-04-12T11:47:53","date_gmt":"2024-04-12T08:47:53","guid":{"rendered":"https:\/\/sisu.ut.ee\/eestikeel1\/kontrolli-teadmisi-1\/"},"modified":"2024-04-12T11:47:53","modified_gmt":"2024-04-12T08:47:53","slug":"kontrolli-teadmisi-1","status":"publish","type":"page","link":"https:\/\/sisu.ut.ee\/eestikeel1\/kontrolli-teadmisi-1\/","title":{"rendered":"Kontrolli teadmisi (1)"},"content":{"rendered":"<div id=\"watupro_quiz\" class=\"quiz-area single-page-quiz\">\n<p id=\"submittingExam1\" style=\"display:none;text-align:center;\"><img loading=\"lazy\" decoding=\"async\" src=\"https:\/\/sisu.ut.ee\/wp-content\/plugins\/watupro\/img\/loading.gif\" width=\"16\" height=\"16\"><\/p>\n\n\n\n<form action=\"\" method=\"post\" class=\"quiz-form\" id=\"quiz-1\" enctype=\"multipart\/form-data\">\n<div class=\"watu-question \" id=\"question-1\" style=\";\"><div id=\"questionWrap-1\" class=\"  watupro-required-5 watupro-question-id-5\">\n\t\t\t<div class=\"question-content\"><div><p>Eesti \u00f5igekirja olulisimaks p\u00f5him\u00f5tteks on traditsiooni printsiip.<\/p><\/div><input type=\"hidden\" name=\"question_id[]\" id=\"qID_1\" value=\"5\" class=\"watupro-question-id\"><input type=\"hidden\" id=\"answerType5\" class=\"answerTypeCnt1\" value=\"radio\"><input type=\"hidden\" id=\"watupro-required-question-5\"><!-- end question-content--><\/div><div class=\"question-choices watupro-choices-columns \" id=\"questionChoices5\"><div class=\"watupro-question-choice  \" dir=\"auto\"><input type=\"radio\" name=\"answer-5[]\" id=\"answer-id-9\" class=\"answer   answerof-5 \" value=\"9\"><label for=\"answer-id-9\" id=\"answer-label-9\" class=\" answer\"><span>True<\/span><\/label><\/div><div class=\"watupro-question-choice  \" dir=\"auto\"><input type=\"radio\" name=\"answer-5[]\" id=\"answer-id-10\" class=\"answer   answerof-5 \" value=\"10\"><label for=\"answer-id-10\" id=\"answer-label-10\" class=\" answer\"><span>False<\/span><\/label><\/div><!-- end question-choices--><\/div><!-- end questionWrap--><\/div><\/div><div class=\"watu-question \" id=\"question-2\" style=\";\"><div id=\"questionWrap-2\" class=\"  watupro-required-1 watupro-question-id-1\">\n\t\t\t<div class=\"question-content\"><div><p>Eesti keele \u00f5igekirjutus eristab palataliseeritud ja palataliseerimata h\u00e4\u00e4likuid.<\/p><\/div><input type=\"hidden\" name=\"question_id[]\" id=\"qID_2\" value=\"1\" class=\"watupro-question-id\"><input type=\"hidden\" id=\"answerType1\" class=\"answerTypeCnt2\" value=\"radio\"><input type=\"hidden\" id=\"watupro-required-question-1\"><!-- end question-content--><\/div><div class=\"question-choices watupro-choices-columns \" id=\"questionChoices1\"><div class=\"watupro-question-choice  \" dir=\"auto\"><input type=\"radio\" name=\"answer-1[]\" id=\"answer-id-1\" class=\"answer   answerof-1 \" value=\"1\"><label for=\"answer-id-1\" id=\"answer-label-1\" class=\" answer\"><span>True<\/span><\/label><\/div><div class=\"watupro-question-choice  \" dir=\"auto\"><input type=\"radio\" name=\"answer-1[]\" id=\"answer-id-2\" class=\"answer   answerof-1 \" value=\"2\"><label for=\"answer-id-2\" id=\"answer-label-2\" class=\" answer\"><span>False<\/span><\/label><\/div><!-- end question-choices--><\/div><!-- end questionWrap--><\/div><\/div><div class=\"watu-question \" id=\"question-3\" style=\";\"><div id=\"questionWrap-3\" class=\"  watupro-required-3 watupro-question-id-3\">\n\t\t\t<div class=\"question-content\"><div><p>Eesti keeles vastab igale h\u00e4\u00e4likule kirjas tavaliselt oma t\u00e4hem\u00e4rk.<\/p><\/div><input type=\"hidden\" name=\"question_id[]\" id=\"qID_3\" value=\"3\" class=\"watupro-question-id\"><input type=\"hidden\" id=\"answerType3\" class=\"answerTypeCnt3\" value=\"radio\"><input type=\"hidden\" id=\"watupro-required-question-3\"><!-- end question-content--><\/div><div class=\"question-choices watupro-choices-columns \" id=\"questionChoices3\"><div class=\"watupro-question-choice  \" dir=\"auto\"><input type=\"radio\" name=\"answer-3[]\" id=\"answer-id-5\" class=\"answer   answerof-3 \" value=\"5\"><label for=\"answer-id-5\" id=\"answer-label-5\" class=\" answer\"><span>True<\/span><\/label><\/div><div class=\"watupro-question-choice  \" dir=\"auto\"><input type=\"radio\" name=\"answer-3[]\" id=\"answer-id-6\" class=\"answer   answerof-3 \" value=\"6\"><label for=\"answer-id-6\" id=\"answer-label-6\" class=\" answer\"><span>False<\/span><\/label><\/div><!-- end question-choices--><\/div><!-- end questionWrap--><\/div><\/div><div class=\"watu-question \" id=\"question-4\" style=\";\"><div id=\"questionWrap-4\" class=\"  watupro-required-6 watupro-question-id-6\">\n\t\t\t<div class=\"question-content\"><div><p>S\u00f5nadel <em>vana mees<\/em> ja <em>vanamees\u00a0<\/em>on erinev t\u00e4hendus.<\/p><\/div><input type=\"hidden\" name=\"question_id[]\" id=\"qID_4\" value=\"6\" class=\"watupro-question-id\"><input type=\"hidden\" id=\"answerType6\" class=\"answerTypeCnt4\" value=\"radio\"><input type=\"hidden\" id=\"watupro-required-question-6\"><!-- end question-content--><\/div><div class=\"question-choices watupro-choices-columns \" id=\"questionChoices6\"><div class=\"watupro-question-choice  \" dir=\"auto\"><input type=\"radio\" name=\"answer-6[]\" id=\"answer-id-11\" class=\"answer   answerof-6 \" value=\"11\"><label for=\"answer-id-11\" id=\"answer-label-11\" class=\" answer\"><span>True<\/span><\/label><\/div><div class=\"watupro-question-choice  \" dir=\"auto\"><input type=\"radio\" name=\"answer-6[]\" id=\"answer-id-12\" class=\"answer   answerof-6 \" value=\"12\"><label for=\"answer-id-12\" id=\"answer-label-12\" class=\" answer\"><span>False<\/span><\/label><\/div><!-- end question-choices--><\/div><!-- end questionWrap--><\/div><\/div><div class=\"watu-question \" id=\"question-5\" style=\";\"><div id=\"questionWrap-5\" class=\"  watupro-required-4 watupro-question-id-4\">\n\t\t\t<div class=\"question-content\"><div><p>S\u00f5nade kokku- ja lahkukirjutamisel j\u00e4rgitakse vanu kokkuleppeid.<\/p><\/div><input type=\"hidden\" name=\"question_id[]\" id=\"qID_5\" value=\"4\" class=\"watupro-question-id\"><input type=\"hidden\" id=\"answerType4\" class=\"answerTypeCnt5\" value=\"radio\"><input type=\"hidden\" id=\"watupro-required-question-4\"><!-- end question-content--><\/div><div class=\"question-choices watupro-choices-columns \" id=\"questionChoices4\"><div class=\"watupro-question-choice  \" dir=\"auto\"><input type=\"radio\" name=\"answer-4[]\" id=\"answer-id-7\" class=\"answer   answerof-4 \" value=\"7\"><label for=\"answer-id-7\" id=\"answer-label-7\" class=\" answer\"><span>True<\/span><\/label><\/div><div class=\"watupro-question-choice  \" dir=\"auto\"><input type=\"radio\" name=\"answer-4[]\" id=\"answer-id-8\" class=\"answer   answerof-4 \" value=\"8\"><label for=\"answer-id-8\" id=\"answer-label-8\" class=\" answer\"><span>False<\/span><\/label><\/div><!-- end question-choices--><\/div><!-- end questionWrap--><\/div><\/div><div class=\"watu-question \" id=\"question-6\" style=\";\"><div id=\"questionWrap-6\" class=\"  watupro-required-2 watupro-question-id-2\">\n\t\t\t<div class=\"question-content\"><div><p>S\u00f5nade\u00a0<em>p\u00fc\u00fcdsin<\/em>,\u00a0<em>kuldsed\u00a0<\/em>ja\u00a0<em>jalgsi\u00a0<\/em>\u00f5igekiri ei l\u00e4htu h\u00e4\u00e4ldusest, vaid nende s\u00f5nade algvormist.<\/p><\/div><input type=\"hidden\" name=\"question_id[]\" id=\"qID_6\" value=\"2\" class=\"watupro-question-id\"><input type=\"hidden\" id=\"answerType2\" class=\"answerTypeCnt6\" value=\"radio\"><input type=\"hidden\" id=\"watupro-required-question-2\"><!-- end question-content--><\/div><div class=\"question-choices watupro-choices-columns \" id=\"questionChoices2\"><div class=\"watupro-question-choice  \" dir=\"auto\"><input type=\"radio\" name=\"answer-2[]\" id=\"answer-id-3\" class=\"answer   answerof-2 \" value=\"3\"><label for=\"answer-id-3\" id=\"answer-label-3\" class=\" answer\"><span>True<\/span><\/label><\/div><div class=\"watupro-question-choice  \" dir=\"auto\"><input type=\"radio\" name=\"answer-2[]\" id=\"answer-id-4\" class=\"answer   answerof-2 \" value=\"4\"><label for=\"answer-id-4\" id=\"answer-label-4\" class=\" answer\"><span>False<\/span><\/label><\/div><!-- end question-choices--><\/div><!-- end questionWrap--><\/div><\/div><div class=\"watu-question \" id=\"question-7\" style=\";\"><div id=\"questionWrap-7\" class=\"  watupro-required-7 watupro-question-id-7\">\n\t\t\t<div class=\"question-content\"><div class=\"valem-q\">\n<p><strong>Kirjuta vajadusel l\u00fcnka sobiv t\u00e4ht v\u00f5i t\u00e4hed. Kui otsustad t\u00e4he lisamata j\u00e4tta|m\u00e4rgi l\u00fcnka lihtsalt punkt [.] (Kingisepp|2000 j\u00e4rgi).<\/strong><\/p>\n<p>Siin<input type=\"text\" size=\"10\" name=\"gap_7_1\" class=\"watupro-gap answer answerof-7\" value=\"\">e paik<input type=\"text\" size=\"10\" name=\"gap_7_2\" class=\"watupro-gap answer answerof-7\" value=\"\">ond eristub \u00fcmbritsevast maastik<input type=\"text\" size=\"10\" name=\"gap_7_3\" class=\"watupro-gap answer answerof-7\" value=\"\">ust oma trep<input type=\"text\" size=\"10\" name=\"gap_7_4\" class=\"watupro-gap answer answerof-7\" value=\"\">jate astangute ja pik<input type=\"text\" size=\"10\" name=\"gap_7_5\" class=\"watupro-gap answer answerof-7\" value=\"\">like n\u00f5lvadega.<br>Ta on mitu soo<input type=\"text\" size=\"10\" name=\"gap_7_6\" class=\"watupro-gap answer answerof-7\" value=\"\">sat pakkumist tagasi l\u00fck<input type=\"text\" size=\"10\" name=\"gap_7_7\" class=\"watupro-gap answer answerof-7\" value=\"\">anud.<br>V\u00f5r<input type=\"text\" size=\"10\" name=\"gap_7_8\" class=\"watupro-gap answer answerof-7\" value=\"\">sust ei saa kunagi olla ja ebav\u00f5r<input type=\"text\" size=\"10\" name=\"gap_7_9\" class=\"watupro-gap answer answerof-7\" value=\"\">sus suureneb veel<input type=\"text\" size=\"10\" name=\"gap_7_10\" class=\"watupro-gap answer answerof-7\" value=\"\">i.\u00a0<br>\u00dcm<input type=\"text\" size=\"10\" name=\"gap_7_11\" class=\"watupro-gap answer answerof-7\" value=\"\">berkau<input type=\"text\" size=\"10\" name=\"gap_7_12\" class=\"watupro-gap answer answerof-7\" value=\"\">setes met<input type=\"text\" size=\"10\" name=\"gap_7_13\" class=\"watupro-gap answer answerof-7\" value=\"\">sades leidub roh<input type=\"text\" size=\"10\" name=\"gap_7_14\" class=\"watupro-gap answer answerof-7\" value=\"\">kesti jahisaa<input type=\"text\" size=\"10\" name=\"gap_7_15\" class=\"watupro-gap answer answerof-7\" value=\"\">ki.<br>Auto metal<input type=\"text\" size=\"10\" name=\"gap_7_16\" class=\"watupro-gap answer answerof-7\" value=\"\">ne korp<input type=\"text\" size=\"10\" name=\"gap_7_17\" class=\"watupro-gap answer answerof-7\" value=\"\">us oli viga saanud.<br>Laps<input type=\"text\" size=\"10\" name=\"gap_7_18\" class=\"watupro-gap answer answerof-7\" value=\"\">i muut<input type=\"text\" size=\"10\" name=\"gap_7_19\" class=\"watupro-gap answer answerof-7\" value=\"\">us r\u00f5\u00f5msamaks|kui poem\u00fc\u00fc<input type=\"text\" size=\"10\" name=\"gap_7_20\" class=\"watupro-gap answer answerof-7\" value=\"\">a talle magusat jook<input type=\"text\" size=\"10\" name=\"gap_7_21\" class=\"watupro-gap answer answerof-7\" value=\"\">i pakkus.<br>Lin<input type=\"text\" size=\"10\" name=\"gap_7_22\" class=\"watupro-gap answer answerof-7\" value=\"\">lased pole sageli at<input type=\"text\" size=\"10\" name=\"gap_7_23\" class=\"watupro-gap answer answerof-7\" value=\"\">ra ja vik<input type=\"text\" size=\"10\" name=\"gap_7_24\" class=\"watupro-gap answer answerof-7\" value=\"\">la n\u00e4inud<input type=\"text\" size=\"10\" name=\"gap_7_25\" class=\"watupro-gap answer answerof-7\" value=\"\">i.<br>M\u00e4s<input type=\"text\" size=\"10\" name=\"gap_7_26\" class=\"watupro-gap answer answerof-7\" value=\"\">lev meri andis m\u00e4rk<input type=\"text\" size=\"10\" name=\"gap_7_27\" class=\"watupro-gap answer answerof-7\" value=\"\">u ulatuslik<input type=\"text\" size=\"10\" name=\"gap_7_28\" class=\"watupro-gap answer answerof-7\" value=\"\">ust madalr\u00f5h<input type=\"text\" size=\"10\" name=\"gap_7_29\" class=\"watupro-gap answer answerof-7\" value=\"\">konnast|kuid see oli pet<input type=\"text\" size=\"10\" name=\"gap_7_30\" class=\"watupro-gap answer answerof-7\" value=\"\">lik: vars<input type=\"text\" size=\"10\" name=\"gap_7_31\" class=\"watupro-gap answer answerof-7\" value=\"\">ti torm vai<input type=\"text\" size=\"10\" name=\"gap_7_32\" class=\"watupro-gap answer answerof-7\" value=\"\">us ja taevast kat<input type=\"text\" size=\"10\" name=\"gap_7_33\" class=\"watupro-gap answer answerof-7\" value=\"\">sid rul<input type=\"text\" size=\"10\" name=\"gap_7_34\" class=\"watupro-gap answer answerof-7\" value=\"\">jad pil<input type=\"text\" size=\"10\" name=\"gap_7_35\" class=\"watupro-gap answer answerof-7\" value=\"\">ved.<br>P\u00fc\u00fc<input type=\"text\" size=\"10\" name=\"gap_7_36\" class=\"watupro-gap answer answerof-7\" value=\"\">ke aru saada|et pea<input type=\"text\" size=\"10\" name=\"gap_7_37\" class=\"watupro-gap answer answerof-7\" value=\"\">selt algaval koosolekul seda k\u00fcsimust ei lahendat<input type=\"text\" size=\"10\" name=\"gap_7_38\" class=\"watupro-gap answer answerof-7\" value=\"\">a.<br>J\u00e4l<input type=\"text\" size=\"10\" name=\"gap_7_39\" class=\"watupro-gap answer answerof-7\" value=\"\">gisime looma<input type=\"text\" size=\"10\" name=\"gap_7_40\" class=\"watupro-gap answer answerof-7\" value=\"\">ias kas<input type=\"text\" size=\"10\" name=\"gap_7_41\" class=\"watupro-gap answer answerof-7\" value=\"\">laste ja kul<input type=\"text\" size=\"10\" name=\"gap_7_42\" class=\"watupro-gap answer answerof-7\" value=\"\">ilaste k\u00e4it<input type=\"text\" size=\"10\" name=\"gap_7_43\" class=\"watupro-gap answer answerof-7\" value=\"\">umist.<\/p>\n<\/div>\n<input type=\"hidden\" name=\"question_id[]\" id=\"qID_7\" value=\"7\" class=\"watupro-question-id\"><input type=\"hidden\" id=\"answerType7\" class=\"answerTypeCnt7\" value=\"gaps\"><input type=\"hidden\" id=\"watupro-required-question-7\"><!-- end question-content--><\/div><!-- end questionWrap--><\/div><\/div><div class=\"watu-question \" id=\"question-8\" style=\";\"><div id=\"questionWrap-8\" class=\"  watupro-required-8 watupro-question-id-8\">\n\t\t\t<div class=\"question-content\"><p><strong>Kirjuta l\u00fcnka v\u00f5\u00f5rs\u00f5naline vaste. Ole t\u00e4helepanelik s\u00f5nade \u00f5igekirja suhtes.<\/strong><\/p>\n<p>nentima \u00a0 \u00a0 \u00a0 \u00a0 \u00a0 \u00a0 \u00a0 \u00a0<input type=\"text\" size=\"10\" name=\"gap_8_1\" class=\"watupro-gap answer answerof-8\" value=\"\"><\/p>\n<p>teenistusk\u00e4ik \u00a0 \u00a0 \u00a0 \u00a0<input type=\"text\" size=\"10\" name=\"gap_8_2\" class=\"watupro-gap answer answerof-8\" value=\"\"><\/p>\n<p>laitmatu \u00a0 \u00a0 \u00a0 \u00a0 \u00a0 \u00a0 \u00a0 \u00a0<input type=\"text\" size=\"10\" name=\"gap_8_3\" class=\"watupro-gap answer answerof-8\" value=\"\"><\/p>\n<p>\u00fchetooniline \u00a0 \u00a0 \u00a0 \u00a0<input type=\"text\" size=\"10\" name=\"gap_8_4\" class=\"watupro-gap answer answerof-8\" value=\"\"><\/p>\n<p>tasandama \u00a0 \u00a0 \u00a0 \u00a0 \u00a0 <input type=\"text\" size=\"10\" name=\"gap_8_5\" class=\"watupro-gap answer answerof-8\" value=\"\"><\/p>\n<p>m\u00f5istusevastane <input type=\"text\" size=\"10\" name=\"gap_8_6\" class=\"watupro-gap answer answerof-8\" value=\"\"><\/p>\n<p>silmapilkne \u00a0 \u00a0 \u00a0 \u00a0 \u00a0 <input type=\"text\" size=\"10\" name=\"gap_8_7\" class=\"watupro-gap answer answerof-8\" value=\"\"><\/p>\n<p>m\u00f5jukas \u00a0 \u00a0 \u00a0 \u00a0 \u00a0 \u00a0 \u00a0 \u00a0<input type=\"text\" size=\"10\" name=\"gap_8_8\" class=\"watupro-gap answer answerof-8\" value=\"\"><\/p>\n<p>suunitlus \u00a0 \u00a0 \u00a0 \u00a0 \u00a0 \u00a0 \u00a0 <input type=\"text\" size=\"10\" name=\"gap_8_9\" class=\"watupro-gap answer answerof-8\" value=\"\"><\/p>\n<input type=\"hidden\" name=\"question_id[]\" id=\"qID_8\" value=\"8\" class=\"watupro-question-id\"><input type=\"hidden\" id=\"answerType8\" class=\"answerTypeCnt8\" value=\"gaps\"><input type=\"hidden\" id=\"watupro-required-question-8\"><!-- end question-content--><\/div><!-- end questionWrap--><\/div><\/div><div style=\"display:none\" id=\"question-9\">\n\t<div class=\"question-content\">\n\t\t<img loading=\"lazy\" decoding=\"async\" src=\"https:\/\/sisu.ut.ee\/wp-content\/plugins\/watupro\/img\/loading.gif\" width=\"16\" height=\"16\" alt=\"Loading...\" title=\"Loading...\">\u00a0Loading...\t<\/div>\n<\/div>\n\n<br>\n\t\n\t\t\t<div class=\"watupro_buttons flex \" id=\"watuPROButtons1\">\n\t\t  <div id=\"prev-question\" style=\"display:none;\"><input type=\"button\" value=\"&lt; Previous\" onclick=\"WatuPRO.nextQuestion(event, 'previous');\"><\/div>\t\t  \t\t  \t\t   \n\t\t   \t  \t\t<div><input type=\"button\" name=\"action\" class=\"watupro-submit-button\" onclick=\"WatuPRO.submitResult(event)\" id=\"action-button\" value=\"View Results\">\n\t\t<\/div>\n\t\t<\/div>\n\t\t\n\t<input type=\"hidden\" name=\"quiz_id\" value=\"1\" id=\"watuPROExamID\">\n\t<input type=\"hidden\" name=\"start_time\" id=\"startTime\" value=\"2026-04-19 20:29:21\">\n\t<input type=\"hidden\" name=\"start_timestamp\" id=\"startTimeStamp\" value=\"1776630561\">\n\t<input type=\"hidden\" name=\"question_ids\" value=\"\">\n\t<input type=\"hidden\" name=\"watupro_questions\" value=\"5:9,10 | 1:1,2 | 3:5,6 | 6:11,12 | 4:7,8 | 2:3,4 | 7:13 | 8:14\">\n\t<input type=\"hidden\" name=\"no_ajax\" value=\"0\">\t\t\t<\/form>\n\t<p>\u00a0<\/p>\n<\/div>\n\n<script type=\"text\/javascript\">\n\/\/jQuery(document).ready(function(){\ndocument.addEventListener(\"DOMContentLoaded\", function(event) { \t\nvar question_ids = \"5,1,3,6,4,2,7,8\";\nWatuPROSettings[1] = {};\nWatuPRO.qArr = question_ids.split(',');\nWatuPRO.exam_id = 1;\t    \nWatuPRO.post_id = 129;\nWatuPRO.store_progress = 0;\nWatuPRO.curCatPage = 1;\nWatuPRO.requiredIDs=\"0,5,1,3,6,4,2,7,8\".split(\",\");\nWatuPRO.hAppID = \"0.98294800 1776619761\";\nvar url = \"https:\/\/sisu.ut.ee\/wp-content\/plugins\/watupro\/show_exam.php\";\nWatuPRO.examMode = 1;\nWatuPRO.siteURL=\"https:\/\/sisu.ut.ee\/eestikeel1\/wp-admin\/admin-ajax.php\";\nWatuPRO.emailIsNotRequired = 0;\nWatuPRO.perDecade = 10;\nWatuPROIntel.init(1);\nWatuPRO.inCategoryPages=1;});    \t \n<\/script>\n\n","protected":false},"excerpt":{"rendered":"","protected":false},"author":9,"featured_media":0,"parent":0,"menu_order":0,"comment_status":"closed","ping_status":"closed","template":"","meta":{"_acf_changed":false,"inline_featured_image":false,"footnotes":""},"class_list":["post-129","page","type-page","status-publish","hentry"],"acf":[],"_links":{"self":[{"href":"https:\/\/sisu.ut.ee\/eestikeel1\/wp-json\/wp\/v2\/pages\/129","targetHints":{"allow":["GET"]}}],"collection":[{"href":"https:\/\/sisu.ut.ee\/eestikeel1\/wp-json\/wp\/v2\/pages"}],"about":[{"href":"https:\/\/sisu.ut.ee\/eestikeel1\/wp-json\/wp\/v2\/types\/page"}],"author":[{"embeddable":true,"href":"https:\/\/sisu.ut.ee\/eestikeel1\/wp-json\/wp\/v2\/users\/9"}],"replies":[{"embeddable":true,"href":"https:\/\/sisu.ut.ee\/eestikeel1\/wp-json\/wp\/v2\/comments?post=129"}],"version-history":[{"count":0,"href":"https:\/\/sisu.ut.ee\/eestikeel1\/wp-json\/wp\/v2\/pages\/129\/revisions"}],"wp:attachment":[{"href":"https:\/\/sisu.ut.ee\/eestikeel1\/wp-json\/wp\/v2\/media?parent=129"}],"curies":[{"name":"wp","href":"https:\/\/api.w.org\/{rel}","templated":true}]}}