{"id":12,"date":"2024-04-04T02:58:56","date_gmt":"2024-04-03T23:58:56","guid":{"rendered":"https:\/\/sisu.ut.ee\/eestikeel1\/veaohtlikke-sonu-0\/"},"modified":"2024-04-12T12:09:03","modified_gmt":"2024-04-12T09:09:03","slug":"veaohtlikke-sonu-0","status":"publish","type":"page","link":"https:\/\/sisu.ut.ee\/eestikeel1\/veaohtlikke-sonu-0\/","title":{"rendered":"1.3. Veaohtlikke s\u00f5nu"},"content":{"rendered":"<p><\/p><div class=\"accordion mb-3\">\n        <div class=\"accordion-item accordion-item--white\">\n        <h2 class=\"accordion-header\" id=\"accordion-69e4f4dd67853-heading\">\n            <button class=\"accordion-button collapsed\" type=\"button\" data-bs-toggle=\"collapse\" data-bs-target=\"#accordion-69e4f4dd67853-collapse\" aria-expanded=\"true\" aria-controls=\"accordion-69e4f4dd67853-collapse\">Selles peat\u00fckis k\u00e4sitletud keelendid p\u00f5hjustavad k\u00f5ige rohkem vigu. Mis v\u00f5ib olla p\u00f5hjus? Mida teha selleks, et neist vigadest hoiduda? (Kl\u00f5psa!)<\/button>\n        <\/h2>\n        <div id=\"accordion-69e4f4dd67853-collapse\" class=\"accordion-collapse collapse\" aria-labelledby=\"accordion-69e4f4dd67853-heading\">\n            <div class=\"accordion-body\">\n<p>Kuigi konsonant\u00fchendi p\u00f5hireegli kohaselt kirjutatakse iga h\u00e4\u00e4lik \u00fchendis \u00fche t\u00e4hega, tekitavad sageli k\u00f5hklusi ja k\u00fcsimusi keelendid, mis saadakse liidete lisamisel s\u00f5nat\u00fcvele. Selles peat\u00fckis vaadeldakse veaohtlikke s\u00f5nar\u00fchmi esinemissageduse j\u00e4rjekorras. Ehk teravdab see pilku iseenda \u00f5igekirja suhtes ja aitab kaasa \u00f5igete keelendite omandamisele.<\/p>\n<p><\/p><\/div>\n        <\/div>\n        <\/div>\n    <\/div>\n<p><strong>I. Liitega s\u00f5nade \u00f5igekiri.<\/strong>\u00a0Enim probleeme tekitab omas\u00f5nade\u00a0<em>talli<strong>nl<\/strong>ane, li<strong>nl<\/strong>ane<\/em>\u00a0ja\u00a0<em>l\u00f5<strong>pl<\/strong>ik<\/em>\u00a0\u00f5igekiri (Mund, 2004). Vigu p\u00f5hjustavad ka tabelis esitatud liitega s\u00f5nad.<\/p>\n<table class=\"table table-hover\" border=\"1\" align=\"center\" cellpadding=\"0\" cellspacing=\"0\">\n<tbody>\n<tr style=\"background-color: #eeeeee\">\n<td valign=\"top\">\n<p style=\"text-align: center\" align=\"center\"><strong>VALE<\/strong><\/p>\n<\/td>\n<td style=\"text-align: center\" valign=\"top\">\n<p align=\"center\"><strong>\u00d5IGE<\/strong><\/p>\n<\/td>\n<\/tr>\n<tr>\n<td style=\"text-align: left\" valign=\"top\">\n<p>hommne<\/p>\n<\/td>\n<td style=\"text-align: left\" valign=\"top\">\n<p>ho<strong>mn<\/strong>e<\/p>\n<\/td>\n<\/tr>\n<tr style=\"background-color: #eeeeee\">\n<td style=\"text-align: left\" valign=\"top\">\n<p>ussjas<\/p>\n<\/td>\n<td style=\"text-align: left\" valign=\"top\">\n<p>u<strong>sj<\/strong>as<\/p>\n<\/td>\n<\/tr>\n<tr>\n<td style=\"text-align: left\" valign=\"top\">\n<p>brittlane<\/p>\n<\/td>\n<td style=\"text-align: left\" valign=\"top\">\n<p>bri<strong>tl<\/strong>ane<\/p>\n<\/td>\n<\/tr>\n<tr style=\"background-color: #eeeeee\">\n<td style=\"text-align: left\" valign=\"top\">\n<p>f\u00e4nnkond<\/p>\n<\/td>\n<td style=\"text-align: left\" valign=\"top\">\n<p>f\u00e4<strong>nk<\/strong>ond<\/p>\n<\/td>\n<\/tr>\n<tr>\n<td style=\"text-align: left\" valign=\"top\">\n<p style=\"text-align: center\">karamelljas<\/p>\n<\/td>\n<td style=\"text-align: left\" valign=\"top\">\n<p style=\"text-align: center\">karame<strong>lj<\/strong>as<\/p>\n<\/td>\n<\/tr>\n<tr style=\"background-color: #eeeeee\">\n<td style=\"text-align: left\" valign=\"top\">\n<p>rulljas<\/p>\n<\/td>\n<td style=\"text-align: left\" valign=\"top\">\n<p>ru<strong>lj<\/strong>as<\/p>\n<\/td>\n<\/tr>\n<tr>\n<td style=\"text-align: left\" valign=\"top\">\n<p>lippnik<\/p>\n<\/td>\n<td style=\"text-align: left\" valign=\"top\">\n<p>li<strong>pn<\/strong>ik<\/p>\n<\/td>\n<\/tr>\n<\/tbody>\n<\/table>\n<p>Kui s\u00f5nat\u00fcve l\u00f5pph\u00e4\u00e4lik on sama, millega algab liide, s\u00e4ilivad m\u00f5lemad. Samuti j\u00e4\u00e4vad k\u00f5ik t\u00e4hed alles siis, kui t\u00fcve ja liite piiril ei moodustu konsonant\u00fchendit (nt\u00a0<em>austraallane, r\u00fc\u00fctellik<\/em>).<\/p>\n<table class=\"table table-hover\" border=\"1\" align=\"center\" cellpadding=\"0\" cellspacing=\"0\">\n<tbody>\n<tr style=\"background-color: #eeeeee\">\n<td valign=\"top\">\n<p align=\"center\"><strong>VALE<\/strong><\/p>\n<\/td>\n<td valign=\"top\">\n<p align=\"center\"><strong>\u00d5IGE<\/strong><\/p>\n<\/td>\n<\/tr>\n<tr>\n<td valign=\"top\">\n<p>ehki<\/p>\n<\/td>\n<td valign=\"top\">\n<p>e<strong>hkk<\/strong>i (ehk + <em>ki-<\/em>liide)<\/p>\n<\/td>\n<\/tr>\n<tr style=\"background-color: #eeeeee\">\n<td valign=\"top\">\n<p>salkond<\/p>\n<\/td>\n<td valign=\"top\">\n<p>sa<strong>lkk<\/strong>ond<\/p>\n<\/td>\n<\/tr>\n<tr>\n<td valign=\"top\">\n<p>keskonnaministeerium<\/p>\n<\/td>\n<td valign=\"top\">\n<p>ke<strong>skk<\/strong>onnaministeerium<\/p>\n<\/td>\n<\/tr>\n<tr style=\"background-color: #eeeeee\">\n<td valign=\"top\">\n<p>itaalane<\/p>\n<\/td>\n<td valign=\"top\">\n<p>itaa<strong>ll<\/strong>ane<\/p>\n<\/td>\n<\/tr>\n<tr>\n<td valign=\"top\">\n<p>t\u00fcllane<\/p>\n<\/td>\n<td valign=\"top\">\n<p>t\u00fc<strong>lll<\/strong>ane (lindude sugukond)<\/p>\n<\/td>\n<\/tr>\n<\/tbody>\n<\/table>\n<p><strong>II.<\/strong>\u00a0Lisaks liitega s\u00f5nade \u00f5igekirjale eksitakse palju\u00a0<strong>konsonant\u00fchendi p\u00f5hireegli<\/strong>\u00a0vastu.<\/p>\n<table class=\"table table-hover\" border=\"1\" align=\"center\" cellpadding=\"0\" cellspacing=\"0\">\n<tbody>\n<tr style=\"background-color: #eeeeee\">\n<td valign=\"top\">\n<p align=\"center\"><strong>VALE<\/strong><\/p>\n<\/td>\n<td valign=\"top\">\n<p align=\"center\"><strong>\u00d5IGE<\/strong><\/p>\n<\/td>\n<\/tr>\n<tr>\n<td valign=\"top\">\n<p>t\u00f5ttlikult<\/p>\n<\/td>\n<td valign=\"top\">\n<p>t\u00f5<strong>tl<\/strong>ikult<\/p>\n<\/td>\n<\/tr>\n<tr style=\"background-color: #eeeeee\">\n<td valign=\"top\">\n<p>kukkleid<\/p>\n<\/td>\n<td valign=\"top\">\n<p>ku<strong>kl<\/strong>eid<\/p>\n<\/td>\n<\/tr>\n<tr>\n<td valign=\"top\">\n<p>pulsstuma<\/p>\n<\/td>\n<td valign=\"top\">\n<p>pu<strong>lst<\/strong>uma<\/p>\n<\/td>\n<\/tr>\n<tr style=\"background-color: #eeeeee\">\n<td valign=\"top\">\n<p>papplid<\/p>\n<\/td>\n<td valign=\"top\">\n<p>pa<strong>pl<\/strong>id<\/p>\n<\/td>\n<\/tr>\n<\/tbody>\n<\/table>\n<p><strong>III. Liits\u00f5nade \u00f5igekiri.\u00a0<\/strong>Liits\u00f5nade liitumispiiril ei j\u00e4eta \u00fchtegi t\u00e4hte \u00e4ra ega muudeta seda k\u00f5rvalasetsevate t\u00e4htede m\u00f5jul.<\/p>\n<table class=\"table table-hover\" border=\"1\" align=\"center\" cellpadding=\"0\" cellspacing=\"0\">\n<tbody>\n<tr style=\"background-color: #eeeeee\">\n<td valign=\"top\">\n<p align=\"center\"><strong>VALE<\/strong><\/p>\n<\/td>\n<td valign=\"top\">\n<p align=\"center\"><strong>\u00d5IGE<\/strong><\/p>\n<\/td>\n<\/tr>\n<tr>\n<td valign=\"top\">\n<p>kurtumm<\/p>\n<\/td>\n<td valign=\"top\">\n<p>ku<strong>rtt<\/strong>umm<\/p>\n<\/td>\n<\/tr>\n<tr style=\"background-color: #eeeeee\">\n<td valign=\"top\">\n<p>plekkatus<\/p>\n<\/td>\n<td valign=\"top\">\n<p>ple<strong>kk-k<\/strong>atus<\/p>\n<\/td>\n<\/tr>\n<tr>\n<td valign=\"top\">\n<p>luksepp<\/p>\n<\/td>\n<td valign=\"top\">\n<p>lu<strong>kks<\/strong>epp<\/p>\n<\/td>\n<\/tr>\n<tr style=\"background-color: #eeeeee\">\n<td valign=\"top\">\n<p>\u00f5hk\u00fcttes\u00fcsteem<\/p>\n<\/td>\n<td valign=\"top\">\n<p>\u00f5<strong>hkk<\/strong>\u00fcttes\u00fcsteem<\/p>\n<\/td>\n<\/tr>\n<tr>\n<td valign=\"top\">\n<p>nahkott<\/p>\n<\/td>\n<td valign=\"top\">\n<p>na<strong>hkk<\/strong>ott<\/p>\n<\/td>\n<\/tr>\n<tr style=\"background-color: #eeeeee\">\n<td valign=\"top\">\n<p>kellasepp<\/p>\n<\/td>\n<td valign=\"top\">\n<p>kella<strong>ss<\/strong>epp<\/p>\n<\/td>\n<\/tr>\n<\/tbody>\n<\/table>\n<p><strong>IV.\u00a0<\/strong>Sageli tekitavad k\u00f5hklusi\u00a0<strong>lik-\u00a0<\/strong>ja\u00a0<strong>likkus-liitelised s\u00f5nad<\/strong>. Tuleb meeles pidada, et\u00a0<em>-likkus<\/em>\u00a0on nimis\u00f5na liide (vastab k\u00fcsimusele\u00a0<em>mis?<\/em>) ning kirjutatakse alati kahe\u00a0<strong>k<em>\u2013<\/em><\/strong>ga (<em>ava<strong>likkus<\/strong>, tead<strong>likkus<\/strong>, j\u00e4tkusuut<strong>likkus<\/strong>, v\u00f5ima<strong>likkus<\/strong><\/em>). Omaduss\u00f5na\u00a0<em>lik-<\/em>liide on astmevahelduslik (vastab k\u00fcsimusele<em>missugune?<\/em>) ja\u00a0<strong>k<\/strong><em>\u2013<\/em>de arv liites s\u00f5ltub konkreetsest k\u00e4\u00e4ndest (vt tabel allpool).<\/p>\n<table class=\"table table-hover\" border=\"1\" align=\"center\" cellpadding=\"0\" cellspacing=\"0\">\n<tbody>\n<tr style=\"background-color: #eeeeee\">\n<td valign=\"top\">\n<p><strong>ARV<\/strong><\/p>\n<\/td>\n<td valign=\"top\">\n<p><strong>K\u00c4\u00c4NE<\/strong><\/p>\n<\/td>\n<td valign=\"top\">\n<p><strong>K\u00dcSIMUS<\/strong><\/p>\n<\/td>\n<td valign=\"top\">\n<p><strong>N\u00c4IDE<\/strong><\/p>\n<\/td>\n<\/tr>\n<tr>\n<td valign=\"top\">\n<p><strong>ainsus<\/strong><\/p>\n<\/td>\n<td valign=\"top\">\n<p>nimetav<\/p>\n<\/td>\n<td valign=\"top\">\n<p>missugune? milline?<\/p>\n<\/td>\n<td valign=\"top\">\n<p>l\u00f5p<strong>lik<\/strong> otsus<\/p>\n<\/td>\n<\/tr>\n<tr style=\"background-color: #eeeeee\">\n<td valign=\"top\">\n<p>\u00a0<\/p>\n<\/td>\n<td valign=\"top\">\n<p>omastav<\/p>\n<\/td>\n<td valign=\"top\">\n<p>missuguse? millise?<\/p>\n<\/td>\n<td valign=\"top\">\n<p>l\u00f5pl<strong>iku<\/strong> otsuse<\/p>\n<\/td>\n<\/tr>\n<tr>\n<td valign=\"top\">\n<p>\u00a0<\/p>\n<\/td>\n<td valign=\"top\">\n<p>osastav<\/p>\n<\/td>\n<td valign=\"top\">\n<p>missugust? millist?<\/p>\n<\/td>\n<td valign=\"top\">\n<p>l\u00f5p<strong>likku<\/strong> otsust<\/p>\n<\/td>\n<\/tr>\n<tr style=\"background-color: #eeeeee\">\n<td valign=\"top\">\n<p>\u00a0<\/p>\n<\/td>\n<td valign=\"top\">\n<p>sisse\u00fctlev<\/p>\n<\/td>\n<td valign=\"top\">\n<p>missugusesse? millisesse?<\/p>\n<\/td>\n<td valign=\"top\">\n<p>l\u00f5p<strong>liku<\/strong>sse otsusesse ehk l\u00f5p<strong>likku<\/strong> otsusesse<\/p>\n<\/td>\n<\/tr>\n<tr>\n<td valign=\"top\">\n<p><strong>mitmus<\/strong><\/p>\n<\/td>\n<td valign=\"top\">\n<p>nimetav<\/p>\n<\/td>\n<td valign=\"top\">\n<p>missugused? millised?<\/p>\n<\/td>\n<td valign=\"top\">\n<p>l\u00f5p<strong>liku<\/strong>d otsused<\/p>\n<\/td>\n<\/tr>\n<tr style=\"background-color: #eeeeee\">\n<td valign=\"top\">\n<p>\u00a0<\/p>\n<\/td>\n<td valign=\"top\">\n<p>omastav<\/p>\n<\/td>\n<td valign=\"top\">\n<p>missuguste? milliste?<\/p>\n<\/td>\n<td valign=\"top\">\n<p>l\u00f5p<strong>like<\/strong> otsuste<\/p>\n<\/td>\n<\/tr>\n<tr>\n<td valign=\"top\">\n<p>\u00a0<\/p>\n<\/td>\n<td valign=\"top\">\n<p>osastav<\/p>\n<\/td>\n<td valign=\"top\">\n<p>missuguseid? milliseid?<\/p>\n<\/td>\n<td valign=\"top\">\n<p>l\u00f5p<strong>likke<\/strong> otsuseid<\/p>\n<\/td>\n<\/tr>\n<tr style=\"background-color: #eeeeee\">\n<td valign=\"top\">\n<p>\u00a0<\/p>\n<\/td>\n<td valign=\"top\">\n<p>sisse\u00fctlev<\/p>\n<\/td>\n<td valign=\"top\">\n<p>missugustesse? millistesse?<\/p>\n<\/td>\n<td valign=\"top\">\n<p>l\u00f5p<strong>likku<\/strong>desse otsustesse ehk <br> l\u00f5p<strong>like<\/strong>sse otsustesse<\/p>\n<\/td>\n<\/tr>\n<\/tbody>\n<\/table>\n<table class=\"table table-hover\" style=\"width: 100%\" border=\"0\">\n<tbody>\n<tr>\n<td style=\"width: 50px\" valign=\"top\"><img loading=\"lazy\" decoding=\"async\" width=\"48\" height=\"48\" class=\"alignnone wp-image-44\" src=\"https:\/\/sisu.ut.ee\/wp-content\/uploads\/sites\/181\/pliiats.png\" title=\"pliiats.png\" alt=\"pliiats.png\"><\/td>\n<td>\n<p><strong>Otsusta, kas s\u00f5nad on kirjutatud \u00f5igesti. P\u00f5hjenda oma valikut reegliga.<\/strong><\/p>\n<p>Tujju, v\u00f5rkkott, kapki, marssal, passlik, lippkond, metallraha, \u00f5ng, religioosed, tuhkki, l\u00f5plik, ussjas, uutsevili, koorgi, vintsklema, teadsin, tiipklaver, k\u00e4snki, k\u00e4ija, kirside, salkond, linnlane, organiseerija, marssib, marssima, kultsed, h\u00f5ige, \u00fcrkset, m\u00f6\u00f6nud, l\u00f5plik, haru, \u00f5ppija, ojja, m\u00e4sslev, v\u00f5rdsus, harffki, umpsed, agu, majja, korstnas<\/p>\n<p><\/p><div class=\"accordion mb-3\">\n        <div class=\"accordion-item accordion-item--white\">\n        <h2 class=\"accordion-header\" id=\"accordion-69e4f4dd67867-heading\">\n            <button class=\"accordion-button collapsed\" type=\"button\" data-bs-toggle=\"collapse\" data-bs-target=\"#accordion-69e4f4dd67867-collapse\" aria-expanded=\"true\" aria-controls=\"accordion-69e4f4dd67867-collapse\">Vastus<\/button>\n        <\/h2>\n        <div id=\"accordion-69e4f4dd67867-collapse\" class=\"accordion-collapse collapse\" aria-labelledby=\"accordion-69e4f4dd67867-heading\">\n            <div class=\"accordion-body\">Tujju, v\u00f5rkkott, kappki, marssal, paslik, lipkond, metallraha, \u00f5ng, h\u00f5ng, religioossed, tuhkki, l\u00f5plik, usjas, uudsevili, koorgi, vintsklema, teadsin, tiibklaver, k\u00e4sngi, k\u00e4ija, kirsside, salkkond, linlane, organiseerija, marsib, marssima, kuldsed, h\u00f5ige, \u00fcrgset, m\u00f6\u00f6nnud, l\u00f5plik, haru, \u00f5ppija, ojja, m\u00e4slev, v\u00f5rdsus, harfki, umbsed, agu, majja, korstnas<\/div>\n        <\/div>\n        <\/div>\n    <\/div>\n<\/td>\n<\/tr>\n<\/tbody>\n<\/table>\n<hr>\n<h6>Loe lisaks:<\/h6>\n<ol>\n<li>\n<h6><em>Eesti \u00f5igekeelsuss\u00f5naraamat \u00d5S 2006.\u00a0<\/em>(2006).<em>\u00a0<\/em>Toimetanud T. Erelt. Koostanud T. Erelt, T. Leemets, S. M\u00e4earu, &amp; M. Raadik.\u00a0Tallinn:\u00a0Eesti Keele Sihtasutus.<\/h6>\n<\/li>\n<li>\n<h6><em>Eesti \u00f5igekeelsuss\u00f5naraamat \u00d5S 2013, a<\/em>adressil\u00a0<a href=\"http:\/\/portaal.eki.ee\/dict\/qs\/\" target=\"_blank\" rel=\"noopener\">http:\/\/portaal.eki.ee\/dict\/qs\/<\/a><\/h6>\n<\/li>\n<li>\n<h6>Raadik, M. (2014). Mida uut on uues \u00f5igekeelsuss\u00f5naraamatus? <em>Oma Keel, 1.<\/em> K\u00fclastatud aadressil <a href=\"http:\/\/keeleabi.eki.ee\/pdf\/ks5_203.pdf\" target=\"_blank\" rel=\"noopener\">http:\/\/keeleabi.eki.ee\/pdf\/ks5_203.pdf<\/a><\/h6>\n<\/li>\n<\/ol>\n","protected":false},"excerpt":{"rendered":"<p>Selles peat\u00fckis k\u00e4sitletud keelendid p\u00f5hjustavad k\u00f5ige rohkem vigu. Mis v\u00f5ib olla p\u00f5hjus? Mida teha selleks, et neist vigadest hoiduda? (Kl\u00f5psa!) Kuigi konsonant\u00fchendi p\u00f5hireegli kohaselt kirjutatakse iga h\u00e4\u00e4lik \u00fchendis \u00fche t\u00e4hega, tekitavad sageli k\u00f5hklusi ja k\u00fcsimusi keelendid, mis saadakse liidete lisamisel &#8230;<\/p>\n","protected":false},"author":89,"featured_media":0,"parent":0,"menu_order":0,"comment_status":"closed","ping_status":"closed","template":"","meta":{"_acf_changed":false,"inline_featured_image":false,"footnotes":""},"class_list":["post-12","page","type-page","status-publish","hentry"],"acf":[],"_links":{"self":[{"href":"https:\/\/sisu.ut.ee\/eestikeel1\/wp-json\/wp\/v2\/pages\/12","targetHints":{"allow":["GET"]}}],"collection":[{"href":"https:\/\/sisu.ut.ee\/eestikeel1\/wp-json\/wp\/v2\/pages"}],"about":[{"href":"https:\/\/sisu.ut.ee\/eestikeel1\/wp-json\/wp\/v2\/types\/page"}],"author":[{"embeddable":true,"href":"https:\/\/sisu.ut.ee\/eestikeel1\/wp-json\/wp\/v2\/users\/89"}],"replies":[{"embeddable":true,"href":"https:\/\/sisu.ut.ee\/eestikeel1\/wp-json\/wp\/v2\/comments?post=12"}],"version-history":[{"count":2,"href":"https:\/\/sisu.ut.ee\/eestikeel1\/wp-json\/wp\/v2\/pages\/12\/revisions"}],"predecessor-version":[{"id":163,"href":"https:\/\/sisu.ut.ee\/eestikeel1\/wp-json\/wp\/v2\/pages\/12\/revisions\/163"}],"wp:attachment":[{"href":"https:\/\/sisu.ut.ee\/eestikeel1\/wp-json\/wp\/v2\/media?parent=12"}],"curies":[{"name":"wp","href":"https:\/\/api.w.org\/{rel}","templated":true}]}}